{"id":9214,"date":"2025-04-01T17:04:56","date_gmt":"2025-04-01T09:04:56","guid":{"rendered":"https:\/\/zojopackaging.com\/?post_type=product&#038;p=9214"},"modified":"2025-04-01T17:31:32","modified_gmt":"2025-04-01T09:31:32","slug":"custom-whisky-champagne-packaging-boxes-wholesale","status":"publish","type":"product","link":"https:\/\/zojopackaging.com\/fr\/product\/custom-whisky-champagne-packaging-boxes-wholesale\/","title":{"rendered":"Bo\u00eetes d'emballage personnalis\u00e9es pour whisky et champagne Whisky Wholesale"},"content":{"rendered":"<h2 id=\"-i-core-advantages-of-the-product-\"><strong>1. Principaux avantages du produit<\/strong><\/h2>\n<h3 id=\"1-magnetic-opening-and-closing-design-\">1.\u00a0<strong>Ouverture et fermeture magn\u00e9tiques<\/strong><\/h3>\n<p>La technologie d'adsorption magn\u00e9tique int\u00e9gr\u00e9e permet une ouverture et une fermeture en douceur, silencieuse et durable de la bo\u00eete d'emballage. Il ne s'use pas facilement apr\u00e8s une utilisation r\u00e9p\u00e9t\u00e9e et conf\u00e8re aux produits vinicoles haut de gamme un sens du rituel noble et de la commodit\u00e9 pratique. Il convient aux besoins d'emballage des vins fins tels que le whisky et le champagne.<\/p>\n<h3 id=\"2-double-sided-printing-process-\">2.\u00a0<strong>Processus d'impression recto-verso<\/strong><\/h3>\n<p>Il prend en charge l'impression haute d\u00e9finition sur les deux faces de la bo\u00eete, renfor\u00e7ant le logo de la marque et les principaux \u00e9l\u00e9ments visuels sur la face avant, et affichant des informations compl\u00e9mentaires telles que des histoires de produits, des d\u00e9tails de processus ou des codes QR sur la face arri\u00e8re, am\u00e9liorant ainsi l'efficacit\u00e9 du transport des informations de l'emballage et cr\u00e9ant une exp\u00e9rience immersive de communication de la marque.<\/p>\n<h3 id=\"3-brand-exclusive-blue-tone-\">3.\u00a0<strong>Ton bleu exclusif \u00e0 la marque<\/strong><\/h3>\n<p>La couleur principale du corps de la bo\u00eete est un bleu profond, qui symbolise la confiance et la technologie de la marque et v\u00e9hicule une image stable, professionnelle et haut de gamme. L'\u00e9talonnage des couleurs Pantone permet d'obtenir des couleurs pr\u00e9cises et coh\u00e9rentes et d'am\u00e9liorer la reconnaissance visuelle de la marque.<\/p>\n<h3 id=\"4-precise-eva-lining-customization-\">4.\u00a0<strong>Personnalisation pr\u00e9cise de la doublure en EVA<\/strong><\/h3>\n<p>En fonction des dimensions de la bouteille de vin fournies par le client, la doublure est d\u00e9coup\u00e9e avec pr\u00e9cision dans un mat\u00e9riau EVA haute densit\u00e9, qui s'adapte parfaitement \u00e0 la bouteille, r\u00e9siste aux chocs et \u00e0 la pression, et assure la s\u00e9curit\u00e9 du transport ; en m\u00eame temps, l'espace est optimis\u00e9, les espaces redondants sont r\u00e9duits, et la compacit\u00e9 et la protection de l'environnement de l'emballage sont am\u00e9lior\u00e9es.<\/p>\n<h2 id=\"-second-highly-customized-service-\"><strong>2. Un service hautement personnalis\u00e9<\/strong><\/h2>\n<ul>\n<li><strong>Adaptation flexible de la bo\u00eete<\/strong>: En plus de la bo\u00eete magn\u00e9tique standard, il est possible de personnaliser une vari\u00e9t\u00e9 de bo\u00eetes, telles que des bo\u00eetes \u00e0 flip book et des bo\u00eetes \u00e0 tiroirs, afin de r\u00e9pondre aux besoins des diff\u00e9rents positionnements de produits.<\/li>\n<li><strong>Adaptation pr\u00e9cise de la taille<\/strong>: Des services de mod\u00e9lisation 1:1 peuvent \u00eatre fournis pour les bouteilles de forme sp\u00e9ciale et les vins en \u00e9dition limit\u00e9e afin d'obtenir une ad\u00e9quation parfaite entre l'emballage et les produits.<\/li>\n<li><strong>Diversit\u00e9 des mat\u00e9riaux<\/strong>: Proposer des options de mat\u00e9riaux haut de gamme tels que le papier sp\u00e9cial, le papier d'art, le papier \u00e0 texture de cuir, le carton composite m\u00e9tallique, etc. en tenant compte de la texture et de la fonctionnalit\u00e9.<\/li>\n<li><strong>Am\u00e9lioration du processus de surface<\/strong>: En option, marquage \u00e0 chaud\/argent, gaufrage UV, gaufrage, s\u00e9rigraphie et autres proc\u00e9d\u00e9s pour am\u00e9liorer le toucher et le niveau visuel et mettre en valeur le ton haut de gamme de la marque.<\/li>\n<\/ul>\n<h2 id=\"-iii-professional-support-\"><strong>3. Soutien professionnel<\/strong><\/h2>\n<ul>\n<li><strong>16 ans d'exp\u00e9rience dans le domaine de l'emballage<\/strong>: 16 ans d'exp\u00e9rience dans le domaine de l'emballage et de l'impression, au service de plus de 500 marques mondiales de vin, familiaris\u00e9s avec les normes industrielles et les tendances en mati\u00e8re d'innovation, fournissant des solutions compl\u00e8tes, de la conception \u00e0 la production en s\u00e9rie, en passant par l'\u00e9preuvage.<\/li>\n<li><strong>Commande de petits lots + livraison rapide<\/strong>: Commande minimale de 50 pi\u00e8ces, cycle de livraison de 15 \u00e0 20 jours, r\u00e9ponse flexible aux besoins urgents des clients.<\/li>\n<li><strong>Garantie de contr\u00f4le de la qualit\u00e9 de l'ensemble du processus<\/strong>: Certifi\u00e9 par le syst\u00e8me de gestion de la qualit\u00e9 ISO 9001, il contr\u00f4le rigoureusement les \u00e9l\u00e9ments cl\u00e9s tels que les mati\u00e8res premi\u00e8res, la diff\u00e9rence de couleur d'impression, la r\u00e9sistance des produits finis, etc.<\/li>\n<\/ul>\n<h2 id=\"-iv-application-scenarios-\"><strong>4. Sc\u00e9narios d'application<\/strong><\/h2>\n<p>Applicable \u00e0 des sc\u00e9narios haut de gamme tels que les coffrets cadeaux whisky\/champagne, les \u00e9ditions limit\u00e9es pour les f\u00eates de fin d'ann\u00e9e, les \u00e9ditions co-marqu\u00e9es, les vins de collection, etc.<\/p>","protected":false},"excerpt":{"rendered":"<ol>\n<li>Soumettre les exigences (taille du produit, sens de la personnalisation, quantit\u00e9) ;<\/li>\n<li>Conception et \u00e9preuvage gratuits (3-5 jours ouvrables) ;<\/li>\n<li>Production en s\u00e9rie apr\u00e8s confirmation du plan ;<\/li>\n<li>Livraison logistique apr\u00e8s inspection de la qualit\u00e9.<\/li>\n<\/ol>","protected":false},"featured_media":9218,"template":"","meta":[],"product_brand":[],"product_cat":[30,419,424,31],"product_tag":[1108,1107,1109],"class_list":{"0":"post-9214","1":"product","2":"type-product","3":"status-publish","4":"has-post-thumbnail","6":"product_cat-by-industry","7":"product_cat-custom-wines-spirits-boxes","8":"product_cat-magnetic-closure-boxes","9":"product_cat-paper-box-style","10":"product_tag-champagne-packaging-boxes","11":"product_tag-custom-whisky-packaging","12":"product_tag-whisky-champagne-boxes-wholesale","14":"first","15":"instock","16":"shipping-taxable","17":"product-type-simple"},"_links":{"self":[{"href":"https:\/\/zojopackaging.com\/fr\/wp-json\/wp\/v2\/product\/9214","targetHints":{"allow":["GET"]}}],"collection":[{"href":"https:\/\/zojopackaging.com\/fr\/wp-json\/wp\/v2\/product"}],"about":[{"href":"https:\/\/zojopackaging.com\/fr\/wp-json\/wp\/v2\/types\/product"}],"version-history":[{"count":2,"href":"https:\/\/zojopackaging.com\/fr\/wp-json\/wp\/v2\/product\/9214\/revisions"}],"predecessor-version":[{"id":9229,"href":"https:\/\/zojopackaging.com\/fr\/wp-json\/wp\/v2\/product\/9214\/revisions\/9229"}],"wp:featuredmedia":[{"embeddable":true,"href":"https:\/\/zojopackaging.com\/fr\/wp-json\/wp\/v2\/media\/9218"}],"wp:attachment":[{"href":"https:\/\/zojopackaging.com\/fr\/wp-json\/wp\/v2\/media?parent=9214"}],"wp:term":[{"taxonomy":"product_brand","embeddable":true,"href":"https:\/\/zojopackaging.com\/fr\/wp-json\/wp\/v2\/product_brand?post=9214"},{"taxonomy":"product_cat","embeddable":true,"href":"https:\/\/zojopackaging.com\/fr\/wp-json\/wp\/v2\/product_cat?post=9214"},{"taxonomy":"product_tag","embeddable":true,"href":"https:\/\/zojopackaging.com\/fr\/wp-json\/wp\/v2\/product_tag?post=9214"}],"curies":[{"name":"wp","href":"https:\/\/api.w.org\/{rel}","templated":true}]}}