{"id":9221,"date":"2025-04-01T17:28:52","date_gmt":"2025-04-01T09:28:52","guid":{"rendered":"https:\/\/zojopackaging.com\/?post_type=product&#038;p=9221"},"modified":"2025-04-01T17:47:19","modified_gmt":"2025-04-01T09:47:19","slug":"soft-touch-custom-printing-folding-cartons-perfume-box-supplier","status":"publish","type":"product","link":"https:\/\/zojopackaging.com\/fr\/product\/soft-touch-custom-printing-folding-cartons-perfume-box-supplier\/","title":{"rendered":"Bo\u00eete pliante \u00e0 impression personnalis\u00e9e Soft Touch Bo\u00eete \u00e0 parfum Fournisseur"},"content":{"rendered":"<h3 id=\"1-clear-green-tone-and-luxurious-craftsmanship-\">1.\u00a0<strong>Ton vert clair et artisanat de luxe<\/strong><\/h3>\n<p>Le corps de la bo\u00eete adopte le vert clair comme couleur principale et l'impression en quadrichromie permet une reproduction fid\u00e8le des couleurs CMYK. La brillance de la surface est renforc\u00e9e par la technologie de laminage du film PET, et le logo de la marque est embelli par la technologie locale de l'argent \u00e0 chaud. La texture m\u00e9tallique pr\u00e9sente un effet tridimensionnel d\u00e9licat sous la lumi\u00e8re. Les donn\u00e9es exp\u00e9rimentales montrent que ce type de technologie augmente le taux de prime du produit de 28%.<\/p>\n<h3 id=\"2-dual-card-structure-is-sturdy-\">2.\u00a0<strong>La structure \u00e0 deux cartes est robuste<\/strong><\/h3>\n<p>Adoptant une conception unique \u00e0 double carte, le couvercle de la bo\u00eete est \u00e9troitement li\u00e9 \u00e0 la carte des deux c\u00f4t\u00e9s, la structure est stable et le produit peut \u00eatre fix\u00e9 dans toutes les directions.<\/p>\n<h3 id=\"3-400g-white-card-material-graded-customization-\">3.\u00a0<strong>Carte blanche de 400 g, personnalisation graduelle<\/strong><\/h3>\n<p>Le papier carton blanc import\u00e9 de 400g\/m\u00b2 est s\u00e9lectionn\u00e9, la r\u00e9sistance \u00e0 la pression de l'anneau atteint 1000N\/m, il est certifi\u00e9 FSC et r\u00e9pond aux normes environnementales de l'UE. Nous proposons des solutions d'ajustement du poids en fonction du poids du produit : - Parfum 100-200g : 400g version de base - 200-300g parfum fort : 450g version am\u00e9lior\u00e9e - 300g+ parfum personnalis\u00e9 : 500g version sp\u00e9ciale<\/p>\n<h3 id=\"4-different-structural-lining-adaptation-system-\">4.\u00a0<strong>Diff\u00e9rents syst\u00e8mes d'adaptation du rev\u00eatement structurel<\/strong><\/h3>\n<p>La doublure peut choisir le mat\u00e9riau appropri\u00e9 en fonction de la forme sp\u00e9cifique du produit, de mani\u00e8re \u00e0 ce que la bo\u00eete soit bien ajust\u00e9e. Pr\u00e9venir les dommages caus\u00e9s par les secousses pendant le transport.<\/p>\n<h3 id=\"5-high-end-brand-empowerment-design-\">5.\u00a0<strong>Conception de l'autonomisation de la marque haut de gamme<\/strong><\/h3>\n<p>Le type de bo\u00eete \u00e0 cartes \u00e0 double insertion s'adapte aux besoins d'emballage de luxe : -\u00a0<strong>Am\u00e9lioration visuelle<\/strong>: La conception de la bo\u00eete suspendue augmente la surface d'exposition des produits de 40% -\u00a0<strong>Mise \u00e0 niveau tactile<\/strong>: Le couvercle de la bo\u00eete est recouvert d'un film brillant de 0,3 mm et le coefficient d'amortissement \u00e0 l'ouverture et \u00e0 la fermeture est contr\u00f4l\u00e9 entre 0,5 et 0,8 N-m.\u00a0<strong>R\u00e9cit culturel<\/strong>: Permet de graver au laser les histoires de la marque et de reproduire des \u00e9l\u00e9ments esth\u00e9tiques orientaux tels que le \"Conte de Genji\".<\/p>\n<h3 id=\"6-full-link-service-guarantee-\">6.\u00a0<strong>Garantie d'un service complet<\/strong><\/h3>\n<p>L'usine source, forte de 16 ans d'exp\u00e9rience dans le domaine de l'emballage, est en mesure de fournir des services professionnels de bout en bout. De la conception au moulage du produit final et \u00e0 l'exp\u00e9dition, des personnes d\u00e9vou\u00e9es sont responsables. .<\/p>\n<h3 id=\"7-global-transportation-solution-\">7.\u00a0<strong>Solution globale de transport<\/strong><\/h3>\n<p>S'appuyant sur 15 ans d'exp\u00e9rience dans le domaine de l'exportation, elle a mis en place trois grands syst\u00e8mes logistiques : -\u00a0<strong>Ligne d\u00e9di\u00e9e au transport a\u00e9rien<\/strong>: Utilisation d'un sac \u00e0 colonne d'air tampon EPE + technologie de corps sous vide (r\u00e9sistance \u00e0 la compression augment\u00e9e de 60%) -\u00a0<strong>Transport maritime armoire compl\u00e8te<\/strong>: Bo\u00eete ext\u00e9rieure en carton ondul\u00e9 imperm\u00e9able personnalis\u00e9e + puce de contr\u00f4le de la temp\u00e9rature et de l'humidit\u00e9 -\u00a0<strong>Publipostage transfrontalier<\/strong>: Conception ind\u00e9pendante de l'emballage conforme \u00e0 la certification CE\/FDA Le taux de dommages dus au transport est contr\u00f4l\u00e9 \u00e0 moins de 0,03%.<\/p>","protected":false},"excerpt":{"rendered":"<p>ZOJO Print offre aux marques de parfum une solution compl\u00e8te, du concept au terminal, gr\u00e2ce \u00e0 l'am\u00e9lioration tridimensionnelle de l'innovation mat\u00e9rielle (carte blanche de 400 g + doublure intelligente), de l'ing\u00e9nierie structurelle (syst\u00e8me de compression \u00e0 double carte) et du service \u00e0 la marque (personnalisation compl\u00e8te). Sa capacit\u00e9 de production quotidienne de plus de 60 000 unit\u00e9s et son syst\u00e8me de certification ISO 9001 peuvent r\u00e9pondre aux besoins de personnalisation des jeunes marques comme des marques internationales, aidant ainsi les clients \u00e0 \u00e9tablir une comp\u00e9titivit\u00e9 diff\u00e9renci\u00e9e sur le march\u00e9 des terminaux.<\/p>","protected":false},"featured_media":9222,"template":"","meta":[],"product_brand":[],"product_cat":[30,417,430,31],"product_tag":[1111,913,1110],"class_list":{"0":"post-9221","1":"product","2":"type-product","3":"status-publish","4":"has-post-thumbnail","6":"product_cat-by-industry","7":"product_cat-custom-perfume-boxes-by-industry","8":"product_cat-folding-cartons","9":"product_cat-paper-box-style","10":"product_tag-custom-printing-folding-cartons","11":"product_tag-perfume-box-supplier","12":"product_tag-soft-touch-box","14":"first","15":"instock","16":"shipping-taxable","17":"product-type-grouped"},"_links":{"self":[{"href":"https:\/\/zojopackaging.com\/fr\/wp-json\/wp\/v2\/product\/9221","targetHints":{"allow":["GET"]}}],"collection":[{"href":"https:\/\/zojopackaging.com\/fr\/wp-json\/wp\/v2\/product"}],"about":[{"href":"https:\/\/zojopackaging.com\/fr\/wp-json\/wp\/v2\/types\/product"}],"version-history":[{"count":1,"href":"https:\/\/zojopackaging.com\/fr\/wp-json\/wp\/v2\/product\/9221\/revisions"}],"predecessor-version":[{"id":9237,"href":"https:\/\/zojopackaging.com\/fr\/wp-json\/wp\/v2\/product\/9221\/revisions\/9237"}],"wp:featuredmedia":[{"embeddable":true,"href":"https:\/\/zojopackaging.com\/fr\/wp-json\/wp\/v2\/media\/9222"}],"wp:attachment":[{"href":"https:\/\/zojopackaging.com\/fr\/wp-json\/wp\/v2\/media?parent=9221"}],"wp:term":[{"taxonomy":"product_brand","embeddable":true,"href":"https:\/\/zojopackaging.com\/fr\/wp-json\/wp\/v2\/product_brand?post=9221"},{"taxonomy":"product_cat","embeddable":true,"href":"https:\/\/zojopackaging.com\/fr\/wp-json\/wp\/v2\/product_cat?post=9221"},{"taxonomy":"product_tag","embeddable":true,"href":"https:\/\/zojopackaging.com\/fr\/wp-json\/wp\/v2\/product_tag?post=9221"}],"curies":[{"name":"wp","href":"https:\/\/api.w.org\/{rel}","templated":true}]}}