{"id":9231,"date":"2025-04-01T17:31:48","date_gmt":"2025-04-01T09:31:48","guid":{"rendered":"https:\/\/zojopackaging.com\/?post_type=product&#038;p=9231"},"modified":"2025-04-01T17:48:14","modified_gmt":"2025-04-01T09:48:14","slug":"custom-printed-scented-hair-growth-oil-packaging-box-factory","status":"publish","type":"product","link":"https:\/\/zojopackaging.com\/fr\/product\/custom-printed-scented-hair-growth-oil-packaging-box-factory\/","title":{"rendered":"Bo\u00eete d'emballage pour huile de croissance capillaire parfum\u00e9e imprim\u00e9e sur mesure Factory"},"content":{"rendered":"<h2 id=\"-1-humanized-magnetic-box-design-taking-into-account-convenience-and-display-\"><strong>1. Conception humanis\u00e9e de la bo\u00eete \u00e0 fermeture magn\u00e9tique, tenant compte de la commodit\u00e9 et de la pr\u00e9sentation.<\/strong><\/h2>\n<p>Adoptant une structure magn\u00e9tique innovante d'ouverture et de fermeture, il peut \u00eatre ouvert d'un simple toucher et l'op\u00e9ration se fait en douceur. Le moule de rev\u00eatement EVA haute densit\u00e9 int\u00e9gr\u00e9, le positionnement et la fixation pr\u00e9cis du corps de la bouteille, la r\u00e9sistance aux chocs et \u00e0 la pression, garantissent la s\u00e9curit\u00e9 du transport et de l'exposition.<\/p>\n<h2 id=\"-2-high-strength-composite-material-double-protection-guarantee-\"><strong>2. Mat\u00e9riau composite tr\u00e8s r\u00e9sistant, double garantie de protection<\/strong><\/h2>\n<p>Le mat\u00e9riau de base est s\u00e9lectionn\u00e9 comme suit\u00a0<strong>157g de papier couch\u00e9 C2S + 1200g de carton dur<\/strong>\u00a0Gr\u00e2ce \u00e0 la combinaison des deux mat\u00e9riaux, la surface est d\u00e9licate et lisse, la couche inf\u00e9rieure pr\u00e9sente une forte r\u00e9sistance aux chocs et ne se d\u00e9forme pas apr\u00e8s avoir pass\u00e9 le test de pression statique de 10 kg. Le processus composite conf\u00e8re au corps de la bo\u00eete une excellente rigidit\u00e9, r\u00e9siste efficacement \u00e0 l'extrusion de forces externes et offre une protection compl\u00e8te aux produits liquides de grande valeur.<\/p>\n<h2 id=\"-3-double-sided-high-precision-printing-technology-to-enhance-brand-penetration-\"><strong>3. Technologie d'impression double face de haute pr\u00e9cision pour am\u00e9liorer la p\u00e9n\u00e9tration de la marque<\/strong><\/h2>\n<p>L'impression UV en quadrichromie recto-verso prend en charge les 4 couleurs + les tons directs + la gamme de couleurs Pantone, avec une r\u00e9solution de 300 dpi, et des motifs nets sans bavures. Il peut organiser de mani\u00e8re flexible des informations multidimensionnelles telles que l'efficacit\u00e9 du produit, la description des ingr\u00e9dients, l'histoire de la marque, etc., am\u00e9liorer la valeur des points de contact avec le consommateur et r\u00e9duire les co\u00fbts de marketing secondaires.<\/p>\n<h2 id=\"-4-customization-of-brand-visual-system-optimization-of-blue-tone-aesthetics-\"><strong>4. Personnalisation du syst\u00e8me visuel de la marque, optimisation de l'esth\u00e9tique des tons bleus<\/strong><\/h2>\n<p>La couleur principale adopte le bleu standard Pantone 2945C, et la diff\u00e9rence de couleur entre les lots est \u22640,5\u0394E apr\u00e8s 6 processus d'\u00e9talonnage des couleurs. Avec le processus partiel d'argent \u00e0 chaud\/embossage, l'\u00e9clat m\u00e9tallique est mis en \u00e9vidence dans la texture mate, transmettant un sens de la technologie et de la tonalit\u00e9 haut de gamme, et la reconnaissance en rayon est augment\u00e9e de 40%.<\/p>\n<h2 id=\"-5-modular-compatible-structure-cross-category-adaptation-solution-\"><strong>5. Structure modulaire compatible, solution d'adaptation inter-cat\u00e9gorie<\/strong><\/h2>\n<p>L'espace interne permet de personnaliser les flacons de 30 \u00e0 150 ml, ce qui convient aux produits cosm\u00e9tiques tels que l'huile de croissance capillaire, l'essence et la cr\u00e8me. Les accessoires tels que les boucles de parfum et les rubans peuvent \u00eatre \u00e9tendus pour r\u00e9pondre aux besoins de multiples sc\u00e9narios tels que les produits de soin de la peau et les coffrets cadeaux de luxe l\u00e9gers, et r\u00e9duire les co\u00fbts de d\u00e9veloppement des SKU des clients.<\/p>\n<h2 id=\"-6-precision-die-cutting-process-details-create-high-end-experience-\"><strong>6. Processus de d\u00e9coupage de pr\u00e9cision, d\u00e9tails cr\u00e9ant une exp\u00e9rience haut de gamme<\/strong><\/h2>\n<p>Syst\u00e8me de d\u00e9coupe laser allemand Heidelberg, tol\u00e9rance de d\u00e9coupe \u00b10,15 mm, les bords et les coins sont arrondis et sans bavure. Gr\u00e2ce \u00e0 la technologie d'indentation sans colle, la dur\u00e9e de vie de l'ouverture de la bo\u00eete d\u00e9passe 500 fois, la douceur du toucher r\u00e9pond \u00e0 la norme europ\u00e9enne EN13432, et l'espace de prime est augment\u00e9 de 25%.<\/p>\n<h2 id=\"-7-16-years-of-smart-manufacturing-experience-full-link-service-guarantee-\"><strong>7. 16 ans d'exp\u00e9rience en mati\u00e8re de fabrication intelligente, garantie de service complet<\/strong><\/h2>\n<p>En tant qu'entreprise doublement certifi\u00e9e ISO9001\/14001 dans l'industrie de l'emballage en Chine, nous int\u00e9grons l'ensemble du processus de conception, de v\u00e9rification, de production, d'inspection de la qualit\u00e9 et de logistique, 7 jours de v\u00e9rification rapide, 15 jours de livraison par lots, et une quantit\u00e9 de commande minimale de 500 pi\u00e8ces. Nous fournissons des services d'optimisation de la cha\u00eene d'approvisionnement 1-to-1, et le co\u00fbt global est inf\u00e9rieur de 18% \u00e0 celui du march\u00e9.<\/p>\n<h2 id=\"-technical-parameters-\"><strong>Param\u00e8tres techniques<\/strong><\/h2>\n<table>\n<thead>\n<tr>\n<th>Projet<\/th>\n<th>Sp\u00e9cifications<\/th>\n<\/tr>\n<\/thead>\n<tbody>\n<tr>\n<td>Mat\u00e9riau<\/td>\n<td>Papier couch\u00e9 157g + carton 1200g<\/td>\n<\/tr>\n<tr>\n<td>Processus d'impression<\/td>\n<td>Impression recto-verso<\/td>\n<\/tr>\n<tr>\n<td>Cycle de livraison<\/td>\n<td>7-14 jours ouvrables (en fonction du volume de la commande)<\/td>\n<\/tr>\n<tr>\n<td>Normes environnementales<\/td>\n<td>Encre biod\u00e9gradable certifi\u00e9e FSC<\/td>\n<\/tr>\n<\/tbody>\n<\/table>","protected":false},"excerpt":{"rendered":"<ul>\n<li><strong>Co\u00fbt contr\u00f4lable<\/strong>Les prix : base de papier fabriqu\u00e9e par l'entreprise elle-m\u00eame + ligne de production enti\u00e8rement automatique, transparence des prix TOP3 de l'industrie<\/li>\n<li><strong>Engagement de qualit\u00e9<\/strong>Inspection compl\u00e8te de la premi\u00e8re pi\u00e8ce + \u00e9chantillonnage du lot, taux de rendement 99,2%<\/li>\n<li><strong>Personnalisation souple<\/strong>Les emballages intelligents : supportent le code QR AR, les microcapsules de parfum et d'autres technologies d'emballage intelligentes.<\/li>\n<\/ul>","protected":false},"featured_media":9232,"template":"","meta":[],"product_brand":[],"product_cat":[30,390,424,31],"product_tag":[1112,1114,1113],"class_list":{"0":"post-9231","1":"product","2":"type-product","3":"status-publish","4":"has-post-thumbnail","6":"product_cat-by-industry","7":"product_cat-custom-cosmetics-boxes","8":"product_cat-magnetic-closure-boxes","9":"product_cat-paper-box-style","10":"product_tag-custom-scented-packaging","11":"product_tag-growth-oil-packaging-box","12":"product_tag-hair-oil-packaging","14":"first","15":"instock","16":"shipping-taxable","17":"product-type-simple"},"_links":{"self":[{"href":"https:\/\/zojopackaging.com\/fr\/wp-json\/wp\/v2\/product\/9231","targetHints":{"allow":["GET"]}}],"collection":[{"href":"https:\/\/zojopackaging.com\/fr\/wp-json\/wp\/v2\/product"}],"about":[{"href":"https:\/\/zojopackaging.com\/fr\/wp-json\/wp\/v2\/types\/product"}],"version-history":[{"count":1,"href":"https:\/\/zojopackaging.com\/fr\/wp-json\/wp\/v2\/product\/9231\/revisions"}],"predecessor-version":[{"id":9238,"href":"https:\/\/zojopackaging.com\/fr\/wp-json\/wp\/v2\/product\/9231\/revisions\/9238"}],"wp:featuredmedia":[{"embeddable":true,"href":"https:\/\/zojopackaging.com\/fr\/wp-json\/wp\/v2\/media\/9232"}],"wp:attachment":[{"href":"https:\/\/zojopackaging.com\/fr\/wp-json\/wp\/v2\/media?parent=9231"}],"wp:term":[{"taxonomy":"product_brand","embeddable":true,"href":"https:\/\/zojopackaging.com\/fr\/wp-json\/wp\/v2\/product_brand?post=9231"},{"taxonomy":"product_cat","embeddable":true,"href":"https:\/\/zojopackaging.com\/fr\/wp-json\/wp\/v2\/product_cat?post=9231"},{"taxonomy":"product_tag","embeddable":true,"href":"https:\/\/zojopackaging.com\/fr\/wp-json\/wp\/v2\/product_tag?post=9231"}],"curies":[{"name":"wp","href":"https:\/\/api.w.org\/{rel}","templated":true}]}}