{"id":9239,"date":"2025-04-01T17:48:34","date_gmt":"2025-04-01T09:48:34","guid":{"rendered":"https:\/\/zojopackaging.com\/?post_type=product&#038;p=9239"},"modified":"2025-04-01T18:03:38","modified_gmt":"2025-04-01T10:03:38","slug":"custom-garment-apparel-shirts-ties-gift-boxes-wholesale","status":"publish","type":"product","link":"https:\/\/zojopackaging.com\/fr\/product\/custom-garment-apparel-shirts-ties-gift-boxes-wholesale\/","title":{"rendered":"V\u00eatements personnalis\u00e9s Chemises Cravates Bo\u00eetes cadeaux Wholesale"},"content":{"rendered":"<h2 id=\"-1-elegant-appearance-design-\"><strong>1. Conception \u00e9l\u00e9gante<\/strong><\/h2>\n<ul>\n<li>Le corps de la bo\u00eete adopte un ton bleu clair, imprim\u00e9 par la meilleure presse d'impression Heidelberg au monde. La couleur est stable et brillante, l'effet visuel est doux et avanc\u00e9, et il transmet parfaitement la texture de la marque.<\/li>\n<\/ul>\n<h2 id=\"-2-super-protective-material-\"><strong>2. Mat\u00e9riau super protecteur<\/strong><\/h2>\n<ul>\n<li><strong>Mat\u00e9riau de la bo\u00eete ext\u00e9rieure<\/strong>: Panneau gris haute r\u00e9sistance 1200 GSM, qui r\u00e9siste \u00e0 la pression et aux chocs, et peut supporter une charge \u00e0 long terme sans d\u00e9formation.<\/li>\n<li><strong>Technologie de surface<\/strong>: Papier couch\u00e9 157 GSM, toucher d\u00e9licat, bonne brillance, r\u00e9sistance \u00e0 l'usure et anti-salissure.<\/li>\n<li><strong>Conception de la doublure int\u00e9rieure<\/strong>: L'\u00e9ponge EVA ou la doublure en flanelle peuvent \u00eatre personnalis\u00e9es pour fixer les v\u00eatements, les chemises, les cravates et autres produits afin d'\u00e9viter qu'ils ne tremblent pendant le transport.<\/li>\n<\/ul>\n<h2 id=\"-3-innovative-structure-of-book-shaped-box-\"><strong>3. Structure innovante de la bo\u00eete \u00e0 fermeture magn\u00e9tique<\/strong><\/h2>\n<ul>\n<li>La fermeture magn\u00e9tique permet d'ouvrir facilement la bo\u00eete pour montrer le produit, ce qui convient \u00e0 la pr\u00e9sentation en magasin et aux sc\u00e8nes de cadeaux.<\/li>\n<li>La bo\u00eete int\u00e9rieure peut \u00eatre assortie de fentes pour cartes superpos\u00e9es, qui peuvent \u00eatre adapt\u00e9es de mani\u00e8re flexible \u00e0 diff\u00e9rentes cat\u00e9gories telles que les chemises, les cravates, les sous-v\u00eatements, les vestes, etc.<\/li>\n<\/ul>\n<h2 id=\"-4-flattened-shipment-cost-reduction-and-efficiency-improvement-\"><strong>4. Diminution des exp\u00e9ditions, r\u00e9duction des co\u00fbts et am\u00e9lioration de l'efficacit\u00e9<\/strong><\/h2>\n<ul>\n<li>La bo\u00eete permet un transport pliant, ce qui r\u00e9duit consid\u00e9rablement l'espace de stockage et de logistique et permet d'\u00e9conomiser jusqu'\u00e0 40% de frais de transport.<\/li>\n<\/ul>\n<h2 id=\"-5-fine-details-highlight-quality-\"><strong>5. Les d\u00e9tails fins soulignent la qualit\u00e9<\/strong><\/h2>\n<ul>\n<li>Bords d\u00e9coup\u00e9s au laser, lisses et sans bavures ; les coins de la bo\u00eete sont arrondis et renforc\u00e9s pour am\u00e9liorer la fluidit\u00e9 et la durabilit\u00e9 de l'ouverture et de la fermeture.<\/li>\n<\/ul>\n<h2 id=\"-6-widely-applicable-scenarios-\"><strong>6. Des sc\u00e9narios largement applicables<\/strong><\/h2>\n<ul>\n<li>Cadeaux d'affaires, v\u00eatements de marque, paquets promotionnels pour les f\u00eates, personnalisation priv\u00e9e haut de gamme, etc.<\/li>\n<\/ul>\n<h2 id=\"-product-parameters-\"><strong>Param\u00e8tres du produit<\/strong><\/h2>\n<table>\n<thead>\n<tr>\n<th>Projet<\/th>\n<th>Sp\u00e9cifications<\/th>\n<\/tr>\n<\/thead>\n<tbody>\n<tr>\n<td><strong>Couleur principale<\/strong><\/td>\n<td>Bleu clair (le num\u00e9ro de couleur Pantone peut \u00eatre personnalis\u00e9)<\/td>\n<\/tr>\n<tr>\n<td><strong>Mat\u00e9riau<\/strong><\/td>\n<td>Carton gris 1200 GSM + papier d'art couch\u00e9 157 GSM<\/td>\n<\/tr>\n<tr>\n<td><strong>Processus d'impression<\/strong><\/td>\n<td>Impression couleur Heidelberg + pelliculage mat<\/td>\n<\/tr>\n<tr>\n<td><strong>Type de bo\u00eete<\/strong><\/td>\n<td>Bo\u00eete \u00e0 boucles magn\u00e9tiques en forme de livre (taille personnalisable)<\/td>\n<\/tr>\n<tr>\n<td><strong>Mode d'exp\u00e9dition<\/strong><\/td>\n<td>Pliage et aplatissement pour le transport<\/td>\n<\/tr>\n<tr>\n<td><strong>Produits concern\u00e9s<\/strong><\/td>\n<td>V\u00eatements, chemises, cravates, sous-v\u00eatements, vestes<\/td>\n<\/tr>\n<tr>\n<td><strong>Normes de proc\u00e9dure<\/strong><\/td>\n<td>Certification du syst\u00e8me de gestion de la qualit\u00e9 ISO 9001<\/td>\n<\/tr>\n<\/tbody>\n<\/table>","protected":false},"excerpt":{"rendered":"<ul>\n<li><strong>Pr\u00e9cision des couleurs<\/strong>: La technologie d'impression en tons directs de Heidelberg garantit la coh\u00e9rence des couleurs des lots et renforce la reconnaissance de la marque.<\/li>\n<li><strong>Protection ultime<\/strong>: Combinaison de carton gris \u00e0 fort grammage et de papier couch\u00e9, r\u00e9sistant \u00e0 la pression et \u00e0 l'humidit\u00e9, convenant au transport sur de longues distances.<\/li>\n<li><strong>Renforcement de la marque<\/strong>: Des d\u00e9tails exquis et un design esth\u00e9tique bleu clair conf\u00e8rent au produit une grande valeur ajout\u00e9e et am\u00e9liorent l'exp\u00e9rience du client.<\/li>\n<li><strong>Co\u00fbt de la source<\/strong>: Approvisionnement direct par une usine d'emballage professionnelle depuis 16 ans, pas de diff\u00e9rence de prix entre les interm\u00e9diaires, et possibilit\u00e9 de personnalisation de petits lots.<\/li>\n<\/ul>","protected":false},"featured_media":9241,"template":"","meta":[],"product_brand":[],"product_cat":[30,427,414,31],"product_tag":[1116,897,1115],"class_list":{"0":"post-9239","1":"product","2":"type-product","3":"status-publish","4":"has-post-thumbnail","6":"product_cat-by-industry","7":"product_cat-collapsible-gift-boxes","8":"product_cat-custom-apparel-boxes","9":"product_cat-paper-box-style","10":"product_tag-apparel-gift-boxes","11":"product_tag-custom-boxes-wholesale","12":"product_tag-garment-gift-boxes","14":"first","15":"instock","16":"shipping-taxable","17":"product-type-simple"},"_links":{"self":[{"href":"https:\/\/zojopackaging.com\/fr\/wp-json\/wp\/v2\/product\/9239","targetHints":{"allow":["GET"]}}],"collection":[{"href":"https:\/\/zojopackaging.com\/fr\/wp-json\/wp\/v2\/product"}],"about":[{"href":"https:\/\/zojopackaging.com\/fr\/wp-json\/wp\/v2\/types\/product"}],"version-history":[{"count":1,"href":"https:\/\/zojopackaging.com\/fr\/wp-json\/wp\/v2\/product\/9239\/revisions"}],"predecessor-version":[{"id":9247,"href":"https:\/\/zojopackaging.com\/fr\/wp-json\/wp\/v2\/product\/9239\/revisions\/9247"}],"wp:featuredmedia":[{"embeddable":true,"href":"https:\/\/zojopackaging.com\/fr\/wp-json\/wp\/v2\/media\/9241"}],"wp:attachment":[{"href":"https:\/\/zojopackaging.com\/fr\/wp-json\/wp\/v2\/media?parent=9239"}],"wp:term":[{"taxonomy":"product_brand","embeddable":true,"href":"https:\/\/zojopackaging.com\/fr\/wp-json\/wp\/v2\/product_brand?post=9239"},{"taxonomy":"product_cat","embeddable":true,"href":"https:\/\/zojopackaging.com\/fr\/wp-json\/wp\/v2\/product_cat?post=9239"},{"taxonomy":"product_tag","embeddable":true,"href":"https:\/\/zojopackaging.com\/fr\/wp-json\/wp\/v2\/product_tag?post=9239"}],"curies":[{"name":"wp","href":"https:\/\/api.w.org\/{rel}","templated":true}]}}