{"id":9246,"date":"2025-04-01T18:03:26","date_gmt":"2025-04-01T10:03:26","guid":{"rendered":"https:\/\/zojopackaging.com\/?post_type=product&#038;p=9246"},"modified":"2025-04-01T18:17:59","modified_gmt":"2025-04-01T10:17:59","slug":"manufacture-black-perfume-folding-cardboard-box-fast-delievery","status":"publish","type":"product","link":"https:\/\/zojopackaging.com\/fr\/product\/manufacture-black-perfume-folding-cardboard-box-fast-delievery\/","title":{"rendered":"Manufacture Bo\u00eete carton pliante noire pour parfum Livraison rapide"},"content":{"rendered":"<h3 id=\"1-350g-400g-white-card-material-smooth-touch-and-long-term-preservation-\">1.\u00a0<strong>Carte blanche de 350g-400g : toucher doux et conservation \u00e0 long terme<\/strong><\/h3>\n<p>Du papier cartonn\u00e9 blanc import\u00e9 (350g version de base\/400g version am\u00e9lior\u00e9e) est s\u00e9lectionn\u00e9, avec une surface lisse de 85\u00b0 et un toucher soyeux. Certifi\u00e9 ISO 9001, le taux d'humidit\u00e9 du papier est strictement contr\u00f4l\u00e9 \u00e0 5%\u00b11% pour garantir une conservation \u00e0 long terme sans d\u00e9formation. Par rapport au papier carton gris ordinaire, l'adh\u00e9rence de l'encre du papier carton blanc est augment\u00e9e de 40%, et la couleur imprim\u00e9e est plus durable.<\/p>\n<h3 id=\"2-minimalist-double-insert-card-box-shape-classic-design-and-multi-functional-adaptation-\">2.\u00a0<strong>Bo\u00eete \u00e0 cartes minimaliste \u00e0 double insertion : design classique et adaptation multifonctionnelle<\/strong><\/h3>\n<p>Adoptant une structure de bo\u00eete \u00e0 disques (fond autobloquant en bas), le couvercle de la bo\u00eete est reli\u00e9 \u00e0 la plaque arri\u00e8re conform\u00e9ment \u00e0 l'ergonomie, et l'angle d'ouverture \u00e0 droite est optimis\u00e9 \u00e0 115\u00b0. Gr\u00e2ce \u00e0 la conception modulaire de la ligne de pliage, elle convient \u00e0 toute la gamme de flacons de parfum de 30 \u00e0 100 ml, et le corps du flacon est suspendu au milieu pour r\u00e9duire le risque de collision pendant le transport. La r\u00e9sistance \u00e0 la compression mesur\u00e9e est de 1500N\/m\u00b2, et il peut r\u00e9sister \u00e0 un test de chute d'une hauteur de 1,2 m\u00e8tre.<\/p>\n<h3 id=\"3-black-and-gold-contrasting-technology-visual-impact-and-light-luxury-aesthetics-\">3.\u00a0<strong>Technologie de contraste noir et or : impact visuel et esth\u00e9tique de luxe l\u00e9ger<\/strong><\/h3>\n<p>L'impression UV partielle combin\u00e9e \u00e0 la technologie du relief tridimensionnel forme une texture avec une diff\u00e9rence de hauteur de 0,1 mm sur le substrat noir, et la texture m\u00e9tallique pr\u00e9sente des ombres et des lumi\u00e8res dynamiques comme le ciel \u00e9toil\u00e9. La correspondance des couleurs noir et or a pass\u00e9 le test de psychologie des couleurs de la FPA, transmettant un sentiment de luxe myst\u00e9rieux et augmentant le taux de prime du produit de 32%.<\/p>\n<h3 id=\"4-heidelberg-four-color-printing-accurate-color-reproduction-\">4.\u00a0<strong>Impression quadrichromique Heidelberg : reproduction fid\u00e8le des couleurs<\/strong><\/h3>\n<p>Adoptant la technologie d'impression quadrichromique CMYK, la gestion des couleurs ICC est utilis\u00e9e pour garantir que la diff\u00e9rence de couleur \u0394E&lt;0,5, et le taux de couverture de l&#039;encre est optimis\u00e9 en particulier pour les substrats noirs afin d&#039;\u00e9viter les probl\u00e8mes de p\u00e9n\u00e9tration de l&#039;encre. Prise en charge de la correspondance des cartes de couleurs Pantone pour une restauration pr\u00e9cise de la couleur VI de la marque.<\/p>\n<h3 id=\"5-customized-brand-logo-strengthen-user-memory-points-\">5.\u00a0<strong>Logo de marque personnalis\u00e9 : Renforcer les points de m\u00e9moire de l'utilisateur<\/strong><\/h3>\n<p>Elle offre des options de double processus de marquage \u00e0 chaud et d'argenture \u00e0 chaud, et la position du LOGO prend en charge la conception d'une double position d'affichage sur le panneau avant\/arri\u00e8re. Cette solution a permis \u00e0 une marque de luxe d'augmenter sa notori\u00e9t\u00e9 de 45% et son taux de r\u00e9achat de 28%.<\/p>\n<h3 id=\"6-replaceable-lining-system-smart-packaging-upgrade-\">6.\u00a0<strong>Syst\u00e8me de rev\u00eatement rempla\u00e7able : am\u00e9lioration intelligente de l'emballage<\/strong><\/h3>\n<p>Le rev\u00eatement utilise du papier ondul\u00e9 respectueux de l'environnement comme carte int\u00e9rieure, ce qui permet un d\u00e9montage et un remplacement rapides. 5 solutions d'adaptation sont propos\u00e9es : -\u00a0<strong>Mod\u00e8le de base antichoc<\/strong>: a r\u00e9ussi le test ISTA 2A -\u00a0<strong>Mod\u00e8le d'affichage<\/strong>Fen\u00eatre en acrylique transparente -\u00a0<strong>Mod\u00e8le \u00e9cologique et recyclable<\/strong>Doublure : coton en fibres v\u00e9g\u00e9tales -\u00a0<strong>Mod\u00e8le LOGO personnalis\u00e9<\/strong>: l'histoire de la marque de gravure au laser<\/p>\n<h3 id=\"7-fast-delivery-system-full-link-production-guarantee-\">7.\u00a0<strong>Syst\u00e8me de livraison rapide : garantie de production int\u00e9grale<\/strong><\/h3>\n<p>S'appuyer sur des processus de production standardis\u00e9s pour atteindre les objectifs fix\u00e9s :<\/p>\n<ol>\n<li>Mod\u00e9lisation 3D et simulation structurelle (erreur &lt;0,1 mm)<\/li>\n<li>8 \u00e9preuves par semaine (soutien \u00e0 l'optimisation des tests en aveugle)<\/li>\n<li>Production en ligne de machines d'impression Heidelberg<\/li>\n<li>Syst\u00e8me de contr\u00f4le de la qualit\u00e9 ISO 9001 L'ensemble du processus, du rendu \u00e0 la production de masse, peut \u00eatre achev\u00e9 en 7 jours seulement, avec une capacit\u00e9 de production quotidienne moyenne de plus de 120 000 unit\u00e9s, conform\u00e9ment aux normes logistiques Amazon FBA\/EURAMID.<\/li>\n<\/ol>","protected":false},"excerpt":{"rendered":"<p>ZOJO Print offre aux marques de parfum une solution compl\u00e8te, du concept au terminal, gr\u00e2ce \u00e0 des am\u00e9liorations tridimensionnelles en mati\u00e8re d'innovation mat\u00e9rielle (technologie de la carte blanche + or noir), d'ing\u00e9nierie structurelle (r\u00e9sistance \u00e0 la compression de la double carte) et de production intelligente (\u00e9preuvage rapide). Sa capacit\u00e9 de production quotidienne de plus de 120 000 unit\u00e9s et son syst\u00e8me de certification environnementale ISO 14001 peuvent r\u00e9pondre aux besoins de personnalisation des jeunes marques comme des marques internationales, aidant ainsi les clients \u00e0 \u00e9tablir une comp\u00e9titivit\u00e9 diff\u00e9renci\u00e9e sur le march\u00e9 des terminaux.<\/p>","protected":false},"featured_media":9260,"template":"","meta":[],"product_brand":[],"product_cat":[30,417,430,31],"product_tag":[1117,1118,1119],"class_list":{"0":"post-9246","1":"product","2":"type-product","3":"status-publish","4":"has-post-thumbnail","6":"product_cat-by-industry","7":"product_cat-custom-perfume-boxes-by-industry","8":"product_cat-folding-cartons","9":"product_cat-paper-box-style","10":"product_tag-black-perfume-folding-cardboard-box","11":"product_tag-folding-cardboard-box-fast-delievery","12":"product_tag-manufacture-box","14":"first","15":"instock","16":"shipping-taxable","17":"product-type-grouped"},"_links":{"self":[{"href":"https:\/\/zojopackaging.com\/fr\/wp-json\/wp\/v2\/product\/9246","targetHints":{"allow":["GET"]}}],"collection":[{"href":"https:\/\/zojopackaging.com\/fr\/wp-json\/wp\/v2\/product"}],"about":[{"href":"https:\/\/zojopackaging.com\/fr\/wp-json\/wp\/v2\/types\/product"}],"version-history":[{"count":1,"href":"https:\/\/zojopackaging.com\/fr\/wp-json\/wp\/v2\/product\/9246\/revisions"}],"predecessor-version":[{"id":9261,"href":"https:\/\/zojopackaging.com\/fr\/wp-json\/wp\/v2\/product\/9246\/revisions\/9261"}],"wp:featuredmedia":[{"embeddable":true,"href":"https:\/\/zojopackaging.com\/fr\/wp-json\/wp\/v2\/media\/9260"}],"wp:attachment":[{"href":"https:\/\/zojopackaging.com\/fr\/wp-json\/wp\/v2\/media?parent=9246"}],"wp:term":[{"taxonomy":"product_brand","embeddable":true,"href":"https:\/\/zojopackaging.com\/fr\/wp-json\/wp\/v2\/product_brand?post=9246"},{"taxonomy":"product_cat","embeddable":true,"href":"https:\/\/zojopackaging.com\/fr\/wp-json\/wp\/v2\/product_cat?post=9246"},{"taxonomy":"product_tag","embeddable":true,"href":"https:\/\/zojopackaging.com\/fr\/wp-json\/wp\/v2\/product_tag?post=9246"}],"curies":[{"name":"wp","href":"https:\/\/api.w.org\/{rel}","templated":true}]}}