{"id":9262,"date":"2025-04-01T18:18:10","date_gmt":"2025-04-01T10:18:10","guid":{"rendered":"https:\/\/zojopackaging.com\/?post_type=product&#038;p=9262"},"modified":"2025-04-01T18:35:59","modified_gmt":"2025-04-01T10:35:59","slug":"custom-logo-cardboard-box-50ml-perfume-packaging-boxes-manufacturer","status":"publish","type":"product","link":"https:\/\/zojopackaging.com\/fr\/product\/custom-logo-cardboard-box-50ml-perfume-packaging-boxes-manufacturer\/","title":{"rendered":"Bo\u00eete en carton avec logo personnalis\u00e9 Bo\u00eete d'emballage de parfum 50ML Fabricant"},"content":{"rendered":"<h3 id=\"1-350g-400g-high-quality-white-card-material-high-end-and-easy-to-store-\">1.\u00a0<strong>350g-400g de carton blanc de haute qualit\u00e9 : haut de gamme et facile \u00e0 ranger<\/strong><\/h3>\n<p>La bo\u00eete de cartes de parfum utilise du papier cartonn\u00e9 de haute qualit\u00e9. Gr\u00e2ce \u00e0 la machine d'impression Heidelberg, la couleur g\u00e9n\u00e9rale de la bo\u00eete est \u00e9blouissante et brillante, ce qui permet de mieux mettre en valeur le charme et le style luxueux des produits du client.<\/p>\n<h3 id=\"2-minimalist-double-insert-card-box-shape-convenient-operation-and-protection-function-coexist-\">2.\u00a0<strong>Forme minimaliste de la bo\u00eete \u00e0 cartes \u00e0 double insertion : utilisation pratique et fonction de protection coexistent.<\/strong><\/h3>\n<p>Adoptant une conception pratique de bo\u00eete \u00e0 cartes \u00e0 double insertion, l'op\u00e9ration est facile et gratuite, et la disposition exquise du parfum interne est instantan\u00e9ment affich\u00e9e.<\/p>\n<h3 id=\"3-customizable-size-design-exclusivity-and-light-luxury-aesthetics-\">3.\u00a0<strong>Taille personnalisable : exclusivit\u00e9 du design et esth\u00e9tique du luxe l\u00e9ger<\/strong><\/h3>\n<p>Il prend en charge une grande vari\u00e9t\u00e9 de tailles et de processus de personnalisation, int\u00e9grant parfaitement les caract\u00e9ristiques de la marque de votre produit et vos concepts de design.<\/p>\n<h3 id=\"4-perfect-structure-protect-perfume-\">4.\u00a0<strong>Structure parfaite : protection du parfum<\/strong><\/h3>\n<p>La bo\u00eete de cartes de parfum est dot\u00e9e d'une structure \u00e0 boucle qui garantit la stabilit\u00e9 et la s\u00e9curit\u00e9 du flacon de parfum et \u00e9vite qu'il ne glisse accidentellement lors de sa prise en main.<\/p>\n<h3 id=\"5-customized-brand-logo-strengthen-user-memory-points-\">5.\u00a0<strong>Logo de marque personnalis\u00e9 : Renforcer les points de m\u00e9moire de l'utilisateur<\/strong><\/h3>\n<p>Les options de marquage \u00e0 chaud et d'argentage \u00e0 chaud sont doubles, et la position du LOGO permet de concevoir une double position d'affichage sur le panneau avant\/arri\u00e8re. Cette solution a permis \u00e0 une marque de luxe d'augmenter sa notori\u00e9t\u00e9 de 45% et son taux de r\u00e9achat de 28%.<\/p>\n<h3 id=\"6-replaceable-lining-system-smart-packaging-upgrade-\">6.\u00a0<strong>Syst\u00e8me de rev\u00eatement rempla\u00e7able : am\u00e9lioration intelligente de l'emballage<\/strong><\/h3>\n<p>La doublure peut \u00eatre personnalis\u00e9e en fonction de vos besoins individuels, et vous pouvez choisir le mat\u00e9riau qui convient \u00e0 votre style de parfum.<\/p>\n<h3 id=\"7-professional-self-owned-factory-double-guarantee-of-quality-and-service-\">7.\u00a0<strong>Usine professionnelle autonome : double garantie de qualit\u00e9 et de service<\/strong><\/h3>\n<p>Cette usine d'impression et d'emballage, vieille de 16 ans, couvre une superficie de 5 320 m\u00e8tres carr\u00e9s. Gr\u00e2ce \u00e0 son excellente qualit\u00e9 et \u00e0 ses prix abordables, elle s'est attir\u00e9 la confiance et les \u00e9loges du march\u00e9 de l'emballage \u00e0 l'\u00e9tranger.<\/p>","protected":false},"excerpt":{"rendered":"<p>ZOJO Print offre aux marques de parfum une solution compl\u00e8te, du concept au terminal, gr\u00e2ce \u00e0 des am\u00e9liorations tridimensionnelles de l'innovation mat\u00e9rielle (toucher carte blanche + proc\u00e9d\u00e9 or noir), de l'ing\u00e9nierie structurelle (r\u00e9sistance \u00e0 la compression de la double carte) et de la production intelligente (\u00e9preuvage rapide).<\/p>","protected":false},"featured_media":9273,"template":"","meta":[],"product_brand":[],"product_cat":[30,417,430,31],"product_tag":[1124,1123],"class_list":{"0":"post-9262","1":"product","2":"type-product","3":"status-publish","4":"has-post-thumbnail","6":"product_cat-by-industry","7":"product_cat-custom-perfume-boxes-by-industry","8":"product_cat-folding-cartons","9":"product_cat-paper-box-style","10":"product_tag-box-50ml-perfume","11":"product_tag-custom-logo-cardboard-box","13":"first","14":"instock","15":"shipping-taxable","16":"product-type-grouped"},"_links":{"self":[{"href":"https:\/\/zojopackaging.com\/fr\/wp-json\/wp\/v2\/product\/9262","targetHints":{"allow":["GET"]}}],"collection":[{"href":"https:\/\/zojopackaging.com\/fr\/wp-json\/wp\/v2\/product"}],"about":[{"href":"https:\/\/zojopackaging.com\/fr\/wp-json\/wp\/v2\/types\/product"}],"version-history":[{"count":1,"href":"https:\/\/zojopackaging.com\/fr\/wp-json\/wp\/v2\/product\/9262\/revisions"}],"predecessor-version":[{"id":9277,"href":"https:\/\/zojopackaging.com\/fr\/wp-json\/wp\/v2\/product\/9262\/revisions\/9277"}],"wp:featuredmedia":[{"embeddable":true,"href":"https:\/\/zojopackaging.com\/fr\/wp-json\/wp\/v2\/media\/9273"}],"wp:attachment":[{"href":"https:\/\/zojopackaging.com\/fr\/wp-json\/wp\/v2\/media?parent=9262"}],"wp:term":[{"taxonomy":"product_brand","embeddable":true,"href":"https:\/\/zojopackaging.com\/fr\/wp-json\/wp\/v2\/product_brand?post=9262"},{"taxonomy":"product_cat","embeddable":true,"href":"https:\/\/zojopackaging.com\/fr\/wp-json\/wp\/v2\/product_cat?post=9262"},{"taxonomy":"product_tag","embeddable":true,"href":"https:\/\/zojopackaging.com\/fr\/wp-json\/wp\/v2\/product_tag?post=9262"}],"curies":[{"name":"wp","href":"https:\/\/api.w.org\/{rel}","templated":true}]}}