{"id":9264,"date":"2025-04-01T18:19:44","date_gmt":"2025-04-01T10:19:44","guid":{"rendered":"https:\/\/zojopackaging.com\/?post_type=product&#038;p=9264"},"modified":"2025-04-01T19:45:19","modified_gmt":"2025-04-01T11:45:19","slug":"get-quality-custom-cosmetic-skincare-beauty-boxes-wholesale","status":"publish","type":"product","link":"https:\/\/zojopackaging.com\/fr\/product\/get-quality-custom-cosmetic-skincare-beauty-boxes-wholesale\/","title":{"rendered":"Get Quality Custom Cosmetic Skincare Beauty Boxes Wholesale"},"content":{"rendered":"<h2 id=\"-i-ingenious-design-dual-interpretation-of-aesthetics-and-function-\"><strong>1. Conception ing\u00e9nieuse : double interpr\u00e9tation de l'esth\u00e9tique et de la fonction<\/strong><\/h2>\n<ol>\n<li><strong>Am\u00e9lioration du style visuel<\/strong><\/li>\n<li>Le logo de la marque est cr\u00e9\u00e9 par\u00a0<strong>bandes d\u00e9coratives blanches et technologie de marquage \u00e0 chaud en or<\/strong>Les lignes minimalistes et la texture m\u00e9tallique s'entrechoquent pour v\u00e9hiculer le concept d'une esth\u00e9tique l\u00e9g\u00e8re et luxueuse. La surface de la bo\u00eete est faite de mat\u00e9riaux \u00e0 base de papier respectueux de l'environnement, avec une technologie de laminage mat, qui est d\u00e9licate et r\u00e9sistante \u00e0 l'usure, et qui correspond au ton \"pur et naturel\" des produits de soin de la peau haut de gamme.<\/li>\n<li><strong>Motifs et textes estampill\u00e9s or<\/strong>\u00a0peut \u00eatre personnalis\u00e9 en fonction des besoins de la marque, en prenant en charge le gaufrage, l'UV local et d'autres processus pour am\u00e9liorer la superposition visuelle. Par exemple, le marquage \u00e0 chaud de motifs floraux convient aux marques de produits de soin naturels, tandis que les lignes g\u00e9om\u00e9triques conviennent aux lignes de produits technologiques.<\/li>\n<li><strong>Bo\u00eete innovante \u00e0 couvercle sup\u00e9rieur et inf\u00e9rieur<\/strong><\/li>\n<li>Le\u00a0<strong>structure du couvercle sup\u00e9rieur et inf\u00e9rieur couvrant le sol<\/strong>\u00a0Le couvercle et le corps de la bo\u00eete sont s\u00e9par\u00e9s avec pr\u00e9cision, l'ouverture et la fermeture se font en douceur et la pr\u00e9sentation est solide. Le bord du corps de la bo\u00eete r\u00e9serve une ouverture de 3 mm \u00e0 la taille, ce qui facilite l'ouverture et ajoute une beaut\u00e9 tridimensionnelle, adapt\u00e9e \u00e0 l'exposition et aux sc\u00e8nes de vente au d\u00e9tail des terminaux.<\/li>\n<li>Soutien\u00a0<strong>personnalisation circulaire, polygonale et de forme sp\u00e9ciale<\/strong>Les bo\u00eetes-cadeaux de forme hexagonale conviennent aux coffrets de parfum, tandis que les bo\u00eetes de forme circulaire sont adapt\u00e9es aux produits de soins esth\u00e9tiques chinois.<\/li>\n<\/ol>\n<h2 id=\"-second-lining-process-safety-protection-and-display-aesthetics-\"><strong>2. Processus de rev\u00eatement : protection de la s\u00e9curit\u00e9 et esth\u00e9tique de l'exposition<\/strong><\/h2>\n<ol>\n<li><strong>Personnalisation de la doublure EVA noire<\/strong><\/li>\n<li>La doublure est en\u00a0<strong>Mat\u00e9riau EVA noir haute densit\u00e9 de 1,5 mm<\/strong>Le produit est form\u00e9 par une d\u00e9coupe pr\u00e9cise pour fixer parfaitement les essences, les cr\u00e8mes, les parfums et autres produits de forme sp\u00e9ciale, afin d'\u00e9viter les dommages caus\u00e9s par les vibrations dues au transport.<\/li>\n<li>La surface de la doublure peut \u00eatre recouverte de velours ou de soie pour renforcer la sensation tactile de luxe ; elle peut \u00eatre con\u00e7ue en couches, par exemple en pla\u00e7ant les produits de soin de la peau sur la couche sup\u00e9rieure et en ins\u00e9rant des \u00e9chantillons ou des cartes d'instructions sur la couche inf\u00e9rieure.<\/li>\n<li><strong>Extension modulaire des fonctions<\/strong><\/li>\n<li>En option\u00a0<strong>couche transparente acrylique d\u00e9tachable<\/strong>\u00a0pour montrer la texture du produit ;<\/li>\n<li>Boucle magn\u00e9tique int\u00e9gr\u00e9e ou dispositif de fixation du ruban pour renforcer l'aspect rituel du coffret cadeau, adapt\u00e9 aux coffrets en \u00e9dition limit\u00e9e pour les f\u00eates de fin d'ann\u00e9e.<\/li>\n<\/ol>\n<h2 id=\"-three-supply-chain-advantages-one-stop-foreign-trade-service-guarantee-\"><strong>3. Avantages de la cha\u00eene d'approvisionnement : garantie d'un service unique de commerce ext\u00e9rieur<\/strong><\/h2>\n<ol>\n<li><strong>16 ans d'approvisionnement direct aupr\u00e8s de l'usine d'origine<\/strong><\/li>\n<li>S'appuyant sur une capacit\u00e9 de production \u00e0 grande \u00e9chelle, la commande d'un seul lot peut \u00eatre aussi basse que\u00a0<strong>500 jeux<\/strong>Le prix est 30%-50% inf\u00e9rieur \u00e0 celui des produits similaires sur le march\u00e9. L'adoption d'une machine de marquage \u00e0 chaud et d'un \u00e9quipement de d\u00e9coupe enti\u00e8rement automatiques garantit la pr\u00e9cision du processus et le respect des d\u00e9lais de livraison (les commandes conventionnelles sont livr\u00e9es dans les 15 jours).<\/li>\n<li><strong>Soutien \u00e0 un service de traitement complet<\/strong><\/li>\n<li><strong>Fin de la conception<\/strong>: Fournir des solutions d'adaptation \u00e0 la marque VI, de la conception structurelle \u00e0 l'implantation de codes QR interactifs ;<\/li>\n<li><strong>Fin de production<\/strong>: Le syst\u00e8me de certification de la qualit\u00e9 ISO est pass\u00e9, et les d\u00e9tails tels que le poids du papier et la diff\u00e9rence de dorure \u00e0 chaud font l'objet d'un contr\u00f4le rigoureux ;<\/li>\n<li><strong>Fin de la logistique<\/strong>: Une \u00e9quipe sp\u00e9cialis\u00e9e dans l'emballage pour le commerce ext\u00e9rieur est mise en place pour fournir un emballage sous vide \u00e0 l'\u00e9preuve de l'humidit\u00e9 et une personnalisation des bo\u00eetes de transport standard internationales afin de r\u00e9duire le taux de perte transfrontali\u00e8re.<\/li>\n<\/ol>","protected":false},"excerpt":{"rendered":"<ul>\n<li><strong>Coffret salon de beaut\u00e9<\/strong>: Convient \u00e0 l'ensemble d'essences lyophilis\u00e9es \"beaut\u00e9 m\u00e9dicale l\u00e9g\u00e8re\", la doublure EVA permet de fixer les ampoules et les outils d'application ;<\/li>\n<li><strong>Commerce \u00e9lectronique transfrontalier<\/strong>: Conception de bo\u00eetes d'emballage recyclables pour les clients europ\u00e9ens et am\u00e9ricains, le corps de la bo\u00eete \u00e9tant transform\u00e9 en \u00e9tag\u00e8re de stockage, conform\u00e9ment \u00e0 la tendance de la consommation respectueuse de l'environnement.<\/li>\n<\/ul>","protected":false},"featured_media":9288,"template":"","meta":[],"product_brand":[],"product_cat":[30,390,425,31],"product_tag":[1130,1129,1128],"class_list":{"0":"post-9264","1":"product","2":"type-product","3":"status-publish","4":"has-post-thumbnail","6":"product_cat-by-industry","7":"product_cat-custom-cosmetics-boxes","8":"product_cat-lid-and-base-gift-box","9":"product_cat-paper-box-style","10":"product_tag-cosmetics-packaging","11":"product_tag-paper-cosmetic-packaging-boxes","12":"product_tag-paper-gift-box-for-cosmetics","14":"first","15":"instock","16":"shipping-taxable","17":"product-type-simple"},"_links":{"self":[{"href":"https:\/\/zojopackaging.com\/fr\/wp-json\/wp\/v2\/product\/9264","targetHints":{"allow":["GET"]}}],"collection":[{"href":"https:\/\/zojopackaging.com\/fr\/wp-json\/wp\/v2\/product"}],"about":[{"href":"https:\/\/zojopackaging.com\/fr\/wp-json\/wp\/v2\/types\/product"}],"version-history":[{"count":1,"href":"https:\/\/zojopackaging.com\/fr\/wp-json\/wp\/v2\/product\/9264\/revisions"}],"predecessor-version":[{"id":9291,"href":"https:\/\/zojopackaging.com\/fr\/wp-json\/wp\/v2\/product\/9264\/revisions\/9291"}],"wp:featuredmedia":[{"embeddable":true,"href":"https:\/\/zojopackaging.com\/fr\/wp-json\/wp\/v2\/media\/9288"}],"wp:attachment":[{"href":"https:\/\/zojopackaging.com\/fr\/wp-json\/wp\/v2\/media?parent=9264"}],"wp:term":[{"taxonomy":"product_brand","embeddable":true,"href":"https:\/\/zojopackaging.com\/fr\/wp-json\/wp\/v2\/product_brand?post=9264"},{"taxonomy":"product_cat","embeddable":true,"href":"https:\/\/zojopackaging.com\/fr\/wp-json\/wp\/v2\/product_cat?post=9264"},{"taxonomy":"product_tag","embeddable":true,"href":"https:\/\/zojopackaging.com\/fr\/wp-json\/wp\/v2\/product_tag?post=9264"}],"curies":[{"name":"wp","href":"https:\/\/api.w.org\/{rel}","templated":true}]}}