{"id":9278,"date":"2025-04-01T18:37:17","date_gmt":"2025-04-01T10:37:17","guid":{"rendered":"https:\/\/zojopackaging.com\/?post_type=product&#038;p=9278"},"modified":"2025-04-01T18:54:47","modified_gmt":"2025-04-01T10:54:47","slug":"branded-custom-gift-perfume-packaging-cardboard-box-wholesale","status":"publish","type":"product","link":"https:\/\/zojopackaging.com\/fr\/product\/branded-custom-gift-perfume-packaging-cardboard-box-wholesale\/","title":{"rendered":"Bo\u00eete en carton d'emballage de parfum pour cadeaux personnalis\u00e9s Wholesale"},"content":{"rendered":"<h3 id=\"1-matte-paper-easy-to-print-excellent-performance-\">1.\u00a0<strong>Papier mat, facile \u00e0 imprimer, excellente performance<\/strong><\/h3>\n<p>La bo\u00eete de cartes de parfum est fabriqu\u00e9e en papier mat de 400 g. Calme et \u00e9l\u00e9gante, elle est stable pour le transport des parfums et r\u00e9siste aux chocs.<\/p>\n<h3 id=\"2-multiple-processes-superimposed-to-highlight-brand-design-\">2.\u00a0<strong>Superposition de plusieurs processus pour mettre en \u00e9vidence la conception de la marque<\/strong><\/h3>\n<p>La bo\u00eete de cartes de parfum utilise la technologie de l'impression en quadrichromie et de l'estampage \u00e0 chaud. Le motif est unique et textur\u00e9, mettant en valeur le charme des marques de luxe.<\/p>\n<h3 id=\"3-double-insert-card-structure-innovation-convenience-and-stability-coexist-\">3.\u00a0<strong>Innovation dans la structure de la carte \u00e0 double insertion : commodit\u00e9 et stabilit\u00e9 coexistent<\/strong><\/h3>\n<p>La bo\u00eete de cartes de parfum a diff\u00e9rentes tailles et peut \u00eatre personnalis\u00e9e en fonction des exigences du client pour r\u00e9pondre \u00e0 ses besoins.<\/p>\n<h3 id=\"4-flat-packaging-design-efficient-logistics-and-cost-optimization-\">4.\u00a0<strong>Conception d'emballages plats : logistique efficace et optimisation des co\u00fbts<\/strong><\/h3>\n<p>Le type de bo\u00eete adopte une m\u00e9thode de double insertion, ce qui est pratique pour les consommateurs.<\/p>\n<h3 id=\"5-modular-size-and-process-customization-\">5.\u00a0<strong>Taille modulaire et personnalisation des processus<\/strong><\/h3>\n<p>Fournir une personnalisation diversifi\u00e9e de la conception de l'emballage ext\u00e9rieur, s'adapter \u00e0 diverses sp\u00e9cifications de produits, assurer la stabilit\u00e9 et l'apparence attrayante.<\/p>\n<h3 id=\"6-professional-design-team-professional-packaging-solution-\">6.\u00a0<strong>\u00c9quipe de conception professionnelle, solution d'emballage professionnelle<\/strong><\/h3>\n<p>Avec une \u00e9quipe de conception d'emballages innovante, cr\u00e9ez une solution d'impression et d'emballage unique.<\/p>\n<h3 id=\"7-strength-of-the-source-factory-\">7.\u00a0<strong>Force de l'usine source<\/strong><\/h3>\n<p>L'usine couvre une superficie de 5 320 m\u00e8tres carr\u00e9s, est \u00e9quip\u00e9e d'une ligne d'impression Heidelberg sp\u00e9cialis\u00e9e et d'un syst\u00e8me de certification ISO 9001, avec une capacit\u00e9 de production quotidienne moyenne de plus de 120 000 unit\u00e9s. 16 ans d'exp\u00e9rience dans l'exportation pour mettre en place trois grands syst\u00e8mes logistiques : ligne de fret a\u00e9rien (sac \u00e0 colonne d'air \u00e0 coussin EPE), conteneur complet de fret maritime (bo\u00eete en carton ondul\u00e9 \u00e9tanche), courrier direct transfrontalier (emballage certifi\u00e9 CE\/FDA), taux de dommages dus au transport &lt;0,03%.<\/p>","protected":false},"excerpt":{"rendered":"<p>ZOJO Print a aid\u00e9 1200 marques \u00e0 obtenir les solutions d'emballage appropri\u00e9es !<\/p>\n<p>Personnalisation : Possibilit\u00e9 de personnaliser la taille, l'impression, le mat\u00e9riau, la finition, la forme, etc.<br \/>\nType de mat\u00e9riau : Respectueux de l'environnement, certifi\u00e9 FSC\/ISO\/BSCI<br \/>\nD\u00e9lai de production : \u00c9chantillon 1-3 jours ; Vrac 7-9 jours<br \/>\nD\u00e9lai d'exp\u00e9dition : Express 3-7 jours ; Air 12-16 jours ; Bateau 25-30 jours\uff08Diff\u00e9rents pays ont des d\u00e9lais diff\u00e9rents)<\/p>\n<p>Prix:Contactez-nous pour envoyer une demande de renseignements !<\/p>","protected":false},"featured_media":9285,"template":"","meta":[],"product_brand":[],"product_cat":[30,417,430,31],"product_tag":[1127,1126,1125],"class_list":{"0":"post-9278","1":"product","2":"type-product","3":"status-publish","4":"has-post-thumbnail","6":"product_cat-by-industry","7":"product_cat-custom-perfume-boxes-by-industry","8":"product_cat-folding-cartons","9":"product_cat-paper-box-style","10":"product_tag-branded-box","11":"product_tag-cardboard-box-wholesale","12":"product_tag-gift-perfume-packaging","14":"first","15":"instock","16":"shipping-taxable","17":"product-type-grouped"},"_links":{"self":[{"href":"https:\/\/zojopackaging.com\/fr\/wp-json\/wp\/v2\/product\/9278","targetHints":{"allow":["GET"]}}],"collection":[{"href":"https:\/\/zojopackaging.com\/fr\/wp-json\/wp\/v2\/product"}],"about":[{"href":"https:\/\/zojopackaging.com\/fr\/wp-json\/wp\/v2\/types\/product"}],"version-history":[{"count":1,"href":"https:\/\/zojopackaging.com\/fr\/wp-json\/wp\/v2\/product\/9278\/revisions"}],"predecessor-version":[{"id":9279,"href":"https:\/\/zojopackaging.com\/fr\/wp-json\/wp\/v2\/product\/9278\/revisions\/9279"}],"wp:featuredmedia":[{"embeddable":true,"href":"https:\/\/zojopackaging.com\/fr\/wp-json\/wp\/v2\/media\/9285"}],"wp:attachment":[{"href":"https:\/\/zojopackaging.com\/fr\/wp-json\/wp\/v2\/media?parent=9278"}],"wp:term":[{"taxonomy":"product_brand","embeddable":true,"href":"https:\/\/zojopackaging.com\/fr\/wp-json\/wp\/v2\/product_brand?post=9278"},{"taxonomy":"product_cat","embeddable":true,"href":"https:\/\/zojopackaging.com\/fr\/wp-json\/wp\/v2\/product_cat?post=9278"},{"taxonomy":"product_tag","embeddable":true,"href":"https:\/\/zojopackaging.com\/fr\/wp-json\/wp\/v2\/product_tag?post=9278"}],"curies":[{"name":"wp","href":"https:\/\/api.w.org\/{rel}","templated":true}]}}