{"id":9292,"date":"2025-04-01T19:45:43","date_gmt":"2025-04-01T11:45:43","guid":{"rendered":"https:\/\/zojopackaging.com\/?post_type=product&#038;p=9292"},"modified":"2025-04-01T20:03:38","modified_gmt":"2025-04-01T12:03:38","slug":"custom-hijab-scarf-scarves-shawl-packaging-gift-box-wholesale","status":"publish","type":"product","link":"https:\/\/zojopackaging.com\/fr\/product\/custom-hijab-scarf-scarves-shawl-packaging-gift-box-wholesale\/","title":{"rendered":"Hijab Foulard Echarpe Ch\u00e2le Emballage Bo\u00eete Cadeau Vente en Gros"},"content":{"rendered":"<h2 id=\"-i-optimization-of-core-design-highlights-and-industry-verification-\"><strong>1. Optimisation des points forts de la conception du noyau et v\u00e9rification par l'industrie<\/strong><\/h2>\n<ol>\n<li><strong>Couvercle magn\u00e9tique interactif<\/strong><\/li>\n<li>Le syst\u00e8me de boucle magn\u00e9tique int\u00e9gr\u00e9 permet l'ouverture et la fermeture d'une seule main gr\u00e2ce \u00e0 l'adsorption magn\u00e9tique, ce qui renforce la sensation de rituel lors du d\u00e9ballage de la bo\u00eete tout en r\u00e9duisant le risque d'usure m\u00e9canique.<\/li>\n<li>Il est recommand\u00e9 d'ajouter un tampon en flanelle \u00e0 l'int\u00e9rieur du couvercle de la bo\u00eete afin de prot\u00e9ger la couche d'impression haute brillance et de prolonger la dur\u00e9e de vie.<\/li>\n<li><strong>Structure plate pliable<\/strong><\/li>\n<li>Le processus de pr\u00e9indentation r\u00e9duit le volume pli\u00e9 \u00e0 1\/8, ce qui est tout \u00e0 fait conforme au concept de \"conception syst\u00e9matique de l'optimisation logistique\". Il permet de r\u00e9duire les co\u00fbts logistiques transfrontaliers de plus de 80%.<\/li>\n<li>Si l'on se r\u00e9f\u00e8re \u00e0 la conception du bloc mince flip-top de la banque d'alimentation mobile magn\u00e9tique de Tesla, il est recommand\u00e9 que l'\u00e9paisseur apr\u00e8s pliage soit \u22642cm, ce qui convient aux sacs d'enveloppe express standard afin de r\u00e9duire davantage les pertes de transport.<\/li>\n<\/ol>\n<h2 id=\"-ii-customized-process-and-material-innovation-\"><strong>2. Innovation en mati\u00e8re de processus et de mat\u00e9riaux sur mesure<\/strong><\/h2>\n<ol>\n<li><strong>Impression et traitement de surface<\/strong><\/li>\n<li><strong>Impression offset en quadrichromie + vernis UV<\/strong>: Le processus de marquage \u00e0 chaud et de gaufrage de la bo\u00eete cadeau Baisnat est utilis\u00e9, combin\u00e9 avec des UV locaux pour mettre en \u00e9vidence le logo de la marque, afin de garantir la restauration pr\u00e9cise des couleurs d'accompagnement Pantone.<\/li>\n<li><strong>Conception tactile tridimensionnelle<\/strong>Le cuir : un gaufrage ou un relief en 3D est recommand\u00e9 pour renforcer le \"point de m\u00e9moire du luxe\" lors du premier contact avec l'utilisateur.<\/li>\n<li><strong>Combinaison de mat\u00e9riaux respectueux de l'environnement<\/strong><\/li>\n<li><strong>Couche structurelle<\/strong>: 1200 GSM full gray board + film d\u00e9gradable anti-humidit\u00e9, r\u00e9sistance \u00e0 la compression de 8,5KN\/m\u00b2, 30% plus \u00e9lev\u00e9e que les bo\u00eetes en papier ondul\u00e9 E traditionnelles.<\/li>\n<li><strong>Couche de papier de surface<\/strong>: Papier couch\u00e9 157 GSM avec film mat, r\u00e9sistance au pliage de plus de 5000 fois, adapt\u00e9 \u00e0 une temp\u00e9rature de -20\u2103~60\u2103 et \u00e0 un environnement humide.<\/li>\n<\/ol>\n<h2 id=\"-three-supply-chain-and-cost-optimization-strategy-\"><strong>3. Cha\u00eene d'approvisionnement et strat\u00e9gie d'optimisation des co\u00fbts<\/strong><\/h2>\n<ol>\n<li><strong>Production flexible et garantie de conformit\u00e9<\/strong><\/li>\n<li><strong>\u00c9preuve rapide<\/strong>: Les rendus en 3D sont fournis dans les 48 heures, et la production d'essais en petites s\u00e9ries est possible (MOQ 500 ou plus).<\/li>\n<li><strong>Contr\u00f4le des co\u00fbts<\/strong>: Les mat\u00e9riaux sont recommand\u00e9s en fonction du march\u00e9 cible, par exemple un marquage \u00e0 chaud fonc\u00e9 + des fen\u00eatres en acrylique pour les clients du Moyen-Orient, et un gaufrage minimaliste + un carton gris recyclable pour les clients europ\u00e9ens.<\/li>\n<li><strong>Solution logistique<\/strong><\/li>\n<li>Gr\u00e2ce \u00e0 la triple protection \"bo\u00eete pliante + film anti-humidit\u00e9 + protection des coins\", le taux de rupture est inf\u00e9rieur \u00e0 0,3%, soit 60% de moins que la solution traditionnelle.<\/li>\n<li>Recommander la ligne logistique verte de DHL, r\u00e9duisant les \u00e9missions de carbone de 15%<\/li>\n<\/ol>\n<h2 id=\"-iv-application-scenarios-and-market-adaptation-\"><strong>4. Sc\u00e9narios d'application et adaptation au march\u00e9<\/strong><\/h2>\n<ul>\n<li><strong>Fusion culturelle<\/strong>:<\/li>\n<li>Le coffret cadeau pour foulard de style ethnique peut \u00eatre int\u00e9gr\u00e9 \u00e0 des \u00e9l\u00e9ments de style national, et l'effet de d\u00e9grad\u00e9 peut \u00eatre obtenu par s\u00e9rigraphie.<\/li>\n<\/ul>\n<h2 id=\"-v-industry-trends-and-data-reference-\"><strong>5. Tendances du secteur et r\u00e9f\u00e9rence aux donn\u00e9es<\/strong><\/h2>\n<ul>\n<li><strong>Besoins en mati\u00e8re de protection de l'environnement<\/strong>Les clients europ\u00e9ens et am\u00e9ricains pr\u00e9f\u00e8rent les mat\u00e9riaux recyclables, et il est recommand\u00e9 d'ajouter des options de papier certifi\u00e9 FSC.<\/li>\n<li><strong>L'\u00e9conomie de l'exp\u00e9rience<\/strong>: La conception magn\u00e9tique de l'ouverture et de la fermeture r\u00e9duit le temps de d\u00e9ballage \u00e0 3 secondes (70% de plus qu'un emballage traditionnel), ce qui correspond \u00e0 la psychologie de la \"gratification instantan\u00e9e\" des consommateurs de la g\u00e9n\u00e9ration Z.<\/li>\n<\/ul>","protected":false},"excerpt":{"rendered":"<p>\ud83c\udfc6 \u00c9l\u00e9vation de la marque : La finition brillante et les d\u00e9tails m\u00e9talliques amplifient la valeur per\u00e7ue.<br \/>\n\ud83d\udecd\ufe0f Pr\u00eat \u00e0 \u00eatre personnalis\u00e9 : Int\u00e9gration transparente de logos ou d'\u0153uvres d'art pour une image de marque coh\u00e9rente.<br \/>\n\ud83c\udf0d Efficacit\u00e9 en vrac : La construction durable r\u00e9duit les dommages li\u00e9s \u00e0 l'exp\u00e9dition pour les clients du commerce de gros.<br \/>\n\ud83c\udf81 Utilisation polyvalente : id\u00e9al pour les cadeaux de luxe, les pr\u00e9sentoirs de vente au d\u00e9tail ou les collections de boutiques.<\/p>","protected":false},"featured_media":9293,"template":"","meta":[],"product_brand":[],"product_cat":[30,414,424,31],"product_tag":[1131,1132,1133],"class_list":{"0":"post-9292","1":"product","2":"type-product","3":"status-publish","4":"has-post-thumbnail","6":"product_cat-by-industry","7":"product_cat-custom-apparel-boxes","8":"product_cat-magnetic-closure-boxes","9":"product_cat-paper-box-style","10":"product_tag-hijab-packaging-box","11":"product_tag-scarf-gift-box","12":"product_tag-shawl-packaging-box","14":"first","15":"instock","16":"shipping-taxable","17":"product-type-simple"},"_links":{"self":[{"href":"https:\/\/zojopackaging.com\/fr\/wp-json\/wp\/v2\/product\/9292","targetHints":{"allow":["GET"]}}],"collection":[{"href":"https:\/\/zojopackaging.com\/fr\/wp-json\/wp\/v2\/product"}],"about":[{"href":"https:\/\/zojopackaging.com\/fr\/wp-json\/wp\/v2\/types\/product"}],"version-history":[{"count":1,"href":"https:\/\/zojopackaging.com\/fr\/wp-json\/wp\/v2\/product\/9292\/revisions"}],"predecessor-version":[{"id":9299,"href":"https:\/\/zojopackaging.com\/fr\/wp-json\/wp\/v2\/product\/9292\/revisions\/9299"}],"wp:featuredmedia":[{"embeddable":true,"href":"https:\/\/zojopackaging.com\/fr\/wp-json\/wp\/v2\/media\/9293"}],"wp:attachment":[{"href":"https:\/\/zojopackaging.com\/fr\/wp-json\/wp\/v2\/media?parent=9292"}],"wp:term":[{"taxonomy":"product_brand","embeddable":true,"href":"https:\/\/zojopackaging.com\/fr\/wp-json\/wp\/v2\/product_brand?post=9292"},{"taxonomy":"product_cat","embeddable":true,"href":"https:\/\/zojopackaging.com\/fr\/wp-json\/wp\/v2\/product_cat?post=9292"},{"taxonomy":"product_tag","embeddable":true,"href":"https:\/\/zojopackaging.com\/fr\/wp-json\/wp\/v2\/product_tag?post=9292"}],"curies":[{"name":"wp","href":"https:\/\/api.w.org\/{rel}","templated":true}]}}