{"id":9300,"date":"2025-04-01T20:03:57","date_gmt":"2025-04-01T12:03:57","guid":{"rendered":"https:\/\/zojopackaging.com\/?post_type=product&#038;p=9300"},"modified":"2025-04-01T20:15:53","modified_gmt":"2025-04-01T12:15:53","slug":"wholesale-tea-coffee-paper-tube-packaging-manufacturer","status":"publish","type":"product","link":"https:\/\/zojopackaging.com\/fr\/product\/wholesale-tea-coffee-paper-tube-packaging-manufacturer\/","title":{"rendered":"Fabricant de tubes en papier pour le th\u00e9 et le caf\u00e9"},"content":{"rendered":"<p>En tant que fabricant d'emballages avec 16 ans d'exp\u00e9rience professionnelle, nous nous concentrons sur la fourniture de solutions d'emballage en tube de papier cylindrique de haute qualit\u00e9 aux clients du monde entier, couvrant une vari\u00e9t\u00e9 de produits tels que le th\u00e9, le caf\u00e9, les \u00e9pices, etc. Voici les principaux avantages et la description des services offerts par le produit :<\/p>\n<h2 id=\"-core-design-features-of-the-product-\"><strong>Caract\u00e9ristiques principales du produit<\/strong><\/h2>\n<ol>\n<li><strong>Structure de la bo\u00eete d'emballage en tube de papier et conception multicolore assortie<\/strong>\u00a0L'adoption de la forme classique d'une bo\u00eete cylindrique, combin\u00e9e \u00e0 un syst\u00e8me d'assortiment multicolore, permet d'obtenir des produits de qualit\u00e9.\u00a0<strong>impression en quadrichromie + proc\u00e9d\u00e9 de film mat<\/strong>L'emballage est fabriqu\u00e9 \u00e0 l'aide d'une machine d'impression Heidelberg \u00e0 la sortie pr\u00e9cise, afin de garantir que la couleur du motif est brillante et vive, r\u00e9sistante \u00e0 l'usure et aux \u00e9raflures. La surface peut \u00eatre personnalis\u00e9e par marquage \u00e0 chaud, UV, gaufrage et autres proc\u00e9d\u00e9s afin d'am\u00e9liorer la superposition visuelle et la texture haut de gamme de l'emballage.<\/li>\n<li><strong>Structure en deux parties, sup\u00e9rieure et inf\u00e9rieure, commode et pratique<\/strong>\u00a0L'emballage se compose de\u00a0<strong>couvercle de bo\u00eete ind\u00e9pendant et corps de bo\u00eete<\/strong>. La conception en deux parties est facile \u00e0 ouvrir et \u00e0 fermer et \u00e0 r\u00e9utiliser, tout en garantissant l'\u00e9tanch\u00e9it\u00e9. Par exemple, le couvercle de la bo\u00eete peut adopter une structure \u00e0 boucle magn\u00e9tique ou \u00e0 bouchon, qui est stable et r\u00e9sistante \u00e0 l'humidit\u00e9 ; l'espace interne du corps de la bo\u00eete est r\u00e9gulier, et convient \u00e0 diff\u00e9rentes formes de produits tels que les bo\u00eetes de th\u00e9, les sachets de caf\u00e9 en poudre et les bouteilles d'\u00e9pices.<\/li>\n<li><strong>Sc\u00e9narios d'application multifonctionnels<\/strong>\u00a0Le produit convient pour le th\u00e9, les grains de caf\u00e9, les \u00e9pices, les fruits secs, les cosm\u00e9tiques et d'autres cat\u00e9gories, en tenant compte \u00e0 la fois de la beaut\u00e9 et de la praticit\u00e9. L'int\u00e9rieur peut \u00eatre configur\u00e9 avec\u00a0<strong>Plateau int\u00e9rieur en EVA, fen\u00eatre en PVC ou cloison stratifi\u00e9e<\/strong>qui permet de fixer efficacement le contenu et d'\u00e9viter les chocs et la pression.<\/li>\n<li><strong>Un service hautement personnalis\u00e9<\/strong>\u00a0Soutien\u00a0<strong>personnalisation compl\u00e8te du processus<\/strong>\u00a0de la taille, de la couleur et du processus d'impression :<\/li>\n<li><strong>Taille flexible<\/strong>: Personnalisation gratuite dans la gamme de 2 \u00e0 32 mm de diam\u00e8tre et de 2 \u00e0 50 mm de hauteur pour r\u00e9pondre aux diff\u00e9rentes exigences de capacit\u00e9.<\/li>\n<li><strong>Diversit\u00e9 des styles de conception<\/strong>: Des mod\u00e8les r\u00e9tro, minimalistes, de style chinois et d'autres styles sont fournis, et un design exclusif peut \u00e9galement \u00eatre r\u00e9alis\u00e9 en fonction de la marque VI.<\/li>\n<li><strong>Mat\u00e9riaux respectueux de l'environnement<\/strong>: Le papier kraft de qualit\u00e9 alimentaire, le carton en fibre de bambou et le film composite en feuille d'aluminium sont utilis\u00e9s pour am\u00e9liorer la r\u00e9sistance \u00e0 l'humidit\u00e9 et r\u00e9pondre aux normes de protection de l'environnement.<\/li>\n<\/ol>\n<h2 id=\"-production-process-and-quality-assurance-\"><strong>Processus de production et assurance qualit\u00e9<\/strong><\/h2>\n<ul>\n<li><strong>Technologie d'impression<\/strong>: La presse Heidelberg est utilis\u00e9e pour r\u00e9aliser une impression en quadrichromie de haute pr\u00e9cision, et le processus de film mat est superpos\u00e9 pour am\u00e9liorer la saturation et la durabilit\u00e9 des couleurs.<\/li>\n<li><strong>Optimisation structurelle<\/strong>: L'espace int\u00e9rieur est divis\u00e9 r\u00e9guli\u00e8rement par un processus de d\u00e9coupage, ce qui permet de cr\u00e9er des couches, des tiroirs ou des vitrines, en tenant compte de la fonctionnalit\u00e9 et de l'effet de pr\u00e9sentation.<\/li>\n<li><strong>Normes d'inspection de la qualit\u00e9<\/strong>: La production automatis\u00e9e \u00e0 processus complet, combin\u00e9e \u00e0 un syst\u00e8me de d\u00e9tection infrarouge, garantit que le taux de rendement du produit atteint plus de 99%.<\/li>\n<\/ul>","protected":false},"excerpt":{"rendered":"<ul>\n<li><strong>Un service complet, de la conception \u00e0 la livraison<\/strong>Les activit\u00e9s de l'entreprise comprennent la conception de l'emballage, l'\u00e9preuvage, la production par lots, l'inspection de la qualit\u00e9 et la logistique internationale.<\/li>\n<li><strong>Capacit\u00e9 de r\u00e9action rapide<\/strong>: Le cycle de personnalisation des \u00e9chantillons est de 3 \u00e0 5 jours et le cycle de production \u00e0 grande \u00e9chelle est de 7 \u00e0 14 jours. Il est possible de livrer directement depuis les principales r\u00e9gions du monde (Europe, Am\u00e9rique du Nord, Asie du Sud-Est, etc.).<\/li>\n<li><strong>Avantage en termes de co\u00fbts<\/strong>: S'appuyant sur une production \u00e0 grande \u00e9chelle et l'int\u00e9gration de la cha\u00eene d'approvisionnement, elle offre un prix de d\u00e9part comp\u00e9titif (500 unit\u00e9s) et soutient les exportations transfrontali\u00e8res.<\/li>\n<\/ul>","protected":false},"featured_media":9301,"template":"","meta":[],"product_brand":[],"product_cat":[30,422,31,429],"product_tag":[1135,1136,1134],"class_list":{"0":"post-9300","1":"product","2":"type-product","3":"status-publish","4":"has-post-thumbnail","6":"product_cat-by-industry","7":"product_cat-custom-gourmet-boxes-by-industry","8":"product_cat-paper-box-style","9":"product_cat-paper-tube-boxes","10":"product_tag-coffee-paper-tube-packaging","11":"product_tag-custom-tea-coffee-manufacturer","12":"product_tag-tea-packaging","14":"first","15":"instock","16":"shipping-taxable","17":"product-type-simple"},"_links":{"self":[{"href":"https:\/\/zojopackaging.com\/fr\/wp-json\/wp\/v2\/product\/9300","targetHints":{"allow":["GET"]}}],"collection":[{"href":"https:\/\/zojopackaging.com\/fr\/wp-json\/wp\/v2\/product"}],"about":[{"href":"https:\/\/zojopackaging.com\/fr\/wp-json\/wp\/v2\/types\/product"}],"version-history":[{"count":1,"href":"https:\/\/zojopackaging.com\/fr\/wp-json\/wp\/v2\/product\/9300\/revisions"}],"predecessor-version":[{"id":9307,"href":"https:\/\/zojopackaging.com\/fr\/wp-json\/wp\/v2\/product\/9300\/revisions\/9307"}],"wp:featuredmedia":[{"embeddable":true,"href":"https:\/\/zojopackaging.com\/fr\/wp-json\/wp\/v2\/media\/9301"}],"wp:attachment":[{"href":"https:\/\/zojopackaging.com\/fr\/wp-json\/wp\/v2\/media?parent=9300"}],"wp:term":[{"taxonomy":"product_brand","embeddable":true,"href":"https:\/\/zojopackaging.com\/fr\/wp-json\/wp\/v2\/product_brand?post=9300"},{"taxonomy":"product_cat","embeddable":true,"href":"https:\/\/zojopackaging.com\/fr\/wp-json\/wp\/v2\/product_cat?post=9300"},{"taxonomy":"product_tag","embeddable":true,"href":"https:\/\/zojopackaging.com\/fr\/wp-json\/wp\/v2\/product_tag?post=9300"}],"curies":[{"name":"wp","href":"https:\/\/api.w.org\/{rel}","templated":true}]}}