{"id":9315,"date":"2025-04-01T20:20:26","date_gmt":"2025-04-01T12:20:26","guid":{"rendered":"https:\/\/zojopackaging.com\/?post_type=product&#038;p=9315"},"modified":"2025-04-01T20:39:53","modified_gmt":"2025-04-01T12:39:53","slug":"custom-logo-luxury-perfume-packaging-paper-cardboard-boxes-wholesale","status":"publish","type":"product","link":"https:\/\/zojopackaging.com\/fr\/product\/custom-logo-luxury-perfume-packaging-paper-cardboard-boxes-wholesale\/","title":{"rendered":"Emballage de parfum de luxe avec logo personnalis\u00e9 Bo\u00eetes en carton Wholesale"},"content":{"rendered":"<h3 id=\"1-exclusive-customized-design-dual-expression-of-personality-and-quality-\">1.\u00a0<strong>Design personnalis\u00e9 exclusif : double expression de la personnalit\u00e9 et de la qualit\u00e9<\/strong><\/h3>\n<p>Prise en charge de la personnalisation compl\u00e8te des liens, de la structure de la bo\u00eete \u00e0 cartes \u00e0 la doublure : -\u00a0<strong>Adaptation de la bo\u00eete \u00e0 cartes<\/strong>: Utilisation de carton blanc import\u00e9 de 350g-400g, technologie de mod\u00e9lisation 3D pour atteindre une pr\u00e9cision d'adaptation de \u00b10,3mm afin d'assurer un ajustement parfait avec le flacon de parfum (tel que le flacon standard de 50ml).\u00a0<strong>Am\u00e9lioration de la doublure<\/strong>: Fournir 5 options de mat\u00e9riaux (mousse de polyur\u00e9thane\/feuille d'aluminium, coton composite\/papier nid d'abeille d\u00e9gradable\/silicone magn\u00e9tique\/planche \u00e0 graver au laser), passer la norme de test ISTA 3A, et am\u00e9liorer la r\u00e9sistance aux chocs et \u00e0 la pression par 60% ; -\u00a0<strong>\u00c9tude de cas<\/strong>: Une bo\u00eete avec un motif en cristal personnalis\u00e9e par une grande marque de luxe a augment\u00e9 le taux de r\u00e9achat du produit de 28%.<\/p>\n<h3 id=\"2-touch-film-series-velvet-touch-and-matte-premium-experience-\">2.\u00a0<strong>S\u00e9rie de films tactiles : toucher velours et exp\u00e9rience premium mate<\/strong><\/h3>\n<p>La s\u00e9rie de films tactiles pour bo\u00eetes en papier vous offre une exp\u00e9rience unique et sans pr\u00e9c\u00e9dent. Le film tactile en velours ressemble \u00e0 une caresse du bout des doigts sur du velours d\u00e9licat, et ce toucher merveilleux est reproduit sur la bo\u00eete en papier. Chaque touche semble t\u00e9moigner du raffinement et de l'\u00e9l\u00e9gance, ce qui conf\u00e8re \u00e0 la bo\u00eete en papier un sentiment de luxe in\u00e9gal\u00e9 et am\u00e9liore consid\u00e9rablement la qualit\u00e9 du produit.<\/p>\n<h3 id=\"3-high-weight-white-card-material-balance-of-luxurious-texture-and-durability-\">3.\u00a0<strong>Mat\u00e9riau en carton blanc de fort grammage : \u00e9quilibre entre texture luxueuse et durabilit\u00e9<\/strong><\/h3>\n<p>Papier cartonn\u00e9 blanc import\u00e9 s\u00e9lectionn\u00e9 de 350g-400g\/m\u00b2 (tel que le Nordic White de Su\u00e8de), avec une surface lisse de 85\u00b0 et un toucher soyeux : -\u00a0<strong>Donn\u00e9es sur la r\u00e9sistance<\/strong>: R\u00e9sistance \u00e0 la compression de l'anneau \u22651200N\/m, 50% plus \u00e9lev\u00e9e que le papier cartonn\u00e9 ordinaire ; -\u00a0<strong>Certification environnementale<\/strong>: La certification foresti\u00e8re FSC et les normes de s\u00e9curit\u00e9 alimentaire ISO 22000 ont \u00e9t\u00e9 respect\u00e9es, le taux d'humidit\u00e9 du papier est stable \u00e0 5%\u00b11%.\u00a0<strong>Mise \u00e0 niveau tactile<\/strong>: Recouvert d'un film mat de 0,1 mm, r\u00e9duisant la r\u00e9flectivit\u00e9 de 60%, cr\u00e9ant une texture mate de haute qualit\u00e9.<\/p>\n<h3 id=\"4-international-printing-technology-the-ultimate-presentation-of-color-and-details-\">4.\u00a0<strong>Technologie d'impression internationale : la pr\u00e9sentation ultime des couleurs et des d\u00e9tails<\/strong><\/h3>\n<p>Pr\u00e9sentation de la machine d'impression quadrichromique Heidelberg CD102 et de ses cinq technologies de base : -\u00a0<strong>Gestion des couleurs<\/strong>: Utilisation de la base de donn\u00e9es de couleurs Pantone, diff\u00e9rence de couleur \u0394E\uff1c0,5, prise en charge de la personnalisation annuelle des couleurs populaires Pantone ; -\u00a0<strong>Am\u00e9lioration des d\u00e9tails<\/strong>: La superposition du vitrage local UV (\u00e9paisseur de 0,05 mm) et de la technologie de gaufrage (profondeur de 0,1 mm) multiplie par trois le sens tridimensionnel du motif.\u00a0<strong>Technologie anti-contrefa\u00e7on<\/strong>: Int\u00e9gration d'un code QR variable et d'un logo laser holographique pour une tra\u00e7abilit\u00e9 univoque.<\/p>\n<h3 id=\"5-source-factory-strength-large-scale-production-and-quality-assurance-\">5.\u00a0<strong>Force de l'usine source : production \u00e0 grande \u00e9chelle et assurance de la qualit\u00e9<\/strong><\/h3>\n<p>La base de production intelligente de 5 320\u33a1 est \u00e9quip\u00e9e de trois avantages fondamentaux : -\u00a0<strong>Garantie de capacit\u00e9<\/strong>: 16 lignes de production enti\u00e8rement automatiques, d'une capacit\u00e9 quotidienne moyenne de plus de 150 000 unit\u00e9s, permettant un \u00e9preuvage rapide pendant 7 jours ; -\u00a0<strong>Syst\u00e8me de contr\u00f4le de la qualit\u00e9<\/strong>: Certification ISO 9001 r\u00e9ussie, le taux d'\u00e9chantillonnage de chaque lot de produits est \u226520%, et le taux de d\u00e9fectuosit\u00e9 est &lt;0,1% ; -\u00a0<strong>\u00c9quipe technique<\/strong>: Une \u00e9quipe de R&amp;D de 20 personnes dirige la conception structurelle et a remport\u00e9 le prix Red Dot Packaging Design Award 2023.<\/p>\n<h3 id=\"6-direct-supply-mode-from-the-source-ultra-high-cost-effective-competitive-advantage-\">6.\u00a0<strong>Mode d'approvisionnement direct \u00e0 partir de la source : avantage concurrentiel tr\u00e8s rentable<\/strong><\/h3>\n<p>R\u00e9duire les co\u00fbts gr\u00e2ce au fonctionnement autonome de l'ensemble de la cha\u00eene industrielle : -\u00a0<strong>Optimisation de la cha\u00eene d'approvisionnement<\/strong>: \u00c9liminer le lien avec l'interm\u00e9diaire, et le prix d\u00e9part-usine est 15%-20% inf\u00e9rieur \u00e0 celui des produits similaires sur le march\u00e9 ; -\u00a0<strong>Co\u00fbt contr\u00f4lable<\/strong>: la prise en charge de la personnalisation de petits lots (commande minimale de 500 pi\u00e8ces), et la diminution progressive du prix ; - la prise en charge de la personnalisation de petits lots (commande minimale de 500 pi\u00e8ces), et la diminution progressive du prix\u00a0<strong>T\u00e9moignages de clients<\/strong>: Une nouvelle marque de parfum a r\u00e9duit ses co\u00fbts d'emballage de 35% gr\u00e2ce \u00e0 cette solution, et ses ventes ont d\u00e9pass\u00e9 les 20 millions d\u00e8s la premi\u00e8re ann\u00e9e.<\/p>\n<h3 id=\"7-green-packaging-solution-environmental-responsibility-and-commercial-value-win-win-\">7.\u00a0<strong>Solution d'emballage \u00e9cologique : responsabilit\u00e9 environnementale et valeur commerciale gagnant-gagnant<\/strong><\/h3>\n<p>Mettre en pratique le concept de d\u00e9veloppement durable : -\u00a0<strong>Innovation en mati\u00e8re de mat\u00e9riaux<\/strong>: L'utilisation de p\u00e2te \u00e0 papier certifi\u00e9e FSC et l'impression \u00e0 l'encre de soja permettent de r\u00e9duire les \u00e9missions de COV de 70%.\u00a0<strong>Conception circulaire<\/strong>: Fournir une structure d'aspiration magn\u00e9tique amovible, et le taux de recyclage du rev\u00eatement est port\u00e9 \u00e0 85% ; -\u00a0<strong>Suivi de l'empreinte carbone<\/strong>: Chaque lot de produits est accompagn\u00e9 d'un certificat d'empreinte carbone, et les \u00e9missions de carbone sont inf\u00e9rieures de 40% \u00e0 la norme industrielle.<\/p>","protected":false},"excerpt":{"rendered":"<p>ZOJO Print s'appuie sur l'id\u00e9e que le design renforce les marques et que la technologie stimule la croissance, et met au point une solution d'emballage compl\u00e8te pour les marques de parfum, depuis la recherche et le d\u00e9veloppement en laboratoire jusqu'\u00e0 la consommation finale, gr\u00e2ce \u00e0 une structure de bo\u00eete de carton personnalis\u00e9e, \u00e0 une technologie d'impression internationale et \u00e0 un mod\u00e8le de fourniture directe \u00e0 l'usine de production. Sa base de production intelligente de 5 320 m\u00e8tres carr\u00e9s et son syst\u00e8me de certification environnementale ISO 9001 peuvent r\u00e9pondre aux besoins de personnalisation des marques en d\u00e9marrage comme des marques internationales, aidant ainsi les clients \u00e0 \u00e9tablir des barri\u00e8res de marque diff\u00e9renci\u00e9es sur le march\u00e9 haut de gamme.<\/p>","protected":false},"featured_media":9319,"template":"","meta":[],"product_brand":[],"product_cat":[30,417,430,31],"product_tag":[1140,1040,1139],"class_list":{"0":"post-9315","1":"product","2":"type-product","3":"status-publish","4":"has-post-thumbnail","6":"product_cat-by-industry","7":"product_cat-custom-perfume-boxes-by-industry","8":"product_cat-folding-cartons","9":"product_cat-paper-box-style","10":"product_tag-cardboard-boxes-wholesale","11":"product_tag-custom-logo-paper-box","12":"product_tag-paper-cardboard-boxes","14":"first","15":"instock","16":"shipping-taxable","17":"product-type-grouped"},"_links":{"self":[{"href":"https:\/\/zojopackaging.com\/fr\/wp-json\/wp\/v2\/product\/9315","targetHints":{"allow":["GET"]}}],"collection":[{"href":"https:\/\/zojopackaging.com\/fr\/wp-json\/wp\/v2\/product"}],"about":[{"href":"https:\/\/zojopackaging.com\/fr\/wp-json\/wp\/v2\/types\/product"}],"version-history":[{"count":1,"href":"https:\/\/zojopackaging.com\/fr\/wp-json\/wp\/v2\/product\/9315\/revisions"}],"predecessor-version":[{"id":9324,"href":"https:\/\/zojopackaging.com\/fr\/wp-json\/wp\/v2\/product\/9315\/revisions\/9324"}],"wp:featuredmedia":[{"embeddable":true,"href":"https:\/\/zojopackaging.com\/fr\/wp-json\/wp\/v2\/media\/9319"}],"wp:attachment":[{"href":"https:\/\/zojopackaging.com\/fr\/wp-json\/wp\/v2\/media?parent=9315"}],"wp:term":[{"taxonomy":"product_brand","embeddable":true,"href":"https:\/\/zojopackaging.com\/fr\/wp-json\/wp\/v2\/product_brand?post=9315"},{"taxonomy":"product_cat","embeddable":true,"href":"https:\/\/zojopackaging.com\/fr\/wp-json\/wp\/v2\/product_cat?post=9315"},{"taxonomy":"product_tag","embeddable":true,"href":"https:\/\/zojopackaging.com\/fr\/wp-json\/wp\/v2\/product_tag?post=9315"}],"curies":[{"name":"wp","href":"https:\/\/api.w.org\/{rel}","templated":true}]}}