{"id":9322,"date":"2025-04-01T20:29:07","date_gmt":"2025-04-01T12:29:07","guid":{"rendered":"https:\/\/zojopackaging.com\/?post_type=product&#038;p=9322"},"modified":"2025-04-01T20:52:21","modified_gmt":"2025-04-01T12:52:21","slug":"custom-cosmetic-skincare-makeup-remover-sliding-drawer-box","status":"publish","type":"product","link":"https:\/\/zojopackaging.com\/fr\/product\/custom-cosmetic-skincare-makeup-remover-sliding-drawer-box\/","title":{"rendered":"Bo\u00eete \u00e0 tiroirs coulissants pour cosm\u00e9tiques et soins de la peau sur mesure"},"content":{"rendered":"<h2 id=\"-customized-makeup-removal-sliding-drawer-box-\"><strong>Bo\u00eete \u00e0 tiroirs coulissants pour d\u00e9maquillage personnalis\u00e9e<\/strong><\/h2>\n<h2 id=\"-1-convenient-pull-out-opening-and-closing-design-\"><strong>1. Conception pratique d'ouverture et de fermeture des bo\u00eetes \u00e0 papier des tiroirs<\/strong><\/h2>\n<ul>\n<li>Gr\u00e2ce \u00e0 une structure de glissi\u00e8res de pr\u00e9cision, la bo\u00eete \u00e0 tiroirs s'ouvre et se ferme en douceur et peut \u00eatre facilement pouss\u00e9e et tir\u00e9e d'une seule main.<\/li>\n<li>La conception de l'assemblage sans outil permet aux utilisateurs de l'utiliser d\u00e8s sa sortie de l'emballage, ce qui am\u00e9liore l'exp\u00e9rience de l'utilisateur et la popularit\u00e9 de la marque.<\/li>\n<\/ul>\n<h2 id=\"-2-hot-stamping-technology-enhances-visual-texture-\"><strong>2. La technologie de marquage \u00e0 chaud de la feuille d'or am\u00e9liore la texture visuelle.<\/strong><\/h2>\n<ul>\n<li>La technologie de marquage \u00e0 chaud (en option or, argent, or color\u00e9 ou effet laser) est utilis\u00e9e sur la surface pour former un \u00e9clat m\u00e9tallique sur le LOGO ou le motif sur la surface de la bo\u00eete, ce qui am\u00e9liore consid\u00e9rablement la reconnaissance de la marque et le luxe.<\/li>\n<li>La couche de marquage \u00e0 chaud pr\u00e9sente une forte adh\u00e9rence, une r\u00e9sistance \u00e0 l'usure et une r\u00e9sistance aux rayures, et elle reste brillante et neuve apr\u00e8s une utilisation prolong\u00e9e.<\/li>\n<\/ul>\n<h2 id=\"-3-creative-ribbon-decoration-details-\"><strong>3. D\u00e9tails d\u00e9coratifs cr\u00e9atifs en ruban<\/strong><\/h2>\n<ul>\n<li>Le dessus ou le c\u00f4t\u00e9 est assorti d'un ruban de satin\/texture, qui constitue une \u00e9l\u00e9gante c\u00e9r\u00e9monie d'ouverture et peut \u00eatre utilis\u00e9 comme une dragonne pour am\u00e9liorer la portabilit\u00e9.<\/li>\n<li>La couleur du ruban peut \u00eatre personnalis\u00e9e, en contraste ou en coordination avec la couleur principale du corps de la bo\u00eete, ce qui permet d'am\u00e9liorer l'agencement g\u00e9n\u00e9ral du design.<\/li>\n<\/ul>\n<h2 id=\"-4-eva-lining-for-all-round-protection-\"><strong>4. Doublure en EVA pour une protection int\u00e9grale<\/strong><\/h2>\n<ul>\n<li>La doublure est en mousse EVA haute densit\u00e9 (peut \u00eatre floqu\u00e9e), avec une ouverture de moulage pr\u00e9cise pour s'adapter \u00e0 la forme du produit, un excellent amortissement et une excellente r\u00e9sistance aux chocs, ainsi qu'une r\u00e9sistance efficace aux chocs li\u00e9s au transport et \u00e0 la pression de stockage.<\/li>\n<li>Mat\u00e9riaux non toxiques et respectueux de l'environnement, conformes aux normes de s\u00e9curit\u00e9 des emballages cosm\u00e9tiques, recyclables et d\u00e9gradables.<\/li>\n<\/ul>\n<h2 id=\"-5-high-stability-material-combination-\"><strong>5. Combinaison de mat\u00e9riaux \u00e0 haute stabilit\u00e9<\/strong><\/h2>\n<ul>\n<li><strong>Couche structurelle<\/strong>: Base en carton gris 1200 GSM, duret\u00e9 atteignant la norme la plus \u00e9lev\u00e9e de l'industrie, forte capacit\u00e9 de charge, garantissant que le corps de la bo\u00eete ne se d\u00e9forme pas.<\/li>\n<li><strong>Couche de surface<\/strong>: Papier couch\u00e9 157 GSM, haute reproduction des couleurs, permettant l'impression haute d\u00e9finition de motifs de marque ou d'effets de d\u00e9grad\u00e9.<\/li>\n<\/ul>\n<h2 id=\"-6-highly-flexible-customization-service-\"><strong>6. Un service de personnalisation tr\u00e8s flexible<\/strong><\/h2>\n<ul>\n<li><strong>Taille<\/strong>: Permet une personnalisation illimit\u00e9e, convient \u00e0 de multiples cat\u00e9gories telles que les flacons d'huile d\u00e9maquillante, les masques pour le visage, les brosses, etc.<\/li>\n<li><strong>Couleur<\/strong>: Fournit une gamme compl\u00e8te de cartes de couleurs Pantone, prenant en charge les effets sp\u00e9ciaux tels que les couleurs nacr\u00e9es et m\u00e9talliques.<\/li>\n<li><strong>Processus d'impression<\/strong>: Surface brillante partielle UV en option, gaufrage, relief et autres proc\u00e9d\u00e9s combin\u00e9s pour cr\u00e9er une touche visuelle diff\u00e9renci\u00e9e.<\/li>\n<\/ul>\n<h2 id=\"-application-scenarios-\"><strong>Sc\u00e9narios d'application<\/strong><\/h2>\n<ul>\n<li><strong>Produits de soins haut de gamme<\/strong>: Produits exquis en bouteille tels que les essences et les cr\u00e8mes.<\/li>\n<li><strong>Sets de maquillage<\/strong>: Coffrets multi-pi\u00e8ces tels que les palettes d'ombres \u00e0 paupi\u00e8res et les coffrets de pinceaux.<\/li>\n<li><strong>Livraison directe du commerce \u00e9lectronique<\/strong>: La conception antisismique est adapt\u00e9e \u00e0 la logistique sur de longues distances afin de r\u00e9duire le taux de rupture.<\/li>\n<\/ul>\n<h3 id=\"-customization-process-\"><strong>Processus de personnalisation<\/strong><\/h3>\n<ol>\n<li><strong>Communication de la demande<\/strong>: Fournir la taille du produit, l'\u00e9bauche de la conception et les exigences du processus.<\/li>\n<li><strong>\u00c9preuve 3D<\/strong>: Fournir une confirmation de la bo\u00eete d'\u00e9chantillons physiques dans les 48 heures.<\/li>\n<li><strong>Production de masse<\/strong>: La quantit\u00e9 minimale de commande est de 500 unit\u00e9s, ce qui permet de soutenir la distribution logistique \u00e0 l'\u00e9chelle mondiale.<\/li>\n<\/ol>","protected":false},"excerpt":{"rendered":"<ul>\n<li><strong>16 ans d'exp\u00e9rience professionnelle<\/strong>: L'usine est certifi\u00e9e ISO pour la gestion de la qualit\u00e9 et est \u00e9quip\u00e9e de machines de d\u00e9coupe enti\u00e8rement automatiques, de machines de marquage \u00e0 chaud et d'\u00e9quipements de d\u00e9coupe de pr\u00e9cision EVA afin de garantir la pr\u00e9cision et l'efficacit\u00e9 de la production.<\/li>\n<li><strong>Service de liaison int\u00e9grale<\/strong>: De la conception de la structure en 3D \u00e0 l'\u00e9preuvage \u2192 s\u00e9lection des mat\u00e9riaux \u2192 production de masse \u2192 inspection de la qualit\u00e9 et emballage, en fournissant une solution unique, le premier \u00e9chantillon peut \u00eatre livr\u00e9 dans un d\u00e9lai de 7 jours.<\/li>\n<\/ul>","protected":false},"featured_media":9265,"template":"","meta":[],"product_brand":[],"product_cat":[30,390,31,426],"product_tag":[1141,1143,1142],"class_list":{"0":"post-9322","1":"product","2":"type-product","3":"status-publish","4":"has-post-thumbnail","6":"product_cat-by-industry","7":"product_cat-custom-cosmetics-boxes","8":"product_cat-paper-box-style","9":"product_cat-paper-drawer-boxes","10":"product_tag-custom-cosmetic-box","11":"product_tag-makeup-remover-boxes","12":"product_tag-skincare-sliding-drawer-box","14":"first","15":"instock","16":"shipping-taxable","17":"product-type-simple"},"_links":{"self":[{"href":"https:\/\/zojopackaging.com\/fr\/wp-json\/wp\/v2\/product\/9322","targetHints":{"allow":["GET"]}}],"collection":[{"href":"https:\/\/zojopackaging.com\/fr\/wp-json\/wp\/v2\/product"}],"about":[{"href":"https:\/\/zojopackaging.com\/fr\/wp-json\/wp\/v2\/types\/product"}],"version-history":[{"count":1,"href":"https:\/\/zojopackaging.com\/fr\/wp-json\/wp\/v2\/product\/9322\/revisions"}],"predecessor-version":[{"id":9326,"href":"https:\/\/zojopackaging.com\/fr\/wp-json\/wp\/v2\/product\/9322\/revisions\/9326"}],"wp:featuredmedia":[{"embeddable":true,"href":"https:\/\/zojopackaging.com\/fr\/wp-json\/wp\/v2\/media\/9265"}],"wp:attachment":[{"href":"https:\/\/zojopackaging.com\/fr\/wp-json\/wp\/v2\/media?parent=9322"}],"wp:term":[{"taxonomy":"product_brand","embeddable":true,"href":"https:\/\/zojopackaging.com\/fr\/wp-json\/wp\/v2\/product_brand?post=9322"},{"taxonomy":"product_cat","embeddable":true,"href":"https:\/\/zojopackaging.com\/fr\/wp-json\/wp\/v2\/product_cat?post=9322"},{"taxonomy":"product_tag","embeddable":true,"href":"https:\/\/zojopackaging.com\/fr\/wp-json\/wp\/v2\/product_tag?post=9322"}],"curies":[{"name":"wp","href":"https:\/\/api.w.org\/{rel}","templated":true}]}}