{"id":9327,"date":"2025-04-01T20:52:50","date_gmt":"2025-04-01T12:52:50","guid":{"rendered":"https:\/\/zojopackaging.com\/?post_type=product&#038;p=9327"},"modified":"2025-04-01T21:09:19","modified_gmt":"2025-04-01T13:09:19","slug":"custom-electronic-parts-accessories-packaging-box-wholesale","status":"publish","type":"product","link":"https:\/\/zojopackaging.com\/fr\/product\/custom-electronic-parts-accessories-packaging-box-wholesale\/","title":{"rendered":"Bo\u00eete d'emballage d'accessoires pour pi\u00e8ces \u00e9lectroniques sur mesure Wholesale"},"content":{"rendered":"<h2 id=\"-core-advantages-and-product-features-\"><strong>Avantages principaux et caract\u00e9ristiques des produits<\/strong><\/h2>\n<ol>\n<li><strong>Structure s\u00e9par\u00e9e du couvercle sup\u00e9rieur et du couvercle inf\u00e9rieur<\/strong>\u00a0Le couvercle sup\u00e9rieur et le couvercle inf\u00e9rieur sont s\u00e9par\u00e9s, ce qui est facile \u00e0 utiliser et offre une bonne \u00e9tanch\u00e9it\u00e9, facilitant le retrait rapide des pi\u00e8ces et accessoires \u00e9lectroniques. Le corps de la bo\u00eete a une structure stable, qui tient compte \u00e0 la fois de la protection et de l'ouverture et de la fermeture en douceur, ce qui convient aux besoins de stockage et de r\u00e9cup\u00e9ration \u00e0 haute fr\u00e9quence des accessoires \u00e9lectroniques de pr\u00e9cision, et permet le stockage par empilement pour optimiser l'utilisation de l'espace de stockage.<\/li>\n<li><strong>Processus de marquage \u00e0 chaud et harmonisation des couleurs<\/strong>\u00a0La couleur principale est le noir classique, avec le rouge comme couleur auxiliaire. Le processus de marquage \u00e0 chaud am\u00e9liore l'expression visuelle et souligne le positionnement haut de gamme du produit. Le motif de marquage \u00e0 chaud est clair et tridimensionnel, ce qui renforce la reconnaissance de la marque. Il convient \u00e0 l'emballage de pr\u00e9sentation ou aux sc\u00e8nes de cadeaux d'affaires, augmentant efficacement la valeur ajout\u00e9e des produits des clients.<\/li>\n<li><strong>Syst\u00e8me de protection de la doublure EVA<\/strong>\u00a0La doublure en EVA haute densit\u00e9 int\u00e9gr\u00e9e peut s'adapter avec pr\u00e9cision \u00e0 la forme des pi\u00e8ces gr\u00e2ce au processus de d\u00e9coupage, absorber efficacement les chocs et les vibrations pendant le transport et pr\u00e9venir les dommages physiques tels que les rayures et l'extrusion. La doublure peut \u00eatre personnalis\u00e9e en fonction de la taille et de la forme des accessoires, ce qui permet de r\u00e9pondre aux besoins de chargement mixte de plusieurs cat\u00e9gories et d'assurer la protection ind\u00e9pendante des composants \u00e9lectroniques de pr\u00e9cision.<\/li>\n<li><strong>Un service personnalis\u00e9 complet<\/strong><\/li>\n<li><strong>Type et taille de la bo\u00eete<\/strong>: Il supporte diverses structures telles que des couvercles sup\u00e9rieurs et inf\u00e9rieurs, des bo\u00eetes en forme de livre, des bo\u00eetes \u00e0 fen\u00eatres, etc., personnalis\u00e9es en fonction de la taille des accessoires et des exigences de transport, avec un rapport de volume &gt;90%, r\u00e9duisant ainsi l'espace redondant.<\/li>\n<li><strong>Mat\u00e9riaux et proc\u00e9d\u00e9s<\/strong>: Nous proposons un montage en carton gris, en carton dur, en papier sp\u00e9cial et d'autres options de substrat, un film mat sur la surface pour am\u00e9liorer la texture, et une impression en quadrichromie (machine d'impression Heidelberg) pour garantir que le motif est plein de couleurs et que la transition est naturelle.<\/li>\n<li><strong>Extension de la fonction<\/strong>: Il peut int\u00e9grer un rev\u00eatement antistatique, des bandes d'\u00e9tanch\u00e9it\u00e9 r\u00e9sistantes \u00e0 l'humidit\u00e9 et d'autres processus pour s'adapter aux besoins particuliers de stockage des composants \u00e9lectroniques sensibles.<\/li>\n<li><strong>Production professionnelle et soutien au commerce ext\u00e9rieur<\/strong>\u00a016 ans d'exp\u00e9dition directe depuis l'usine d'origine, certification ISO du syst\u00e8me de gestion de la qualit\u00e9 et contr\u00f4le strict de l'ensemble du processus, du tri des mat\u00e9riaux \u00e0 l'inspection des produits finis. L'entreprise se concentre sur le march\u00e9 du commerce ext\u00e9rieur, conna\u00eet les normes logistiques internationales (telles que les essais de transport ISTA), fournit des \u00e9tiquettes multilingues, une certification environnementale (telle que FSC, ISO) et d'autres services de soutien, afin d'aider les produits \u00e0 entrer en Europe, en Am\u00e9rique, en Asie du Sud-Est et sur d'autres march\u00e9s dans le respect de la r\u00e9glementation.<\/li>\n<\/ol>\n<h2 id=\"-technical-parameters-and-delivery-guarantee-\"><strong>Param\u00e8tres techniques et garantie de livraison<\/strong><\/h2>\n<table>\n<thead>\n<tr>\n<th><strong>Projet<\/strong><\/th>\n<th><strong>Sp\u00e9cifications<\/strong><\/th>\n<\/tr>\n<\/thead>\n<tbody>\n<tr>\n<td>Processus d'impression<\/td>\n<td>Impression en quadrichromie + film mat\/film brillant, r\u00e9solution \u2265300dpi, couleurs d'accompagnement, effet local UV<\/td>\n<\/tr>\n<tr>\n<td>Cycle de production<\/td>\n<td>3-5 jours ouvrables pour l'\u00e9preuvage, 7-15 jours pour les commandes par lots (ajust\u00e9s en fonction de la complexit\u00e9 de la personnalisation)<\/td>\n<\/tr>\n<tr>\n<td>Quantit\u00e9 minimale de commande<\/td>\n<td>500 lots, prise en charge de petits lots et personnalisation souple<\/td>\n<\/tr>\n<tr>\n<td>Emballage logistique<\/td>\n<td>Bo\u00eete ext\u00e9rieure en carton ondul\u00e9 pour l'exportation + film d'emballage fixe, charge d'une seule bo\u00eete \u226515kg, couche d'empilage \u22655 couches<\/td>\n<\/tr>\n<\/tbody>\n<\/table>\n<p>&nbsp;<\/p>","protected":false},"excerpt":{"rendered":"<ul>\n<li><strong>Domaines d'application<\/strong>Les produits de cette cat\u00e9gorie sont les suivants : t\u00e9l\u00e9phones mobiles, composants \u00e9lectriques, instruments de pr\u00e9cision, mat\u00e9riaux de r\u00e9paration SMT, accessoires pour l'\u00e9quipement industriel, etc.<\/li>\n<li><strong>Valeur fondamentale<\/strong>: R\u00e9duire le taux de perte de transport de \uff1e30% gr\u00e2ce \u00e0 un emballage professionnel, am\u00e9liorer l'exp\u00e9rience de d\u00e9ballage des terminaux ; la conception personnalis\u00e9e renforce l'image de marque et aide les fournisseurs de pi\u00e8ces \u00e9lectroniques, les n\u00e9gociants et les fabricants OEM \u00e0 s'emparer du march\u00e9 haut de gamme.<\/li>\n<\/ul>","protected":false},"featured_media":9328,"template":"","meta":[],"product_brand":[],"product_cat":[30,413,425,31],"product_tag":[1146,1144,1145],"class_list":{"0":"post-9327","1":"product","2":"type-product","3":"status-publish","4":"has-post-thumbnail","6":"product_cat-by-industry","7":"product_cat-consumer-electronics-boxes","8":"product_cat-lid-and-base-gift-box","9":"product_cat-paper-box-style","10":"product_tag-custom-electronic-packaging","11":"product_tag-custom-electronic-parts-packaging","12":"product_tag-electronic-accessories-packaging","14":"first","15":"instock","16":"shipping-taxable","17":"product-type-simple"},"_links":{"self":[{"href":"https:\/\/zojopackaging.com\/fr\/wp-json\/wp\/v2\/product\/9327","targetHints":{"allow":["GET"]}}],"collection":[{"href":"https:\/\/zojopackaging.com\/fr\/wp-json\/wp\/v2\/product"}],"about":[{"href":"https:\/\/zojopackaging.com\/fr\/wp-json\/wp\/v2\/types\/product"}],"version-history":[{"count":1,"href":"https:\/\/zojopackaging.com\/fr\/wp-json\/wp\/v2\/product\/9327\/revisions"}],"predecessor-version":[{"id":9334,"href":"https:\/\/zojopackaging.com\/fr\/wp-json\/wp\/v2\/product\/9327\/revisions\/9334"}],"wp:featuredmedia":[{"embeddable":true,"href":"https:\/\/zojopackaging.com\/fr\/wp-json\/wp\/v2\/media\/9328"}],"wp:attachment":[{"href":"https:\/\/zojopackaging.com\/fr\/wp-json\/wp\/v2\/media?parent=9327"}],"wp:term":[{"taxonomy":"product_brand","embeddable":true,"href":"https:\/\/zojopackaging.com\/fr\/wp-json\/wp\/v2\/product_brand?post=9327"},{"taxonomy":"product_cat","embeddable":true,"href":"https:\/\/zojopackaging.com\/fr\/wp-json\/wp\/v2\/product_cat?post=9327"},{"taxonomy":"product_tag","embeddable":true,"href":"https:\/\/zojopackaging.com\/fr\/wp-json\/wp\/v2\/product_tag?post=9327"}],"curies":[{"name":"wp","href":"https:\/\/api.w.org\/{rel}","templated":true}]}}