{"id":9335,"date":"2025-04-01T21:13:56","date_gmt":"2025-04-01T13:13:56","guid":{"rendered":"https:\/\/zojopackaging.com\/?post_type=product&#038;p=9335"},"modified":"2025-04-01T21:56:12","modified_gmt":"2025-04-01T13:56:12","slug":"custom-consumer-electronic-packaging-gift-boxes-wholesale","status":"publish","type":"product","link":"https:\/\/zojopackaging.com\/fr\/product\/custom-consumer-electronic-packaging-gift-boxes-wholesale\/","title":{"rendered":"Bo\u00eetes cadeaux personnalis\u00e9es pour l'emballage de produits \u00e9lectroniques grand public"},"content":{"rendered":"<h2 id=\"-core-functions-and-design-highlights-\"><strong>Fonctions essentielles et points forts de la conception<\/strong><\/h2>\n<ol>\n<li><strong>Motifs abstraits vibrants et personnalisation de la marque<\/strong>\u00a0Le processus de surface utilise du papier couch\u00e9 C2S 157g combin\u00e9 \u00e0 la technologie d'impression RISO pour soutenir l'effet d'art abstrait de la superposition al\u00e9atoire de plusieurs couleurs. Le processus de vernissage local par UV ajuste la duret\u00e9 de la surface de collision par une fr\u00e9quence de 2000-3000Hz pour obtenir une am\u00e9lioration synergique du retour tactile et de la brillance visuelle ; le processus d'estampage \u00e0 chaud utilise des mat\u00e9riaux de contact en alliage d'argent, qui augmentent la r\u00e9sistance \u00e0 la corrosion de 50%, garantissant l'int\u00e9grit\u00e9 du motif apr\u00e8s des ouvertures et fermetures \u00e0 haute fr\u00e9quence. Prend en charge la s\u00e9rigraphie de pr\u00e9cision \u00e0 300 dpi, peut restaurer plus de 95% de la gamme de couleurs de la biblioth\u00e8que de couleurs sp\u00e9ciales de Pantone, et s'adapte \u00e0 la personnalisation du syst\u00e8me de la marque VI.<\/li>\n<li><strong>Service de personnalisation compl\u00e8te<\/strong><\/li>\n<li><strong>Innovation de type bo\u00eete<\/strong>: Il permet de d\u00e9velopper des bo\u00eetes de forme sp\u00e9ciale, telles que des bo\u00eetes en forme de c\u0153ur ou \u00e0 coins arrondis, d'utiliser la mod\u00e9lisation param\u00e9trique CAO pour r\u00e9aliser une simulation structurelle \u00e0 l'\u00e9chelle 1:1 et de r\u00e9duire le cycle d'\u00e9preuvage \u00e0 72 heures.<\/li>\n<li><strong>Mat\u00e9riaux respectueux de l'environnement<\/strong>: Le mat\u00e9riau de base utilise du carton certifi\u00e9 FSC et de l'encre de soja pour l'impression,<\/li>\n<li><strong>Combinaison de proc\u00e9d\u00e9s<\/strong>: Prend en charge les processus de reliefs 3D et de gaufrage au laser pour obtenir des effets d'ombre et de lumi\u00e8re dynamiques.<\/li>\n<\/ol>\n<h2 id=\"-service-advantages-\"><strong>Avantages du service<\/strong><\/h2>\n<ul>\n<li><strong>Conformit\u00e9 transfrontali\u00e8re<\/strong>: Fournir un ensemble complet de documents de certification RoHS CE FSC, et prendre en charge le pr\u00e9-calcul intelligent des droits de douane en Chine, aux \u00c9tats-Unis et en Europe selon les termes du DDP.<\/li>\n<li><strong>Contr\u00f4le des co\u00fbts<\/strong>: Optimisation de l'agencement des anneaux magn\u00e9tiques et conception de l'imbrication des d\u00e9coupes de carton pour obtenir des avantages consid\u00e9rables en termes de co\u00fbts.<\/li>\n<\/ul>\n<h2 id=\"-customization-process-\"><strong>Processus de personnalisation<\/strong><\/h2>\n<ol>\n<li><strong>Num\u00e9risation de la demande<\/strong>: Soumettez des mod\u00e8les de produits en 3D en ligne, et des algorithmes d'intelligence artificielle g\u00e9n\u00e8rent automatiquement des solutions d'optimisation de la topologie de la structure du tampon.<\/li>\n<li><strong>Prototypage virtuel<\/strong>: Fournir des rendus 3D interactifs WebGL dans les 48 heures, et prendre en charge l'exp\u00e9rience d'unboxing virtuel AR.<\/li>\n<li><strong>Production agile<\/strong>: Le syst\u00e8me MES est connect\u00e9 \u00e0 l'ERP, et les lots de 500 pi\u00e8ces peuvent \u00eatre livr\u00e9s dans le monde entier dans un d\u00e9lai de 7 jours.<\/li>\n<\/ol>","protected":false},"excerpt":{"rendered":"<p>1. La bo\u00eete de fermeture magn\u00e9tique s'ouvre en quelques secondes par adsorption magn\u00e9tique, sans outils compliqu\u00e9s ni \u00e9tapes fixes, ce qui permet d'\u00e9conomiser du temps.<br \/>\n2. Cette bo\u00eete d'emballage au motif abstrait vibrant peut am\u00e9liorer l'exp\u00e9rience de d\u00e9ballage de votre marque.<br \/>\n3. Con\u00e7u sp\u00e9cialement pour les appareils \u00e9lectroniques grand public, il allie une beaut\u00e9 audacieuse \u00e0 une protection puissante.<br \/>\n4. La forme, la taille, la couleur, le mat\u00e9riau et l'effet d'impression de la surface de la bo\u00eete peuvent \u00eatre fortement personnalis\u00e9s pour s'adapter \u00e0 l'emballage des produits \u00e9lectroniques grand public.<\/p>","protected":false},"featured_media":9336,"template":"","meta":[],"product_brand":[],"product_cat":[30,413,424,31],"product_tag":[1151,1149,1150],"class_list":{"0":"post-9335","1":"product","2":"type-product","3":"status-publish","4":"has-post-thumbnail","6":"product_cat-by-industry","7":"product_cat-consumer-electronics-boxes","8":"product_cat-magnetic-closure-boxes","9":"product_cat-paper-box-style","10":"product_tag-consumer-electronic-boxes-wholesale","11":"product_tag-consumer-electronic-packaging","12":"product_tag-electronic-packaging-gift-boxes","14":"first","15":"instock","16":"shipping-taxable","17":"product-type-simple"},"_links":{"self":[{"href":"https:\/\/zojopackaging.com\/fr\/wp-json\/wp\/v2\/product\/9335","targetHints":{"allow":["GET"]}}],"collection":[{"href":"https:\/\/zojopackaging.com\/fr\/wp-json\/wp\/v2\/product"}],"about":[{"href":"https:\/\/zojopackaging.com\/fr\/wp-json\/wp\/v2\/types\/product"}],"version-history":[{"count":1,"href":"https:\/\/zojopackaging.com\/fr\/wp-json\/wp\/v2\/product\/9335\/revisions"}],"predecessor-version":[{"id":9348,"href":"https:\/\/zojopackaging.com\/fr\/wp-json\/wp\/v2\/product\/9335\/revisions\/9348"}],"wp:featuredmedia":[{"embeddable":true,"href":"https:\/\/zojopackaging.com\/fr\/wp-json\/wp\/v2\/media\/9336"}],"wp:attachment":[{"href":"https:\/\/zojopackaging.com\/fr\/wp-json\/wp\/v2\/media?parent=9335"}],"wp:term":[{"taxonomy":"product_brand","embeddable":true,"href":"https:\/\/zojopackaging.com\/fr\/wp-json\/wp\/v2\/product_brand?post=9335"},{"taxonomy":"product_cat","embeddable":true,"href":"https:\/\/zojopackaging.com\/fr\/wp-json\/wp\/v2\/product_cat?post=9335"},{"taxonomy":"product_tag","embeddable":true,"href":"https:\/\/zojopackaging.com\/fr\/wp-json\/wp\/v2\/product_tag?post=9335"}],"curies":[{"name":"wp","href":"https:\/\/api.w.org\/{rel}","templated":true}]}}