{"id":9349,"date":"2025-04-01T21:56:20","date_gmt":"2025-04-01T13:56:20","guid":{"rendered":"https:\/\/zojopackaging.com\/?post_type=product&#038;p=9349"},"modified":"2025-04-01T22:27:11","modified_gmt":"2025-04-01T14:27:11","slug":"custom-pet-dog-leash-collar-product-packaging-box-wholesale","status":"publish","type":"product","link":"https:\/\/zojopackaging.com\/fr\/product\/custom-pet-dog-leash-collar-product-packaging-box-wholesale\/","title":{"rendered":"Bo\u00eete d'emballage de produit pour collier de laisse de chien sur mesure Wholesale"},"content":{"rendered":"<h2 id=\"-i-core-product-advantages-\"><strong>1. Avantages des produits de base<\/strong><\/h2>\n<h3 id=\"1-high-quality-environmentally-friendly-materials-\">1.\u00a0<strong>Mat\u00e9riaux \u00e9cologiques de haute qualit\u00e9<\/strong><\/h3>\n<ul>\n<li><strong>Mat\u00e9riau<\/strong>: Fabriqu\u00e9 en carton \u00e9cologique de haute densit\u00e9 (certifi\u00e9 FSC), d'une \u00e9paisseur de 1,5 \u00e0 3 mm et d'une r\u00e9sistance \u00e0 la compression de 10 \u00e0 15 kg, il r\u00e9siste aux chutes et aux d\u00e9formations pendant le transport.<\/li>\n<li><strong>Protection de l'environnement<\/strong>: Conforme aux normes REACH de l'UE, 100% recyclable, adapt\u00e9 au commerce \u00e9lectronique transfrontalier et aux march\u00e9s des marques d'animaux de compagnie haut de gamme.<\/li>\n<\/ul>\n<h3 id=\"2-waterproof-matte-coating-technology-\">2.\u00a0<strong>Technologie de rev\u00eatement mat imperm\u00e9able \u00e0 l'eau<\/strong><\/h3>\n<ul>\n<li><strong>Traitement de surface<\/strong>: La couche ext\u00e9rieure est recouverte d'un rev\u00eatement imperm\u00e9able mat, qui r\u00e9siste \u00e0 l'humidit\u00e9 et aux salissures, et peut supporter des temp\u00e9ratures et une humidit\u00e9 extr\u00eames de -20\u00b0C \u00e0 60\u00b0C, prot\u00e9geant ainsi les produits internes (tels que les colliers en polyester et les cordes de traction en nylon) contre les dommages pendant le stockage et le transport.<\/li>\n<li><strong>Texture mate<\/strong>: Une touche d\u00e9licate qui renforce l'image haut de gamme de la marque.<\/li>\n<\/ul>\n<h3 id=\"3-customized-design-solutions-\">3.\u00a0<strong>Solutions de conception personnalis\u00e9es<\/strong><\/h3>\n<ul>\n<li><strong>Cr\u00e9ation de motifs<\/strong>: Il prend en charge l'impression UV en quadrichromie, le marquage \u00e0 chaud\/argent et la technologie de gaufrage. Elle peut incorporer des \u00e9l\u00e9ments d'animaux de compagnie (tels que des empreintes de pattes, des os, des chiens de dessins anim\u00e9s) ou la propri\u00e9t\u00e9 intellectuelle de la marque, et convient aux pr\u00e9f\u00e9rences du march\u00e9 telles que le style minimaliste europ\u00e9en et am\u00e9ricain, et le style mignon japonais et cor\u00e9en.<\/li>\n<li><strong>Correspondance des couleurs<\/strong>: Permet une correspondance pr\u00e9cise des couleurs avec les cartes de couleurs Pantone, prend en charge les couleurs d\u00e9grad\u00e9es et les effets de vernis locaux.<\/li>\n<\/ul>\n<h3 id=\"4-multifunctional-internal-structure-\">4.\u00a0<strong>Structure interne multifonctionnelle<\/strong><\/h3>\n<ul>\n<li><strong>Version d'extension<\/strong>: Permet une s\u00e9paration en couches, compatible avec les petits accessoires (tels que les sacs \u00e0 crottes, les sacs \u00e0 go\u00fbter).<\/li>\n<li><strong>Conception du tampon<\/strong>: Doublure EVA ou bac \u00e0 papier en nid d'abeille en option, r\u00e9sistant aux chocs et aux impacts.<\/li>\n<\/ul>\n<h3 id=\"5-highly-flexible-customized-service-\">5.\u00a0<strong>Un service personnalis\u00e9 tr\u00e8s flexible<\/strong><\/h3>\n<ul>\n<li><strong>S\u00e9lection du type de bo\u00eete<\/strong>: Couvercle sup\u00e9rieur et inf\u00e9rieur, type tiroir, bo\u00eete postale pliante, adapt\u00e9e \u00e0 diff\u00e9rentes lignes de produits (telles que les bo\u00eetes-cadeaux pour un seul produit, les combinaisons d'ensembles).<\/li>\n<li><strong>Technologie de surface<\/strong>: Marquage \u00e0 chaud\/argent, gaufrage, \u00e9vidage au laser, prise en charge de la s\u00e9rigraphie du LOGO de la marque ou de l'impression st\u00e9r\u00e9oscopique en 3D.<\/li>\n<li><strong>Fonctions suppl\u00e9mentaires<\/strong>: Des \u00e9tiquettes de code QR, des autocollants anti-contrefa\u00e7on et des fentes pour cartes-cadeaux peuvent \u00eatre int\u00e9gr\u00e9s pour am\u00e9liorer l'interaction avec les clients.<\/li>\n<\/ul>\n<h2 id=\"-ii-cooperation-process-and-support-policy-\"><strong>2. Processus de coop\u00e9ration et politique de soutien<\/strong><\/h2>\n<p id=\"1-free-design-service-provide-ai-design-template-library-and-professional-art-team-and-complete-the-first-draft-confirmation-within-3-working-days-\">1.\u00a0<strong>Service de conception gratuit<\/strong>: Nous fournissons une biblioth\u00e8que de mod\u00e8les de conception AI et une \u00e9quipe artistique professionnelle, et nous confirmons le premier projet dans un d\u00e9lai de trois jours ouvrables.<\/p>\n<p id=\"2-logistics-guarantee-provide-fba-labels-neutral-packaging-or-branded-color-boxes-support-global-direct-mail-and-consignment-\">2.\u00a0<strong>Garantie logistique<\/strong>: Fournir des \u00e9tiquettes FBA, des emballages neutres ou des bo\u00eetes de couleur de la marque, soutenir le publipostage et la consignation au niveau mondial.<\/p>\n<p id=\"3-after-sales-commitment-free-reprinting-for-quality-problems-provide-1-year-warranty-and-warehousing-and-custody-services-\">3.\u00a0<strong>Engagement apr\u00e8s-vente<\/strong>: R\u00e9impression gratuite en cas de probl\u00e8mes de qualit\u00e9, garantie d'un an et services d'entreposage et de conservation.<\/p>","protected":false},"excerpt":{"rendered":"<ul>\n<li>Plate-forme de commerce \u00e9lectronique : S'adapter au \"marketing de l'exp\u00e9rience de d\u00e9ballage\" des principales plateformes de commerce \u00e9lectronique et attirer les jeunes propri\u00e9taires d'animaux de compagnie gr\u00e2ce \u00e0 des bo\u00eetes de forme sp\u00e9ciale.<\/li>\n<li>Vente au d\u00e9tail hors ligne : pour r\u00e9pondre aux besoins de pr\u00e9sentation des animaleries, une fen\u00eatre transparente optionnelle peut \u00eatre utilis\u00e9e pour pr\u00e9senter les produits de mani\u00e8re intuitive.<\/li>\n<\/ul>","protected":false},"featured_media":9350,"template":"","meta":[],"product_brand":[],"product_cat":[30,423,31,433],"product_tag":[1154,1153,1152],"class_list":{"0":"post-9349","1":"product","2":"type-product","3":"status-publish","4":"has-post-thumbnail","6":"product_cat-by-industry","7":"product_cat-custom-presentation-boxes-by-industry","8":"product_cat-paper-box-style","9":"product_cat-shipping-mailer-boxes","10":"product_tag-custom-pet-dog-leash-box-wholesale","11":"product_tag-dog-collar-packaging","12":"product_tag-pet-leash-packaging-box","14":"first","15":"instock","16":"shipping-taxable","17":"product-type-simple"},"_links":{"self":[{"href":"https:\/\/zojopackaging.com\/fr\/wp-json\/wp\/v2\/product\/9349","targetHints":{"allow":["GET"]}}],"collection":[{"href":"https:\/\/zojopackaging.com\/fr\/wp-json\/wp\/v2\/product"}],"about":[{"href":"https:\/\/zojopackaging.com\/fr\/wp-json\/wp\/v2\/types\/product"}],"version-history":[{"count":1,"href":"https:\/\/zojopackaging.com\/fr\/wp-json\/wp\/v2\/product\/9349\/revisions"}],"predecessor-version":[{"id":9357,"href":"https:\/\/zojopackaging.com\/fr\/wp-json\/wp\/v2\/product\/9349\/revisions\/9357"}],"wp:featuredmedia":[{"embeddable":true,"href":"https:\/\/zojopackaging.com\/fr\/wp-json\/wp\/v2\/media\/9350"}],"wp:attachment":[{"href":"https:\/\/zojopackaging.com\/fr\/wp-json\/wp\/v2\/media?parent=9349"}],"wp:term":[{"taxonomy":"product_brand","embeddable":true,"href":"https:\/\/zojopackaging.com\/fr\/wp-json\/wp\/v2\/product_brand?post=9349"},{"taxonomy":"product_cat","embeddable":true,"href":"https:\/\/zojopackaging.com\/fr\/wp-json\/wp\/v2\/product_cat?post=9349"},{"taxonomy":"product_tag","embeddable":true,"href":"https:\/\/zojopackaging.com\/fr\/wp-json\/wp\/v2\/product_tag?post=9349"}],"curies":[{"name":"wp","href":"https:\/\/api.w.org\/{rel}","templated":true}]}}