{"id":9358,"date":"2025-04-01T22:27:43","date_gmt":"2025-04-01T14:27:43","guid":{"rendered":"https:\/\/zojopackaging.com\/?post_type=product&#038;p=9358"},"modified":"2025-04-02T10:05:52","modified_gmt":"2025-04-02T02:05:52","slug":"luxury-premium-hair-wig-extension-gift-boxes-manufacturer","status":"publish","type":"product","link":"https:\/\/zojopackaging.com\/fr\/product\/luxury-premium-hair-wig-extension-gift-boxes-manufacturer\/","title":{"rendered":"Bo\u00eete cadeau pour extension de perruque de cheveux de luxe Premium Fabricant"},"content":{"rendered":"<h2>Bo\u00eete cadeau pour extension de perruque de cheveux de luxe Premium Fabricant<\/h2>\n<h3 id=\"1-selected-materials-\">1.\u00a0<strong>Mat\u00e9riaux s\u00e9lectionn\u00e9s<\/strong><\/h3>\n<ul>\n<li><strong>Combinaison de mat\u00e9riaux de base<\/strong>: 157g de papier couch\u00e9 C2S + 1200g de carton rigide sont utilis\u00e9s, avec une surface lisse et d\u00e9licate et une reproduction \u00e9lev\u00e9e des couleurs, garantissant que le motif imprim\u00e9 est clair et brillant, et que le toucher est haut de gamme.<\/li>\n<li><strong>Propri\u00e9t\u00e9s environnementales<\/strong>: Le mat\u00e9riau papier est conforme au concept de durabilit\u00e9, il est recyclable et d\u00e9gradable, et il est conforme \u00e0 la proposition de protection de l'environnement de la marque.<\/li>\n<\/ul>\n<h3 id=\"2-hot-stamping-process-\">2.\u00a0<strong>Processus de marquage \u00e0 chaud<\/strong><\/h3>\n<ul>\n<li>Gr\u00e2ce \u00e0 la technologie de marquage \u00e0 chaud tridimensionnel, la surface de la bo\u00eete est dot\u00e9e d'une texture gaufr\u00e9e et d'un \u00e9clat m\u00e9tallique, ce qui am\u00e9liore consid\u00e9rablement l'aspect visuel de la bo\u00eete et attire l'attention des consommateurs. Elle convient au LOGO de la marque, aux motifs ou aux motifs personnalis\u00e9s.<\/li>\n<\/ul>\n<h2 id=\"-appearance-and-structural-design-\"><strong>Aspect et conception structurelle<\/strong><\/h2>\n<h3 id=\"1-color-and-emotional-expression-\">1.\u00a0<strong>Couleur et expression \u00e9motionnelle<\/strong><\/h3>\n<ul>\n<li><strong>Marron classique<\/strong>: Le corps de la bo\u00eete adopte un brun chaud pour transmettre des sentiments chaleureux et nostalgiques. Il convient aux images de marque qui mettent l'accent sur les concepts de naturel, de fabrication artisanale ou de protection de l'environnement, et renforce la r\u00e9sonance \u00e9motionnelle des consommateurs.<\/li>\n<\/ul>\n<h3 id=\"2-foldable-function-\">2.\u00a0<strong>Fonction de pliage<\/strong><\/h3>\n<ul>\n<li>Apr\u00e8s pliage, le volume est r\u00e9duit de 50%, ce qui permet de r\u00e9duire les co\u00fbts de stockage et de transport, et convient particuli\u00e8rement aux besoins d'exportation en vrac du commerce \u00e9lectronique transfrontalier.<\/li>\n<li>La structure est stable et sans couture apr\u00e8s le d\u00e9pliage, ce qui garantit la s\u00e9curit\u00e9 du transport des produits.<\/li>\n<\/ul>\n<h3 id=\"3-functional-size-optimization-\">3.\u00a0<strong>Optimisation de la taille fonctionnelle<\/strong><\/h3>\n<ul>\n<li>L'espace int\u00e9rieur est con\u00e7u en fonction des caract\u00e9ristiques des produits d'extension de perruques, et peut accueillir des perruques, des ensembles de cheveux et des accessoires (tels que des filets \u00e0 cheveux, des produits de soins). Il est compatible avec une vari\u00e9t\u00e9 de sp\u00e9cifications (telles que la longueur de perruque de 8 \u00e0 30 pouces).<\/li>\n<\/ul>\n<h2 id=\"-customized-service-\"><strong>Service personnalis\u00e9<\/strong><\/h2>\n<h3 id=\"1-flexible-customization-options-\">1.\u00a0<strong>Options de personnalisation flexibles<\/strong><\/h3>\n<ul>\n<li><strong>Type et taille de la bo\u00eete<\/strong>: Il supporte une vari\u00e9t\u00e9 de structures telles que les bo\u00eetes carr\u00e9es, les tiroirs, les bo\u00eetes en forme de livre, etc. et la taille est ajust\u00e9e avec pr\u00e9cision en fonction des besoins du client.<\/li>\n<li><strong>Effet d'impression<\/strong>: Des traitements de surface mats, brillants, partiellement UV, des gaufrages et d'autres traitements de surface peuvent \u00eatre fournis pour s'adapter au syst\u00e8me visuel de la marque.<\/li>\n<\/ul>\n<h3 id=\"2-one-stop-support-\">2.\u00a0<strong>Soutien unique<\/strong><\/h3>\n<ul>\n<li><strong>Conception gratuite<\/strong>: L'\u00e9quipe professionnelle fournit des services de conception complets, du concept \u00e0 l'\u00e9bauche, et formule des solutions bas\u00e9es sur les tendances actuelles du secteur (telles que le style minimaliste europ\u00e9en et am\u00e9ricain, l'esth\u00e9tique des couleurs africaines).<\/li>\n<li><strong>\u00c9chantillons gratuits<\/strong>: Le cycle d'\u00e9chantillonnage est de 3 \u00e0 5 jours, ce qui permet aux clients de confirmer l'effet r\u00e9el avant la production de masse.<\/li>\n<\/ul>\n<h2 id=\"-production-and-quality-assurance-\"><strong>Production et assurance qualit\u00e9<\/strong><\/h2>\n<h3 id=\"1-source-factory-advantages-\">1.\u00a0<strong>Avantages de l'usine source<\/strong><\/h3>\n<ul>\n<li><strong>16 ans d'exp\u00e9rience<\/strong>: Approvisionnement direct aupr\u00e8s de l'usine d'emballage chinoise, avec une cha\u00eene d'approvisionnement mature et des capacit\u00e9s de production \u00e0 grande \u00e9chelle, des co\u00fbts contr\u00f4lables et une quantit\u00e9 minimale de commande flexible (pour les commandes d'essai de petits lots).<\/li>\n<li><strong>Inspection stricte de la qualit\u00e9<\/strong>: Certifi\u00e9 ISO, chaque lot de produits est soumis \u00e0 des tests de compression, de r\u00e9sistance \u00e0 l'usure et d'humidit\u00e9 afin de garantir la tol\u00e9rance au transport et la stabilit\u00e9 du stockage \u00e0 long terme.<\/li>\n<\/ul>\n<h3 id=\"2-price-and-service-\">2.\u00a0<strong>Prix et service<\/strong><\/h3>\n<ul>\n<li><strong>Prix bas dans l'industrie<\/strong>: Op\u00e9ration directe de l'usine sans interm\u00e9diaire, le prix est 20% inf\u00e9rieur \u00e0 celui du march\u00e9 \u00e0 qualit\u00e9 \u00e9gale.<\/li>\n<li><strong>Un service apr\u00e8s-vente sans souci<\/strong>: Fournir une assistance telle que le remplacement des produits endommag\u00e9s et l'ajout de commandes urgentes pour r\u00e9pondre aux besoins dynamiques du commerce \u00e9lectronique transfrontalier et des grossistes.<\/li>\n<\/ul>\n<h2 id=\"-applicable-scenarios-\"><strong>Sc\u00e9narios applicables<\/strong><\/h2>\n<ul>\n<li><strong>Marques de perruques haut de gamme<\/strong>: Comme les produits d'extension de cheveux humains v\u00e9ritables, mettant en valeur la texture naturelle.<\/li>\n<li><strong>Coffrets cadeaux pour les f\u00eates<\/strong>: Associ\u00e9es \u00e0 des perruques sur le th\u00e8me d'Halloween et de No\u00ebl, elles renforcent l'attrait du marketing des f\u00eates.<\/li>\n<li><strong>Exclusivit\u00e9 transfrontali\u00e8re<\/strong>: S'adapter aux plateformes telles qu'Amazon et les stations ind\u00e9pendantes, et s'emparer des march\u00e9s europ\u00e9ens, am\u00e9ricains et africains gr\u00e2ce \u00e0 des emballages diff\u00e9renci\u00e9s.<\/li>\n<\/ul>","protected":false},"excerpt":{"rendered":"<p>Ce produit est sp\u00e9cialement con\u00e7u pour le march\u00e9 des extensions de perruques haut de gamme. La protection de l'environnement et la texture luxueuse sont au c\u0153ur de ce produit, qui b\u00e9n\u00e9ficie de 16 ans d'exp\u00e9rience dans le domaine de l'emballage et de l'impression. Le design de la bo\u00eete-cadeau associe le r\u00e9tro \u00e0 l'artisanat moderne et convient aux marques de perruques, aux salons de beaut\u00e9, au commerce \u00e9lectronique transfrontalier et \u00e0 d'autres sc\u00e9narios, aidant ainsi les marques \u00e0 accro\u00eetre leur valeur ajout\u00e9e.<\/p>","protected":false},"featured_media":9377,"template":"","meta":[],"product_brand":[],"product_cat":[30,421,424,31],"product_tag":[879,1160,1161],"class_list":{"0":"post-9358","1":"product","2":"type-product","3":"status-publish","4":"has-post-thumbnail","6":"product_cat-by-industry","7":"product_cat-custom-hair-extension-boxes","8":"product_cat-magnetic-closure-boxes","9":"product_cat-paper-box-style","10":"product_tag-hair-extension-boxes-wholesale","11":"product_tag-hair-wig-gift-boxes","12":"product_tag-luxury-hair-wig-extension-gift-boxes","14":"first","15":"instock","16":"shipping-taxable","17":"product-type-simple"},"_links":{"self":[{"href":"https:\/\/zojopackaging.com\/fr\/wp-json\/wp\/v2\/product\/9358","targetHints":{"allow":["GET"]}}],"collection":[{"href":"https:\/\/zojopackaging.com\/fr\/wp-json\/wp\/v2\/product"}],"about":[{"href":"https:\/\/zojopackaging.com\/fr\/wp-json\/wp\/v2\/types\/product"}],"version-history":[{"count":2,"href":"https:\/\/zojopackaging.com\/fr\/wp-json\/wp\/v2\/product\/9358\/revisions"}],"predecessor-version":[{"id":9384,"href":"https:\/\/zojopackaging.com\/fr\/wp-json\/wp\/v2\/product\/9358\/revisions\/9384"}],"wp:featuredmedia":[{"embeddable":true,"href":"https:\/\/zojopackaging.com\/fr\/wp-json\/wp\/v2\/media\/9377"}],"wp:attachment":[{"href":"https:\/\/zojopackaging.com\/fr\/wp-json\/wp\/v2\/media?parent=9358"}],"wp:term":[{"taxonomy":"product_brand","embeddable":true,"href":"https:\/\/zojopackaging.com\/fr\/wp-json\/wp\/v2\/product_brand?post=9358"},{"taxonomy":"product_cat","embeddable":true,"href":"https:\/\/zojopackaging.com\/fr\/wp-json\/wp\/v2\/product_cat?post=9358"},{"taxonomy":"product_tag","embeddable":true,"href":"https:\/\/zojopackaging.com\/fr\/wp-json\/wp\/v2\/product_tag?post=9358"}],"curies":[{"name":"wp","href":"https:\/\/api.w.org\/{rel}","templated":true}]}}