{"id":9359,"date":"2025-04-02T01:24:34","date_gmt":"2025-04-01T17:24:34","guid":{"rendered":"https:\/\/zojopackaging.com\/?post_type=product&#038;p=9359"},"modified":"2025-04-02T01:49:14","modified_gmt":"2025-04-01T17:49:14","slug":"customized-luxury-recyclable-packaging-box-for-perfume-supplier","status":"publish","type":"product","link":"https:\/\/zojopackaging.com\/fr\/product\/customized-luxury-recyclable-packaging-box-for-perfume-supplier\/","title":{"rendered":"Bo\u00eete d'emballage recyclable de luxe personnalis\u00e9e pour fournisseur de parfums"},"content":{"rendered":"<p>&nbsp;<\/p>\n<ol>\n<li><strong>Mat\u00e9riau en carton de haute qualit\u00e9, grande durabilit\u00e9<\/strong>\u00a0Fabriqu\u00e9e en carton de haute qualit\u00e9, la bo\u00eete est d\u00e9coup\u00e9e et pli\u00e9e avec pr\u00e9cision, ce qui garantit une structure stable et une forte r\u00e9sistance \u00e0 la pression. Le carton lui-m\u00eame est l\u00e9ger et flexible, et a une bonne capacit\u00e9 d'amortissement, ce qui permet de prot\u00e9ger efficacement le flacon de parfum.<\/li>\n<li><strong>Processus d'impression ultrafin, excellent effet visuel<\/strong>\u00a0L'utilisation de la technologie d'impression num\u00e9rique pour obtenir des lignes ultrafines et une reproduction tr\u00e8s pr\u00e9cise des couleurs des motifs, combin\u00e9e \u00e0 la technologie de laminage des films mats, rend le toucher d\u00e9licat et la brillance douce, ce qui donne une texture mate haut de gamme. Par exemple, dans certains cas, la technologie de marquage \u00e0 chaud est utilis\u00e9e pour tracer des lignes dor\u00e9es afin de rehausser le luxe visuel.<\/li>\n<li><strong>Conception respectueuse de l'environnement et recyclable, conforme aux normes internationales<\/strong>\u00a0Le mat\u00e9riau de la bo\u00eete d'emballage est en bois certifi\u00e9 FSC ou en PET recyclable, et l'utilisation de colle est r\u00e9duite gr\u00e2ce \u00e0 un processus d'assemblage m\u00e9canique pour am\u00e9liorer la recyclabilit\u00e9. Le rev\u00eatement interne absorbant les chocs utilise des mat\u00e9riaux d\u00e9gradables \u00e0 base d'amidon de ma\u00efs pour assurer la protection de l'environnement tout au long du processus.<\/li>\n<li><strong>\u00c9quipement de pointe et syst\u00e8me strict d'inspection de la qualit\u00e9<\/strong>\u00a0L'usine est \u00e9quip\u00e9e d'une base de production standardis\u00e9e de 5 320 m\u00e8tres carr\u00e9s, qui passe de multiples liens d'inspection de la qualit\u00e9 tels que le test de chute d'un m\u00e8tre et le test de r\u00e9sistance au vieillissement, afin de garantir que les produits r\u00e9pondent aux normes \u00e9lev\u00e9es de l'industrie de la parfumerie. L'\u00e9quipe de professionnels suit l'\u00e9volution de la production en temps r\u00e9el afin de garantir la stabilit\u00e9 des livraisons.<\/li>\n<li><strong>\u00c9quipe de conception branch\u00e9e, service personnalis\u00e9<\/strong>\u00a0L'\u00e9quipe de conception fournit des services complets, de l'\u00e9laboration du concept de la marque aux rendus en 3D, prend en charge l'embossage du LOGO, le vernissage UV et d'autres processus, et peut r\u00e9pondre rapidement aux tendances du march\u00e9. Par exemple, des structures innovantes telles que des couvertures de cristaux \u00e0 deux composants ont \u00e9t\u00e9 personnalis\u00e9es pour des marques de produits de beaut\u00e9.<\/li>\n<li><strong>Production \u00e0 grande \u00e9chelle et livraison rapide<\/strong>\u00a0La capacit\u00e9 de production quotidienne moyenne atteint des dizaines de milliers d'unit\u00e9s, permet d'ajuster avec souplesse les quantit\u00e9s minimales de 500 commandes et r\u00e9alise des \u00e9preuves en 24 heures et des livraisons par lots en 13 jours gr\u00e2ce \u00e0 des processus normalis\u00e9s afin de r\u00e9pondre aux besoins de r\u00e9action rapide de l'industrie de la parfumerie.<\/li>\n<\/ol>","protected":false},"excerpt":{"rendered":"<p>La luxueuse bo\u00eete d'emballage de parfum recyclable personnalis\u00e9e pour ZOJO Print paper box store associe des concepts de protection de l'environnement \u00e0 un savoir-faire artisanal haut de gamme pour offrir aux marques des solutions alliant texture luxueuse et durabilit\u00e9.<\/p>","protected":false},"featured_media":9364,"template":"","meta":[],"product_brand":[],"product_cat":[30,417,430,31],"product_tag":[1157,1155,1156],"class_list":{"0":"post-9359","1":"product","2":"type-product","3":"status-publish","4":"has-post-thumbnail","6":"product_cat-by-industry","7":"product_cat-custom-perfume-boxes-by-industry","8":"product_cat-folding-cartons","9":"product_cat-paper-box-style","10":"product_tag-box-for-perfume-supplier","11":"product_tag-customized-packaging-box","12":"product_tag-packaging-box-for-perfume","14":"first","15":"instock","16":"shipping-taxable","17":"product-type-grouped"},"_links":{"self":[{"href":"https:\/\/zojopackaging.com\/fr\/wp-json\/wp\/v2\/product\/9359","targetHints":{"allow":["GET"]}}],"collection":[{"href":"https:\/\/zojopackaging.com\/fr\/wp-json\/wp\/v2\/product"}],"about":[{"href":"https:\/\/zojopackaging.com\/fr\/wp-json\/wp\/v2\/types\/product"}],"version-history":[{"count":1,"href":"https:\/\/zojopackaging.com\/fr\/wp-json\/wp\/v2\/product\/9359\/revisions"}],"predecessor-version":[{"id":9367,"href":"https:\/\/zojopackaging.com\/fr\/wp-json\/wp\/v2\/product\/9359\/revisions\/9367"}],"wp:featuredmedia":[{"embeddable":true,"href":"https:\/\/zojopackaging.com\/fr\/wp-json\/wp\/v2\/media\/9364"}],"wp:attachment":[{"href":"https:\/\/zojopackaging.com\/fr\/wp-json\/wp\/v2\/media?parent=9359"}],"wp:term":[{"taxonomy":"product_brand","embeddable":true,"href":"https:\/\/zojopackaging.com\/fr\/wp-json\/wp\/v2\/product_brand?post=9359"},{"taxonomy":"product_cat","embeddable":true,"href":"https:\/\/zojopackaging.com\/fr\/wp-json\/wp\/v2\/product_cat?post=9359"},{"taxonomy":"product_tag","embeddable":true,"href":"https:\/\/zojopackaging.com\/fr\/wp-json\/wp\/v2\/product_tag?post=9359"}],"curies":[{"name":"wp","href":"https:\/\/api.w.org\/{rel}","templated":true}]}}