{"id":9368,"date":"2025-04-02T01:49:24","date_gmt":"2025-04-01T17:49:24","guid":{"rendered":"https:\/\/zojopackaging.com\/?post_type=product&#038;p=9368"},"modified":"2025-04-02T02:02:50","modified_gmt":"2025-04-01T18:02:50","slug":"vintage-design-folding-carton-box-for-perfume-packaging-box-wholesale","status":"publish","type":"product","link":"https:\/\/zojopackaging.com\/fr\/product\/vintage-design-folding-carton-box-for-perfume-packaging-box-wholesale\/","title":{"rendered":"Bo\u00eete en carton pliante au design vintage pour l'emballage des parfums Bo\u00eete en carton pliante en gros"},"content":{"rendered":"<h3 id=\"-1-high-quality-white-cardboard-substrate-environmentally-friendly-and-durable-\"><strong>1. Support en carton blanc de haute qualit\u00e9, respectueux de l'environnement et durable<\/strong><\/h3>\n<p>S\u00e9lectionnez un carton blanc certifi\u00e9 FSC d'un grammage sup\u00e9rieur \u00e0 300 g\/m\u00b2 et am\u00e9liorez la r\u00e9sistance \u00e0 la compression gr\u00e2ce \u00e0 la technologie de renforcement des fibres, qui peut r\u00e9sister \u00e0 un test de chute de 3 m\u00e8tres pendant le transport. La surface du carton est trait\u00e9e avec un rev\u00eatement anti-humidit\u00e9 pour garantir qu'il reste droit dans un environnement \u00e0 humidit\u00e9 variable, conform\u00e9ment aux normes de protection de l'environnement REACH de l'UE.<\/p>\n<h3 id=\"-2-high-precision-printing-technology-to-restore-retro-aesthetic-details-\"><strong>2. Technologie d'impression de haute pr\u00e9cision pour restaurer les d\u00e9tails esth\u00e9tiques r\u00e9tro<\/strong><\/h3>\n<p>La machine d'impression Heidelberg CD102 \u00e0 six couleurs, avec l'encre Pantone spot color, permet d'obtenir une pr\u00e9cision d'impression de 0,1 mm. Compte tenu des besoins du style r\u00e9tro, la transparence de l'encre est sp\u00e9cialement optimis\u00e9e pour que l'ancienne texture, l'estampage \u00e0 chaud, le gaufrage et d'autres processus soient clairement superpos\u00e9s, et le degr\u00e9 de restauration des couleurs atteint plus de 98%.<\/p>\n<h3 id=\"-3-multi-layer-lamination-process-upgraded-touch-and-protection-\"><strong>3. Processus de laminage multicouche, am\u00e9lioration du toucher et de la protection<\/strong><\/h3>\n<p>La surface est recouverte d'un film PET mat de 0,15 mm d'\u00e9paisseur, et la couche de film et le carton sont parfaitement li\u00e9s par un processus composite de pressage \u00e0 chaud. Ce proc\u00e9d\u00e9 permet non seulement d'am\u00e9liorer la r\u00e9sistance aux rayures de 30%, mais aussi d'obtenir un toucher soyeux et d\u00e9licat, tout en conservant la texture naturelle du papier, ce qui permet d'obtenir un \u00e9quilibre entre la matit\u00e9 visuelle et la douceur du toucher.<\/p>\n<h3 id=\"-4-uv-local-three-dimensional-process-to-strengthen-the-brand-logo-\"><strong>4. Processus tridimensionnel local UV pour renforcer le logo de la marque<\/strong><\/h3>\n<p>La zone LOGO utilise un proc\u00e9d\u00e9 de collage 3D UV goutte \u00e0 goutte, qui forme un effet tridimensionnel en relief de 1,2 mm apr\u00e8s s\u00e9chage. Avec un rev\u00eatement UV en m\u00e9tal miroir, les tons r\u00e9tro tels que l'or et l'or rose pr\u00e9sentent une texture fluide. Par rapport au proc\u00e9d\u00e9 de gaufrage traditionnel, la r\u00e9sistance \u00e0 l'usure est augment\u00e9e de 50% et permet d'obtenir des effets de contraste local brillant\/mat.<\/p>\n<h3 id=\"-5-intelligent-production-system-quality-control-throughout-the-process-\"><strong>5. Syst\u00e8me de production intelligent, contr\u00f4le de la qualit\u00e9 tout au long du processus<\/strong><\/h3>\n<p>\u00c9quip\u00e9 du syst\u00e8me d'inspection visuelle allemand Sick, il peut d\u00e9tecter automatiquement 12 param\u00e8tres tels que l'\u00e9cart de surimpression et la densit\u00e9 des couleurs toutes les 0,8 secondes. \u00c9tablir 13 processus d'inspection de la qualit\u00e9, depuis les mati\u00e8res premi\u00e8res entrant dans l'usine jusqu'aux produits finis quittant l'entrep\u00f4t. Des algorithmes d'inspection de la qualit\u00e9 par IA sont utilis\u00e9s dans les processus cl\u00e9s, et le taux de pr\u00e9cision de la reconnaissance des d\u00e9fauts atteint 99,7%.<\/p>\n<h3 id=\"-6-retro-design-institute-customized-solutions-\"><strong>6. Retro Design Institute, solutions personnalis\u00e9es<\/strong><\/h3>\n<p>Sous la direction d'une \u00e9quipe de concepteurs ayant plus de 10 ans d'exp\u00e9rience, 8 bases de donn\u00e9es de style r\u00e9tro ont \u00e9t\u00e9 cr\u00e9\u00e9es, y compris Art d\u00e9co, manuscrits m\u00e9di\u00e9vaux et vieilles affiches de cin\u00e9ma. Nous prenons en charge la personnalisation compl\u00e8te de la conception structurelle (comme les couvercles\/tiroirs sup\u00e9rieurs et inf\u00e9rieurs), la technologie de surface et le rev\u00eatement de l'emballage, et nous fournissons des solutions de rendu 3D dans un d\u00e9lai de 72 heures.<\/p>\n<h3 id=\"-7-flexible-production-base-fast-response-to-market-demand-\"><strong>7. Base de production flexible, r\u00e9ponse rapide \u00e0 la demande du march\u00e9<\/strong><\/h3>\n<p>L'usine intelligente de 5 320\u33a1 est \u00e9quip\u00e9e de 8 lignes de d\u00e9coupe enti\u00e8rement automatiques, avec une capacit\u00e9 de production quotidienne de 200 000 pi\u00e8ces. Le syst\u00e8me ERP r\u00e9alise un suivi complet des commandes, prend en charge une quantit\u00e9 de commande minimale de 5 000 pi\u00e8ces, une livraison de 7 jours pour les commandes r\u00e9guli\u00e8res, une livraison de 48 heures pour les commandes acc\u00e9l\u00e9r\u00e9es, et un taux de rotation des stocks parmi les plus \u00e9lev\u00e9s de l'industrie.<\/p>","protected":false},"excerpt":{"rendered":"<p>ZOJO Print cr\u00e9e des solutions d'emballage pour les marques de parfum qui combinent la lourdeur historique avec l'esth\u00e9tique contemporaine gr\u00e2ce \u00e0 l'innovation des mat\u00e9riaux, aux perc\u00e9es dans les processus et \u00e0 l'autonomisation du design. De l'art de la reliure de la Renaissance au style r\u00e9tro minimaliste moderne, nous utilisons nos capacit\u00e9s professionnelles pour consolider l'histoire de la marque dans un espace r\u00e9duit et aider les produits \u00e0 \u00e9tablir une reconnaissance diff\u00e9renci\u00e9e sur le march\u00e9 du luxe.<\/p>","protected":false},"featured_media":9372,"template":"","meta":[],"product_brand":[],"product_cat":[30,417,430,31],"product_tag":[820,1159,1158],"class_list":{"0":"post-9368","1":"product","2":"type-product","3":"status-publish","4":"has-post-thumbnail","6":"product_cat-by-industry","7":"product_cat-custom-perfume-boxes-by-industry","8":"product_cat-folding-cartons","9":"product_cat-paper-box-style","10":"product_tag-folding-carton-box","11":"product_tag-perfume-packaging-box-wholesale","12":"product_tag-vintage-design-box","14":"first","15":"instock","16":"shipping-taxable","17":"product-type-grouped"},"_links":{"self":[{"href":"https:\/\/zojopackaging.com\/fr\/wp-json\/wp\/v2\/product\/9368","targetHints":{"allow":["GET"]}}],"collection":[{"href":"https:\/\/zojopackaging.com\/fr\/wp-json\/wp\/v2\/product"}],"about":[{"href":"https:\/\/zojopackaging.com\/fr\/wp-json\/wp\/v2\/types\/product"}],"version-history":[{"count":1,"href":"https:\/\/zojopackaging.com\/fr\/wp-json\/wp\/v2\/product\/9368\/revisions"}],"predecessor-version":[{"id":9375,"href":"https:\/\/zojopackaging.com\/fr\/wp-json\/wp\/v2\/product\/9368\/revisions\/9375"}],"wp:featuredmedia":[{"embeddable":true,"href":"https:\/\/zojopackaging.com\/fr\/wp-json\/wp\/v2\/media\/9372"}],"wp:attachment":[{"href":"https:\/\/zojopackaging.com\/fr\/wp-json\/wp\/v2\/media?parent=9368"}],"wp:term":[{"taxonomy":"product_brand","embeddable":true,"href":"https:\/\/zojopackaging.com\/fr\/wp-json\/wp\/v2\/product_brand?post=9368"},{"taxonomy":"product_cat","embeddable":true,"href":"https:\/\/zojopackaging.com\/fr\/wp-json\/wp\/v2\/product_cat?post=9368"},{"taxonomy":"product_tag","embeddable":true,"href":"https:\/\/zojopackaging.com\/fr\/wp-json\/wp\/v2\/product_tag?post=9368"}],"curies":[{"name":"wp","href":"https:\/\/api.w.org\/{rel}","templated":true}]}}