{"id":9385,"date":"2025-04-02T10:06:04","date_gmt":"2025-04-02T02:06:04","guid":{"rendered":"https:\/\/zojopackaging.com\/?post_type=product&#038;p=9385"},"modified":"2025-04-02T10:30:44","modified_gmt":"2025-04-02T02:30:44","slug":"custom-beauty-infusion-skincare-device-paper-packaging-box","status":"publish","type":"product","link":"https:\/\/zojopackaging.com\/fr\/product\/custom-beauty-infusion-skincare-device-paper-packaging-box\/","title":{"rendered":"Bo\u00eete d'emballage en papier pour dispositifs de soins de beaut\u00e9 par perfusion"},"content":{"rendered":"<h2 id=\"-i-visual-and-structural-design-concept-\"><strong>1. Concept visuel et structurel<\/strong><\/h2>\n<h3 id=\"1-color-scheme-and-brand-tone-\">1.\u00a0<strong>Sch\u00e9ma de couleurs et tonalit\u00e9 de la marque<\/strong><\/h3>\n<ul>\n<li>Le corps de la bo\u00eete adopte une couleur de base blanc pur avec des lignes bleu clair, et donne une impression de fra\u00eecheur et de modernit\u00e9 gr\u00e2ce \u00e0 une faible saturation des couleurs, \u00e9vitant ainsi les interf\u00e9rences visuelles tout en renfor\u00e7ant le positionnement haut de gamme de la marque.<\/li>\n<li>Le logo de la marque et les informations textuelles adoptent des tons \u00e0 faible saturation du m\u00eame syst\u00e8me de couleurs, tels que le gris clair et le bleu brumeux, ce qui permet non seulement de conserver une esth\u00e9tique simple, mais aussi d'am\u00e9liorer la reconnaissance gr\u00e2ce au microcontraste.<\/li>\n<\/ul>\n<h3 id=\"2-pull-out-box-type-function-optimization-\">2.\u00a0<strong>Optimisation de la fonction de la bo\u00eete coulissante<\/strong><\/h3>\n<ul>\n<li>Adoptant une structure d'extraction magn\u00e9tique, la r\u00e9sistance \u00e0 l'ouverture et \u00e0 la fermeture est contr\u00f4l\u00e9e dans une fourchette de 0,5 \u00e0 1 N pour assurer la commodit\u00e9 d'une op\u00e9ration d'une seule main.<\/li>\n<li>Une ouverture auxiliaire circulaire (diam\u00e8tre de 3 \u00e0 5 cm) est pratiqu\u00e9e \u00e0 l'arri\u00e8re du c\u00f4t\u00e9 extractible de la bo\u00eete ext\u00e9rieure pour faciliter la protection de l'int\u00e9grit\u00e9 du bord de la bo\u00eete lors d'extractions r\u00e9p\u00e9t\u00e9es.<\/li>\n<\/ul>\n<h2 id=\"-ii-layered-protection-and-user-experience-\"><strong>2. Protection par couches et exp\u00e9rience de l'utilisateur<\/strong><\/h2>\n<h3 id=\"1-inner-lining-protection-system-\">1.\u00a0<strong>Syst\u00e8me de protection de la doublure int\u00e9rieure<\/strong><\/h3>\n<ul>\n<li>Adopte une position de carte en \u00e9ponge EVA + une doublure en flocage \u00e0 double couche :<\/li>\n<li><strong>Couche sup\u00e9rieure<\/strong>: Fente pour carte \u00e9ponge personnalis\u00e9e de 3 mm d'\u00e9paisseur, permettant de fixer avec pr\u00e9cision le corps principal du dispositif de perfusion.<\/li>\n<li><strong>Couche inf\u00e9rieure<\/strong>: substrat en tissu floqu\u00e9 de 1,5 mm, amortissant les vibrations du transport et \u00e9vitant les rayures<\/li>\n<li>Peut \u00eatre \u00e9tendu \u00e0 une conception modulaire en couches pour r\u00e9pondre \u00e0 diff\u00e9rents besoins de stockage d'accessoires.<\/li>\n<\/ul>\n<h3 id=\"2-optimized-unboxing-experience-\">2.\u00a0<strong>Optimisation de l'exp\u00e9rience de d\u00e9ballage<\/strong><\/h3>\n<ul>\n<li>Le slogan de la marque est appos\u00e9 \u00e0 l'int\u00e9rieur du couvercle de la bo\u00eete gr\u00e2ce \u00e0 la technologie de marquage \u00e0 chaud argent\u00e9, formant ainsi un point de m\u00e9morisation visuel lors de l'ouverture de la bo\u00eete.<\/li>\n<li>Utiliser une grande partie de la zone vierge pour imprimer une texture anti-contrefa\u00e7on invisible (technologie de d\u00e9veloppement de la lumi\u00e8re ultraviolette), en tenant compte des fonctions de contr\u00f4le des co\u00fbts et de lutte contre la contrefa\u00e7on.<\/li>\n<\/ul>\n<h2 id=\"-three-sustainability-and-cost-control-\"><strong>3. Durabilit\u00e9 et ma\u00eetrise des co\u00fbts<\/strong><\/h2>\n<h3 id=\"1-material-and-process-selection-\">1.\u00a0<strong>S\u00e9lection des mat\u00e9riaux et des proc\u00e9d\u00e9s<\/strong><\/h3>\n<ul>\n<li>Support : Carton blanc 350g certifi\u00e9 FSC + carton gris 1mm, r\u00e9sistance ECT\u22658.0KN\/m<\/li>\n<li>Impression : encre \u00e0 base d'eau + proc\u00e9d\u00e9 UV local, les lignes bleu clair utilisent la technologie d'h\u00e9liogravure \u00e0 trait fin de 0,1 mm, le co\u00fbt de l'impression monochrome est r\u00e9duit de 40%.<\/li>\n<\/ul>\n<h3 id=\"2-life-cycle-extension-design-\">2.\u00a0<strong>Conception de l'extension du cycle de vie<\/strong><\/h3>\n<ul>\n<li>La structure de la bo\u00eete int\u00e9rieure est compatible avec le stockage de produits cosm\u00e9tiques et d'outils, et une cloison amovible est ajout\u00e9e sur le c\u00f4t\u00e9 (par encliquetage) pour permettre une utilisation secondaire de l'emballage.<\/li>\n<li>Un service de commande de garnitures de remplacement est propos\u00e9, et les utilisateurs peuvent acheter s\u00e9par\u00e9ment des fentes en \u00e9ponge de diff\u00e9rentes sp\u00e9cifications.<\/li>\n<\/ul>\n<h2 id=\"-fourth-customized-production-service-\"><strong>4. Service de production personnalis\u00e9<\/strong><\/h2>\n<h3 id=\"1-flexible-customization-dimension-\">1.\u00a0<strong>Dimension de personnalisation flexible<\/strong><\/h3>\n<table>\n<thead>\n<tr>\n<th>Projet<\/th>\n<th>Gamme optionnelle<\/th>\n<th>Recommandation de proc\u00e9dure sp\u00e9ciale<\/th>\n<\/tr>\n<\/thead>\n<tbody>\n<tr>\n<td>Type de bo\u00eete<\/td>\n<td>Bo\u00eete coulissante simple\/double couche, couvercle sup\u00e9rieur et inf\u00e9rieur + tiroir composite<\/td>\n<td>Interrupteur magn\u00e9tique<\/td>\n<\/tr>\n<tr>\n<td>Taille<\/td>\n<td>Longueur 50-400mm (pr\u00e9cision \u00b10,5mm)<\/td>\n<td>Coupe en forme sp\u00e9ciale<\/td>\n<\/tr>\n<tr>\n<td>Effet de surface<\/td>\n<td>Film tactile\/embossage\/embossage<\/td>\n<td>Estampage \u00e0 froid local<\/td>\n<\/tr>\n<\/tbody>\n<\/table>\n<h3 id=\"2-quality-and-delivery-guarantee-\">2.\u00a0<strong>Garantie de qualit\u00e9 et de livraison<\/strong><\/h3>\n<ul>\n<li><strong>16 ans d'exp\u00e9rience professionnelle<\/strong>: Certification ISO15378 pour les emballages pharmaceutiques, avec des rapports d'essais de chute conformes aux normes YY\/T0681.5.<\/li>\n<li><strong>Service complet de traitement<\/strong>: Conception gratuite de la structure en 3D \u2192 Livraison d'\u00e9chantillons en 72 heures \u2192 Cycle de production de masse \u226412 jours.<\/li>\n<\/ul>","protected":false},"excerpt":{"rendered":"<p>1. La couleur principale blanc pur et les lignes bleu clair du corps de la bo\u00eete cr\u00e9ent une sensation de fra\u00eecheur et de modernit\u00e9, qui correspond au ton des produits haut de gamme.<br \/>\n2. La bo\u00eete coulissante est facile \u00e0 ouvrir et \u00e0 fermer, ce qui renforce la confiance dans le produit.<br \/>\n3. Le logo et le texte sur la surface de la bo\u00eete utilisent des couleurs \u00e0 faible saturation, ce qui non seulement pr\u00e9serve la simplicit\u00e9, mais renforce \u00e9galement la notori\u00e9t\u00e9 de la marque.<br \/>\n4. Le type de bo\u00eete, la taille, la couleur, le mat\u00e9riau et l'effet d'impression de surface peuvent \u00eatre fortement personnalis\u00e9s pour s'adapter \u00e0 votre emballage de soins de la peau par infusion.<\/p>","protected":false},"featured_media":9391,"template":"","meta":[],"product_brand":[],"product_cat":[30,390,31,426],"product_tag":[1162,1035,1163],"class_list":{"0":"post-9385","1":"product","2":"type-product","3":"status-publish","4":"has-post-thumbnail","6":"product_cat-by-industry","7":"product_cat-custom-cosmetics-boxes","8":"product_cat-paper-box-style","9":"product_cat-paper-drawer-boxes","10":"product_tag-beauty-infusion-skincare-device-paper-box","11":"product_tag-custom-skincare-packaging","12":"product_tag-infusion-skincare-device-packaging","14":"first","15":"instock","16":"shipping-taxable","17":"product-type-simple"},"_links":{"self":[{"href":"https:\/\/zojopackaging.com\/fr\/wp-json\/wp\/v2\/product\/9385","targetHints":{"allow":["GET"]}}],"collection":[{"href":"https:\/\/zojopackaging.com\/fr\/wp-json\/wp\/v2\/product"}],"about":[{"href":"https:\/\/zojopackaging.com\/fr\/wp-json\/wp\/v2\/types\/product"}],"version-history":[{"count":2,"href":"https:\/\/zojopackaging.com\/fr\/wp-json\/wp\/v2\/product\/9385\/revisions"}],"predecessor-version":[{"id":9394,"href":"https:\/\/zojopackaging.com\/fr\/wp-json\/wp\/v2\/product\/9385\/revisions\/9394"}],"wp:featuredmedia":[{"embeddable":true,"href":"https:\/\/zojopackaging.com\/fr\/wp-json\/wp\/v2\/media\/9391"}],"wp:attachment":[{"href":"https:\/\/zojopackaging.com\/fr\/wp-json\/wp\/v2\/media?parent=9385"}],"wp:term":[{"taxonomy":"product_brand","embeddable":true,"href":"https:\/\/zojopackaging.com\/fr\/wp-json\/wp\/v2\/product_brand?post=9385"},{"taxonomy":"product_cat","embeddable":true,"href":"https:\/\/zojopackaging.com\/fr\/wp-json\/wp\/v2\/product_cat?post=9385"},{"taxonomy":"product_tag","embeddable":true,"href":"https:\/\/zojopackaging.com\/fr\/wp-json\/wp\/v2\/product_tag?post=9385"}],"curies":[{"name":"wp","href":"https:\/\/api.w.org\/{rel}","templated":true}]}}