{"id":9395,"date":"2025-04-02T10:30:55","date_gmt":"2025-04-02T02:30:55","guid":{"rendered":"https:\/\/zojopackaging.com\/?post_type=product&#038;p=9395"},"modified":"2025-04-02T10:55:43","modified_gmt":"2025-04-02T02:55:43","slug":"custom-printed-beverage-baking-soda-packaging-box-wholesale","status":"publish","type":"product","link":"https:\/\/zojopackaging.com\/fr\/product\/custom-printed-beverage-baking-soda-packaging-box-wholesale\/","title":{"rendered":"Bo\u00eete d'emballage de boisson au bicarbonate de soude imprim\u00e9e sur mesure Wholesale"},"content":{"rendered":"<h2 id=\"-1-flexible-customization-of-box-types-to-meet-diverse-needs-\"><strong>1. Personnalisation flexible des types de bo\u00eetes pour r\u00e9pondre \u00e0 divers besoins<\/strong><\/h2>\n<p>Nous fournissons\u00a0<strong>Services de personnalisation des bo\u00eetes de cat\u00e9gorie compl\u00e8te<\/strong>Les bo\u00eetes \u00e0 couvercle, les bo\u00eetes \u00e0 tiroirs, les bo\u00eetes \u00e0 rabat et les bo\u00eetes de forme sp\u00e9ciale couvrent plus de dix styles principaux et aident les clients \u00e0 concevoir des bo\u00eetes \u00e0 couvercle et \u00e0 rabat, des bo\u00eetes \u00e0 tiroirs, des bo\u00eetes \u00e0 rabat et des bo\u00eetes de forme sp\u00e9ciale.\u00a0<strong>types de bo\u00eetes exclusives<\/strong>\u00a0en fonction du positionnement du produit ou du ton de la marque. Par exemple :<\/p>\n<ul>\n<li><strong>Type de tiroir Type de bo\u00eete<\/strong>: Convient \u00e0 l'emballage de produits n\u00e9cessitant une s\u00e9paration multicouche, facile \u00e0 pr\u00e9senter et \u00e0 stocker.<\/li>\n<li><strong>Bo\u00eete \u00e0 clapet magn\u00e9tique<\/strong>: Gr\u00e2ce \u00e0 la technologie du marquage \u00e0 chaud, il renforce le sens de la c\u00e9r\u00e9monie d'ouverture de la bo\u00eete et am\u00e9liore l'exp\u00e9rience haut de gamme.<\/li>\n<li><strong>Bo\u00eete de d\u00e9coupe de forme sp\u00e9ciale<\/strong>: Gr\u00e2ce \u00e0 la gravure au laser ou \u00e0 la technologie de d\u00e9coupe, des formes artistiques telles que des creux et des vagues sont r\u00e9alis\u00e9es pour am\u00e9liorer l'attrait visuel.<\/li>\n<\/ul>\n<h2 id=\"-2-black-box-body-design-to-create-a-calm-and-high-end-texture-\"><strong>2. Le design de la bo\u00eete noire cr\u00e9e une texture calme et haut de gamme.<\/strong><\/h2>\n<h3 id=\"1-material-selection-use-high-weight-black-cardboard-or-matte-art-paper-as-the-base-material-to-present-a-deep-matte-or-delicate-texture-effect-to-avoid-cheap-reflective-feeling-\">1.\u00a0<strong>S\u00e9lection des mat\u00e9riaux<\/strong>: Utilisation\u00a0<strong>carton noir \u00e0 fort grammage<\/strong>\u00a0ou\u00a0<strong>papier d'art mat<\/strong>\u00a0comme mat\u00e9riau de base pour pr\u00e9senter un effet mat profond ou une texture d\u00e9licate afin d'\u00e9viter une impression de r\u00e9flexion bon march\u00e9.<\/h3>\n<h3 id=\"2-technology-details-\">2.\u00a0<strong>D\u00e9tails technologiques<\/strong>:<\/h3>\n<ul>\n<li><strong>Marquage \u00e0 chaud\/argent chaud<\/strong>: Appliquez localement un lustre m\u00e9tallique sur le LOGO ou le motif de la marque pour contraster avec le noir et mettre en valeur l'exquise.<\/li>\n<li><strong>Gaufrage gaufrage<\/strong>: Gr\u00e2ce au processus de gaufrage tridimensionnel, ajoutez des totems de marque ou des textures g\u00e9om\u00e9triques sur la surface de la bo\u00eete pour am\u00e9liorer le niveau tactile.<br \/>\n<h3 id=\"3-environmental-certification-the-black-ink-uses-food-grade-environmentally-friendly-water-based-paint-which-complies-with-the-eu-rohs-standard-to-ensure-safety-and-sustainability-\">3.\u00a0<strong>Certification environnementale<\/strong>: L'encre noire utilise\u00a0<strong>peinture \u00e0 l'eau de qualit\u00e9 alimentaire et respectueuse de l'environnement<\/strong>qui est conforme \u00e0 la norme RoHS de l'UE afin de garantir la s\u00e9curit\u00e9 et la durabilit\u00e9.<\/h3>\n<\/li>\n<\/ul>\n<h2 id=\"-third-surface-printing-effect-convey-brand-humanistic-care-\"><strong>3. Effet d'impression de surface : transmettre l'attention humaniste de la marque<\/strong><\/h2>\n<h3 id=\"1-high-definition-printing-technology-use-6-color-fully-automatic-offset-printing-machine-to-accurately-restore-brand-colors-and-illustration-details-for-example-\">1.\u00a0<strong>Technologie d'impression haute d\u00e9finition<\/strong>: Utilisation\u00a0<strong>Machine d'impression offset enti\u00e8rement automatique \u00e0 6 couleurs<\/strong>\u00a0pour restituer avec pr\u00e9cision les couleurs de la marque et les d\u00e9tails de l'illustration. Par exemple :<\/h3>\n<ul>\n<li><strong>D\u00e9grad\u00e9 de couleurs chaudes<\/strong>: Imprimez un motif d\u00e9grad\u00e9 orange-jaune sur le c\u00f4t\u00e9 de la bo\u00eete d'emballage pour faire \u00e9cho aux propri\u00e9t\u00e9s de l'ingr\u00e9dient naturel qu'est le bicarbonate de soude.<\/li>\n<li><strong>Illustration peinte \u00e0 la main<\/strong>: Incorporer des sc\u00e8nes familiales ou des \u00e9l\u00e9ments naturels pour v\u00e9hiculer un concept de vie saine et chaleureuse.<br \/>\n<h3 id=\"2-text-design-use-rounded-or-serif-fonts-to-present-brand-stories-or-product-descriptions-and-match-them-with-hot-stamping-technology-to-enhance-affinity-and-recognition-\">2.\u00a0<strong>Conception du texte<\/strong>: Utilisation\u00a0<strong>polices arrondies ou avec empattement<\/strong>\u00a0pour pr\u00e9senter des histoires de marque ou des descriptions de produits, et les associer \u00e0 la technologie de marquage \u00e0 chaud pour renforcer l'affinit\u00e9 et la reconnaissance.<\/h3>\n<\/li>\n<\/ul>\n<h2 id=\"-iv-eva-lining-customization-precise-adaptation-and-transportation-protection-\"><strong>4. Personnalisation de la doublure EVA : adaptation pr\u00e9cise et protection du transport<\/strong><\/h2>\n<h3 id=\"1-material-characteristics-use-high-density-eva-foam-which-has-both-soft-cushioning-and-compressive-strength-and-can-bear-1-10kg-\">1.\u00a0<strong>Caract\u00e9ristiques des mat\u00e9riaux<\/strong>: La mousse EVA haute densit\u00e9 est \u00e0 la fois souple et r\u00e9sistante \u00e0 la compression. Elle peut supporter une charge de 1 \u00e0 10 kg.<\/h3>\n<h3 id=\"2-structural-design-\">2.\u00a0<strong>Conception structurelle<\/strong>:<\/h3>\n<ul>\n<li><strong>Doublure en grille<\/strong>: Une seule grille peut accueillir des bouteilles de bicarbonate de soude de 30 \u00e0 500 ml, avec un contr\u00f4le d'erreur de \u00b10,5 mm.<\/li>\n<li><strong>Module amovible<\/strong>: Il prend en charge la conception de rev\u00eatements combin\u00e9s, s'adapte aux besoins de chargement mixte de plusieurs sp\u00e9cifications de produits et am\u00e9liore l'utilisation de l'espace de plus de 20%.<br \/>\n<h3 id=\"3-function-extension-the-surface-of-the-lining-is-covered-with-food-grade-pe-film-which-can-directly-contact-the-product-and-supports-printing-of-brand-logo-or-usage-tips-\">3.\u00a0<strong>Extension de la fonction<\/strong>: La surface de la doublure est recouverte de\u00a0<strong>film PE de qualit\u00e9 alimentaire<\/strong>qui peut entrer directement en contact avec le produit et permet d'imprimer le logo de la marque ou des conseils d'utilisation.<\/h3>\n<\/li>\n<\/ul>\n<h2 id=\"-v-highly-customized-service-all-round-adaptation-from-size-to-material-\"><strong>5. Service hautement personnalis\u00e9 : adaptation compl\u00e8te de la taille au mat\u00e9riau<\/strong><\/h2>\n<ul>\n<li><strong>Gamme de tailles<\/strong>: La bo\u00eete d'emballage permet un ajustement flexible de la *taille et convient \u00e0 diff\u00e9rentes sp\u00e9cifications telles que l'emballage familial et l'emballage de cadeaux.<\/li>\n<li><strong>Extension des couleurs<\/strong>: En plus de la couleur noire principale,\u00a0<strong>Personnalisation des cartes de couleurs Pantone<\/strong>\u00a0est disponible et permet d'obtenir des effets de contraste partiel ou de d\u00e9grad\u00e9.<\/li>\n<li><strong>Am\u00e9lioration des mat\u00e9riaux<\/strong>:\u00a0<strong>Papier imitation cuir<\/strong>,\u00a0<strong>Papier \u00e0 grain de bois<\/strong>\u00a0ou\u00a0<strong>Mat\u00e9riau composite m\u00e9tallique<\/strong>\u00a0sont disponibles en option pour r\u00e9pondre aux besoins des emballages de luxe.<\/li>\n<\/ul>\n<h2 id=\"-vi-recycling-design-extend-the-life-cycle-of-packaging-\"><strong>6. Conception du recyclage : Prolonger le cycle de vie de l'emballage<\/strong><\/h2>\n<h3 id=\"1-structural-reinforcement-the-box-body-adopts-double-layer-corrugated-cardboard-eva-reinforced-corners-which-increases-the-load-bearing-performance-by-30-and-can-be-reused-more-than-5-times-\">1.\u00a0<strong>Renforcement structurel<\/strong>: Le corps de la bo\u00eete adopte\u00a0<strong>carton ondul\u00e9 double couche + coins renforc\u00e9s en EVA<\/strong>qui augmente la capacit\u00e9 de charge de 30% et peut \u00eatre r\u00e9utilis\u00e9 plus de 5 fois.<\/h3>\n<h3 id=\"2-function-transformation-\">2.\u00a0<strong>Transformation des fonctions<\/strong>:<\/h3>\n<ul>\n<li><strong>Bo\u00eete de rangement<\/strong>: La doublure est amovible et convient au rangement de petits objets tels que des articles de papeterie et des bijoux.<\/li>\n<li><strong>Bo\u00eete de plantation DIY<\/strong>: Le corps de la bo\u00eete est con\u00e7u avec des trous d'a\u00e9ration r\u00e9serv\u00e9s afin d'inciter les consommateurs \u00e0 l'utiliser pour la culture de plantes vertes et de v\u00e9hiculer le concept de protection de l'environnement.<\/li>\n<\/ul>\n<h2 id=\"-vii-production-and-service-advantages-the-source-factory-guarantees-quality-and-cost-\"><strong>7. Avantages en mati\u00e8re de production et de service : L'usine source garantit la qualit\u00e9 et le co\u00fbt<\/strong><\/h2>\n<h3 id=\"1-16-years-of-printing-experience-with-iso9001-quality-management-system-certification-\">1.\u00a0<strong>16 ans d'exp\u00e9rience dans l'impression<\/strong>: Avec\u00a0<strong>Certification du syst\u00e8me de gestion de la qualit\u00e9 ISO9001<\/strong>,<\/h3>\n<h3 id=\"2-zero-cost-support-\">2.\u00a0<strong>Soutien sans frais<\/strong>:<\/h3>\n<ul>\n<li><strong>Conception gratuite<\/strong>: L'\u00e9quipe de professionnels propose trois s\u00e9ries de solutions de conception et livre le premier projet dans les 72 heures.<\/li>\n<li><strong>\u00c9chantillons gratuits<\/strong>: Le cycle d'\u00e9preuvage est de 3 \u00e0 5 jours, et SF Express est pris en charge pour l'exp\u00e9dition gratuite.<br \/>\n<h3 id=\"3-price-advantage-through-large-scale-raw-material-procurement-and-automated-production-lines-the-price-is-15-20-lower-than-the-market-with-the-same-quality-and-the-minimum-order-is-500-pieces-\">3.\u00a0<strong>Avantage tarifaire<\/strong>: Par\u00a0<strong>l'approvisionnement en mati\u00e8res premi\u00e8res \u00e0 grande \u00e9chelle<\/strong>\u00a0et\u00a0<strong>lignes de production automatis\u00e9es<\/strong>Le prix est 15%-20% inf\u00e9rieur \u00e0 celui du march\u00e9 avec la m\u00eame qualit\u00e9, et la commande minimale est de 500 pi\u00e8ces.<\/h3>\n<\/li>\n<\/ul>","protected":false},"excerpt":{"rendered":"<ul>\n<li id=\"1-demand-communication-provide-product-size-design-intention-or-competitive-product-reference-pictures-\">1.\u00a0<strong>Communication de la demande<\/strong>: Fournir la taille du produit, l'intention de conception ou des images de r\u00e9f\u00e9rence de produits concurrents.<\/li>\n<li id=\"2-scheme-design-output-3d-renderings-and-material-samples-within-3-working-days-\">2.\u00a0<strong>Conception du r\u00e9gime<\/strong>: Les rendus 3D et les \u00e9chantillons de mat\u00e9riaux sont produits dans un d\u00e9lai de 3 jours ouvrables.<\/li>\n<li id=\"3-sample-confirmation-sign-a-mass-production-contract-after-modification-to-satisfaction-\">3.\u00a0<strong>Confirmation de l'\u00e9chantillon<\/strong>: Signer un contrat de production en s\u00e9rie apr\u00e8s modification pour satisfaction.<\/li>\n<li>4.\u00a0<strong>Production de masse<\/strong>D\u00e9lai de livraison : 7 \u00e0 15 jours (en fonction de la quantit\u00e9 command\u00e9e).<\/li>\n<\/ul>","protected":false},"featured_media":9396,"template":"","meta":[],"product_brand":[],"product_cat":[30,419,424,31,433],"product_tag":[1165,1164,1166],"class_list":{"0":"post-9395","1":"product","2":"type-product","3":"status-publish","4":"has-post-thumbnail","6":"product_cat-by-industry","7":"product_cat-custom-wines-spirits-boxes","8":"product_cat-magnetic-closure-boxes","9":"product_cat-paper-box-style","10":"product_cat-shipping-mailer-boxes","11":"product_tag-baking-soda-packaging","12":"product_tag-custom-beverage-packaging","13":"product_tag-custom-beverage-soda-packaging-box","15":"first","16":"instock","17":"shipping-taxable","18":"product-type-simple"},"_links":{"self":[{"href":"https:\/\/zojopackaging.com\/fr\/wp-json\/wp\/v2\/product\/9395","targetHints":{"allow":["GET"]}}],"collection":[{"href":"https:\/\/zojopackaging.com\/fr\/wp-json\/wp\/v2\/product"}],"about":[{"href":"https:\/\/zojopackaging.com\/fr\/wp-json\/wp\/v2\/types\/product"}],"version-history":[{"count":1,"href":"https:\/\/zojopackaging.com\/fr\/wp-json\/wp\/v2\/product\/9395\/revisions"}],"predecessor-version":[{"id":9402,"href":"https:\/\/zojopackaging.com\/fr\/wp-json\/wp\/v2\/product\/9395\/revisions\/9402"}],"wp:featuredmedia":[{"embeddable":true,"href":"https:\/\/zojopackaging.com\/fr\/wp-json\/wp\/v2\/media\/9396"}],"wp:attachment":[{"href":"https:\/\/zojopackaging.com\/fr\/wp-json\/wp\/v2\/media?parent=9395"}],"wp:term":[{"taxonomy":"product_brand","embeddable":true,"href":"https:\/\/zojopackaging.com\/fr\/wp-json\/wp\/v2\/product_brand?post=9395"},{"taxonomy":"product_cat","embeddable":true,"href":"https:\/\/zojopackaging.com\/fr\/wp-json\/wp\/v2\/product_cat?post=9395"},{"taxonomy":"product_tag","embeddable":true,"href":"https:\/\/zojopackaging.com\/fr\/wp-json\/wp\/v2\/product_tag?post=9395"}],"curies":[{"name":"wp","href":"https:\/\/api.w.org\/{rel}","templated":true}]}}