{"id":9403,"date":"2025-04-02T10:56:05","date_gmt":"2025-04-02T02:56:05","guid":{"rendered":"https:\/\/zojopackaging.com\/?post_type=product&#038;p=9403"},"modified":"2025-04-02T14:35:01","modified_gmt":"2025-04-02T06:35:01","slug":"custom-printed-press-on-nail-polish-oil-packaging-wholesale","status":"publish","type":"product","link":"https:\/\/zojopackaging.com\/fr\/product\/custom-printed-press-on-nail-polish-oil-packaging-wholesale\/","title":{"rendered":"Emballage d'huile de vernis \u00e0 ongles imprim\u00e9 sur mesure Wholesale"},"content":{"rendered":"<h2 id=\"-i-embedded-magnetic-design-simple-aesthetics-and-practical-innovation-\"><strong>1. Conception magn\u00e9tique int\u00e9gr\u00e9e : esth\u00e9tique simple et innovation pratique<\/strong><\/h2>\n<ul>\n<li><strong>Structure magn\u00e9tique cach\u00e9e<\/strong>: La technologie magn\u00e9tique int\u00e9gr\u00e9e est utilis\u00e9e et l'aimant est compl\u00e8tement encapsul\u00e9 dans le corps de la bo\u00eete, ce qui \u00e9vite le probl\u00e8me de l'usure et de l'oxydation des feuilles magn\u00e9tiques expos\u00e9es traditionnelles et am\u00e9liore la dur\u00e9e de vie. La force d'aspiration est uniforme lorsque le couvercle est ferm\u00e9, et la sensation d'ouverture et de fermeture est douce, ce qui rend l'aspect visuel plus simple et plus avanc\u00e9.<\/li>\n<li><strong>Garantie d'un processus de pr\u00e9cision<\/strong>: Le module magn\u00e9tique est int\u00e9gr\u00e9 avec pr\u00e9cision par injection dans le moule afin de s'adapter parfaitement au corps de la bo\u00eete, conform\u00e9ment aux normes de protection de l'environnement RoHS de l'UE, et il n'y a pas de risque de pollution par les m\u00e9taux lourds.<\/li>\n<\/ul>\n<h2 id=\"-ii-all-black-box-body-customized-logo-to-enhance-brand-recognition-\"><strong>2. Bo\u00eete enti\u00e8rement noire + LOGO personnalis\u00e9 pour une meilleure reconnaissance de la marque<\/strong><\/h2>\n<ul>\n<li><strong>Pr\u00e9sentation visuelle minimaliste<\/strong>: Le corps de la bo\u00eete est enti\u00e8rement noir, et le LOGO de la marque est mis en \u00e9vidence par le biais du logo de l'entreprise.\u00a0<strong>H\u00e9liogravure UV\/marquage \u00e0 chaud<\/strong>et le contraste est augment\u00e9 de 300%. Prend en charge les effets sp\u00e9ciaux tels que le gaufrage, le laser et le vernis local pour obtenir un impact visuel \"brillant dans la nuit noire\".<\/li>\n<li><strong>Adaptation multi-sc\u00e8ne<\/strong>: Le substrat noir peut \u00eatre assorti \u00e0 des solutions LOGO telles que des couleurs m\u00e9talliques et fluorescentes, ce qui convient aux lignes de luxe, aux lignes de luxe l\u00e9ger et aux lignes de masse. Toutes les cat\u00e9gories de positionnement.<\/li>\n<\/ul>\n<h2 id=\"-iii-intelligent-window-design-intuitive-display-and-upgraded-consumer-experience-\"><strong>3. Conception intelligente de la fen\u00eatre : affichage intuitif et am\u00e9lioration de l'exp\u00e9rience du consommateur<\/strong><\/h2>\n<ul>\n<li><strong>Fen\u00eatre acrylique \u00e0 haute transparence<\/strong>: La zone de la fen\u00eatre utilise de l'acrylique de qualit\u00e9 alimentaire \u00e9pais de 3 mm, avec une transmission de la lumi\u00e8re de \u226592% et une augmentation de 50% de la r\u00e9sistance aux chocs. Il prend en charge la d\u00e9coupe de formes sp\u00e9ciales (circulaire, arc, diamant), affichant avec pr\u00e9cision la courbe du flacon de vernis \u00e0 ongles ou la couleur de l'\u00e9chantillon de nail art.<\/li>\n<li><strong>Technologie d'\u00e9tanch\u00e9it\u00e9 \u00e0 l'\u00e9preuve de la poussi\u00e8re<\/strong>: Le bord de la fen\u00eatre est envelopp\u00e9 d'une colle souple TPU, combin\u00e9e \u00e0 un traitement anti-traces de doigts par nano-rev\u00eatement pour garantir une utilisation \u00e0 long terme sans rayures ni accumulation de bu\u00e9e.<\/li>\n<\/ul>\n<h2 id=\"-iv-functional-internal-grid-system-safety-protection-and-space-management-\"><strong>4. Syst\u00e8me de grille interne fonctionnel : protection de la s\u00e9curit\u00e9 et gestion de l'espace<\/strong><\/h2>\n<ul>\n<li><strong>Doublure en grille EVA<\/strong>: \u00c9ponge EVA haute densit\u00e9 personnalis\u00e9e (densit\u00e9 25-90g\/cm\u00b3) en fonction du type de bouteille, avec une pr\u00e9cision de grille de \u00b10,5 mm, afin d'obtenir un positionnement ind\u00e9pendant d'une seule bouteille. Le test de r\u00e9sistance aux tremblements de terre montre qu'il peut r\u00e9sister \u00e0 une pression verticale de 10 kg et \u00e0 un impact de chute de 1,5 m.<\/li>\n<li><strong>Combinaison modulaire<\/strong>La doublure peut \u00eatre d\u00e9mont\u00e9e et r\u00e9organis\u00e9e, ce qui convient aux ensembles multi-produits en \u00e9dition limit\u00e9e pour les f\u00eates.<\/li>\n<\/ul>\n<h2 id=\"-v-full-dimensional-customization-service-a-one-stop-solution-from-design-to-mass-production-\"><strong>5. Service de personnalisation complet : une solution unique de la conception \u00e0 la production de masse<\/strong><\/h2>\n<h3 id=\"1-flexible-matching-of-size-and-material-\">1.\u00a0<strong>Adaptation souple de la taille et du mat\u00e9riau<\/strong><\/h3>\n<ul>\n<li>La taille de la bo\u00eete va de la mini-bouteille de 5 ml \u00e0 l'emballage familial de 50 ml, et permet une personnalisation non standard (erreur \u22640,2 mm).<\/li>\n<\/ul>\n<h3 id=\"2-surface-treatment-process-library-\">2.\u00a0<strong>Biblioth\u00e8que de proc\u00e9d\u00e9s de traitement de surface<\/strong><\/h3>\n<table>\n<thead>\n<tr>\n<th>Type de processus<\/th>\n<th>Exemple d'effet<\/th>\n<th>Sc\u00e9narios applicables<\/th>\n<\/tr>\n<\/thead>\n<tbody>\n<tr>\n<td>S\u00e9rigraphie + gaufrage partiel UV<\/td>\n<td>LOGO touch tridimensionnel<\/td>\n<td>Logo de marque haut de gamme<\/td>\n<\/tr>\n<tr>\n<td>Proc\u00e9d\u00e9 argent \u00e0 chaud\/noir \u00e0 chaud<\/td>\n<td>Stream d\u00e9grad\u00e9 \u00e0 motifs fonc\u00e9s<\/td>\n<td>Emballage limit\u00e9 pour les f\u00eates<\/td>\n<\/tr>\n<tr>\n<td>Impression num\u00e9rique \u00e0 jet d'encre<\/td>\n<td>Restauration haute d\u00e9finition de motifs complexes<\/td>\n<td>Mod\u00e8les communs, s\u00e9ries de coop\u00e9ration entre artistes<\/td>\n<\/tr>\n<\/tbody>\n<\/table>\n<h3 id=\"3-intelligent-production-system-\">3.\u00a0<strong>Syst\u00e8me de production intelligent<\/strong><\/h3>\n<ul>\n<li><strong>\u00c9preuve sous 48 heures<\/strong>: Gr\u00e2ce \u00e0 la ligne d'impression UV Heidelberg \u00e0 7 couleurs, \u00e0 la machine de d\u00e9coupe enti\u00e8rement automatique et \u00e0 d'autres \u00e9quipements, la quantit\u00e9 minimale de commande est de 100 pi\u00e8ces.<\/li>\n<li><strong>Triple contr\u00f4le de qualit\u00e9<\/strong>: Inspection des mati\u00e8res premi\u00e8res \u00e0 l'entr\u00e9e (certification SGS) + inspection AI du processus de production (taux de reconnaissance des d\u00e9fauts de 99,9%) + test de temp\u00e9rature et d'humidit\u00e9 constantes pendant 48 heures avant l'exp\u00e9dition.<\/li>\n<\/ul>","protected":false},"excerpt":{"rendered":"<ul>\n<li><strong>Pas de diff\u00e9rence de prix entre les interm\u00e9diaires<\/strong>: Own 50,000\u33a1 base de production, capacit\u00e9 de production quotidienne de 2 millions de pi\u00e8ces, le prix de la m\u00eame qualit\u00e9 est 30% inf\u00e9rieur au march\u00e9.<\/li>\n<li><strong>Service gratuit \u00e0 valeur ajout\u00e9e<\/strong>:<\/li>\n<li><strong>Pr\u00e9-pr\u00e9sentation de la mod\u00e9lisation 3D<\/strong>: Fournir des rendus d'emballage, des diagrammes d'explosion structurelle et des \u00e9chantillons de mat\u00e9riaux.<\/li>\n<li><strong>Soutien logistique mondial<\/strong>: Logistique de ligne d\u00e9di\u00e9e \u00e0 l'Europe et \u00e0 l'Am\u00e9rique du Nord, int\u00e9gration du d\u00e9douanement DDP.<\/li>\n<\/ul>","protected":false},"featured_media":9415,"template":"","meta":[],"product_brand":[],"product_cat":[30,390,424,31],"product_tag":[1168,1167,639],"class_list":{"0":"post-9403","1":"product","2":"type-product","3":"status-publish","4":"has-post-thumbnail","6":"product_cat-by-industry","7":"product_cat-custom-cosmetics-boxes","8":"product_cat-magnetic-closure-boxes","9":"product_cat-paper-box-style","10":"product_tag-custom-press-on-nail-packaging-wholesale","11":"product_tag-nail-polish-oil-packaging","12":"product_tag-press-on-nail-packaging","14":"first","15":"instock","16":"shipping-taxable","17":"product-type-simple"},"_links":{"self":[{"href":"https:\/\/zojopackaging.com\/fr\/wp-json\/wp\/v2\/product\/9403","targetHints":{"allow":["GET"]}}],"collection":[{"href":"https:\/\/zojopackaging.com\/fr\/wp-json\/wp\/v2\/product"}],"about":[{"href":"https:\/\/zojopackaging.com\/fr\/wp-json\/wp\/v2\/types\/product"}],"version-history":[{"count":1,"href":"https:\/\/zojopackaging.com\/fr\/wp-json\/wp\/v2\/product\/9403\/revisions"}],"predecessor-version":[{"id":9418,"href":"https:\/\/zojopackaging.com\/fr\/wp-json\/wp\/v2\/product\/9403\/revisions\/9418"}],"wp:featuredmedia":[{"embeddable":true,"href":"https:\/\/zojopackaging.com\/fr\/wp-json\/wp\/v2\/media\/9415"}],"wp:attachment":[{"href":"https:\/\/zojopackaging.com\/fr\/wp-json\/wp\/v2\/media?parent=9403"}],"wp:term":[{"taxonomy":"product_brand","embeddable":true,"href":"https:\/\/zojopackaging.com\/fr\/wp-json\/wp\/v2\/product_brand?post=9403"},{"taxonomy":"product_cat","embeddable":true,"href":"https:\/\/zojopackaging.com\/fr\/wp-json\/wp\/v2\/product_cat?post=9403"},{"taxonomy":"product_tag","embeddable":true,"href":"https:\/\/zojopackaging.com\/fr\/wp-json\/wp\/v2\/product_tag?post=9403"}],"curies":[{"name":"wp","href":"https:\/\/api.w.org\/{rel}","templated":true}]}}