{"id":9419,"date":"2025-04-02T14:35:15","date_gmt":"2025-04-02T06:35:15","guid":{"rendered":"https:\/\/zojopackaging.com\/?post_type=product&#038;p=9419"},"modified":"2025-04-02T15:05:38","modified_gmt":"2025-04-02T07:05:38","slug":"luxury-gourmet-chocolate-cookie-macaron-packaging-gift-boxes","status":"publish","type":"product","link":"https:\/\/zojopackaging.com\/fr\/product\/luxury-gourmet-chocolate-cookie-macaron-packaging-gift-boxes\/","title":{"rendered":"Emballages de luxe pour macarons au chocolat Gourmet Bo\u00eetes cadeaux"},"content":{"rendered":"<h2 id=\"-1-pink-flip-box-design-a-soft-and-luxurious-visual-presentation-\"><strong>1. Bo\u00eete cadeau rose \u00e0 clapet : une pr\u00e9sentation visuelle douce et luxueuse<\/strong><\/h2>\n<p>Le rose \u00e0 haute saturation est utilis\u00e9 comme couleur principale, et la structure du rabat est assortie pour donner \u00e0 la bo\u00eete d'emballage une exp\u00e9rience visuelle douce et chaleureuse, tout en soulignant l'exquise tonalit\u00e9 de la mode du produit. La surface de la bo\u00eete peut \u00eatre faite de mat\u00e9riaux mats ou nacr\u00e9s pour am\u00e9liorer le toucher et les changements subtils de niveau sous la lumi\u00e8re, garantissant qu'elle se d\u00e9marque sur l'\u00e9tag\u00e8re lorsqu'elle est expos\u00e9e. La conception de l'ouverture et de la fermeture \u00e0 rabat est non seulement pratique, mais elle renforce \u00e9galement le sens de la c\u00e9r\u00e9monie gr\u00e2ce \u00e0 la boucle magn\u00e9tique cach\u00e9e \u00e0 l'int\u00e9rieur du couvercle de la bo\u00eete, ce qui correspond \u00e0 un positionnement de cadeau haut de gamme.<\/p>\n<h2 id=\"-2-ribbon-accessories-the-finishing-touch-of-artistic-beauty-\"><strong>2. Accessoires en ruban : la touche finale de la beaut\u00e9 artistique<\/strong><\/h2>\n<p>Le dessus de la bo\u00eete d'emballage est assorti d'un ruban de satin de la m\u00eame couleur, et la forme du n\u0153ud ou du pompon rehausse le niveau et le caract\u00e8re artistique. Le ruban peut \u00eatre fabriqu\u00e9 \u00e0 partir de mat\u00e9riaux recycl\u00e9s respectueux de l'environnement et peut \u00eatre utilis\u00e9 pour l'estampage \u00e0 chaud, le texte en relief et d'autres proc\u00e9d\u00e9s, int\u00e9grant les logos ou les b\u00e9n\u00e9dictions de la marque et transmettant l'\u00e9l\u00e9gance et le soin. Le ruban peut \u00e9galement \u00eatre utilis\u00e9 comme poign\u00e9e de bo\u00eete cadeau, ce qui est \u00e0 la fois fonctionnel et d\u00e9coratif et r\u00e9pond aux besoins des cadeaux de f\u00eate ou des sc\u00e9narios de consommation quotidienne.<\/p>\n<h2 id=\"-3-impact-resistant-plastic-inner-tray-practical-and-environmentally-friendly-\"><strong>3. Plateau int\u00e9rieur en plastique r\u00e9sistant aux chocs : pratique et respectueux de l'environnement<\/strong><\/h2>\n<p>Le plateau int\u00e9rieur est fabriqu\u00e9 en PET de qualit\u00e9 alimentaire, qui pr\u00e9sente une excellente r\u00e9sistance aux chocs et une grande transparence. Il permet de fixer fermement chaque macaron ou biscuit au chocolat afin d'\u00e9viter les dommages dus aux collisions pendant le transport. Le plateau int\u00e9rieur est r\u00e9utilisable et les utilisateurs peuvent le transformer en bo\u00eete de rangement ou en bo\u00eete \u00e0 bijoux afin d'allonger le cycle de vie de l'emballage et de faire \u00e9cho au concept de durabilit\u00e9. La forme de la doublure est hautement personnalisable : en forme de c\u0153ur, circulaire ou en couches, elle s'adapte parfaitement \u00e0 des produits de tailles et de formes diff\u00e9rentes.<\/p>\n<h2 id=\"-4-double-sided-printing-two-way-interaction-between-brand-and-user-\"><strong>4. Impression recto-verso : interaction bidirectionnelle entre la marque et l'utilisateur<\/strong><\/h2>\n<p>La bo\u00eete d'emballage est con\u00e7ue avec une impression recto-verso. Le recto pr\u00e9sente le produit sous forme d'illustration ou dans un style minimaliste, comme un motif de macaron peint \u00e0 la main ou une sc\u00e8ne de l'histoire de la marque ; le verso est imprim\u00e9 avec une liste d'ingr\u00e9dients, des suggestions de repas et des informations sur la culture de la marque afin de renforcer la confiance des utilisateurs dans la qualit\u00e9. L'impression sur la face arri\u00e8re permet de renforcer la confiance des utilisateurs dans la qualit\u00e9 et d'am\u00e9liorer l'adh\u00e9sion des utilisateurs. Le processus d'impression comprend l'impression offset, le gla\u00e7age local UV, l'estampage \u00e0 chaud et d'autres effets pour garantir que les graphiques sont clairs et r\u00e9sistants \u00e0 l'usure.<\/p>\n<h2 id=\"-5-highly-customized-meet-diverse-needs-\"><strong>5. Hautement personnalis\u00e9 : r\u00e9pondre \u00e0 des besoins divers<\/strong><\/h2>\n<ul>\n<li><strong>Taille et structure<\/strong>La gamme de produits de l'entreprise est compos\u00e9e de diff\u00e9rents types de bo\u00eetes (tiroirs, couvercles, fen\u00eatres, etc.), de sp\u00e9cifications de 5 \u00e0 12 pi\u00e8ces, qui conviennent \u00e0 la vente au d\u00e9tail et aux bo\u00eetes-cadeaux.<\/li>\n<li><strong>S\u00e9lection des mat\u00e9riaux<\/strong>: Outre le carton blanc de base, le papier kraft \u00e9cologique, le papier sp\u00e9cial mat ou le mat\u00e9riau composite \u00e0 texture m\u00e9tallique peuvent \u00eatre s\u00e9lectionn\u00e9s pour am\u00e9liorer la qualit\u00e9 de l'emballage.<\/li>\n<li><strong>Technologie de surface<\/strong>Les effets de la bo\u00eete : gaufrage, relief, pelliculage nacr\u00e9 et autres effets, tels que la superposition de la surface de la bo\u00eete rose avec le marquage \u00e0 chaud du LOGO, afin d'am\u00e9liorer la reconnaissance de la marque.<\/li>\n<li><strong>Correspondance des couleurs<\/strong>Le syst\u00e8me d'impression des couleurs Pantone permet de restituer avec pr\u00e9cision le syst\u00e8me de couleurs de la marque et de combiner des couleurs d\u00e9grad\u00e9es ou des couleurs macaron.<\/li>\n<\/ul>","protected":false},"excerpt":{"rendered":"<ul>\n<li><strong>\u00c9chantillons gratuits<\/strong>: Obtenez des \u00e9chantillons physiques avant de passer commande afin de d\u00e9couvrir intuitivement le mat\u00e9riau et le savoir-faire.<\/li>\n<li><strong>Conception gratuite<\/strong>: L'\u00e9quipe de concepteurs personnalise les illustrations, les mises en page et les structures en fonction des caract\u00e9ristiques du produit afin de garantir un \u00e9quilibre entre l'esth\u00e9tique et la fonctionnalit\u00e9.<\/li>\n<li><strong>Un co\u00fbt \u00e9lev\u00e9<\/strong>: La production \u00e0 grande \u00e9chelle permet de r\u00e9duire les prix unitaires, avec une commande minimale de 500 pi\u00e8ces et la possibilit\u00e9 d'un service acc\u00e9l\u00e9r\u00e9.<\/li>\n<li><strong>Assurance qualit\u00e9<\/strong>: La certification de s\u00e9curit\u00e9 alimentaire permet de garantir que la bo\u00eete d'emballage est non toxique, inodore et conforme aux normes de transport internationales.<\/li>\n<\/ul>","protected":false},"featured_media":9425,"template":"","meta":[],"product_brand":[],"product_cat":[30,422,424,31],"product_tag":[1170,1169,1171],"class_list":{"0":"post-9419","1":"product","2":"type-product","3":"status-publish","4":"has-post-thumbnail","6":"product_cat-by-industry","7":"product_cat-custom-gourmet-boxes-by-industry","8":"product_cat-magnetic-closure-boxes","9":"product_cat-paper-box-style","10":"product_tag-chocolate-cookie-gift-boxes","11":"product_tag-gourmet-packaging-boxes","12":"product_tag-macaron-packaging-gift-boxes","14":"first","15":"instock","16":"shipping-taxable","17":"product-type-simple"},"_links":{"self":[{"href":"https:\/\/zojopackaging.com\/fr\/wp-json\/wp\/v2\/product\/9419","targetHints":{"allow":["GET"]}}],"collection":[{"href":"https:\/\/zojopackaging.com\/fr\/wp-json\/wp\/v2\/product"}],"about":[{"href":"https:\/\/zojopackaging.com\/fr\/wp-json\/wp\/v2\/types\/product"}],"version-history":[{"count":2,"href":"https:\/\/zojopackaging.com\/fr\/wp-json\/wp\/v2\/product\/9419\/revisions"}],"predecessor-version":[{"id":9427,"href":"https:\/\/zojopackaging.com\/fr\/wp-json\/wp\/v2\/product\/9419\/revisions\/9427"}],"wp:featuredmedia":[{"embeddable":true,"href":"https:\/\/zojopackaging.com\/fr\/wp-json\/wp\/v2\/media\/9425"}],"wp:attachment":[{"href":"https:\/\/zojopackaging.com\/fr\/wp-json\/wp\/v2\/media?parent=9419"}],"wp:term":[{"taxonomy":"product_brand","embeddable":true,"href":"https:\/\/zojopackaging.com\/fr\/wp-json\/wp\/v2\/product_brand?post=9419"},{"taxonomy":"product_cat","embeddable":true,"href":"https:\/\/zojopackaging.com\/fr\/wp-json\/wp\/v2\/product_cat?post=9419"},{"taxonomy":"product_tag","embeddable":true,"href":"https:\/\/zojopackaging.com\/fr\/wp-json\/wp\/v2\/product_tag?post=9419"}],"curies":[{"name":"wp","href":"https:\/\/api.w.org\/{rel}","templated":true}]}}