{"id":9428,"date":"2025-04-02T15:05:47","date_gmt":"2025-04-02T07:05:47","guid":{"rendered":"https:\/\/zojopackaging.com\/?post_type=product&#038;p=9428"},"modified":"2025-04-02T15:30:57","modified_gmt":"2025-04-02T07:30:57","slug":"custom-apparel-t-shirt-clothing-paper-tube-packaging-factory","status":"publish","type":"product","link":"https:\/\/zojopackaging.com\/fr\/product\/custom-apparel-t-shirt-clothing-paper-tube-packaging-factory\/","title":{"rendered":"Usine d'emballage de tubes en papier pour v\u00eatements et t-shirts sur mesure"},"content":{"rendered":"<h2 id=\"-1-innovative-structural-design-upper-and-lower-split-cylindrical-box-one-handed-opening-and-closing-is-more-convenient-\"><strong>1. Conception structurelle innovante : les bo\u00eetes cylindriques sup\u00e9rieure et inf\u00e9rieure sont divis\u00e9es, l'ouverture et la fermeture d'une seule main sont plus pratiques.<\/strong><\/h2>\n<ol>\n<li><strong>Structure en deux parties brevet\u00e9e<\/strong>: La conception cylindrique fendue sup\u00e9rieure et inf\u00e9rieure, associ\u00e9e \u00e0 des rainures de guidage et des m\u00e9canismes de fixation de pr\u00e9cision, peut \u00eatre facilement ouverte et ferm\u00e9e d'une seule main, ce qui \u00e9vite l'op\u00e9ration fastidieuse des bo\u00eetes d'emballage traditionnelles et am\u00e9liore l'exp\u00e9rience de d\u00e9ballage des consommateurs.<\/li>\n<li><strong>Forte capacit\u00e9 d'adaptation<\/strong>: L'espace int\u00e9rieur peut \u00eatre ajust\u00e9 de mani\u00e8re flexible pour s'adapter \u00e0 une vari\u00e9t\u00e9 de types de v\u00eatements tels que les manches courtes, les vestes, les pulls, les jupes, etc., et la conception de stockage en couches ou pli\u00e9 garantit que les v\u00eatements sont plats et non froiss\u00e9s.<\/li>\n<li><strong>Optimisation des d\u00e9tails<\/strong>: Le bord du corps de la bo\u00eete adopte une technologie de d\u00e9coupe de haute pr\u00e9cision, qui est lisse et sans bavure, combin\u00e9e \u00e0 un rev\u00eatement en film mat, le toucher est d\u00e9licat, transmettant la texture haut de gamme de la marque.<\/li>\n<\/ol>\n<h2 id=\"-2-printing-and-technology-professional-equipment-customized-technology-double-improvement-of-quality-and-visual-\"><strong>2. Impression et technologie : \u00e9quipement professionnel + technologie personnalis\u00e9e, double am\u00e9lioration de la qualit\u00e9 et de l'aspect visuel.<\/strong><\/h2>\n<ol>\n<li><strong>Impression en quadrichromie + technologie du film mat<\/strong>: Machine d'impression quadrichromique Heidelberg, restauration pr\u00e9cise des couleurs CMYK, traitement du film mat superpos\u00e9, saturation des couleurs augment\u00e9e par 30%, propri\u00e9t\u00e9s anti-rayures et anti-traces de doigts.<\/li>\n<li><strong>Options avanc\u00e9es de traitement<\/strong>:<\/li>\n<li><strong>Marquage \u00e0 chaud\/marquage \u00e0 l'argent<\/strong>Les couleurs : conviennent au logo ou au motif de la marque, am\u00e9liorent l'impact visuel (comme l'effet brillant de qualit\u00e9 sup\u00e9rieure).<\/li>\n<li><strong>Gaufr\u00e9\/emboss\u00e9<\/strong>: highlight design details through three-dimensional embossing technology, with distinct touch levels, suitable for high-end brand positioning.<\/li>\n<li><strong>Certification environnementale<\/strong>: Le papier utilis\u00e9 est du papier double cuivre de 230 g ou du papier kraft recycl\u00e9. Il a pass\u00e9 les certifications environnementales internationales telles que SGS et BV, et tient compte \u00e0 la fois de la texture et de la durabilit\u00e9.<\/li>\n<\/ol>\n<h2 id=\"-iii-design-service-diverse-styles-precise-matching-of-brand-tone-\"><strong>3. Service de conception : divers styles, correspondance pr\u00e9cise avec le ton de la marque<\/strong><\/h2>\n<ol>\n<li><strong>Soutien \u00e0 la conception de bo\u00eetiers complets<\/strong>: Fournir des services de conception de fichiers CDR, AI et autres sources, couvrant une vari\u00e9t\u00e9 de styles tels que la simplicit\u00e9, la tendance nationale, le minimalisme, les affaires, etc., et personnaliser des visuels exclusifs en combinaison avec les caract\u00e9ristiques des produits vestimentaires (tels que des couleurs vibrantes pour les T-shirts, des textures \u00e9l\u00e9gantes pour les pulls).<\/li>\n<li><strong>L'autonomisation culturelle<\/strong>: Peut int\u00e9grer des histoires de marque, des \u00e9l\u00e9ments r\u00e9gionaux ou des dessins conjoints de propri\u00e9t\u00e9 intellectuelle, tels que des motifs de broderie de style national, des illustrations \u00e0 la mode, etc.<\/li>\n<li><strong>\u00c9preuve intelligente<\/strong>: Fournir des rendus 3D et des \u00e9chantillons physiques dans les 48 heures pour s'assurer que le degr\u00e9 de restauration de la conception atteint plus de 98%.<\/li>\n<\/ol>\n<h2 id=\"-iv-production-and-delivery-16-years-of-foreign-trade-experience-one-stop-worry-free-service-\"><strong>4. Production et livraison : 16 ans d'exp\u00e9rience en mati\u00e8re de commerce ext\u00e9rieur, service sans souci \u00e0 guichet unique.<\/strong><\/h2>\n<ol>\n<li><strong>Contr\u00f4le total du processus<\/strong>: De la conception \u00e0 la s\u00e9lection des mat\u00e9riaux, de la production \u00e0 la logistique, l'ensemble du processus est contr\u00f4l\u00e9 par le syst\u00e8me de gestion de la qualit\u00e9 ISO. La quantit\u00e9 minimale d'une commande ne d\u00e9passe pas 3 000 unit\u00e9s et la personnalisation des petits lots est possible.<\/li>\n<li><strong>Expertise en mati\u00e8re de commerce ext\u00e9rieur<\/strong>: Connaissant bien les normes du march\u00e9 en Europe, en Am\u00e9rique, en Asie du Sud-Est, etc., nous fournissons des solutions d'emballage pour l'exportation telles que la certification FSC et le traitement contre l'humidit\u00e9, avec une capacit\u00e9 de production annuelle de plus de 5 millions de pi\u00e8ces.<\/li>\n<li><strong>Livraison efficace<\/strong>: Les commandes normales peuvent \u00eatre trait\u00e9es en 7 \u00e0 10 jours, les commandes urgentes peuvent \u00eatre exp\u00e9di\u00e9es en 5 jours et peuvent \u00eatre exp\u00e9di\u00e9es directement dans le monde entier ou par avion.<\/li>\n<\/ol>\n<h2 id=\"-v-case-and-value-core-partner-to-enhance-brand-added-value-\"><strong>5. Cas et valeur : Un partenaire essentiel pour renforcer la valeur ajout\u00e9e de la marque<\/strong><\/h2>\n<ul>\n<li><strong>R\u00e9f\u00e9rence du cas<\/strong>: Emballage en tube de papier pliable et \u00e9cologique personnalis\u00e9 pour une marque internationale de mode rapide, r\u00e9duisant les co\u00fbts logistiques de 20%, et augmentant le taux de rachat de 15% gr\u00e2ce \u00e0 la technologie de marquage \u00e0 chaud.<\/li>\n<li><strong>Extension de la valeur<\/strong>: Les bo\u00eetes d'emballage peuvent \u00eatre r\u00e9utilis\u00e9es comme accessoires de rangement et de pr\u00e9sentation \u00e0 la maison pour prolonger le cycle d'exposition de la marque.<\/li>\n<\/ul>","protected":false},"excerpt":{"rendered":"<p>1. La bo\u00eete d'emballage de Yuantong adopte une structure en deux parties, qui peut \u00eatre ouverte et ferm\u00e9e d'une seule main, ce qui est pratique pour la prise et am\u00e9liore l'exp\u00e9rience de d\u00e9ballage<br \/>\n2. Convient \u00e0 divers types de v\u00eatements, tels que les chemises \u00e0 manches courtes, les vestes, les pulls, les jupes, etc.<br \/>\n3. Impression en quadrichromie + film mat, impression sur machine Heidelberg, couleurs vives et \u00e9clatantes.<br \/>\n4. Diff\u00e9rents styles de conception peuvent \u00eatre personnalis\u00e9s en fonction des besoins pour s'adapter parfaitement \u00e0 vos produits vestimentaires.<\/p>","protected":false},"featured_media":9429,"template":"","meta":[],"product_brand":[],"product_cat":[30,414,31,429],"product_tag":[1174,1172,1173],"class_list":{"0":"post-9428","1":"product","2":"type-product","3":"status-publish","4":"has-post-thumbnail","6":"product_cat-by-industry","7":"product_cat-custom-apparel-boxes","8":"product_cat-paper-box-style","9":"product_cat-paper-tube-boxes","10":"product_tag-clothing-packaging-boxes-factory","11":"product_tag-custom-apparel-packaging","12":"product_tag-t-shirt-paper-tube-packaging","14":"first","15":"instock","16":"shipping-taxable","17":"product-type-simple"},"_links":{"self":[{"href":"https:\/\/zojopackaging.com\/fr\/wp-json\/wp\/v2\/product\/9428","targetHints":{"allow":["GET"]}}],"collection":[{"href":"https:\/\/zojopackaging.com\/fr\/wp-json\/wp\/v2\/product"}],"about":[{"href":"https:\/\/zojopackaging.com\/fr\/wp-json\/wp\/v2\/types\/product"}],"version-history":[{"count":1,"href":"https:\/\/zojopackaging.com\/fr\/wp-json\/wp\/v2\/product\/9428\/revisions"}],"predecessor-version":[{"id":9435,"href":"https:\/\/zojopackaging.com\/fr\/wp-json\/wp\/v2\/product\/9428\/revisions\/9435"}],"wp:featuredmedia":[{"embeddable":true,"href":"https:\/\/zojopackaging.com\/fr\/wp-json\/wp\/v2\/media\/9429"}],"wp:attachment":[{"href":"https:\/\/zojopackaging.com\/fr\/wp-json\/wp\/v2\/media?parent=9428"}],"wp:term":[{"taxonomy":"product_brand","embeddable":true,"href":"https:\/\/zojopackaging.com\/fr\/wp-json\/wp\/v2\/product_brand?post=9428"},{"taxonomy":"product_cat","embeddable":true,"href":"https:\/\/zojopackaging.com\/fr\/wp-json\/wp\/v2\/product_cat?post=9428"},{"taxonomy":"product_tag","embeddable":true,"href":"https:\/\/zojopackaging.com\/fr\/wp-json\/wp\/v2\/product_tag?post=9428"}],"curies":[{"name":"wp","href":"https:\/\/api.w.org\/{rel}","templated":true}]}}