{"id":9436,"date":"2025-04-02T15:31:14","date_gmt":"2025-04-02T07:31:14","guid":{"rendered":"https:\/\/zojopackaging.com\/?post_type=product&#038;p=9436"},"modified":"2025-04-02T15:56:36","modified_gmt":"2025-04-02T07:56:36","slug":"luxury-pink-cosmetic-makeup-kit-rigid-gift-box-manufacturer","status":"publish","type":"product","link":"https:\/\/zojopackaging.com\/fr\/product\/luxury-pink-cosmetic-makeup-kit-rigid-gift-box-manufacturer\/","title":{"rendered":"Trousse de maquillage de luxe rose Bo\u00eete cadeau rigide Fabricant"},"content":{"rendered":"<h2 id=\"-i-magnetic-box-design-a-fusion-of-sophistication-and-convenience-\"><strong>1. Bo\u00eete \u00e0 fermeture magn\u00e9tique : une fusion de sophistication et de commodit\u00e9<\/strong><\/h2>\n<ul>\n<li><strong>Technologie d'adsorption magn\u00e9tique automatique<\/strong>: La structure magn\u00e9tique brevet\u00e9e permet de fermer le couvercle d'une simple pression et de l'ouvrir et de le fermer d'une seule main, tout en \u00e9vitant une ouverture accidentelle.<\/li>\n<li><strong>Optimisation ergonomique<\/strong>: La conception structurelle innovante du couvercle en forme de L et du corps triangulaire de la bo\u00eete est pleine de superpositions, et le processus d'ouverture est plein de rituels.<\/li>\n<li><strong>S\u00e9lection des mat\u00e9riaux<\/strong>: Bo\u00eetes en cuir personnalisables ou mat\u00e9riaux durs respectueux de l'environnement, avec un rev\u00eatement d\u00e9licat en velours ou mat sur la surface, un toucher de haute qualit\u00e9 et une r\u00e9sistance \u00e0 l'usure.<\/li>\n<\/ul>\n<h2 id=\"-ii-abstract-art-printing-conveying-the-deep-concept-of-the-brand-\"><strong>2. Impression d'art abstrait : v\u00e9hiculer le concept profond de la marque<\/strong><\/h2>\n<ul>\n<li><strong>Conception de mod\u00e8les symboliques<\/strong>: La m\u00e9taphore des lignes abstraites, des textures g\u00e9om\u00e9triques ou des \u00e9l\u00e9ments naturels (tels que les aurores, les ondulations) permet d'interpr\u00e9ter le concept central de la marque (tel que l'esth\u00e9tique naturelle, technologique ou orientale).<\/li>\n<li><strong>Processus d'impression multicolore<\/strong>: La technologie d'impression UV de haute pr\u00e9cision est utilis\u00e9e pour garantir que la couleur du motif est satur\u00e9e et superpos\u00e9e, et que la base rose d\u00e9grad\u00e9e est assortie pour cr\u00e9er une exp\u00e9rience visuelle curative.<\/li>\n<li><strong>Fonction d'impression recto-verso<\/strong>: Le LOGO de la marque et des \u00e9l\u00e9ments abstraits sont imprim\u00e9s sur le devant, et les instructions d'utilisation ou les logos de protection de l'environnement sont clairement pr\u00e9sent\u00e9s au dos, gr\u00e2ce \u00e0 la technologie de marquage \u00e0 chaud\/argent chaud, en tenant compte \u00e0 la fois de la beaut\u00e9 et de la praticit\u00e9.<\/li>\n<\/ul>\n<h2 id=\"-three-color-and-craftsmanship-high-end-texture-details-presentation-\"><strong>3. Couleur et ex\u00e9cution : pr\u00e9sentation des d\u00e9tails de texture haut de gamme<\/strong><\/h2>\n<ul>\n<li><strong>Sch\u00e9ma rose \u00e0 faible saturation<\/strong>: Sur la base de la psychologie des couleurs, des tons \u00e0 faible fatigue visuelle, tels que la poudre de brume douce et le rose corail, ont \u00e9t\u00e9 s\u00e9lectionn\u00e9s, assortis \u00e0 une texture mate, pour v\u00e9hiculer une tonalit\u00e9 de marque douce et luxueuse.<\/li>\n<li><strong>Technologie de marquage \u00e0 chaud et d'argenture \u00e0 chaud<\/strong>: Un marquage \u00e0 chaud tridimensionnel est appliqu\u00e9 sur le bord du couvercle de la bo\u00eete, du LOGO ou de la partie texte pour faire appara\u00eetre clairement les petites polices et renforcer le positionnement haut de gamme.<\/li>\n<li><strong>Traitement de surface<\/strong>: En option, des effets nacr\u00e9s, givr\u00e9s, de gaufrage en 3D et d'autres effets pour am\u00e9liorer le sens tridimensionnel du toucher et de la vision.<\/li>\n<\/ul>\n<h2 id=\"-four-highly-customized-services-full-link-support-from-design-to-production-\"><strong>4. Services hautement personnalis\u00e9s : soutien complet de la conception \u00e0 la production<\/strong><\/h2>\n<ul>\n<li><strong>Dimensions de personnalisation flexibles<\/strong>: Permet l'ajustement \u00e0 la demande de la taille, du mat\u00e9riau, de la couleur (correspondance pr\u00e9cise avec les cartes de couleurs Pantone) et de la technologie de surface (laser, UV local, etc.).<\/li>\n<li><strong>Une solution unique<\/strong>: Exp\u00e9dition directe depuis l'usine de Shenzhen, \u00e9liminant les interm\u00e9diaires, r\u00e9duisant les co\u00fbts de communication et de temps ; fourniture d'\u00e9chantillons gratuits et confirmation de l'\u00e9bauche de la conception en 3D pour garantir l'absence d'erreur entre le produit fini et le produit attendu.<\/li>\n<li><strong>Protection de l'environnement et \u00e9conomie<\/strong>: L'adoption de mat\u00e9riaux recyclables et d'une technologie d'impression recto-verso permet de r\u00e9duire les d\u00e9chets de ressources et de respecter les normes environnementales internationales.<\/li>\n<\/ul>\n<h2 id=\"-v-brand-cooperation-cases-and-added-value-\"><strong>5. Cas de coop\u00e9ration entre marques et valeur ajout\u00e9e<\/strong><\/h2>\n<ul>\n<li><strong>Cas r\u00e9ussis<\/strong>: Conception de coffrets cadeaux pour de nombreuses marques internationales de produits de beaut\u00e9, tels que des coffrets magn\u00e9tiques pour bijoux, des coffrets cadeaux pour cr\u00e8mes anti-\u00e2ge (coffret ext\u00e9rieur en velours + marquage \u00e0 chaud du logo), des coffrets d'essences abstraites \u00e0 l'encre (impression recto-verso + plateau int\u00e9rieur en bois), etc.<\/li>\n<li><strong>Services \u00e0 valeur ajout\u00e9e<\/strong>: Il est possible d'int\u00e9grer des \u00e9l\u00e9ments sensoriels tels que des cartes de parfum et des effets sonores d'ouverture de bo\u00eete magn\u00e9tique pour am\u00e9liorer le rituel de d\u00e9ballage et les points de m\u00e9morisation de la marque.<\/li>\n<\/ul>","protected":false},"excerpt":{"rendered":"<p>1. Bo\u00eete de fermeture magn\u00e9tique Alignement magn\u00e9tique automatique Adsorption Ouverture et fermeture simples, faciles \u00e0 utiliser d'une seule main, mettant en valeur l'exquise et le sens de la mode du produit.<br \/>\n2. Les \u00e9l\u00e9ments d'impression abstraits sont hautement symboliques et peuvent v\u00e9hiculer des id\u00e9es profondes par le biais de m\u00e9taphores afin d'attirer l'attention des consommateurs.<br \/>\n3. Le rose r\u00e9duit la fatigue visuelle et cr\u00e9e une atmosph\u00e8re relaxante et bienfaisante, ce qui r\u00e9pond \u00e0 la fantaisie des bo\u00eetes d'emballage de produits cosm\u00e9tiques.<br \/>\n4. Le proc\u00e9d\u00e9 de marquage \u00e0 chaud sur feuille d'or permet d'afficher clairement les petits textes, ce qui convient aux marques haut de gamme.<\/p>","protected":false},"featured_media":9437,"template":"","meta":[],"product_brand":[],"product_cat":[30,390,424,31],"product_tag":[1175,1177,1176],"class_list":{"0":"post-9436","1":"product","2":"type-product","3":"status-publish","4":"has-post-thumbnail","6":"product_cat-by-industry","7":"product_cat-custom-cosmetics-boxes","8":"product_cat-magnetic-closure-boxes","9":"product_cat-paper-box-style","10":"product_tag-cosmetic-gift-box","11":"product_tag-luxury-cosmetic-box-manufacturer","12":"product_tag-makeup-kit-rigid-box","14":"first","15":"instock","16":"shipping-taxable","17":"product-type-simple"},"_links":{"self":[{"href":"https:\/\/zojopackaging.com\/fr\/wp-json\/wp\/v2\/product\/9436","targetHints":{"allow":["GET"]}}],"collection":[{"href":"https:\/\/zojopackaging.com\/fr\/wp-json\/wp\/v2\/product"}],"about":[{"href":"https:\/\/zojopackaging.com\/fr\/wp-json\/wp\/v2\/types\/product"}],"version-history":[{"count":2,"href":"https:\/\/zojopackaging.com\/fr\/wp-json\/wp\/v2\/product\/9436\/revisions"}],"predecessor-version":[{"id":9446,"href":"https:\/\/zojopackaging.com\/fr\/wp-json\/wp\/v2\/product\/9436\/revisions\/9446"}],"wp:featuredmedia":[{"embeddable":true,"href":"https:\/\/zojopackaging.com\/fr\/wp-json\/wp\/v2\/media\/9437"}],"wp:attachment":[{"href":"https:\/\/zojopackaging.com\/fr\/wp-json\/wp\/v2\/media?parent=9436"}],"wp:term":[{"taxonomy":"product_brand","embeddable":true,"href":"https:\/\/zojopackaging.com\/fr\/wp-json\/wp\/v2\/product_brand?post=9436"},{"taxonomy":"product_cat","embeddable":true,"href":"https:\/\/zojopackaging.com\/fr\/wp-json\/wp\/v2\/product_cat?post=9436"},{"taxonomy":"product_tag","embeddable":true,"href":"https:\/\/zojopackaging.com\/fr\/wp-json\/wp\/v2\/product_tag?post=9436"}],"curies":[{"name":"wp","href":"https:\/\/api.w.org\/{rel}","templated":true}]}}