{"id":9447,"date":"2025-04-02T15:56:50","date_gmt":"2025-04-02T07:56:50","guid":{"rendered":"https:\/\/zojopackaging.com\/?post_type=product&#038;p=9447"},"modified":"2025-04-02T16:20:38","modified_gmt":"2025-04-02T08:20:38","slug":"luxury-wedding-garment-clothing-dress-gown-packaging-box","status":"publish","type":"product","link":"https:\/\/zojopackaging.com\/fr\/product\/luxury-wedding-garment-clothing-dress-gown-packaging-box\/","title":{"rendered":"Bo\u00eete d'emballage de v\u00eatements de mariage de luxe pour robes de chambre"},"content":{"rendered":"<h2 id=\"-1-pull-out-box-design-sliding-opening-and-closing-to-enhance-the-sense-of-unboxing-ceremony-\"><strong>1. Bo\u00eete \u00e0 tiroirs : ouverture et fermeture par glissement pour renforcer le sentiment de c\u00e9r\u00e9monie de d\u00e9ballage.<\/strong><\/h2>\n<p>La structure d'ouverture et de fermeture \u00e0 glissi\u00e8re est facile et souple \u00e0 utiliser. Les utilisateurs peuvent facilement ouvrir la bo\u00eete et voir directement la structure d\u00e9licate de la robe de mari\u00e9e \u00e0 l'int\u00e9rieur (comme la fen\u00eatre transparente ou la pr\u00e9sentation en couches). Cette conception permet non seulement de prot\u00e9ger le v\u00eatement contre la compression, mais aussi d'augmenter la surprise de l'exp\u00e9rience de d\u00e9ballage gr\u00e2ce \u00e0 une pr\u00e9sentation progressive, ce qui correspond \u00e0 l'atmosph\u00e8re romantique de la sc\u00e8ne de mariage.<\/p>\n<h2 id=\"-3-soft-pink-box-body-and-brand-logo-\"><strong>2. Corps de la bo\u00eete rose tendre et logo de la marque<\/strong><\/h2>\n<p>Le corps de la bo\u00eete adopte un design rose d\u00e9grad\u00e9 et pr\u00e9sente une couche de couleur douce gr\u00e2ce au processus d'impression superpos\u00e9 du papier couch\u00e9 C2S 157g, avec un effet mat ou partiel de marquage \u00e0 chaud, cr\u00e9ant une exp\u00e9rience visuelle chaleureuse et romantique. Le logo de la marque est imprim\u00e9 \u00e0 un endroit bien visible sur la surface de la bo\u00eete, en combinaison avec le gaufrage ou la technologie UV pour renforcer le point de m\u00e9morisation de la marque et transmettre le concept de personnalisation haut de gamme de la marque.<\/p>\n<h2 id=\"-5-highly-customized-service-\"><strong>3. Un service hautement personnalis\u00e9<\/strong><\/h2>\n<p>Qu'il s'agisse du type de bo\u00eete, de la taille ou de la technologie de surface (comme le marquage \u00e0 chaud de la feuille d'or, la texture gaufr\u00e9e), il est possible de personnaliser la bo\u00eete en fonction des besoins. Par exemple : bo\u00eete en forme de c\u0153ur avec sculpture creuse, ou bo\u00eete \u00e0 rabat en forme de livre avec fen\u00eatre transparente, adapt\u00e9e avec pr\u00e9cision \u00e0 diff\u00e9rents styles tels que les robes de mari\u00e9e \u00e0 longue tra\u00eene et les robes minces. L'impression en tons directs Pantone permet d'assurer la coh\u00e9rence des couleurs de la marque.<\/p>\n<h2 id=\"-6-international-level-printing-technology-perfect-details-\"><strong>4. Technologie d'impression de niveau international, d\u00e9tails parfaits<\/strong><\/h2>\n<p>Gr\u00e2ce \u00e0 l'\u00e9quipement d'impression allemand Heidelberg, combin\u00e9 \u00e0 la technologie num\u00e9rique \u00e0 jet d'encre UV, le motif pr\u00e9sente une grande saturation des couleurs et des lignes claires. Des proc\u00e9d\u00e9s sp\u00e9ciaux tels que le laser partiel et le gaufrage 3D peuvent mettre en \u00e9vidence le positionnement luxueux de la marque de robes de mari\u00e9e. Par exemple, la s\u00e9rigraphie est superpos\u00e9e \u00e0 la partie Logo pour am\u00e9liorer le toucher et la sensation tridimensionnelle.<\/p>\n<h2 id=\"-7-16-year-source-factory-full-process-escort-\"><strong>5. Usine de source 16 ans, processus complet d'escorte<\/strong><\/h2>\n<p>Ce fabricant d'emballages, fort de 16 ans d'exp\u00e9rience, propose un service complet, de la conception en 3D \u00e0 la production en s\u00e9rie, en passant par la s\u00e9lection des mat\u00e9riaux et la confirmation des \u00e9preuves. L'\u00e9quipe de professionnels contr\u00f4le rigoureusement le cycle de production, prend en charge l'\u00e9chantillonnage en un jour et la production en s\u00e9rie en sept jours pour garantir la livraison dans les d\u00e9lais. Le service apr\u00e8s-vente fournit des conseils sur le stockage de l'emballage afin de prolonger la dur\u00e9e de vie de la bo\u00eete cadeau.<\/p>","protected":false},"excerpt":{"rendered":"<ul>\n<li><strong>Capacit\u00e9 de personnalisation \u00e0 la pointe de l'industrie<\/strong>: Forts de 16 ans d'exp\u00e9rience dans le domaine de l'emballage des robes de mari\u00e9e, nous avons fourni des solutions personnalis\u00e9es \u00e0 plus de 500 marques, en nous adaptant avec souplesse aux diff\u00e9rentes tailles et styles de robes de mari\u00e9e.<\/li>\n<li><strong>Respectueux de l'environnement et de haute qualit\u00e9<\/strong>: Nous utilisons du papier certifi\u00e9 FSC et de l'encre \u00e0 base d'eau, qui r\u00e9pondent aux normes environnementales europ\u00e9ennes et am\u00e9ricaines, et passent des tests de compression pour garantir la s\u00e9curit\u00e9 du transport.<\/li>\n<li><strong>Service en boucle ferm\u00e9e<\/strong>: De la conception au service apr\u00e8s-vente, nous disposons d'un personnel sp\u00e9cialis\u00e9 qui vous accompagne tout au long du processus, soutient la coop\u00e9ration OEM\/ODM et aide les marques \u00e0 cr\u00e9er une comp\u00e9titivit\u00e9 diff\u00e9renci\u00e9e.<\/li>\n<\/ul>","protected":false},"featured_media":9449,"template":"","meta":[],"product_brand":[],"product_cat":[30,414,31,426],"product_tag":[1180,1179,1178],"class_list":{"0":"post-9447","1":"product","2":"type-product","3":"status-publish","4":"has-post-thumbnail","6":"product_cat-by-industry","7":"product_cat-custom-apparel-boxes","8":"product_cat-paper-box-style","9":"product_cat-paper-drawer-boxes","10":"product_tag-clothing-dress-gown-packaging","11":"product_tag-garment-packaging-box","12":"product_tag-luxury-wedding-packaging","14":"first","15":"instock","16":"shipping-taxable","17":"product-type-simple"},"_links":{"self":[{"href":"https:\/\/zojopackaging.com\/fr\/wp-json\/wp\/v2\/product\/9447","targetHints":{"allow":["GET"]}}],"collection":[{"href":"https:\/\/zojopackaging.com\/fr\/wp-json\/wp\/v2\/product"}],"about":[{"href":"https:\/\/zojopackaging.com\/fr\/wp-json\/wp\/v2\/types\/product"}],"version-history":[{"count":1,"href":"https:\/\/zojopackaging.com\/fr\/wp-json\/wp\/v2\/product\/9447\/revisions"}],"predecessor-version":[{"id":9461,"href":"https:\/\/zojopackaging.com\/fr\/wp-json\/wp\/v2\/product\/9447\/revisions\/9461"}],"wp:featuredmedia":[{"embeddable":true,"href":"https:\/\/zojopackaging.com\/fr\/wp-json\/wp\/v2\/media\/9449"}],"wp:attachment":[{"href":"https:\/\/zojopackaging.com\/fr\/wp-json\/wp\/v2\/media?parent=9447"}],"wp:term":[{"taxonomy":"product_brand","embeddable":true,"href":"https:\/\/zojopackaging.com\/fr\/wp-json\/wp\/v2\/product_brand?post=9447"},{"taxonomy":"product_cat","embeddable":true,"href":"https:\/\/zojopackaging.com\/fr\/wp-json\/wp\/v2\/product_cat?post=9447"},{"taxonomy":"product_tag","embeddable":true,"href":"https:\/\/zojopackaging.com\/fr\/wp-json\/wp\/v2\/product_tag?post=9447"}],"curies":[{"name":"wp","href":"https:\/\/api.w.org\/{rel}","templated":true}]}}