{"id":9454,"date":"2025-04-02T15:59:16","date_gmt":"2025-04-02T07:59:16","guid":{"rendered":"https:\/\/zojopackaging.com\/?post_type=product&#038;p=9454"},"modified":"2025-04-02T16:20:50","modified_gmt":"2025-04-02T08:20:50","slug":"custom-soft-touch-cardboard-folding-carton-perfume-box-supplier","status":"publish","type":"product","link":"https:\/\/zojopackaging.com\/fr\/product\/custom-soft-touch-cardboard-folding-carton-perfume-box-supplier\/","title":{"rendered":"Bo\u00eete \u00e0 parfum en carton pliable personnalis\u00e9e Fournisseur de bo\u00eetes \u00e0 parfum en carton souple"},"content":{"rendered":"<h3 id=\"-1-black-card-box-lamination-process-and-touch-upgrade-\"><strong>1. Bo\u00eete en carton noir : Processus de laminage et am\u00e9lioration du toucher<\/strong><\/h3>\n<p>La bo\u00eete en carton noir utilise\u00a0<strong>Papier d'art de 400 g \u00e0 fort grammage<\/strong>\u00a0comme mat\u00e9riau de base, et par le biais de la\u00a0<strong>proc\u00e9d\u00e9 de laminage du PVC respectueux de l'environnement<\/strong>\u00a0(technologie du carton miroir de pelliculage), elle conf\u00e8re \u00e0 la bo\u00eete en papier un toucher mat d\u00e9licat et soyeux, tout en am\u00e9liorant la r\u00e9sistance \u00e0 l'humidit\u00e9 et \u00e0 l'usure. L'\u00e9paisseur de la couche de pelliculage est contr\u00f4l\u00e9e entre 15 et 25 microns, ce qui permet non seulement de conserver la texture naturelle du papier, mais aussi d'am\u00e9liorer la superposition visuelle. La texture chaude transmet instantan\u00e9ment le positionnement haut de gamme de la marque.<\/p>\n<h3 id=\"-2-hot-stamping-technology-luxurious-expression-of-light-and-shadow-interweaving-\"><strong>2. Technologie de marquage \u00e0 chaud : expression luxueuse de l'entrelacement de l'ombre et de la lumi\u00e8re<\/strong><\/h3>\n<p>La combinaison des technologies de marquage \u00e0 froid et de marquage \u00e0 chaud<strong>\u00a0pr\u00e9sente des lignes dor\u00e9es extr\u00eamement fines d'une largeur de 0,1 mm sur la surface de la bo\u00eete en carton noir. Gr\u00e2ce au positionnement pr\u00e9cis de la machine d'impression allemande Heidelberg \u00e0 six couleurs, les lignes dor\u00e9es sont tr\u00e8s fines et d'une largeur de 0,1 mm.<\/strong>Les lignes dor\u00e9es forment un fort contraste avec le fond noir, et le logo de la marque est emboss\u00e9 en trois dimensions, ce qui augmente l'impact visuel de plus de 60% (voir l'application de la technologie d'estampage \u00e0 chaud dans les emballages de luxe). Un traitement sp\u00e9cial garantit que le toucher de l'or est lisse et sans bavure, et qu'il ne s'estompe pas apr\u00e8s une utilisation prolong\u00e9e.<\/p>\n<h3 id=\"-3-printing-accuracy-digital-management-and-color-reproduction-\"><strong>3. Pr\u00e9cision de l'impression : gestion num\u00e9rique et reproduction des couleurs<\/strong><\/h3>\n<p>L'introduction du syst\u00e8me de gestion des couleurs GMG<strong>\u00a0et l'encre certifi\u00e9e Pantone<\/strong>\u00a0permet d'obtenir une reproduction des couleurs de haute pr\u00e9cision de \u0394E\u22641,5. Pour les motifs complexes tels que les d\u00e9grad\u00e9s et les fleurs des bo\u00eetes de parfum,\u00a0<strong>Impression haute r\u00e9solution 1200 dpi<\/strong>\u00a0est adopt\u00e9e, combin\u00e9e \u00e0 la\u00a0<strong>vitrage UV local<\/strong>\u00a0(voir la solution d'am\u00e9lioration de la brillance), de sorte que le motif est clairement stratifi\u00e9 et que la saturation de la couleur est augment\u00e9e de 30%. Chaque lot est test\u00e9 par\u00a0<strong>spectrophotom\u00e8tre<\/strong>\u00a0avant l'impression pour garantir la coh\u00e9rence des couleurs.<\/p>\n<h3 id=\"-4-smart-factory-full-link-quality-control-system-\"><strong>4. Usine intelligente : Syst\u00e8me de contr\u00f4le de la qualit\u00e9 \u00e0 lien int\u00e9gral<\/strong><\/h3>\n<p>-\u00a0<strong>\u00c9quipe technique<\/strong>: Des ing\u00e9nieurs ayant plus de 10 ans d'exp\u00e9rience dirigent l'optimisation des processus et l'utilisation de la technologie de l'information.\u00a0<strong>Syst\u00e8me d'inspection visuelle par IA<\/strong>\u00a0surveiller les param\u00e8tres de production en temps r\u00e9el (voir les cas d'inspection de la qualit\u00e9 intelligente) et contr\u00f4ler le taux de d\u00e9faut en dessous de 0,3%. -\u00a0<strong>Sp\u00e9cification du processus<\/strong>: Gestion num\u00e9rique de l'avant-projet au produit fini, \u00e9preuvage complet dans les 36 heures, et r\u00e9duction du cycle de livraison de la production de masse \u00e0 7-9 jours.<\/p>\n<h3 id=\"-5-creative-design-trend-insight-and-customization-service-\"><strong>5. Conception cr\u00e9ative : Aper\u00e7u des tendances et service de personnalisation<\/strong><\/h3>\n<p>L'\u00e9quipe de conception est compos\u00e9e de\u00a0<strong>3 concepteurs d'emballages seniors<\/strong>et \u00e9tudie en profondeur les tendances en mati\u00e8re d'emballage de produits de beaut\u00e9 en 2025 : -\u00a0<strong>Conception durable<\/strong>: Le papier utilis\u00e9 est un papier recyclable certifi\u00e9 FSC et la conception structurelle r\u00e9duit l'utilisation de colle de 30%. -\u00a0<strong>It\u00e9ration rapide<\/strong>: Fournir\u00a0<strong>Aper\u00e7u de la mod\u00e9lisation 3D<\/strong>\u00a0les clients peuvent ajuster les d\u00e9tails en temps r\u00e9el et prendre en charge la personnalisation de petits lots (commande minimale de 500 pi\u00e8ces).<\/p>\n<h3 id=\"-6-scale-advantage-flexible-production-and-agile-response-\"><strong>6. Avantage d'\u00e9chelle : production flexible et r\u00e9action souple<\/strong><\/h3>\n<p>-\u00a0<strong>Base de production<\/strong>: Une usine moderne d'une superficie de 5 320 m\u00e8tres carr\u00e9s, divis\u00e9e en trois ateliers ind\u00e9pendants pour l'impression, la d\u00e9coupe et l'emballage, \u00e9quip\u00e9e de 4 lignes de production enti\u00e8rement automatiques. -\u00a0<strong>Configuration des capacit\u00e9s<\/strong>: La capacit\u00e9 de production quotidienne atteint 100 000 pi\u00e8ces.\u00a0<strong>\u00c9preuve acc\u00e9l\u00e9r\u00e9e en 8 heures<\/strong>\u00a0(se r\u00e9f\u00e9rer aux cas de production en petites et moyennes s\u00e9ries). -\u00a0<strong>Gestion des stocks<\/strong>Des solutions de traitement de surface et de grammage de 200 cartons sont toujours disponibles, et les commandes urgentes sont livr\u00e9es dans les 48 heures.<\/p>\n<h3 id=\"-7-quality-commitment-exceeding-industry-standards-\"><strong>7. Engagement en mati\u00e8re de qualit\u00e9 : D\u00e9passer les normes de l'industrie<\/strong><\/h3>\n<p>-\u00a0<strong>Syst\u00e8me de triple test<\/strong>: \u2460\u00a0<strong>Essais sur les mati\u00e8res premi\u00e8res<\/strong>: Chaque lot de papier est envoy\u00e9 \u00e0 SGS pour inspection afin de garantir une blancheur \u226592% et une r\u00e9sistance \u00e0 la traction \u226515kN\/m. \u2461\u00a0<strong>Surveillance des processus<\/strong>: \u00c9chantillonnage toutes les heures pour tester la pr\u00e9cision de l'enregistrement (erreur \u22640,3 mm) et l'adh\u00e9rence de l'encre (pas de chute lors du test avec le ruban 3M). \u2462\u00a0<strong>Inspection compl\u00e8te du produit fini<\/strong>: Utilisation\u00a0<strong>machine de tri visuel automatique<\/strong>\u00a0pour examiner les d\u00e9fauts d'apparence, et le taux de r\u00e9inspection manuelle est de 100%. -\u00a0<strong>Garantie de certification<\/strong>: Syst\u00e8me de gestion de la qualit\u00e9 ISO 9001, certification FDA pour les mat\u00e9riaux de contact de qualit\u00e9 alimentaire, r\u00e9sistance \u00e0 l'\u00e9clatement de l'emballage sup\u00e9rieure \u00e0 300 N.<\/p>","protected":false},"excerpt":{"rendered":"<p>Dans l'industrie du luxe et de la beaut\u00e9 haut de gamme, l'emballage n'est pas seulement le \"second visage\" du produit, mais aussi un transmetteur silencieux de la valeur de la marque. ZOJO Print s'est fortement impliqu\u00e9e dans le domaine de la personnalisation des bo\u00eetes de parfum, avec\u00a0<strong>bo\u00eetes pliantes en carton souple<\/strong> qui combine une technologie de pointe et un contr\u00f4le de qualit\u00e9 strict afin de cr\u00e9er des solutions d'emballage pour les marques qui sont \u00e0 la fois artistiques et fonctionnelles.<\/p>","protected":false},"featured_media":9456,"template":"","meta":[],"product_brand":[],"product_cat":[30,417,430,31],"product_tag":[1181,329,913],"class_list":{"0":"post-9454","1":"product","2":"type-product","3":"status-publish","4":"has-post-thumbnail","6":"product_cat-by-industry","7":"product_cat-custom-perfume-boxes-by-industry","8":"product_cat-folding-cartons","9":"product_cat-paper-box-style","10":"product_tag-cardboard-folding-carton-perfume","11":"product_tag-custom-perfume-box","12":"product_tag-perfume-box-supplier","14":"first","15":"instock","16":"shipping-taxable","17":"product-type-grouped"},"_links":{"self":[{"href":"https:\/\/zojopackaging.com\/fr\/wp-json\/wp\/v2\/product\/9454","targetHints":{"allow":["GET"]}}],"collection":[{"href":"https:\/\/zojopackaging.com\/fr\/wp-json\/wp\/v2\/product"}],"about":[{"href":"https:\/\/zojopackaging.com\/fr\/wp-json\/wp\/v2\/types\/product"}],"version-history":[{"count":1,"href":"https:\/\/zojopackaging.com\/fr\/wp-json\/wp\/v2\/product\/9454\/revisions"}],"predecessor-version":[{"id":9462,"href":"https:\/\/zojopackaging.com\/fr\/wp-json\/wp\/v2\/product\/9454\/revisions\/9462"}],"wp:featuredmedia":[{"embeddable":true,"href":"https:\/\/zojopackaging.com\/fr\/wp-json\/wp\/v2\/media\/9456"}],"wp:attachment":[{"href":"https:\/\/zojopackaging.com\/fr\/wp-json\/wp\/v2\/media?parent=9454"}],"wp:term":[{"taxonomy":"product_brand","embeddable":true,"href":"https:\/\/zojopackaging.com\/fr\/wp-json\/wp\/v2\/product_brand?post=9454"},{"taxonomy":"product_cat","embeddable":true,"href":"https:\/\/zojopackaging.com\/fr\/wp-json\/wp\/v2\/product_cat?post=9454"},{"taxonomy":"product_tag","embeddable":true,"href":"https:\/\/zojopackaging.com\/fr\/wp-json\/wp\/v2\/product_tag?post=9454"}],"curies":[{"name":"wp","href":"https:\/\/api.w.org\/{rel}","templated":true}]}}