{"id":9463,"date":"2025-04-02T16:20:54","date_gmt":"2025-04-02T08:20:54","guid":{"rendered":"https:\/\/zojopackaging.com\/?post_type=product&#038;p=9463"},"modified":"2025-04-02T16:55:28","modified_gmt":"2025-04-02T08:55:28","slug":"custom-necklace-earring-ring-jewelry-gift-boxes-manufacturer","status":"publish","type":"product","link":"https:\/\/zojopackaging.com\/fr\/product\/custom-necklace-earring-ring-jewelry-gift-boxes-manufacturer\/","title":{"rendered":"Fabricant de bo\u00eetes cadeaux pour colliers, boucles d'oreilles et bagues"},"content":{"rendered":"<h2 id=\"-1-box-type-structure-of-top-and-bottom-lid-precise-closure-to-protect-jewelry-safety-\"><strong>1. Structure en forme de bo\u00eete pour la bo\u00eete sup\u00e9rieure et la bo\u00eete inf\u00e9rieure : fermeture pr\u00e9cise pour prot\u00e9ger la s\u00e9curit\u00e9 des bijoux.<\/strong><\/h2>\n<ul>\n<li><strong>Conception de taille de pr\u00e9cision<\/strong>: Gr\u00e2ce \u00e0 la technologie de d\u00e9coupe de haute pr\u00e9cision, les couvercles sup\u00e9rieur et inf\u00e9rieur s'embo\u00eetent parfaitement lorsqu'ils sont ferm\u00e9s, emp\u00eachant ainsi les chocs ext\u00e9rieurs et l'extrusion. La structure brevet\u00e9e \"carr\u00e9e \u00e0 l'ext\u00e9rieur et de forme sp\u00e9ciale \u00e0 l'int\u00e9rieur\" (la bo\u00eete ext\u00e9rieure est carr\u00e9e pour faciliter l'empilage et la cavit\u00e9 int\u00e9rieure est en forme de c\u0153ur pour s'adapter au contour du bijou) r\u00e9duit le risque de secousses pendant le transport et donne un sentiment de rituel lors de l'ouverture de la bo\u00eete.<\/li>\n<\/ul>\n<h2 id=\"-2-1200g-rigid-cardboard-high-load-bearing-and-anti-deformation-guarantee-\"><strong>2. Carton rigide de 1200 g : grande capacit\u00e9 de charge et garantie d'anti-d\u00e9formation<\/strong><\/h2>\n<ul>\n<li><strong>Avantage mat\u00e9riel<\/strong>:\u00a0<strong>Carton rigide haute densit\u00e9 de 1200 g<\/strong>\u00a0est s\u00e9lectionn\u00e9, qui peut porter\u00a0<strong>plus de 5 kg<\/strong>\u00a0le poids des bijoux apr\u00e8s l'essai de compression, ce qui garantit\u00a0<strong>d\u00e9formation nulle<\/strong>\u00a0pendant le transport ou le stockage sur de longues distances.<\/li>\n<li><strong>Certification environnementale<\/strong>: Le mat\u00e9riau est conforme \u00e0 la certification foresti\u00e8re FSC et aux normes environnementales REACH de l'UE, en tenant compte des concepts de durabilit\u00e9 et de d\u00e9veloppement durable.<\/li>\n<\/ul>\n<h2 id=\"-three-romantic-pink-design-visual-impact-and-brand-premium-\"><strong>3. Design rose romantique : impact visuel et valorisation de la marque<\/strong><\/h2>\n<ul>\n<li><strong>Application de la psychologie des couleurs<\/strong>: Utilisez des tons \u00e0 forte saturation tels que\u00a0<strong>Morandi rose<\/strong>\u00a0ou\u00a0<strong>or rose<\/strong>Les bo\u00eetes \u00e0 bijoux en cuir de vachette rose pleine fleur, combin\u00e9es \u00e0 la technologie du marquage \u00e0 chaud et de l'embossage, v\u00e9hiculent un sentiment de romantisme et de luxe. Par exemple, la bo\u00eete \u00e0 bijoux en cuir de vachette pleine fleur rose de la marque fran\u00e7aise le tanneur augmente la prime du produit de plus de 30% gr\u00e2ce \u00e0 la combinaison de la couleur et du mat\u00e9riau.<\/li>\n<li><strong>Couleurs personnalis\u00e9es<\/strong>: Permet de restaurer avec pr\u00e9cision les num\u00e9ros de couleur Pantone afin de r\u00e9pondre aux besoins d'uniformit\u00e9 du syst\u00e8me de marque.<\/li>\n<\/ul>\n<h2 id=\"-four-heart-shaped-box-type-dual-innovation-in-shape-and-function-\"><strong>4. Bo\u00eete en forme de c\u0153ur : double innovation en termes de forme et de fonction<\/strong><\/h2>\n<ul>\n<li><strong>Structure brevet\u00e9e<\/strong>: Par exemple, la technologie de la \"bo\u00eete cadeau personnalis\u00e9e en forme de c\u0153ur\", la bo\u00eete ext\u00e9rieure est carr\u00e9e pour faciliter l'empilage, et la cavit\u00e9 int\u00e9rieure est en forme de c\u0153ur pour s'adapter aux colliers, boucles d'oreilles et autres bijoux de forme sp\u00e9ciale, ce qui est \u00e0 la fois beau et pratique.<\/li>\n<li><strong>Cloison fonctionnelle<\/strong>: La conception interne comporte des compartiments d\u00e9tachables et des crochets pour s'adapter aux diff\u00e9rentes tailles de bijoux et am\u00e9liorer l'utilisation de l'espace.<\/li>\n<\/ul>\n<h2 id=\"-v-replaceable-lining-system-flexible-protection-solution-\"><strong>5. Syst\u00e8me de rev\u00eatement rempla\u00e7able : solution de protection flexible<\/strong><\/h2>\n<ul>\n<li><strong>Conception modulaire<\/strong>le velours, l'\u00e9ponge, les rainures en EVA et d'autres mat\u00e9riaux de rev\u00eatement sont fournis, et\u00a0<strong>remplacement \u00e0 la demande<\/strong>\u00a0est pris en charge. Par exemple, la zone du collier est dot\u00e9e de rainures en velours antid\u00e9rapantes et la zone des boucles d'oreilles est \u00e9quip\u00e9e de positions de broches ind\u00e9pendantes.<\/li>\n<\/ul>\n<h2 id=\"-vi-box-type-development-capabilities-full-process-support-from-concept-to-mass-production-\"><strong>6. Capacit\u00e9s de d\u00e9veloppement d'un type de bo\u00eete : soutien complet du processus, de la conception \u00e0 la production de masse<\/strong><\/h2>\n<ul>\n<li><strong>Service de conception<\/strong>: L'\u00e9quipe de professionnels assure la mod\u00e9lisation en 3D et l'\u00e9preuvage des \u00e9chantillons, et apporte son soutien.\u00a0<strong>personnalisation des dessins \u00e9chantillons<\/strong>\u00a0ou un d\u00e9veloppement original. Par exemple, la \"bo\u00eete magn\u00e9tique en forme de livre\" con\u00e7ue pour une marque de bijoux combine le LOGO de la marque et des motifs en relief pour devenir un emballage populaire.<\/li>\n<li><strong>It\u00e9ration rapide<\/strong>: Il suffit de 7<strong>-14 jours<\/strong>\u00a0de la confirmation de la conception \u00e0 la livraison de la production de masse, en s'adaptant \u00e0 l'\u00e9volution rapide du march\u00e9.<\/li>\n<\/ul>\n<h2 id=\"-vii-china-s-source-factory-efficient-delivery-and-cost-advantages-\"><strong>7. L'usine source de la Chine : livraison efficace et avantages en termes de co\u00fbts<\/strong><\/h2>\n<ul>\n<li><strong>Int\u00e9gration de la cha\u00eene d'approvisionnement<\/strong>: Situ\u00e9e dans les zones industrielles du delta de la rivi\u00e8re des Perles et du delta du fleuve Yangtze, avec sa propre usine et son mod\u00e8le de cha\u00eene d'approvisionnement collaborative, elle soutient\u00a0<strong>500 s\u00e9ries de commandes<\/strong>Le prix unitaire est inf\u00e9rieur de 40% \u00e0 celui des fabricants \u00e9trangers.<\/li>\n<li><strong>R\u00e9ponse rapide<\/strong>: 7<em>Un service client\u00e8le disponible 24 heures sur 24 et un entrep\u00f4t local garantissent la livraison des \u00e9chantillons sous 3 jours.<\/em> et une production de masse dans les 7 \u00e0 14 jours, aidant ainsi les marques \u00e0 saisir les opportunit\u00e9s du march\u00e9.<\/li>\n<\/ul>","protected":false},"excerpt":{"rendered":"<p>Nous ne sommes pas seulement un fabricant d'emballages, mais aussi un\u00a0<strong>cr\u00e9ateur de valeur de la marque<\/strong>. A travers\u00a0<strong>structure du couvercle et de la base<\/strong>,\u00a0<strong>mat\u00e9riau lourd<\/strong>,\u00a0<strong>Conception esth\u00e9tique en forme de c\u0153ur<\/strong>\u00a0et\u00a0<strong>syst\u00e8me de rev\u00eatement flexible<\/strong>Nous aidons nos clients \u00e0 se d\u00e9marquer sur le march\u00e9 tr\u00e8s concurrentiel de la bijouterie. Nous avons servi plus de 500 entreprises et nos produits sont export\u00e9s dans plus de 30 pays, dont l'Europe, l'Am\u00e9rique et l'Asie du Sud-Est.<\/p>","protected":false},"featured_media":9466,"template":"","meta":[],"product_brand":[],"product_cat":[30,415,425,31],"product_tag":[1185,1186,1187],"class_list":{"0":"post-9463","1":"product","2":"type-product","3":"status-publish","4":"has-post-thumbnail","6":"product_cat-by-industry","7":"product_cat-custom-jewelry-boxes-by-industry","8":"product_cat-lid-and-base-gift-box","9":"product_cat-paper-box-style","10":"product_tag-custom-necklace-gift-boxes","11":"product_tag-earring-ring-gift-boxes","12":"product_tag-jewelry-gift-boxes-manufacturer","14":"first","15":"instock","16":"shipping-taxable","17":"product-type-simple"},"_links":{"self":[{"href":"https:\/\/zojopackaging.com\/fr\/wp-json\/wp\/v2\/product\/9463","targetHints":{"allow":["GET"]}}],"collection":[{"href":"https:\/\/zojopackaging.com\/fr\/wp-json\/wp\/v2\/product"}],"about":[{"href":"https:\/\/zojopackaging.com\/fr\/wp-json\/wp\/v2\/types\/product"}],"version-history":[{"count":2,"href":"https:\/\/zojopackaging.com\/fr\/wp-json\/wp\/v2\/product\/9463\/revisions"}],"predecessor-version":[{"id":9479,"href":"https:\/\/zojopackaging.com\/fr\/wp-json\/wp\/v2\/product\/9463\/revisions\/9479"}],"wp:featuredmedia":[{"embeddable":true,"href":"https:\/\/zojopackaging.com\/fr\/wp-json\/wp\/v2\/media\/9466"}],"wp:attachment":[{"href":"https:\/\/zojopackaging.com\/fr\/wp-json\/wp\/v2\/media?parent=9463"}],"wp:term":[{"taxonomy":"product_brand","embeddable":true,"href":"https:\/\/zojopackaging.com\/fr\/wp-json\/wp\/v2\/product_brand?post=9463"},{"taxonomy":"product_cat","embeddable":true,"href":"https:\/\/zojopackaging.com\/fr\/wp-json\/wp\/v2\/product_cat?post=9463"},{"taxonomy":"product_tag","embeddable":true,"href":"https:\/\/zojopackaging.com\/fr\/wp-json\/wp\/v2\/product_tag?post=9463"}],"curies":[{"name":"wp","href":"https:\/\/api.w.org\/{rel}","templated":true}]}}