{"id":9464,"date":"2025-04-02T16:20:58","date_gmt":"2025-04-02T08:20:58","guid":{"rendered":"https:\/\/zojopackaging.com\/?post_type=product&#038;p=9464"},"modified":"2025-04-02T16:49:06","modified_gmt":"2025-04-02T08:49:06","slug":"custom-print-parfum-box-folding-carton-boxes-supplier-from-china","status":"publish","type":"product","link":"https:\/\/zojopackaging.com\/fr\/product\/custom-print-parfum-box-folding-carton-boxes-supplier-from-china\/","title":{"rendered":"Bo\u00eete \u00e0 parfum Bo\u00eete en carton pliante imprim\u00e9e sur mesure Fournisseur de bo\u00eetes en carton pliant de Chine"},"content":{"rendered":"<h3 id=\"-1-environmentally-friendly-materials-sustainable-choice-of-brand-white-card-and-kraft-paper-\"><strong>1. Mat\u00e9riaux respectueux de l'environnement : choix durable de la carte blanche et du papier kraft<\/strong><\/h3>\n<p>Nous accordons la priorit\u00e9\u00a0<strong>Papier blanc certifi\u00e9 FSC<\/strong>\u00a0(telles que les s\u00e9ries \"Xiangsi\" et \"Bowang\" de Asia Pacific Senbo) et\u00a0<strong>papier kraft recycl\u00e9<\/strong>Le papier kraft utilise une technologie d'encollage \u00e0 base d'eau. Le poids du papier cartonn\u00e9 blanc est de 200 \u00e0 400 g, et le processus d'entrelacement des fibres est utilis\u00e9 pour obtenir une r\u00e9sistance \u00e0 la compression et \u00e0 la d\u00e9formation, et la capacit\u00e9 de charge est sup\u00e9rieure \u00e0 5 kg ; le papier kraft utilise une technologie d'encollage \u00e0 base d'eau, et la performance de r\u00e9sistance \u00e0 l'humidit\u00e9 est am\u00e9lior\u00e9e de 40%, et il est d\u00e9gradable \u00e0 100% (voir les caract\u00e9ristiques de protection de l'environnement du papier cartonn\u00e9 blanc). Le type de bo\u00eete adopte\u00a0<strong>structure \u00e0 tenons et mortaises<\/strong>\u00a0ou\u00a0<strong>mod\u00e8le pliant<\/strong>\u00a0pour r\u00e9duire la quantit\u00e9 de colle et se conformer aux normes europ\u00e9ennes REACH.<\/p>\n<h3 id=\"-2-gradient-printing-and-matte-film-technology-dual-upgrade-of-vision-and-touch-\"><strong>2. Impression en d\u00e9grad\u00e9 et technologie de film mat : double am\u00e9lioration de la vision et du toucher<\/strong><\/h3>\n<p>Introduction\u00a0<strong>Syst\u00e8me de gestion des couleurs Pantone<\/strong>\u00a0et\u00a0<strong>Machine d'impression six couleurs Heidelberg<\/strong>Le traitement de surface adopte une technologie de pointe qui permet d'obtenir une transition en d\u00e9grad\u00e9 avec une pr\u00e9cision de 0,1 mm (par exemple, l'effet de d\u00e9grad\u00e9 de l'or champagne au noir mat). Le traitement de surface adopte\u00a0<strong>film mat respectueux de l'environnement<\/strong>\u00a0(\u00e9paisseur 12-18\u03bcm), r\u00e9duisant la r\u00e9flectivit\u00e9 de 60% et cr\u00e9ant une texture mate de haute qualit\u00e9 ; la combinaison partielle de\u00a0<strong>Technologie de gaufrage UV<\/strong>\u00a0rend le LOGO aussi d\u00e9licat que de la soie (voir l'application de la technologie UV dans l'emballage de luxe). Apr\u00e8s essai, cette combinaison peut augmenter l'attrait visuel de l'\u00e9tag\u00e8re de 50%.<\/p>\n<h3 id=\"-3-flexible-customization-full-size-coverage-from-micro-perfume-to-limited-gift-box-\"><strong>3. Personnalisation flexible : couverture compl\u00e8te, du micro parfum \u00e0 la bo\u00eete cadeau limit\u00e9e.<\/strong><\/h3>\n<p>-\u00a0<strong>Flexibilit\u00e9 de la taille<\/strong>Les dimensions de la bo\u00eete peuvent varier de 5cm\u00d75cm (mini parfum) \u00e0 30cm\u00d720cm (bo\u00eete de luxe), et l'\u00e9paisseur peut \u00eatre ajust\u00e9e de 0,5 \u00e0 3cm. -\u00a0<strong>Adaptation structurelle<\/strong>: Fournit plus de 20 types de bo\u00eetes, tels que les couvercles sup\u00e9rieur et inf\u00e9rieur, les tiroirs, les bo\u00eetes \u00e0 ventouses magn\u00e9tiques, etc., compatible avec les plateaux int\u00e9rieurs de forme sp\u00e9ciale (tels que les p\u00e9tales, les coupes g\u00e9om\u00e9triques). -\u00a0<strong>R\u00e9ponse rapide<\/strong>: R\u00e9aliser la mod\u00e9lisation 3D et l'\u00e9preuvage en 8 heures, et r\u00e9duire le cycle de production de masse \u00e0 7-9 jours.<\/p>\n<h3 id=\"-4-double-insert-card-box-design-balance-between-ritual-sense-and-practicality-\"><strong>4. Conception de la bo\u00eete \u00e0 cartes \u00e0 double insertion : \u00e9quilibre entre le sens du rituel et l'aspect pratique.<\/strong><\/h3>\n<p>En nous r\u00e9f\u00e9rant \u00e0 la structure de la bo\u00eete \u00e0 parfum \u00e0 double couche brevet\u00e9e au niveau international, nous avons optimis\u00e9 et lanc\u00e9 la bo\u00eete \u00e0 parfum \u00e0 double couche.\u00a0<strong>bo\u00eete de cartes \u00e0 double insertion<\/strong>: -\u00a0<strong>M\u00e9thode d'ouverture innovante<\/strong>: Ouverture coulissante synchronis\u00e9e des deux c\u00f4t\u00e9s, avec carte int\u00e9rieure en papier ondul\u00e9, et la performance antichoc est am\u00e9lior\u00e9e de 2 fois. -\u00a0<strong>Utilisation de l'espace<\/strong>: Le m\u00e9canisme de pliage permet d'\u00e9conomiser 30% de volume d'emballage et de r\u00e9duire les co\u00fbts de transport de 25%. -\u00a0<strong>Exp\u00e9rience de l'utilisateur<\/strong>: Int\u00e9gr\u00e9\u00a0<strong>Puce NFC<\/strong>\u00a0(en option), touchez pour \u00e9couter l'histoire de la marque (voir la tendance de l'emballage intelligent).<\/p>\n<h3 id=\"-5-unique-design-empowerment-creative-escort-from-concept-to-mass-production-\"><strong>5. L'autonomisation de la conception unique : l'accompagnement cr\u00e9atif du concept \u00e0 la production de masse<\/strong><\/h3>\n<p>-\u00a0<strong>\u00c9quipe de conception transfrontali\u00e8re<\/strong>Le groupe de travail sur l'emballage : compos\u00e9 de 5 concepteurs d'emballages seniors, int\u00e9grant\u00a0<strong>\u00e9l\u00e9ments de tendance nationaux<\/strong>\u00a0(comme la tache d'encre, la couleur de l'\u00e9mail) et\u00a0<strong>minimaliste<\/strong>\u00a0style. -\u00a0<strong>Syst\u00e8me de pr\u00e9visualisation 3D<\/strong>Les clients peuvent utiliser la technologie AR pour visualiser en temps r\u00e9el l'effet de d\u00e9pliage de la caisse, ce qui contribue \u00e0 l'am\u00e9lioration de la qualit\u00e9 de vie.\u00a0<strong>Ajustement des d\u00e9tails sur 360<\/strong>\u00a0(comme la position du marquage \u00e0 chaud, la densit\u00e9 de la texture). -\u00a0<strong>Protection des brevets<\/strong>: Fournir un service de demande de brevet d'apparence pour garantir l'exclusivit\u00e9 de la conception (voir le cas du brevet sur les bo\u00eetes de parfum).<\/p>\n<h3 id=\"-6-flat-shipping-design-logistics-innovation-to-reduce-costs-and-increase-efficiency-\"><strong>6. Le transport maritime \u00e0 plat : une innovation logistique pour r\u00e9duire les co\u00fbts et accro\u00eetre l'efficacit\u00e9<\/strong><\/h3>\n<p>-\u00a0<strong>Processus de pliage<\/strong>: Utilisation\u00a0<strong>pr\u00e9-cr\u00e9ase + tampon de la colonne d'air<\/strong>\u00a0Le volume apr\u00e8s pliage ne repr\u00e9sente que 1\/5 de l'\u00e9tat d\u00e9pli\u00e9, ce qui permet d'\u00e9conomiser 40% de frais de transport. -\u00a0<strong>Structure portative<\/strong>: int\u00e9gr\u00e9\u00a0<strong>poign\u00e9e amovible<\/strong>\u00a0(supportant une charge de 2 kg) et\u00a0<strong>boucle de verrouillage antivol<\/strong>Le syst\u00e8me de gestion de l'information est con\u00e7u pour le commerce \u00e9lectronique, les livraisons directes et les sc\u00e9narios de voyage. -\u00a0<strong>D\u00e9tails sur la protection de l'environnement<\/strong>: Le couvercle et le corps de la bo\u00eete sont reli\u00e9s par un\u00a0<strong>connexion par languette<\/strong>Ils ne n\u00e9cessitent pas de colle et peuvent \u00eatre enti\u00e8rement recycl\u00e9s apr\u00e8s leur d\u00e9ballage (voir les normes d'emballage durable).<\/p>\n<h3 id=\"-7-one-stop-smart-manufacturing-vertical-integration-capabilities-of-the-5320-super-factory-\"><strong>7. Fabrication intelligente \u00e0 guichet unique : capacit\u00e9s d'int\u00e9gration verticale de la super-usine 5320\u33a1<\/strong><\/h3>\n<p>-\u00a0<strong>Contr\u00f4le total du processus<\/strong>: De la s\u00e9lection du papier \u00e0 la d\u00e9coupe de l'emballage, en passant par l'impression,\u00a0<strong>tra\u00e7abilit\u00e9 num\u00e9rique<\/strong>\u00a0est atteint (le code QR est associ\u00e9 \u00e0 chaque lot de produits). -\u00a0<strong>Couverture des services<\/strong>: La personnalisation de petits lots (commande minimale de 500 pi\u00e8ces) jusqu'\u00e0 la production de masse \u00e0 l'\u00e9chelle du million, ainsi que la livraison acc\u00e9l\u00e9r\u00e9e en 48 heures des commandes urgentes.<\/p>","protected":false},"excerpt":{"rendered":"<p>Dans la vague de recherche d'individualit\u00e9 et de d\u00e9veloppement durable sur le march\u00e9 mondial de la beaut\u00e9, l'industrie chinoise de fabrication d'emballages devient le partenaire privil\u00e9gi\u00e9 des marques internationales gr\u00e2ce \u00e0 sa technologie innovante et aux avantages de sa cha\u00eene industrielle compl\u00e8te. En tant que fournisseur chinois profond\u00e9ment engag\u00e9 dans le domaine de la personnalisation des bo\u00eetes de parfum, ZOJO Print prend en compte les besoins de ses clients.\u00a0<strong>mat\u00e9riaux respectueux de l'environnement, processus intelligents et production flexible<\/strong>\u00a0pour fournir aux clients du monde entier des solutions de bo\u00eetes \u00e0 parfum haut de gamme pr\u00e9sentant \u00e0 la fois une valeur esth\u00e9tique et une fonctionnalit\u00e9.<\/p>","protected":false},"featured_media":9472,"template":"","meta":[],"product_brand":[],"product_cat":[30,417,430,31],"product_tag":[1184,1182,1183],"class_list":{"0":"post-9464","1":"product","2":"type-product","3":"status-publish","4":"has-post-thumbnail","6":"product_cat-by-industry","7":"product_cat-custom-perfume-boxes-by-industry","8":"product_cat-folding-cartons","9":"product_cat-paper-box-style","10":"product_tag-carton-boxes-supplier","11":"product_tag-custom-print-parfum-box","12":"product_tag-folding-carton-boxes","14":"first","15":"instock","16":"shipping-taxable","17":"product-type-grouped"},"_links":{"self":[{"href":"https:\/\/zojopackaging.com\/fr\/wp-json\/wp\/v2\/product\/9464","targetHints":{"allow":["GET"]}}],"collection":[{"href":"https:\/\/zojopackaging.com\/fr\/wp-json\/wp\/v2\/product"}],"about":[{"href":"https:\/\/zojopackaging.com\/fr\/wp-json\/wp\/v2\/types\/product"}],"version-history":[{"count":1,"href":"https:\/\/zojopackaging.com\/fr\/wp-json\/wp\/v2\/product\/9464\/revisions"}],"predecessor-version":[{"id":9477,"href":"https:\/\/zojopackaging.com\/fr\/wp-json\/wp\/v2\/product\/9464\/revisions\/9477"}],"wp:featuredmedia":[{"embeddable":true,"href":"https:\/\/zojopackaging.com\/fr\/wp-json\/wp\/v2\/media\/9472"}],"wp:attachment":[{"href":"https:\/\/zojopackaging.com\/fr\/wp-json\/wp\/v2\/media?parent=9464"}],"wp:term":[{"taxonomy":"product_brand","embeddable":true,"href":"https:\/\/zojopackaging.com\/fr\/wp-json\/wp\/v2\/product_brand?post=9464"},{"taxonomy":"product_cat","embeddable":true,"href":"https:\/\/zojopackaging.com\/fr\/wp-json\/wp\/v2\/product_cat?post=9464"},{"taxonomy":"product_tag","embeddable":true,"href":"https:\/\/zojopackaging.com\/fr\/wp-json\/wp\/v2\/product_tag?post=9464"}],"curies":[{"name":"wp","href":"https:\/\/api.w.org\/{rel}","templated":true}]}}