{"id":9480,"date":"2025-04-02T16:57:45","date_gmt":"2025-04-02T08:57:45","guid":{"rendered":"https:\/\/zojopackaging.com\/?post_type=product&#038;p=9480"},"modified":"2025-04-02T18:20:12","modified_gmt":"2025-04-02T10:20:12","slug":"new-style-double-open-door-bracelet-necklace-ring-gift-boxes","status":"publish","type":"product","link":"https:\/\/zojopackaging.com\/fr\/product\/new-style-double-open-door-bracelet-necklace-ring-gift-boxes\/","title":{"rendered":"Nouveau Style Double Porte Ouverte Bracelet Collier Bague Boites Cadeaux"},"content":{"rendered":"<h2 id=\"1-innovative-structure-and-design-highlights-\">1.\u00a0<strong>Structure innovante et points forts de la conception<\/strong><\/h2>\n<ol>\n<li><strong>Type de bo\u00eete de levage \u00e0 double porte<\/strong>\u00a0Gr\u00e2ce \u00e0 une structure de levage brevet\u00e9e, le plateau int\u00e9gr\u00e9 se soul\u00e8ve lentement avec le battant de la porte lors de l'ouverture de la bo\u00eete, ce qui produit un effet de pr\u00e9sentation de type \"sc\u00e9nique\". La conception \u00e0 double porte avec un grand angle d'ouverture et de fermeture (jusqu'\u00e0 180\u00b0) am\u00e9liore non seulement l'impact visuel, mais permet \u00e9galement aux clients d'appr\u00e9cier plus facilement les d\u00e9tails des bijoux dans toutes les directions. Le bord du battant de la porte est dot\u00e9 d'attaches magn\u00e9tiques pour garantir une fermeture stable et une ouverture et une fermeture en douceur.<\/li>\n<\/ol>\n<h2 id=\"2-high-strength-material-and-load-bearing-performance-\">2.\u00a0<strong>Mat\u00e9riau \u00e0 haute r\u00e9sistance et performance portante<\/strong><\/h2>\n<ol>\n<li><strong>Structure du papier composite<\/strong>\u00a0La couche ext\u00e9rieure utilise du papier d'art couch\u00e9 C2S de 157 g (texture mate anti-traces de doigts), et la couche int\u00e9rieure est compos\u00e9e de carton dur de 1200 g pour former une structure \"sandwich\" r\u00e9sistante \u00e0 la compression. Selon des tests en laboratoire, la bo\u00eete vide peut supporter jusqu'\u00e0 15 kg et r\u00e9sister \u00e0 plus de 30 chutes de 1,5 m\u00e8tre lorsqu'elle est enti\u00e8rement charg\u00e9e, ce qui r\u00e9pond aux besoins du transport transfrontalier.<\/li>\n<li><strong>Garantie de certification environnementale<\/strong>\u00a0Le mat\u00e9riau a obtenu la certification foresti\u00e8re FSC et la couche de carton utilise des adh\u00e9sifs \u00e0 base d'eau, qui r\u00e9pondent aux normes de protection de l'environnement REACH de l'UE et peuvent \u00eatre 100% recycl\u00e9s et d\u00e9grad\u00e9s.<\/li>\n<\/ol>\n<h2 id=\"3-precision-protection-system-\">3.\u00a0<strong>Syst\u00e8me de protection de pr\u00e9cision<\/strong><\/h2>\n<ol>\n<li><strong>Doublure EVA personnalis\u00e9e<\/strong>\u00a0Gr\u00e2ce \u00e0 la technologie de gravure laser 3D, la doublure EVA antichoc est d\u00e9coup\u00e9e avec pr\u00e9cision en fonction de la taille du bijou. La densit\u00e9 de la doublure est de 45\u00b15 Shore C, ce qui offre \u00e0 la fois un amortissement doux et un soutien, et permet de fixer des bijoux en cha\u00eene de 0,5 mm d'\u00e9paisseur pour \u00e9viter qu'ils ne s'emm\u00ealent. La surface int\u00e9rieure est recouverte d'une couche de flocage de 0,2 mm pour \u00e9viter les rayures du m\u00e9tal.<\/li>\n<li><strong>Conception d'une partition \u00e0 plusieurs niveaux<\/strong>\u00a0Permet une combinaison modulaire :<\/li>\n<li><strong>Zone de l'anneau<\/strong>: Fente de carte en silicone r\u00e9glable de 12 \u00e0 25 mm de diam\u00e8tre<\/li>\n<li><strong>Zone du collier<\/strong>: Rainure antid\u00e9rapante en forme de U + boucle de fixation magn\u00e9tique<\/li>\n<li><strong>Zone du bracelet<\/strong>Cloison t\u00e9lescopique, adapt\u00e9e \u00e0 un poignet de 14 \u00e0 22 cm de circonf\u00e9rence<\/li>\n<\/ol>\n<h2 id=\"iv-visual-aesthetics-and-customization-scheme-\">4. <strong>Esth\u00e9tique visuelle et sch\u00e9ma de personnalisation<\/strong><\/h2>\n<ol>\n<li><strong>Conception de couleurs et de textures<\/strong>\u00a0La couleur principale est le brun #8B4513, avec une technologie de gaufrage imitant le grain du bois, ce qui donne une impression de naturel et de simplicit\u00e9. Technologie optionnelle de marquage \u00e0 chaud\/argent \u00e0 chaud (comme la texture des nervures des feuilles, les lignes g\u00e9om\u00e9triques), ou vernis UV local.<\/li>\n<li><strong>Service de personnalisation approfondie<\/strong><\/li>\n<li><strong>Taille flexible<\/strong>: Mod\u00e8le de base 18\u00d712\u00d78cm, permet un ajustement de la port\u00e9e de \u00b15cm<\/li>\n<li><strong>Processus d'impression<\/strong>: Fournit 12 effets tels que le marquage \u00e0 froid, la s\u00e9rigraphie, le gaufrage et l'embossage.<\/li>\n<li><strong>Extension de la fonction<\/strong>: Peut \u00eatre \u00e9quip\u00e9 d'une bande lumineuse d'ambiance \u00e0 LED (72 heures d'autonomie), d'une \u00e9tiquette de tra\u00e7abilit\u00e9 \u00e0 puce NFC<\/li>\n<\/ol>\n<h2 id=\"v-production-strength-and-quality-assurance-\">5. <strong>Force de production et assurance qualit\u00e9<\/strong><\/h2>\n<ol>\n<li><strong>Syst\u00e8me de fabrication intelligente \u00e0 l'\u00e9chelle<\/strong>\u00a0S'appuyant sur une usine automatis\u00e9e de 5320\u33a1, \u00e9quip\u00e9e d'une machine d'impression offset Heidelberg CD102-8+L et d'une ligne de production de d\u00e9coupe enti\u00e8rement automatique, la capacit\u00e9 de production quotidienne atteint 30 000 bo\u00eetes. Pass\u00e9 la certification du syst\u00e8me de gestion de la qualit\u00e9 ISO9001, le taux de d\u00e9fectuosit\u00e9 est contr\u00f4l\u00e9 en dessous de 0,3%.<\/li>\n<li><strong>Exp\u00e9rience des services transfrontaliers<\/strong>\u00a0Elle fournit des solutions compl\u00e8tes de \"conception-production-logistique\" pour des canaux tels qu'Amazon et des stations ind\u00e9pendantes, prend en charge les conditions commerciales DDP\/DDU et a desservi plus de 200 marques de bijoux europ\u00e9ennes et am\u00e9ricaines.<\/li>\n<\/ol>\n<h2 id=\"-technical-parameters-\"><strong>Param\u00e8tres techniques<\/strong><\/h2>\n<table>\n<thead>\n<tr>\n<th>Projet<\/th>\n<th>Sp\u00e9cifications<\/th>\n<\/tr>\n<\/thead>\n<tbody>\n<tr>\n<td>Taille de base<\/td>\n<td>Personnalisable<\/td>\n<\/tr>\n<tr>\n<td>Capacit\u00e9 de charge<\/td>\n<td>\u226415kg (statique)<\/td>\n<\/tr>\n<tr>\n<td>Heures d'ouverture et de fermeture<\/td>\n<td>\u22655000 cycles test\u00e9s sans d\u00e9faillance<\/td>\n<\/tr>\n<tr>\n<td>Quantit\u00e9 minimale de commande<\/td>\n<td>500 pi\u00e8ces (possibilit\u00e9 de m\u00e9langer les couleurs et les styles)<\/td>\n<\/tr>\n<tr>\n<td>Cycle de livraison<\/td>\n<td>7-10 jours ouvrables (dans la limite de 3000pcs)<\/td>\n<\/tr>\n<\/tbody>\n<\/table>","protected":false},"excerpt":{"rendered":"<p>1. Bo\u00eete \u00e9l\u00e9vatrice \u00e0 double porte, conception sp\u00e9ciale de la bo\u00eete, nouvelle et unique, pouvant attirer l'attention des clients.<br \/>\n2. 157g de papier couch\u00e9 C2S + 1200g de carton rigide donnent \u00e0 la bo\u00eete \u00e9l\u00e9vatrice \u00e0 double porte une capacit\u00e9 de charge qui permet de transporter des bracelets, des colliers et des bagues, et d'assurer un transport \u00e0 long terme sans d\u00e9formation.<br \/>\n3. La doublure en EVA peut \u00eatre d\u00e9coup\u00e9e en fonction de la taille de vos bracelets, colliers et bagues afin de s'adapter parfaitement \u00e0 la taille, de garantir l'absence de mouvement et de prot\u00e9ger vos bracelets, colliers et bagues contre les rayures pendant le transport.<\/p>","protected":false},"featured_media":9481,"template":"","meta":[],"product_brand":[],"product_cat":[30,415,428,31],"product_tag":[1193,1191,1192],"class_list":{"0":"post-9480","1":"product","2":"type-product","3":"status-publish","4":"has-post-thumbnail","6":"product_cat-by-industry","7":"product_cat-custom-jewelry-boxes-by-industry","8":"product_cat-irregular-shaped-gift-boxes","9":"product_cat-paper-box-style","10":"product_tag-bracelet-gift-boxes","11":"product_tag-double-open-door-bracelet-gift-boxes","12":"product_tag-necklace-ring-gift-boxes","14":"first","15":"instock","16":"shipping-taxable","17":"product-type-grouped"},"_links":{"self":[{"href":"https:\/\/zojopackaging.com\/fr\/wp-json\/wp\/v2\/product\/9480","targetHints":{"allow":["GET"]}}],"collection":[{"href":"https:\/\/zojopackaging.com\/fr\/wp-json\/wp\/v2\/product"}],"about":[{"href":"https:\/\/zojopackaging.com\/fr\/wp-json\/wp\/v2\/types\/product"}],"version-history":[{"count":1,"href":"https:\/\/zojopackaging.com\/fr\/wp-json\/wp\/v2\/product\/9480\/revisions"}],"predecessor-version":[{"id":9487,"href":"https:\/\/zojopackaging.com\/fr\/wp-json\/wp\/v2\/product\/9480\/revisions\/9487"}],"wp:featuredmedia":[{"embeddable":true,"href":"https:\/\/zojopackaging.com\/fr\/wp-json\/wp\/v2\/media\/9481"}],"wp:attachment":[{"href":"https:\/\/zojopackaging.com\/fr\/wp-json\/wp\/v2\/media?parent=9480"}],"wp:term":[{"taxonomy":"product_brand","embeddable":true,"href":"https:\/\/zojopackaging.com\/fr\/wp-json\/wp\/v2\/product_brand?post=9480"},{"taxonomy":"product_cat","embeddable":true,"href":"https:\/\/zojopackaging.com\/fr\/wp-json\/wp\/v2\/product_cat?post=9480"},{"taxonomy":"product_tag","embeddable":true,"href":"https:\/\/zojopackaging.com\/fr\/wp-json\/wp\/v2\/product_tag?post=9480"}],"curies":[{"name":"wp","href":"https:\/\/api.w.org\/{rel}","templated":true}]}}