{"id":9488,"date":"2025-04-02T17:39:29","date_gmt":"2025-04-02T09:39:29","guid":{"rendered":"https:\/\/zojopackaging.com\/?post_type=product&#038;p=9488"},"modified":"2025-04-02T18:18:37","modified_gmt":"2025-04-02T10:18:37","slug":"luxury-velvet-jewelry-necklace-box-wholesale-with-logo","status":"publish","type":"product","link":"https:\/\/zojopackaging.com\/fr\/product\/luxury-velvet-jewelry-necklace-box-wholesale-with-logo\/","title":{"rendered":"Bo\u00eete \u00e0 bijoux en velours de luxe avec logo"},"content":{"rendered":"<h2 id=\"1-magnetic-opening-and-closing-system-\">1.\u00a0<strong>Syst\u00e8me d'ouverture et de fermeture magn\u00e9tique<\/strong><\/h2>\n<p>L'aspiration magn\u00e9tique de haute pr\u00e9cision est utilis\u00e9e pour l'alignement et l'adsorption automatiques. La course magn\u00e9tique est contr\u00f4l\u00e9e entre 0,3 et 0,5 mm, et l'ouverture et la fermeture peuvent \u00eatre effectu\u00e9es d'un seul geste. Le fonctionnement est souple et le retour d'information tactile est clair, ce qui conf\u00e8re au produit une impression de technologie et de rituel haut de gamme.<\/p>\n<h2 id=\"2-zero-color-difference-printing-process-\">2.\u00a0<strong>Proc\u00e9d\u00e9 d'impression sans diff\u00e9rence de couleur<\/strong><\/h2>\n<p>Gr\u00e2ce \u00e0 un \u00e9quipement d'impression offset de haute pr\u00e9cision et \u00e0 des processus normalis\u00e9s de gestion des couleurs, une encre \u00e0 base d'eau respectueuse de l'environnement est utilis\u00e9e pour garantir que le motif imprim\u00e9 est clair et ne pr\u00e9sente aucune diff\u00e9rence de couleur. L'\u00e9cart de couleur est calibr\u00e9 par un syst\u00e8me de contr\u00f4le en ligne en temps r\u00e9el, et l'erreur est contr\u00f4l\u00e9e \u00e0 \u00b11%, pr\u00e9sentant parfaitement le logo de la marque et les d\u00e9tails de la conception, am\u00e9liorant ainsi la reconnaissance visuelle et la confiance des utilisateurs.<\/p>\n<h2 id=\"3-calming-pink-tone-design-\">3.\u00a0<strong>Design rose apaisant<\/strong><\/h2>\n<p>La doublure en velours rose Morandi est utilis\u00e9e, ce qui a \u00e9t\u00e9 v\u00e9rifi\u00e9 exp\u00e9rimentalement pour r\u00e9duire le rythme cardiaque de 8%-12% et soulager l'anxi\u00e9t\u00e9. La surface adopte une technologie de flocage mat, douce et d\u00e9licate au toucher, qui combine valeur esth\u00e9tique et fonction de gu\u00e9rison \u00e9motionnelle, et s'adapte \u00e0 la tonalit\u00e9 \u00e9l\u00e9gante des bijoux haut de gamme.<\/p>\n<h2 id=\"-customized-production-system-\"><strong>Syst\u00e8me de production personnalis\u00e9<\/strong><\/h2>\n<ul>\n<li><strong>Type et taille de la bo\u00eete<\/strong>: Permet de personnaliser des bo\u00eetes carr\u00e9es, rondes, en forme de c\u0153ur et d'autres formes sp\u00e9ciales, d'une taille comprise entre 5\u00d75 cm et 30\u00d730 cm, adapt\u00e9es aux colliers, pendentifs, bracelets et autres types de bijoux.<\/li>\n<li><strong>Mat\u00e9riau et finition de la surface<\/strong>: En option, velours, velours ou cuir recycl\u00e9 respectueux de l'environnement, la surface supporte le marquage \u00e0 chaud, le gaufrage, le gaufrage UV et d'autres techniques pour am\u00e9liorer le sens du toucher et la hi\u00e9rarchie visuelle.<\/li>\n<li><strong>Structure de la doublure int\u00e9rieure<\/strong>: Doublure du compartiment personnalis\u00e9e en fonction de la taille du bijou, utilisant des coussins en mousse \u00e0 m\u00e9moire de forme ou en flocage, avec des boucles r\u00e9glables pour assurer la stabilit\u00e9 pendant le transport et l'exposition.<\/li>\n<\/ul>","protected":false},"excerpt":{"rendered":"<p>1. La bo\u00eete \u00e0 fermeture magn\u00e9tique s'aligne et s'absorbe automatiquement. Elle est facile \u00e0 ouvrir et \u00e0 fermer, et facile \u00e0 manipuler d'une seule main, ce qui rehausse le caract\u00e8re exquis et le sens de la mode du produit.<br \/>\n2. Le rose a un effet calmant important, qui peut faire baisser le rythme cardiaque et la tension art\u00e9rielle, soulager l'anxi\u00e9t\u00e9 et les \u00e9motions agressives.<br \/>\n3. Le type de bo\u00eete, la taille, la couleur, le mat\u00e9riau et l'effet d'impression de surface peuvent \u00eatre fortement personnalis\u00e9s pour s'adapter \u00e0 l'emballage de votre collier de bijoux.<\/p>","protected":false},"featured_media":9489,"template":"","meta":[],"product_brand":[],"product_cat":[30,415,424,31],"product_tag":[1188,1189,1190],"class_list":{"0":"post-9488","1":"product","2":"type-product","3":"status-publish","4":"has-post-thumbnail","6":"product_cat-by-industry","7":"product_cat-custom-jewelry-boxes-by-industry","8":"product_cat-magnetic-closure-boxes","9":"product_cat-paper-box-style","10":"product_tag-luxury-jewelry-box","11":"product_tag-necklace-box-wholesale","12":"product_tag-velvet-jewelry-necklace-packaging-box","14":"first","15":"instock","16":"shipping-taxable","17":"product-type-grouped"},"_links":{"self":[{"href":"https:\/\/zojopackaging.com\/fr\/wp-json\/wp\/v2\/product\/9488","targetHints":{"allow":["GET"]}}],"collection":[{"href":"https:\/\/zojopackaging.com\/fr\/wp-json\/wp\/v2\/product"}],"about":[{"href":"https:\/\/zojopackaging.com\/fr\/wp-json\/wp\/v2\/types\/product"}],"version-history":[{"count":1,"href":"https:\/\/zojopackaging.com\/fr\/wp-json\/wp\/v2\/product\/9488\/revisions"}],"predecessor-version":[{"id":9496,"href":"https:\/\/zojopackaging.com\/fr\/wp-json\/wp\/v2\/product\/9488\/revisions\/9496"}],"wp:featuredmedia":[{"embeddable":true,"href":"https:\/\/zojopackaging.com\/fr\/wp-json\/wp\/v2\/media\/9489"}],"wp:attachment":[{"href":"https:\/\/zojopackaging.com\/fr\/wp-json\/wp\/v2\/media?parent=9488"}],"wp:term":[{"taxonomy":"product_brand","embeddable":true,"href":"https:\/\/zojopackaging.com\/fr\/wp-json\/wp\/v2\/product_brand?post=9488"},{"taxonomy":"product_cat","embeddable":true,"href":"https:\/\/zojopackaging.com\/fr\/wp-json\/wp\/v2\/product_cat?post=9488"},{"taxonomy":"product_tag","embeddable":true,"href":"https:\/\/zojopackaging.com\/fr\/wp-json\/wp\/v2\/product_tag?post=9488"}],"curies":[{"name":"wp","href":"https:\/\/api.w.org\/{rel}","templated":true}]}}