{"id":9495,"date":"2025-04-02T18:06:32","date_gmt":"2025-04-02T10:06:32","guid":{"rendered":"https:\/\/zojopackaging.com\/?post_type=product&#038;p=9495"},"modified":"2025-04-02T18:27:39","modified_gmt":"2025-04-02T10:27:39","slug":"minimalist-perfume-folding-box-custom-branding-cardboard-manufacturer","status":"publish","type":"product","link":"https:\/\/zojopackaging.com\/fr\/product\/minimalist-perfume-folding-box-custom-branding-cardboard-manufacturer\/","title":{"rendered":"Bo\u00eete pliante minimaliste pour parfums Fabrication de bo\u00eetes en carton avec marquage personnalis\u00e9"},"content":{"rendered":"<h3 id=\"-1-material-revolution-environmental-philosophy-of-fsc-certified-cardboard-\"><strong>1. La r\u00e9volution des mat\u00e9riaux : Philosophie environnementale du carton certifi\u00e9 FSC<\/strong><\/h3>\n<p>Nous s\u00e9lectionnons\u00a0<strong>Carte blanche haute densit\u00e9 de 350 g<\/strong>\u00a0et\u00a0<strong>papier kraft recycl\u00e9<\/strong>qui ont obtenu la certification foresti\u00e8re FSC et la double certification du syst\u00e8me de gestion de la qualit\u00e9 ISO 9001. Utilisations du carton blanc\u00a0<strong>fibre de pulpe de bois originale<\/strong>\u00a0Le papier kraft est trait\u00e9 avec une technologie de tissage, avec une r\u00e9sistance \u00e0 la compression de 5,2kN\/m\u00b2 et une capacit\u00e9 de charge de 5kg sans d\u00e9formation ; le papier kraft est trait\u00e9 avec une technologie de tissage, avec une technologie de tissage.\u00a0<strong>nano-rev\u00eatement \u00e0 base d'eau<\/strong>Sa r\u00e9sistance \u00e0 l'humidit\u00e9 est augment\u00e9e de 40%, et il est compostable et d\u00e9gradable \u00e0 100% (voir les caract\u00e9ristiques de protection de l'environnement du carton kraft haut de gamme).<\/p>\n<h3 id=\"-2-printing-aesthetics-micron-level-precision-and-color-management-\"><strong>2. Esth\u00e9tique de l'impression : pr\u00e9cision au micron et gestion des couleurs<\/strong><\/h3>\n<p>Introduction\u00a0<strong>Presse \u00e0 imprimer six couleurs Heidelberg CD102<\/strong>\u00a0et\u00a0<strong>Syst\u00e8me de gestion des couleurs GMG<\/strong>La reproduction des couleurs est ultra-pr\u00e9cise avec une pr\u00e9cision de \u0394E\u22641,2. Ciblant les besoins de conception minimaliste : -\u00a0<strong>Contr\u00f4le de ligne<\/strong>: Technologie d'impression de ligne fine de 0,05 mm pour garantir des bords nets du LOGO sans bavures ; -\u00a0<strong>Transition progressive<\/strong>: Encre d\u00e9grad\u00e9e Pantone + proc\u00e9d\u00e9 de surimpression multicolore pour obtenir un d\u00e9grad\u00e9 lisse de la transparence 0-100% ; -\u00a0<strong>Effets sp\u00e9ciaux<\/strong>: Local\u00a0<strong>mat UV<\/strong>\u00a0et\u00a0<strong>encre blanche nacr\u00e9e<\/strong>\u00a0sont superpos\u00e9s pour cr\u00e9er une texture mate de haute qualit\u00e9.<\/p>\n<h3 id=\"-3-matt-film-process-dual-dimensional-enhancement-of-touch-and-vision-\"><strong>3. Proc\u00e9d\u00e9 de film mat : am\u00e9lioration bidimensionnelle du toucher et de la vision<\/strong><\/h3>\n<p>Adopter\u00a0<strong>Film mat Henkel XL800 allemand<\/strong>Avec une \u00e9paisseur de 18\u03bcm et un voile de 85%, la r\u00e9flectivit\u00e9 est r\u00e9duite \u00e0 moins de 12%. \u00c0 travers\u00a0<strong>technologie de pr\u00e9traitement au plasma<\/strong>\u00a0pour am\u00e9liorer l'adh\u00e9rence de la couche de film, combin\u00e9e avec\u00a0<strong>technologie d'estampage \u00e0 froid et \u00e0 chaud<\/strong>\u00a0(technologie d'estampage \u00e0 chaud), les lignes dor\u00e9es pr\u00e9sentent un effet de gaufrage tridimensionnel de 0,3 mm sur la base mate, et le toucher est aussi d\u00e9licat que la soie.<\/p>\n<h3 id=\"-4-hot-stamping-philosophy-luxurious-expression-in-restraint-\"><strong>4. Philosophie du marquage \u00e0 chaud : l'expression luxueuse dans la sobri\u00e9t\u00e9<\/strong><\/h3>\n<p>Suivant le principe minimaliste du \"moins, c'est plus\", nous appliquons de mani\u00e8re innovante les principes suivants\u00a0<strong>nano micro marquage \u00e0 chaud<\/strong>\u00a0technologie : -\u00a0<strong>Contr\u00f4le de l'\u00e9paisseur<\/strong>: L'\u00e9paisseur de la feuille d'or n'est que de 3\u03bcm, ce qui permet d'obtenir une ligne ultrafine de 0,08 mm pour le marquage \u00e0 chaud ; -\u00a0<strong>Pr\u00e9cision du positionnement<\/strong>: L'erreur de r\u00e9alisation de la plaque laser est \u22640,02mm, ce qui permet de s'assurer que le LOGO est parfaitement align\u00e9 avec le bord de la bo\u00eete ; -.\u00a0<strong>Gestion des couleurs<\/strong>: Adopter\u00a0<strong>or rose\/champagne<\/strong>\u00a0carte de couleur personnalis\u00e9e, diff\u00e9rence de couleur \u0394E\u22640,8 (se r\u00e9f\u00e9rer aux normes du processus de marquage \u00e0 chaud).<\/p>\n<h3 id=\"-5-smart-manufacturing-matrix-industrial-4-0-production-system-\"><strong>5. Matrice de la fabrication intelligente : Syst\u00e8me de production industriel 4.0<\/strong><\/h3>\n<p>-\u00a0<strong>Groupement d'\u00e9quipements<\/strong>: \u00c9quip\u00e9 de 23 dispositifs intelligents tels que la machine de d\u00e9coupe allemande BOBST et la machine de gaufrage italienne Sacmi, permettant une d\u00e9coupe de forme sp\u00e9ciale d'une pr\u00e9cision de 0,1 mm.\u00a0<strong>Centre num\u00e9rique<\/strong>: Le syst\u00e8me MES surveille la temp\u00e9rature et l'humidit\u00e9 (\u00b11,5%), la pression (\u00b10,02MPa) et d'autres param\u00e8tres en temps r\u00e9el, et le taux de d\u00e9faut est contr\u00f4l\u00e9 en dessous de 0,2% ; -\u00a0<strong>R\u00e9ponse rapide<\/strong>: La mod\u00e9lisation 3D et l'\u00e9preuvage sont r\u00e9alis\u00e9s en 8 heures, et le cycle de production de masse est r\u00e9duit \u00e0 7-9 jours.<\/p>\n<h3 id=\"-6-design-empowerment-infinite-possibilities-of-minimalist-aesthetics-\"><strong>6. L'autonomisation du design : les possibilit\u00e9s infinies de l'esth\u00e9tique minimaliste<\/strong><\/h3>\n<p>L'\u00e9quipe dirig\u00e9e par trois laur\u00e9ats de prix internationaux de conception d'emballages propose trois strat\u00e9gies de conception majeures : -\u00a0<strong>Simplicit\u00e9 structurelle<\/strong>: D\u00e9velopper 12 structures de pliage brevet\u00e9es (telles que des couvercles sup\u00e9rieurs et inf\u00e9rieurs magn\u00e9tiques) afin de r\u00e9duire les pi\u00e8ces redondantes ; -\u00a0<strong>Soustraction visuelle<\/strong>: Utiliser l'art vierge et l'espace n\u00e9gatif pour r\u00e9duire la densit\u00e9 de l'information par 40% ; -\u00a0<strong>Innovation interactive<\/strong>: Int\u00e9grer une puce NFC (en option), scanner le code pour obtenir l'histoire du parfum et la sc\u00e8ne AR de la marque (se r\u00e9f\u00e9rer aux tendances de l'emballage intelligent).<\/p>\n<h3 id=\"-7-industrial-cornerstone-vertical-integration-of-the-5-320-super-factory-\"><strong>7. Pierre angulaire industrielle : int\u00e9gration verticale de la super usine de 5 320\u33a1.<\/strong><\/h3>\n<p>-\u00a0<strong>Disposition spatiale<\/strong>la division en trois ateliers intelligents pour l'impression, la d\u00e9coupe et l'emballage, \u00e9quip\u00e9s d'un syst\u00e8me de manutention sans conducteur AGV ; - la division en trois ateliers intelligents pour l'impression et la d\u00e9coupe\u00a0<strong>Configuration des capacit\u00e9s<\/strong>une capacit\u00e9 de production quotidienne de 200 000 pi\u00e8ces, permettant de r\u00e9pondre \u00e0 des commandes allant de 500 pi\u00e8ces \u00e0 une production de masse d'un million d'unit\u00e9s, et une livraison des commandes d'urgence dans les 24 heures\u00a0<strong>Syst\u00e8me de contr\u00f4le de la qualit\u00e9<\/strong>: Certifi\u00e9 ISO 9001\/BSCI, chaque lot de produits subit 12 tests destructifs (r\u00e9sistance \u00e0 la pression\/chute\/haute et basse temp\u00e9rature).<\/p>","protected":false},"excerpt":{"rendered":"<p>Aujourd'hui, alors que la tendance au minimalisme balaie le march\u00e9 mondial de la beaut\u00e9, l'emballage des parfums a depuis longtemps d\u00e9pass\u00e9 le stade des contenants fonctionnels et est devenu un support artistique permettant aux marques de communiquer avec les consommateurs. En tant qu'entreprise de r\u00e9f\u00e9rence dans le domaine de la personnalisation du papier haut de gamme en Chine, ZOJO Print prend en compte les besoins de ses clients.\u00a0<strong>un design minimaliste, un savoir-faire et une qualit\u00e9 irr\u00e9prochables<\/strong>\u00a0La soci\u00e9t\u00e9 a pour mission de fournir \u00e0 ses clients du monde entier des solutions de bo\u00eetes pliantes pour parfums qui allient une esth\u00e9tique novatrice \u00e0 une valeur pratique.<\/p>","protected":false},"featured_media":9500,"template":"","meta":[],"product_brand":[],"product_cat":[30,417,430,31],"product_tag":[1196,1195,1194],"class_list":{"0":"post-9495","1":"product","2":"type-product","3":"status-publish","4":"has-post-thumbnail","6":"product_cat-by-industry","7":"product_cat-custom-perfume-boxes-by-industry","8":"product_cat-folding-cartons","9":"product_cat-paper-box-style","10":"product_tag-cardboard-manufacturer","11":"product_tag-folding-box-custom","12":"product_tag-minimalist-perfume-folding-box","14":"first","15":"instock","16":"shipping-taxable","17":"product-type-grouped"},"_links":{"self":[{"href":"https:\/\/zojopackaging.com\/fr\/wp-json\/wp\/v2\/product\/9495","targetHints":{"allow":["GET"]}}],"collection":[{"href":"https:\/\/zojopackaging.com\/fr\/wp-json\/wp\/v2\/product"}],"about":[{"href":"https:\/\/zojopackaging.com\/fr\/wp-json\/wp\/v2\/types\/product"}],"version-history":[{"count":1,"href":"https:\/\/zojopackaging.com\/fr\/wp-json\/wp\/v2\/product\/9495\/revisions"}],"predecessor-version":[{"id":9510,"href":"https:\/\/zojopackaging.com\/fr\/wp-json\/wp\/v2\/product\/9495\/revisions\/9510"}],"wp:featuredmedia":[{"embeddable":true,"href":"https:\/\/zojopackaging.com\/fr\/wp-json\/wp\/v2\/media\/9500"}],"wp:attachment":[{"href":"https:\/\/zojopackaging.com\/fr\/wp-json\/wp\/v2\/media?parent=9495"}],"wp:term":[{"taxonomy":"product_brand","embeddable":true,"href":"https:\/\/zojopackaging.com\/fr\/wp-json\/wp\/v2\/product_brand?post=9495"},{"taxonomy":"product_cat","embeddable":true,"href":"https:\/\/zojopackaging.com\/fr\/wp-json\/wp\/v2\/product_cat?post=9495"},{"taxonomy":"product_tag","embeddable":true,"href":"https:\/\/zojopackaging.com\/fr\/wp-json\/wp\/v2\/product_tag?post=9495"}],"curies":[{"name":"wp","href":"https:\/\/api.w.org\/{rel}","templated":true}]}}