{"id":9503,"date":"2025-04-02T18:21:04","date_gmt":"2025-04-02T10:21:04","guid":{"rendered":"https:\/\/zojopackaging.com\/?post_type=product&#038;p=9503"},"modified":"2025-04-02T18:44:27","modified_gmt":"2025-04-02T10:44:27","slug":"marble-texture-pattern-jewelry-necklace-bracelet-gift-boxes","status":"publish","type":"product","link":"https:\/\/zojopackaging.com\/fr\/product\/marble-texture-pattern-jewelry-necklace-bracelet-gift-boxes\/","title":{"rendered":"Bo\u00eete \u00e0 bijoux \u00e0 motif de texture marbr\u00e9e Collier Bracelet Cadeaux"},"content":{"rendered":"<h2 id=\"1-marble-texture-design-with-both-natural-art-and-practical-functions-\">1.\u00a0<strong>Motif de texture en marbre, \u00e0 la fois art naturel et fonctions pratiques<\/strong><\/h2>\n<p>Ce coffret utilise une technologie bionique avanc\u00e9e pour reproduire la texture naturelle du marbre, avec une base blanche et des lignes profil\u00e9es roses ou dor\u00e9es, qui non seulement pr\u00e9sentent la beaut\u00e9 fluide de la pierre naturelle, mais assurent \u00e9galement des fonctions de r\u00e9sistance \u00e0 l'usure et d'antisalissure gr\u00e2ce \u00e0 des mat\u00e9riaux de rev\u00eatement sp\u00e9ciaux. Le design de la texture s'inspire des \u00e9l\u00e9ments d\u00e9coratifs classiques de l'h\u00f4tel Bulgari en Italie. Les lignes entrelac\u00e9es de clair et de fonc\u00e9 conf\u00e8rent \u00e0 l'emballage une tension visuelle dynamique, rompant la monotonie des bo\u00eetes \u00e0 bijoux traditionnelles, de sorte que les clients sont attir\u00e9s par sa texture unique d\u00e8s l'instant o\u00f9 ils ouvrent la bo\u00eete.<\/p>\n<h2 id=\"2-magnetic-box-structure-efficient-space-and-convenient-operation-\">2.\u00a0<strong>Structure de la bo\u00eete \u00e0 fermeture magn\u00e9tique : efficacit\u00e9 de l'espace et facilit\u00e9 d'utilisation<\/strong><\/h2>\n<p>La bo\u00eete adopte une conception d'ouverture et de fermeture magn\u00e9tique, qui permet de r\u00e9aliser l'exp\u00e9rience \u00e9l\u00e9gante d'une \"ouverture \u00e0 une touche\" gr\u00e2ce \u00e0 la disposition pr\u00e9cise de l'aimant, et d'optimiser la stratification de l'espace interne :<\/p>\n<ul>\n<li><strong>Stockage en couches<\/strong>: Les cloisons r\u00e9glables int\u00e9gr\u00e9es conviennent aux diff\u00e9rents types de bijoux tels que les colliers, les bracelets, les boucles d'oreilles, etc. et peuvent \u00eatre combin\u00e9es librement gr\u00e2ce \u00e0 des modules magn\u00e9tiques afin d'augmenter l'utilisation de l'espace par 30%.<\/li>\n<li><strong>Portable et r\u00e9sistant aux chutes<\/strong>: Une fois le couvercle ferm\u00e9, il est fermement absorb\u00e9 par le magn\u00e9tisme afin d'\u00e9viter toute ouverture accidentelle pendant le transport. Il est con\u00e7u avec des mat\u00e9riaux l\u00e9gers, en tenant compte de la durabilit\u00e9 et de la portabilit\u00e9.<\/li>\n<\/ul>\n<h2 id=\"3-hot-stamping-technology-creates-a-luxurious-visual-effect-\">3. Or h<strong>La technologie de la feuille d'impression cr\u00e9e un effet visuel luxueux.<\/strong><\/h2>\n<p>La surface de la bo\u00eete cadeau adopte un double proc\u00e9d\u00e9 composite :<\/p>\n<p id=\"1-embossed-hot-stamping-0-1mm-gold-foil-is-applied-to-the-logo-and-edge-lines-of-the-lid-which-presents-a-gradient-metallic-luster-under-light-and-has-a-three-dimensional-and-delicate-touch-strengthening-the-high-end-positioning-of-the-brand-\">1.\u00a0<strong>Marquage \u00e0 chaud en relief<\/strong>: Une feuille d'or de 0,1 mm est appliqu\u00e9e sur le LOGO et les lignes de bord du couvercle, qui pr\u00e9sente un \u00e9clat m\u00e9tallique d\u00e9grad\u00e9 \u00e0 la lumi\u00e8re, un toucher tridimensionnel et d\u00e9licat, renfor\u00e7ant ainsi le positionnement haut de gamme de la marque.<\/p>\n<p id=\"2-laser-light-effect-local-superposition-of-laser-hot-stamping-technology-dynamic-refraction-of-multi-angle-light-and-shadow-creating-a-jewelry-level-visual-impact-which-meets-the-needs-of-holiday-gifts-or-luxury-packaging-\">2.\u00a0<strong>Effet de lumi\u00e8re laser<\/strong>: Superposition locale de la technologie de marquage \u00e0 chaud au laser, r\u00e9fraction dynamique de la lumi\u00e8re et de l'ombre sous plusieurs angles, cr\u00e9ant un impact visuel de niveau bijou, qui r\u00e9pond aux besoins des cadeaux de vacances ou des emballages de luxe.<\/p>\n<h2 id=\"4-eva-flocking-lining-all-round-protection-system-\">4.\u00a0<strong>Doublure en flocage EVA : syst\u00e8me de protection int\u00e9grale<\/strong><\/h2>\n<p>La doublure adopte une technologie de flocage EVA personnalis\u00e9e :<\/p>\n<ul>\n<li><strong>Performance de la m\u00e9moire tampon<\/strong>: La mousse EVA de 5 mm d'\u00e9paisseur peut absorber plus de 80% de la force d'impact. Le test de simulation montre qu'aucun bijou n'est endommag\u00e9 lors d'une chute de 1,5 m\u00e8tre.<\/li>\n<li><strong>R\u00e9sistance \u00e0 la compression et aux rayures<\/strong>: La densit\u00e9 du flocage de la surface atteint 1200g\/m\u00b2, ce qui donne une sensation de douceur comme de la soie, \u00e9vitant les rayures caus\u00e9es par le frottement entre les bijoux en m\u00e9tal et la doublure.<\/li>\n<li><strong>Rainures personnalis\u00e9es<\/strong>: Des rainures exclusives sont grav\u00e9es au laser en fonction de la forme du bijou afin de garantir que les parties vuln\u00e9rables telles que les boucles de colliers et les cha\u00eenes de bracelets sont fermement fix\u00e9es.<\/li>\n<\/ul>\n<h2 id=\"5-diversified-outer-packaging-customization-solutions-\">5.\u00a0<strong>Solutions diversifi\u00e9es de personnalisation des emballages ext\u00e9rieurs<\/strong><\/h2>\n<p>Afin de r\u00e9pondre aux besoins des diff\u00e9rents sc\u00e9narios, trois dimensions de personnalisation sont pr\u00e9vues :<\/p>\n<p id=\"1-specification-adaptation-from-9-9-3cm-mini-box-to-25-5-21-9cm-gift-box-set-covering-the-packaging-needs-of-single-jewelry-to-multi-piece-sets-supporting-the-development-of-special-shaped-boxes-such-as-heart-shaped-hexagonal-\">1.\u00a0<strong>Adaptation des sp\u00e9cifications<\/strong>: De la mini-bo\u00eete de 9\u00d79\u00d73 cm au coffret cadeau de 25,5\u00d721\u00d79 cm, couvrant les besoins d'emballage des bijoux individuels aux ensembles de plusieurs pi\u00e8ces, soutenant le d\u00e9veloppement de bo\u00eetes de forme sp\u00e9ciale (telles que les bo\u00eetes en forme de c\u0153ur, hexagonales).<\/p>\n<p id=\"2-style-expansion-you-can-choose-minimalist-solid-color-embossed-pattern-or-joint-illustration-design-support-personalized-elements-such-as-hot-stamping-hot-silver-logo-ribbon-decoration-etc-\">2.\u00a0<strong>Extension du style<\/strong>: Vous pouvez choisir une couleur unie minimaliste, un motif gaufr\u00e9 ou une illustration commune, ainsi que des \u00e9l\u00e9ments personnalis\u00e9s tels que le marquage \u00e0 chaud\/le LOGO argent\u00e9, la d\u00e9coration avec un ruban, etc.<\/p>\n<p id=\"3-environmental-upgrade-provide-fsc-certified-recycled-cardboard-and-degradable-eva-material-options-in-line-with-the-trend-of-green-consumption-\">3.\u00a0<strong>Am\u00e9lioration de l'environnement<\/strong>: Proposer des options de carton recycl\u00e9 certifi\u00e9 FSC et de mat\u00e9riaux EVA d\u00e9gradables, conform\u00e9ment \u00e0 la tendance de la consommation verte.<\/p>\n<h2 id=\"vi-professional-design-team-and-factory-strength-guarantee-\">6. <strong>Une \u00e9quipe de conception professionnelle et la solidit\u00e9 de l'usine sont garanties<\/strong><\/h2>\n<ul>\n<li><strong>Conception cr\u00e9ative<\/strong>: L'\u00e9quipe est compos\u00e9e de concepteurs d'emballages et de consultants en bijouterie ayant plus de 10 ans d'exp\u00e9rience. Ils savent transformer la culture de la marque en langage visuel et ont cr\u00e9\u00e9 des solutions en ligne populaires pour de nombreuses marques de bijoux de luxe.<\/li>\n<li><strong>Garantie de production<\/strong>: L'usine de 5 320\u33a1 est \u00e9quip\u00e9e de machines de marquage \u00e0 chaud enti\u00e8rement automatiques, de machines de d\u00e9coupe CNC EVA et d'autres \u00e9quipements. Avec 16 ans d'exp\u00e9rience de production, il peut atteindre 72 heures d'\u00e9preuvage et 15 jours de livraison de lot. Elle a pass\u00e9 la certification du syst\u00e8me de gestion de la qualit\u00e9 ISO et le taux de qualification des produits est de 99,6%.<\/li>\n<li><strong>Engagement en faveur de la protection de l'environnement<\/strong>: L'impression \u00e0 l'encre \u00e0 base d'eau et la technologie de flocage sans poussi\u00e8re sont utilis\u00e9es pour garantir que le processus de production est conforme aux normes de protection de l'environnement REACH.<\/li>\n<\/ul>","protected":false},"excerpt":{"rendered":"<p>Ce coffret cadeau prend la texture du marbre comme noyau esth\u00e9tique, combine la structure d'aspiration magn\u00e9tique, la technologie de marquage \u00e0 chaud et la doublure protectrice en EVA pour atteindre la triple am\u00e9lioration \"attrait visuel - fonctionnalit\u00e9 - valeur de la marque\". S'appuyant sur des cha\u00eenes d'approvisionnement matures et des services personnalis\u00e9s, il peut s'adapter efficacement aux besoins d'emballage haut de gamme de plusieurs cat\u00e9gories telles que les bijoux, les montres et les produits de luxe, devenant ainsi un choix id\u00e9al pour am\u00e9liorer la qualit\u00e9 des produits et l'exp\u00e9rience des clients.<\/p>","protected":false},"featured_media":9504,"template":"","meta":[],"product_brand":[],"product_cat":[30,415,424,31],"product_tag":[1193,663,1197],"class_list":{"0":"post-9503","1":"product","2":"type-product","3":"status-publish","4":"has-post-thumbnail","6":"product_cat-by-industry","7":"product_cat-custom-jewelry-boxes-by-industry","8":"product_cat-magnetic-closure-boxes","9":"product_cat-paper-box-style","10":"product_tag-bracelet-gift-boxes","11":"product_tag-jewelry-gift-boxes","12":"product_tag-necklace-gift-boxes","14":"first","15":"instock","16":"shipping-taxable","17":"product-type-grouped"},"_links":{"self":[{"href":"https:\/\/zojopackaging.com\/fr\/wp-json\/wp\/v2\/product\/9503","targetHints":{"allow":["GET"]}}],"collection":[{"href":"https:\/\/zojopackaging.com\/fr\/wp-json\/wp\/v2\/product"}],"about":[{"href":"https:\/\/zojopackaging.com\/fr\/wp-json\/wp\/v2\/types\/product"}],"version-history":[{"count":1,"href":"https:\/\/zojopackaging.com\/fr\/wp-json\/wp\/v2\/product\/9503\/revisions"}],"predecessor-version":[{"id":9511,"href":"https:\/\/zojopackaging.com\/fr\/wp-json\/wp\/v2\/product\/9503\/revisions\/9511"}],"wp:featuredmedia":[{"embeddable":true,"href":"https:\/\/zojopackaging.com\/fr\/wp-json\/wp\/v2\/media\/9504"}],"wp:attachment":[{"href":"https:\/\/zojopackaging.com\/fr\/wp-json\/wp\/v2\/media?parent=9503"}],"wp:term":[{"taxonomy":"product_brand","embeddable":true,"href":"https:\/\/zojopackaging.com\/fr\/wp-json\/wp\/v2\/product_brand?post=9503"},{"taxonomy":"product_cat","embeddable":true,"href":"https:\/\/zojopackaging.com\/fr\/wp-json\/wp\/v2\/product_cat?post=9503"},{"taxonomy":"product_tag","embeddable":true,"href":"https:\/\/zojopackaging.com\/fr\/wp-json\/wp\/v2\/product_tag?post=9503"}],"curies":[{"name":"wp","href":"https:\/\/api.w.org\/{rel}","templated":true}]}}