{"id":9512,"date":"2025-04-02T18:44:59","date_gmt":"2025-04-02T10:44:59","guid":{"rendered":"https:\/\/zojopackaging.com\/?post_type=product&#038;p=9512"},"modified":"2025-04-02T19:05:41","modified_gmt":"2025-04-02T11:05:41","slug":"custom-printed-luxury-christmas-valentines-day-set-gift-box","status":"publish","type":"product","link":"https:\/\/zojopackaging.com\/fr\/product\/custom-printed-luxury-christmas-valentines-day-set-gift-box\/","title":{"rendered":"Coffret de luxe personnalis\u00e9 pour No\u00ebl et la Saint-Valentin"},"content":{"rendered":"<h2 id=\"-1-box-design-with-top-and-bottom-lid-one-handed-opening-and-closing-with-both-a-sense-of-ceremony-and-convenience-\"><strong>1. Bo\u00eete avec couvercle sup\u00e9rieur et inf\u00e9rieur : ouverture et fermeture d'une seule main, avec un sens de la c\u00e9r\u00e9monie et de la commodit\u00e9.<\/strong><\/h2>\n<p>Adoptant la structure classique d'une bo\u00eete avec un couvercle sup\u00e9rieur (couvercle sup\u00e9rieur) et une bo\u00eete inf\u00e9rieure (bo\u00eete inf\u00e9rieure), les couvercles sup\u00e9rieur et inf\u00e9rieur sont boucl\u00e9s avec pr\u00e9cision, avec une protection solide et une ouverture et une fermeture en douceur. L'optimisation de l'angle d'ouverture et de la taille de la bo\u00eete permet de l'ouvrir facilement d'une seule main, ce qui am\u00e9liore le sentiment de c\u00e9r\u00e9monie de d\u00e9ballage et l'exp\u00e9rience de l'utilisateur. En option, la bo\u00eete peut \u00eatre expos\u00e9e \u00e0 la taille ou recouverte par le haut, ce qui am\u00e9liore encore la commodit\u00e9 d'utilisation en r\u00e9servant les espaces ou les structures obliques.<\/p>\n<h2 id=\"-2-pink-healing-visual-scheme-creating-a-romantic-holiday-atmosphere-\"><strong>2. Sch\u00e9ma visuel de la gu\u00e9rison par le rose : cr\u00e9er une atmosph\u00e8re de vacances romantique<\/strong><\/h2>\n<p>Avec le rose tendre de la fleur de cerisier et le rose Morandi comme couleurs principales, combin\u00e9s avec le d\u00e9grad\u00e9, le marquage \u00e0 chaud ou la technologie UV, il transmet un sentiment de douceur et d'apaisement. La surface peut \u00eatre recouverte d'un film mat ou d'un papier sp\u00e9cial au toucher velours, associ\u00e9 \u00e0 des motifs g\u00e9om\u00e9triques radiaux ou \u00e0 des illustrations d'\u00e9l\u00e9ments de fleurs de cerisier, afin de rehausser le niveau visuel et la fantaisie des vacances. La doublure est fabriqu\u00e9e en \u00e9ponge rose p\u00e2le ou en mat\u00e9riau EVA, ce qui permet non seulement de prot\u00e9ger les cadeaux, mais aussi de maintenir l'unit\u00e9 du ton g\u00e9n\u00e9ral des couleurs.<\/p>\n<h2 id=\"-3-ribbon-accessories-the-finishing-touch-to-enhance-display-value-\"><strong>3. Accessoires pour rubans : la touche finale pour am\u00e9liorer la valeur de l'affichage<\/strong><\/h2>\n<p>Les rubans personnalis\u00e9s sont standard, avec un choix de velours, de satin, de tissu et d'autres mat\u00e9riaux, et permettent l'impression de LOGO par marquage \u00e0 chaud ou de motifs en relief. Ils peuvent \u00eatre associ\u00e9s \u00e0 des n\u0153uds, des glands ou des boucles m\u00e9talliques pour r\u00e9pondre \u00e0 diff\u00e9rentes exigences de style (velours r\u00e9tro avec perles, ruban minimaliste avec argent chaud, etc.) Le design du long ruban rehausse l'\u00e9l\u00e9gance de la bo\u00eete cadeau, convient aux sc\u00e8nes de cadeaux de vacances et est facile \u00e0 suspendre pour l'exposition.<\/p>\n<h2 id=\"-4-innovative-design-team-personalized-solutions-empower-brand-value-\"><strong>4. \u00c9quipe de conception innovante : les solutions personnalis\u00e9es renforcent la valeur de la marque<\/strong><\/h2>\n<p>S'appuyant sur une \u00e9quipe de concepteurs chevronn\u00e9s, int\u00e9grant des ing\u00e9nieurs structurels et des concepteurs visuels, elle fournit un service complet, de la cr\u00e9ativit\u00e9 \u00e0 la mise en \u0153uvre. A titre d'exemple :<\/p>\n<ul>\n<li><strong>Conception interactive<\/strong>: Combinez des structures rotatives, des illustrations multicouches ou des effets de lumi\u00e8re pour cr\u00e9er un effet de surprise lors de l'ouverture (par exemple, des m\u00e9canismes rotatifs pour afficher des mots d'amour cach\u00e9s).<\/li>\n<li><strong>Technologie intelligente<\/strong>: Int\u00e9grer la technologie AR pour scanner les codes afin de pr\u00e9senter des b\u00e9n\u00e9dictions dynamiques, ou utiliser des \u00e9tiquettes RFID pour assurer une tra\u00e7abilit\u00e9 anti-contrefa\u00e7on.<\/li>\n<\/ul>\n<h2 id=\"-5-highly-customized-options-adapt-to-diverse-needs-\"><strong>5. Options hautement personnalis\u00e9es : s'adapter \u00e0 des besoins divers<\/strong><\/h2>\n<ul>\n<li><strong>Type de bo\u00eete<\/strong>Le syst\u00e8me de gestion de l'exposition : permet de personnaliser les formes rondes, polygonales, sp\u00e9ciales, etc. pour r\u00e9pondre \u00e0 des besoins d'exposition cr\u00e9atifs.<\/li>\n<li><strong>Mat\u00e9riau<\/strong>: En option, papier carton gris respectueux de l'environnement, p\u00e2te de canne \u00e0 sucre d\u00e9gradable, papier en fibre de bambou, etc., en tenant compte de la texture et de la durabilit\u00e9.<\/li>\n<li><strong>Artisanat<\/strong>: Les traitements de surface tels que le marquage \u00e0 chaud\/argent, le gaufrage, la lumi\u00e8re locale UV, la s\u00e9rigraphie, etc.<\/li>\n<li><strong>Taille<\/strong>: La structure de support interne peut \u00eatre ajust\u00e9e de mani\u00e8re flexible pour s'adapter \u00e0 diff\u00e9rentes cat\u00e9gories telles que le chocolat, les bijoux, les cosm\u00e9tiques, etc.<\/li>\n<\/ul>\n<h2 id=\"-6-strict-control-of-quality-and-environmental-protection-commitment-create-a-trusted-choice-\"><strong>6. Contr\u00f4le strict de la qualit\u00e9 et engagement en faveur de la protection de l'environnement : cr\u00e9er un choix de confiance<\/strong><\/h2>\n<ul>\n<li><strong>Gestion de la production<\/strong>: Certification ISO du syst\u00e8me de gestion de la qualit\u00e9, 16 processus d'inspection de la qualit\u00e9 couvrant l'ensemble du processus des mati\u00e8res premi\u00e8res, de l'impression, de la d\u00e9coupe et de l'assemblage.<\/li>\n<li><strong>Normes de protection de l'environnement<\/strong>: Utiliser du papier certifi\u00e9 FSC, de l'encre \u00e0 base d'eau et une structure de verrouillage sans colle afin de r\u00e9duire l'utilisation de plastiques et de soutenir le recyclage et la d\u00e9gradation du compostage.<\/li>\n<li><strong>Artisanat<\/strong>: \u00c9quip\u00e9 d'une machine \u00e0 d\u00e9couper enti\u00e8rement automatique et d'un \u00e9quipement de laminage pour garantir que le bord de la bo\u00eete est plat et bien ajust\u00e9.<\/li>\n<\/ul>\n<h2 id=\"-7-strength-of-large-scale-factories-efficient-delivery-and-cost-advantages-\"><strong>7. La force des grandes usines : livraison efficace et avantages en termes de co\u00fbts<\/strong><\/h2>\n<p>L'imprimerie, qui a 16 ans d'exp\u00e9rience dans le secteur, couvre une superficie de 5 320 m\u00e8tres carr\u00e9s. Elle est \u00e9quip\u00e9e d'un entrep\u00f4t intelligent et de lignes de production flexibles, ce qui lui permet d'assurer la personnalisation de petits lots et de r\u00e9pondre \u00e0 des commandes de grande envergure en parall\u00e8le. S'appuyant sur le service \u00e0 guichet unique \"conception-proofing-production\", elle livre en 7 \u00e0 15 jours et gagne la r\u00e9putation des march\u00e9s \u00e9trangers tels que l'Europe, l'Am\u00e9rique et l'Asie du Sud-Est gr\u00e2ce \u00e0 ses performances en mati\u00e8re de co\u00fbts.<\/p>","protected":false},"excerpt":{"rendered":"<ol>\n<li><strong>Confirmation de la demande<\/strong>: Communiquer la taille, le style et les exigences fonctionnelles du produit, et fournir un aper\u00e7u du rendu en 3D.<\/li>\n<li><strong>V\u00e9rification des \u00e9preuves<\/strong>: Envoi d'\u00e9chantillons physiques dans les trois jours ouvrables, afin de faciliter les ajustements de la structure, de la couleur et du processus.<\/li>\n<li><strong>Production de masse<\/strong>: Utiliser le syst\u00e8me ERP pour suivre l'avancement des travaux afin de garantir la coh\u00e9rence du cycle de livraison et de la qualit\u00e9.<\/li>\n<li><strong>Garantie apr\u00e8s-vente<\/strong>: Fournir des conseils sur le remplacement des produits endommag\u00e9s et le traitement de la protection de l'environnement, un service sans souci tout au long du processus.<\/li>\n<\/ol>","protected":false},"featured_media":9514,"template":"","meta":[],"product_brand":[],"product_cat":[30,423,425,31],"product_tag":[1198,809,1199],"class_list":{"0":"post-9512","1":"product","2":"type-product","3":"status-publish","4":"has-post-thumbnail","6":"product_cat-by-industry","7":"product_cat-custom-presentation-boxes-by-industry","8":"product_cat-lid-and-base-gift-box","9":"product_cat-paper-box-style","10":"product_tag-christmas-gift-box","11":"product_tag-custom-valentines-day-gift-box","12":"product_tag-valentines-day-set-gift-box","14":"first","15":"instock","16":"shipping-taxable","17":"product-type-grouped"},"_links":{"self":[{"href":"https:\/\/zojopackaging.com\/fr\/wp-json\/wp\/v2\/product\/9512","targetHints":{"allow":["GET"]}}],"collection":[{"href":"https:\/\/zojopackaging.com\/fr\/wp-json\/wp\/v2\/product"}],"about":[{"href":"https:\/\/zojopackaging.com\/fr\/wp-json\/wp\/v2\/types\/product"}],"version-history":[{"count":1,"href":"https:\/\/zojopackaging.com\/fr\/wp-json\/wp\/v2\/product\/9512\/revisions"}],"predecessor-version":[{"id":9519,"href":"https:\/\/zojopackaging.com\/fr\/wp-json\/wp\/v2\/product\/9512\/revisions\/9519"}],"wp:featuredmedia":[{"embeddable":true,"href":"https:\/\/zojopackaging.com\/fr\/wp-json\/wp\/v2\/media\/9514"}],"wp:attachment":[{"href":"https:\/\/zojopackaging.com\/fr\/wp-json\/wp\/v2\/media?parent=9512"}],"wp:term":[{"taxonomy":"product_brand","embeddable":true,"href":"https:\/\/zojopackaging.com\/fr\/wp-json\/wp\/v2\/product_brand?post=9512"},{"taxonomy":"product_cat","embeddable":true,"href":"https:\/\/zojopackaging.com\/fr\/wp-json\/wp\/v2\/product_cat?post=9512"},{"taxonomy":"product_tag","embeddable":true,"href":"https:\/\/zojopackaging.com\/fr\/wp-json\/wp\/v2\/product_tag?post=9512"}],"curies":[{"name":"wp","href":"https:\/\/api.w.org\/{rel}","templated":true}]}}