{"id":9520,"date":"2025-04-02T19:05:51","date_gmt":"2025-04-02T11:05:51","guid":{"rendered":"https:\/\/zojopackaging.com\/?post_type=product&#038;p=9520"},"modified":"2025-04-02T19:39:56","modified_gmt":"2025-04-02T11:39:56","slug":"flower-chocolate-heart-shaped-paper-gift-boxes-wholesale","status":"publish","type":"product","link":"https:\/\/zojopackaging.com\/fr\/product\/flower-chocolate-heart-shaped-paper-gift-boxes-wholesale\/","title":{"rendered":"Bo\u00eetes cadeaux en papier en forme de coeur avec fleurs et chocolat Wholesale"},"content":{"rendered":"<h2 id=\"-i-product-structure-and-process-advantages-\"><strong>1. Structure du produit et avantages du processus<\/strong><\/h2>\n<h3 id=\"1-top-and-bottom-cover-design-\">1.\u00a0<strong>Conception du couvercle sup\u00e9rieur et inf\u00e9rieur<\/strong>:<\/h3>\n<p>La bo\u00eete cadeau adopte une structure de couvercle sup\u00e9rieur et inf\u00e9rieur divis\u00e9, sans boucle ni charni\u00e8re complexe, ce qui simplifie le processus d'ouverture et de fermeture. La structure est optimis\u00e9e gr\u00e2ce \u00e0 une disposition pr\u00e9cise des motifs, et le taux d'utilisation des mat\u00e9riaux peut atteindre plus de 82%, ce qui r\u00e9duit consid\u00e9rablement les co\u00fbts de production et les d\u00e9chets. Le processus de production consiste principalement en un d\u00e9coupage \u00e0 l'emporte-pi\u00e8ce et un emboutissage, sans \u00e9tapes d'assemblage complexes. Il convient \u00e0 la production de masse et la capacit\u00e9 de production quotidienne peut atteindre 5 000 \u00e0 10 000 pi\u00e8ces (en fonction de l'ajustement des sp\u00e9cifications).<\/p>\n<h3 id=\"2-heart-shaped-box-emotional-communication-\">2.\u00a0<strong>Bo\u00eete en forme de c\u0153ur Communication \u00e9motionnelle<\/strong>:<\/h3>\n<p>La forme unique en c\u0153ur transmet directement l'atmosph\u00e8re romantique gr\u00e2ce \u00e0 l'esth\u00e9tique g\u00e9om\u00e9trique, qui convient \u00e0 la Saint-Valentin (repr\u00e9sentant 45% du volume de commande annuel), aux mariages (30%), aux anniversaires (20%) et \u00e0 d'autres sc\u00e8nes. Le corps de la bo\u00eete a des lignes douces et les bords sont arrondis pour \u00e9viter les rayures. Elle est assortie d'un papier sp\u00e9cial mat ou nacr\u00e9 pour am\u00e9liorer le toucher. Par exemple, la bo\u00eete cadeau en papier nacr\u00e9 pr\u00e9sente un effet de d\u00e9grad\u00e9 sous la lumi\u00e8re, ce qui renforce l'attrait visuel.<\/p>\n<h2 id=\"-2-multifunctional-adaptation-and-protection-design-\"><strong>2. Adaptation multifonctionnelle et conception de la protection<\/strong><\/h2>\n<h3 id=\"3-multi-category-compatibility-\">1. <strong>Compatibilit\u00e9 multi-cat\u00e9gories<\/strong>:<\/h3>\n<p>L'espace int\u00e9rieur du coffret peut \u00eatre adapt\u00e9 de mani\u00e8re flexible aux fleurs (hauteur \u2264 15cm), aux chocolats (grilles standard : 6\/12\/18 grilles), aux bonbons (capacit\u00e9 d'une seule grille 50-100g), aux fleurs de savon, etc. et \"un coffret pour des usages multiples\" peut \u00eatre r\u00e9alis\u00e9 gr\u00e2ce \u00e0 l'ajustement modulaire de la doublure. Par exemple, une bo\u00eete de chocolats \u00e0 18 grilles peut \u00eatre remplac\u00e9e par une combinaison de fleurs et de fleurs de savon pour r\u00e9pondre aux besoins de diff\u00e9rents festivals.<\/p>\n<h3 id=\"4-creative-ribbon-matching-scheme-\">2. <strong>Un syst\u00e8me cr\u00e9atif d'assortiment de rubans<\/strong>:<\/h3>\n<p>Ruban de satin standard de 3 cm de large (en option rouge\/rose\/or\/argent, etc. 12 couleurs), possibilit\u00e9 de personnaliser le logo par marquage \u00e0 chaud, le motif en relief ou le motif tiss\u00e9 bicolore. Six tutoriels de nouage, tels que les n\u0153uds et les n\u0153uds de rose, sont fournis. Par exemple, les n\u0153uds \u00e0 double couche peuvent renforcer la sensation de tridimensionnalit\u00e9, et les \u00e9tiquettes en m\u00e9tal (telles que les plaques nominatives grav\u00e9es) peuvent renforcer la sensation de luxe.<\/p>\n<h2 id=\"-iii-precision-customization-and-safety-guarantee-\"><strong>3. Personnalisation de pr\u00e9cision et garantie de s\u00e9curit\u00e9<\/strong><\/h2>\n<h3 id=\"5-precision-protection-system-for-lining-\">1. <strong>Syst\u00e8me de protection de pr\u00e9cision pour le rev\u00eatement<\/strong>:<\/h3>\n<p>En utilisant de la mousse EVA ou du papier ondul\u00e9, le contr\u00f4le de l'erreur de \u00b10,1 mm est r\u00e9alis\u00e9 gr\u00e2ce \u00e0 la technologie de d\u00e9coupe laser UV, ce qui convient aux produits de forme sp\u00e9ciale (tels que les chocolats de forme irr\u00e9guli\u00e8re). L'\u00e9paisseur de la doublure peut \u00eatre choisie entre 3 et 10 mm, et la r\u00e9sistance \u00e0 la compression peut atteindre 50 kg\/m\u00b2. Des tests de transport simul\u00e9s ont permis de v\u00e9rifier qu'il peut r\u00e9sister aux chocs logistiques.<\/p>\n<h3 id=\"6-full-dimensional-customization-service-\">2. <strong>Service de personnalisation compl\u00e8te<\/strong>:<\/h3>\n<ul>\n<li><strong>Taille<\/strong>: Permet d'ajuster toutes les sp\u00e9cifications dans une fourchette de 8 \u00e0 50 cm de diam\u00e8tre et de 5 \u00e0 70 cm de hauteur. Les formats sp\u00e9ciaux surdimensionn\u00e9s (tels que les bo\u00eetes cadeaux de mariage de 60 cm de diam\u00e8tre) n\u00e9cessitent des moules suppl\u00e9mentaires.<\/li>\n<li><strong>Mat\u00e9riau<\/strong>: Fournir du carton blanc (250-400g), du papier d'art (imitation cuir\/grain de bois), du papier de pulpe de bambou respectueux de l'environnement (d\u00e9gradable) et d'autres options, parmi lesquelles le co\u00fbt du papier de pulpe de bambou est 15% inf\u00e9rieur \u00e0 celui des mat\u00e9riaux traditionnels.<\/li>\n<li><strong>Processus d'impression<\/strong>Impression 3D en relief, par exemple pour le coffret cadeau de la Saint-Valentin avec un motif de rose tridimensionnel + une combinaison de texte imprim\u00e9 \u00e0 chaud.<\/li>\n<\/ul>\n<h2 id=\"-fourth-source-factory-service-and-cost-advantage-\"><strong>4. Service de l'usine d'origine et avantage en termes de co\u00fbts<\/strong><\/h2>\n<h3 id=\"7-one-stop-supply-chain-support-\">1. <strong>Soutien \u00e0 la cha\u00eene d'approvisionnement \u00e0 partir d'un guichet unique<\/strong>:<\/h3>\n<ul>\n<li><strong>\u00c9chantillons gratuits<\/strong>: Fournir 3 \u00e9chantillons de la version de base (y compris le type de bo\u00eete standard en forme de c\u0153ur\/6 grilles\/12 grilles), exp\u00e9di\u00e9s dans les 48 heures.<\/li>\n<li><strong>Service de conception<\/strong>: Une \u00e9quipe professionnelle prend en charge l'optimisation intelligente de l'agencement par l'IA et fournit trois s\u00e9ries de solutions de conception (y compris des rendus en 3D) dans les trois jours ouvrables.<\/li>\n<\/ul>","protected":false},"excerpt":{"rendered":"<ol>\n<li><strong>Confirmation de la demande<\/strong>: Fournir des informations de base telles que la taille du produit, la sc\u00e8ne pr\u00e9vue, le style de conception, etc.<\/li>\n<li><strong>Conception du r\u00e9gime<\/strong>: Retour du mod\u00e8le 3D et du devis dans les 48 heures.<\/li>\n<li><strong>Confirmation de l'\u00e9chantillon<\/strong>: \u00c9preuve gratuite (1-3 jours ouvrables)<\/li>\n<li><strong>Production de masse<\/strong>: 5 000 000 commandes standard sont livr\u00e9es en 7 \u00e0 10 jours, et un service acc\u00e9l\u00e9r\u00e9 est propos\u00e9.<\/li>\n<\/ol>","protected":false},"featured_media":9537,"template":"","meta":[],"product_brand":[],"product_cat":[30,423,425,31],"product_tag":[728,1201,1200],"class_list":{"0":"post-9520","1":"product","2":"type-product","3":"status-publish","4":"has-post-thumbnail","6":"product_cat-by-industry","7":"product_cat-custom-presentation-boxes-by-industry","8":"product_cat-lid-and-base-gift-box","9":"product_cat-paper-box-style","10":"product_tag-chocolate-gift-boxes","11":"product_tag-flower-gift-boxes-wholesale","12":"product_tag-heart-shaped-gift-boxes","14":"first","15":"instock","16":"shipping-taxable","17":"product-type-grouped"},"_links":{"self":[{"href":"https:\/\/zojopackaging.com\/fr\/wp-json\/wp\/v2\/product\/9520","targetHints":{"allow":["GET"]}}],"collection":[{"href":"https:\/\/zojopackaging.com\/fr\/wp-json\/wp\/v2\/product"}],"about":[{"href":"https:\/\/zojopackaging.com\/fr\/wp-json\/wp\/v2\/types\/product"}],"version-history":[{"count":1,"href":"https:\/\/zojopackaging.com\/fr\/wp-json\/wp\/v2\/product\/9520\/revisions"}],"predecessor-version":[{"id":9538,"href":"https:\/\/zojopackaging.com\/fr\/wp-json\/wp\/v2\/product\/9520\/revisions\/9538"}],"wp:featuredmedia":[{"embeddable":true,"href":"https:\/\/zojopackaging.com\/fr\/wp-json\/wp\/v2\/media\/9537"}],"wp:attachment":[{"href":"https:\/\/zojopackaging.com\/fr\/wp-json\/wp\/v2\/media?parent=9520"}],"wp:term":[{"taxonomy":"product_brand","embeddable":true,"href":"https:\/\/zojopackaging.com\/fr\/wp-json\/wp\/v2\/product_brand?post=9520"},{"taxonomy":"product_cat","embeddable":true,"href":"https:\/\/zojopackaging.com\/fr\/wp-json\/wp\/v2\/product_cat?post=9520"},{"taxonomy":"product_tag","embeddable":true,"href":"https:\/\/zojopackaging.com\/fr\/wp-json\/wp\/v2\/product_tag?post=9520"}],"curies":[{"name":"wp","href":"https:\/\/api.w.org\/{rel}","templated":true}]}}