{"id":9539,"date":"2025-04-02T19:40:09","date_gmt":"2025-04-02T11:40:09","guid":{"rendered":"https:\/\/zojopackaging.com\/?post_type=product&#038;p=9539"},"modified":"2025-04-02T20:05:05","modified_gmt":"2025-04-02T12:05:05","slug":"necklace-earrings-bracelet-ring-packaging-boxes-wholesale","status":"publish","type":"product","link":"https:\/\/zojopackaging.com\/fr\/product\/necklace-earrings-bracelet-ring-packaging-boxes-wholesale\/","title":{"rendered":"Collier Boucles d'oreilles Bracelet Bague Bo\u00eetes d'emballage Wholesale"},"content":{"rendered":"<h2 id=\"-1-luxurious-appearance-design-highlighting-the-high-end-sense-of-jewelry-\"><strong>1. Design luxueux, mettant en valeur le sens de la bijouterie haut de gamme.<\/strong><\/h2>\n<ul>\n<li><strong>Couleurs classiques noir et or<\/strong>: Le corps de la bo\u00eete est en carton dur noir mat, avec des lignes d\u00e9coratives ou des logos de marque marqu\u00e9s \u00e0 chaud (24K), et la doublure est en velours dor\u00e9 haute densit\u00e9 ou en carton flock\u00e9 pour cr\u00e9er un impact visuel et un luxe tactile.<\/li>\n<li><strong>Structure sp\u00e9ciale de la bo\u00eete<\/strong>: Bo\u00eetes d'exposition personnalisables \u00e0 couvercle rabattable, \u00e0 tiroir, en forme de livre s'ouvrant et se fermant ou en couches, gr\u00e2ce \u00e0 la conception d'un espace tridimensionnel pour am\u00e9liorer l'effet de pr\u00e9sentation des bijoux, comme les supports de suspension des colliers, les rainures pour les bagues, les fentes pour les boucles d'oreilles, etc. pour am\u00e9liorer l'attrait des produits.<\/li>\n<\/ul>\n<h2 id=\"-2-highly-customized-service-precise-adaptation-needs-\"><strong>2. Service hautement personnalis\u00e9, besoins d'adaptation pr\u00e9cis<\/strong><\/h2>\n<ul>\n<li><strong>Am\u00e9nagement int\u00e9rieur flexible<\/strong>: En fonction des diff\u00e9rentes tailles de bijoux (colliers, boucles d'oreilles, bracelets, bagues, etc.), des cloisons r\u00e9glables, des supports int\u00e9rieurs en \u00e9ponge ou des structures de fixation magn\u00e9tiques sont pr\u00e9vus pour garantir la stabilit\u00e9 du produit et sa pr\u00e9sentation intuitive.<\/li>\n<li><strong>Personnalisation compl\u00e8te<\/strong>:<\/li>\n<li><strong>Taille et type de bo\u00eete<\/strong>: La prise en charge d'une vari\u00e9t\u00e9 de sp\u00e9cifications allant de 5cm\u00d75cm \u00e0 30cm\u00d730cm permet de r\u00e9pondre aux besoins d'emballage de produits individuels ou de coffrets-cadeaux.<\/li>\n<li><strong>Mat\u00e9riaux et ex\u00e9cution<\/strong>: EVA, papier ondul\u00e9, papier d'art et autres substrats respectueux de l'environnement, avec masque mat\/brillant, gaufrage, gaufrage UV et autres proc\u00e9d\u00e9s sur la surface.<\/li>\n<li><strong>Impression et d\u00e9coration<\/strong>: Il est possible d'utiliser le marquage \u00e0 chaud\/argent, la s\u00e9rigraphie, la gravure au laser et d'autres proc\u00e9d\u00e9s, et de personnaliser le LOGO de la marque, le motif et le sch\u00e9ma de couleurs exclusif.<\/li>\n<\/ul>\n<h2 id=\"-3-hot-stamping-technology-to-enhance-the-high-end-image-of-the-brand-\"><strong>3. Technologie de marquage \u00e0 chaud en or pour renforcer l'image haut de gamme de la marque<\/strong><\/h2>\n<ul>\n<li>L'utilisation de feuilles de marquage \u00e0 chaud import\u00e9es et de moules de pr\u00e9cision permet de cr\u00e9er de d\u00e9licates textures m\u00e9talliques sur le couvercle, le bord ou la doublure de la bo\u00eete, d'am\u00e9liorer la texture de l'emballage, d'attirer l'attention des consommateurs au premier coup d'\u0153il et d'am\u00e9liorer la reconnaissance de la marque.<\/li>\n<\/ul>\n<h2 id=\"-4-environmental-protection-and-sustainable-concept-\"><strong>4. Protection de l'environnement et concept de durabilit\u00e9<\/strong><\/h2>\n<ul>\n<li>Toutes les mati\u00e8res premi\u00e8res sont certifi\u00e9es FSC, r\u00e9pondent aux normes de protection de l'environnement REACH de l'UE, sont non toxiques et inoffensives, recyclables et d\u00e9gradables, ce qui permet \u00e0 la marque de v\u00e9hiculer une valeur verte haut de gamme.<\/li>\n<\/ul>\n<h2 id=\"-production-and-delivery-guarantee-\"><strong>Garantie de production et de livraison<\/strong><\/h2>\n<ul>\n<li><strong>Production intelligente<\/strong>: Des \u00e9quipements enti\u00e8rement automatiques de d\u00e9coupe, de montage et de marquage \u00e0 chaud garantissent la coh\u00e9rence du processus, avec un taux d'erreur inf\u00e9rieur \u00e0 0,1%, et les commandes par lots sont livr\u00e9es dans un d\u00e9lai de 7 \u00e0 15 jours.<\/li>\n<li><strong>Processus strict d'inspection de la qualit\u00e9<\/strong>: Du stockage des mati\u00e8res premi\u00e8res \u00e0 la livraison des produits finis, six contr\u00f4les de qualit\u00e9 sont effectu\u00e9s pour s'assurer que la bo\u00eete d'emballage ne pr\u00e9sente pas de rayures, de d\u00e9coloration, de d\u00e9formation ou d'autres probl\u00e8mes.<\/li>\n<\/ul>\n<h2 id=\"-cooperation-process-\"><strong>Processus de coop\u00e9ration<\/strong><\/h2>\n<ol>\n<li><strong>Communication de la demande<\/strong>: Fournir des projets de conception ou demander \u00e0 une \u00e9quipe professionnelle de r\u00e9aliser des \u00e9chantillons gratuits ;<\/li>\n<li><strong>Confirmation du r\u00e9gime<\/strong>: Fournir des rendus en 3D et les d\u00e9tails du devis dans un d\u00e9lai de 3 jours ouvrables ;<\/li>\n<li><strong>Livraison de la production<\/strong>: Organiser la production d\u00e8s que possible apr\u00e8s la signature du contrat et suivre l'\u00e9volution de la logistique tout au long du processus.<\/li>\n<\/ol>","protected":false},"excerpt":{"rendered":"<p>\u2728 Luxury Unboxing Experience - Impressionnez les clients avec une pr\u00e9sentation haut de gamme.<br \/>\n\ud83d\udee1\ufe0f Protection des bijoux - La structure r\u00e9sistante aux chocs maintient les objets en s\u00e9curit\u00e9.<br \/>\n\ud83c\udfa8 Dynamisation de la marque - Les ext\u00e9rieurs personnalisables amplifient la reconnaissance de la marque.<br \/>\n\ud83d\udce6 Mise \u00e0 l'\u00e9chelle rentable - La tarification en vrac r\u00e9duit les co\u00fbts par unit\u00e9 de 40%.<br \/>\n\ud83c\udf31 Respectueux de l'environnement - Les mat\u00e9riaux recyclables s'inscrivent dans une d\u00e9marche de d\u00e9veloppement durable.<\/p>","protected":false},"featured_media":9541,"template":"","meta":[],"product_brand":[],"product_cat":[30,415,428,31],"product_tag":[1203,1202,1025],"class_list":{"0":"post-9539","1":"product","2":"type-product","3":"status-publish","4":"has-post-thumbnail","6":"product_cat-by-industry","7":"product_cat-custom-jewelry-boxes-by-industry","8":"product_cat-irregular-shaped-gift-boxes","9":"product_cat-paper-box-style","10":"product_tag-earrings-boxes-wholesale","11":"product_tag-necklace-bracelet-boxes-wholesale","12":"product_tag-ring-packaging-boxes","14":"first","15":"instock","16":"shipping-taxable","17":"product-type-grouped"},"_links":{"self":[{"href":"https:\/\/zojopackaging.com\/fr\/wp-json\/wp\/v2\/product\/9539","targetHints":{"allow":["GET"]}}],"collection":[{"href":"https:\/\/zojopackaging.com\/fr\/wp-json\/wp\/v2\/product"}],"about":[{"href":"https:\/\/zojopackaging.com\/fr\/wp-json\/wp\/v2\/types\/product"}],"version-history":[{"count":1,"href":"https:\/\/zojopackaging.com\/fr\/wp-json\/wp\/v2\/product\/9539\/revisions"}],"predecessor-version":[{"id":9547,"href":"https:\/\/zojopackaging.com\/fr\/wp-json\/wp\/v2\/product\/9539\/revisions\/9547"}],"wp:featuredmedia":[{"embeddable":true,"href":"https:\/\/zojopackaging.com\/fr\/wp-json\/wp\/v2\/media\/9541"}],"wp:attachment":[{"href":"https:\/\/zojopackaging.com\/fr\/wp-json\/wp\/v2\/media?parent=9539"}],"wp:term":[{"taxonomy":"product_brand","embeddable":true,"href":"https:\/\/zojopackaging.com\/fr\/wp-json\/wp\/v2\/product_brand?post=9539"},{"taxonomy":"product_cat","embeddable":true,"href":"https:\/\/zojopackaging.com\/fr\/wp-json\/wp\/v2\/product_cat?post=9539"},{"taxonomy":"product_tag","embeddable":true,"href":"https:\/\/zojopackaging.com\/fr\/wp-json\/wp\/v2\/product_tag?post=9539"}],"curies":[{"name":"wp","href":"https:\/\/api.w.org\/{rel}","templated":true}]}}