{"id":9548,"date":"2025-04-02T20:05:47","date_gmt":"2025-04-02T12:05:47","guid":{"rendered":"https:\/\/zojopackaging.com\/?post_type=product&#038;p=9548"},"modified":"2025-04-02T20:52:05","modified_gmt":"2025-04-02T12:52:05","slug":"jewelry-necklace-ring-bracelet-earring-packaging-box-supplier","status":"publish","type":"product","link":"https:\/\/zojopackaging.com\/fr\/product\/jewelry-necklace-ring-bracelet-earring-packaging-box-supplier\/","title":{"rendered":"Bo\u00eete d'emballage pour bijoux Collier Bague Bracelet Boucle d'oreille Fournisseur"},"content":{"rendered":"<h2 id=\"-1-convenient-pull-out-box-design-\"><strong>1. Conception pratique de la bo\u00eete extractible<\/strong><\/h2>\n<ul>\n<li><strong>Structure coulissante d'ouverture et de fermeture<\/strong>: Le corps de la bo\u00eete extractible est fabriqu\u00e9 \u00e0 partir de moules de pr\u00e9cision. Il s'ouvre et se ferme en douceur et peut \u00eatre facilement manipul\u00e9 par les utilisateurs d'une seule main,\u00a0<strong>\u00e9conomie de plus de 50% de temps d'ouverture<\/strong>La mise en place de l'emballage se fait en douceur, ce qui renforce le sens de la c\u00e9r\u00e9monie et la commodit\u00e9 de l'ouverture de la bo\u00eete.<\/li>\n<li><strong>Durabilit\u00e9 et stabilit\u00e9<\/strong>: Le corps de la bo\u00eete combine un carton de poids \u00e9lev\u00e9 et une technologie de renforcement pour garantir qu'il ne se d\u00e9formera pas apr\u00e8s de multiples ouvertures et fermetures, et convient \u00e0 l'utilisation \u00e0 long terme des bo\u00eetes-cadeaux pour bijoux.<\/li>\n<\/ul>\n<h2 id=\"-2-brand-customized-design-service-\"><strong>2. Service de conception personnalis\u00e9e de la marque<\/strong><\/h2>\n<ul>\n<li><strong>Personnalisation du type de bo\u00eete et de l'aspect visuel<\/strong>: Fournir une vari\u00e9t\u00e9 de types de bo\u00eetes tels que des bo\u00eetes \u00e0 tiroirs, des bo\u00eetes en forme de livre, des couvercles, des supports et des accessoires.\u00a0<strong>taille exclusive, courbure, fen\u00eatre<\/strong>\u00a0et d'autres dessins personnalis\u00e9s, et correspondre exactement \u00e0 la tonalit\u00e9 de la marque.<\/li>\n<li><strong>Am\u00e9lioration du processus de surface<\/strong>: En option, marquage \u00e0 chaud\/argent, gaufrage, vernis local UV, s\u00e9rigraphie et autres proc\u00e9d\u00e9s, combin\u00e9s \u00e0 l'impression Pantone en tons directs, pour renforcer le logo de la marque et l'impact visuel.<\/li>\n<\/ul>\n<h2 id=\"-3-eva-flocking-anti-seismic-lining-\"><strong>3. Doublure antisismique en flocage EVA<\/strong><\/h2>\n<ul>\n<li><strong>Protection int\u00e9grale<\/strong>: La doublure en EVA haute densit\u00e9 est personnalis\u00e9e pour s'adapter au contour des bijoux, et le flocage de la surface est d\u00e9licat et doux,\u00a0<strong>absorbe efficacement les vibrations du transport et les chutes<\/strong>et d'\u00e9viter les rayures ou les d\u00e9placements du produit.<\/li>\n<li><strong>Am\u00e9lioration visuelle et tactile<\/strong>: Le flocage permet d'obtenir des effets mats\/brillants, et des couleurs luxueuses telles que le noir, le blanc, l'or et le bordeaux sont disponibles, en tenant compte \u00e0 la fois de la protection et de la beaut\u00e9 de l'affichage.<\/li>\n<\/ul>\n<h2 id=\"-4-ribbon-accessories-and-detailed-design-\"><strong>4. Accessoires de rubans et conception d\u00e9taill\u00e9e<\/strong><\/h2>\n<ul>\n<li><strong>\u00c9l\u00e9ments d\u00e9coratifs haut de gamme<\/strong>: Rubans personnalis\u00e9s int\u00e9gr\u00e9s (chiffon, satin et velours en option), associ\u00e9s \u00e0 des \u00e9tiquettes portant le logo de la marque ou \u00e0 des boucles d\u00e9coratives en m\u00e9tal, pour renforcer l'impression de c\u00e9r\u00e9monie de d\u00e9ballage.<\/li>\n<li><strong>Combinaison de la fonction et de l'esth\u00e9tique<\/strong>: La conception du ruban tient compte de l'aspect pratique de la bo\u00eete extractible, tout en mettant en valeur l'\u00e9l\u00e9gance et les caract\u00e9ristiques de cadeau de l'emballage,\u00a0<strong>l'augmentation de la valeur ajout\u00e9e du produit de 20%+.<\/strong>.<\/li>\n<\/ul>\n<h2 id=\"-5-flexible-customization-system-\"><strong>5. Syst\u00e8me de personnalisation flexible<\/strong><\/h2>\n<ul>\n<li><strong>Personnalisation compl\u00e8te<\/strong>: De la structure de la bo\u00eete aux d\u00e9tails des accessoires, en passant par la doublure, il est possible de concevoir une adaptation 1:1 en fonction des cat\u00e9gories de bijoux (colliers, boucles d'oreilles, bracelets, etc.), ce qui permet de r\u00e9pondre \u00e0 diff\u00e9rents besoins de positionnement, tels que les produits de luxe haut de gamme, les produits de luxe l\u00e9gers, la mode rapide, etc.<\/li>\n<li><strong>Options de mat\u00e9riaux respectueux de l'environnement<\/strong>: Fournir des mat\u00e9riaux respectueux de l'environnement tels que du papier certifi\u00e9 FSC, de l'EVA d\u00e9gradable et de la soie recycl\u00e9e pour aider les marques \u00e0 mettre en pratique le concept de d\u00e9veloppement durable.<\/li>\n<\/ul>\n<h2 id=\"-6-intelligent-lining-partition-system-\"><strong>6. Syst\u00e8me intelligent de cloisons de doublage<\/strong><\/h2>\n<ul>\n<li><strong>Fixation pr\u00e9cise du produit<\/strong>: Concevoir des emplacements ind\u00e9pendants pour les cartes, des rainures ou des sangles \u00e9lastiques en fonction de la taille des bijoux pour garantir l'absence de secousses pendant le transport, tout en assurant une pr\u00e9sentation ordonn\u00e9e au niveau de l'\u00e9talage.<\/li>\n<li><strong>Couche multifonctionnelle<\/strong>: La structure en couches d\u00e9tachables s'adapte \u00e0 l'emballage de bijoux multiples, ce qui am\u00e9liore la praticit\u00e9 de l'emballage et la satisfaction du client.<\/li>\n<\/ul>\n<h2 id=\"-production-and-service-guarantee-\"><strong>Garantie de production et de service<\/strong><\/h2>\n<ul>\n<li><strong>Contr\u00f4le de la qualit\u00e9 tout au long du processus<\/strong>: De l'\u00e9preuve de conception \u00e0 la production en s\u00e9rie, mettre en \u0153uvre le syst\u00e8me de gestion de la qualit\u00e9 ISO 9001 pour garantir la coh\u00e9rence des couleurs, des mat\u00e9riaux, des processus et des dessins.<\/li>\n<li><strong>R\u00e9ponse rapide<\/strong>: Le prototypage est achev\u00e9 en 15 jours, ce qui permet de r\u00e9pondre aux commandes de petits lots (commande minimale de 500 pi\u00e8ces), et le cycle de livraison des produits volumineux est ramen\u00e9 \u00e0 7-14 jours.<\/li>\n<li><strong>Soutien au transport mondial<\/strong>: Nous fournissons des solutions logistiques \u00e0 l'\u00e9preuve de l'humidit\u00e9 et des chocs, et nous pouvons apposer des \u00e9tiquettes de transport international en votre nom pour garantir que l'emballage est intact et qu'il arrive directement au terminal.<\/li>\n<\/ul>","protected":false},"excerpt":{"rendered":"<p>\u2705\u00a0<strong>Am\u00e9lioration de la prime de marque<\/strong>: Renforcer la comp\u00e9titivit\u00e9 du march\u00e9 gr\u00e2ce \u00e0 une conception diff\u00e9renci\u00e9e des emballages ;<br \/>\n\u2705\u00a0<strong>Engagement de taux de dommages z\u00e9ro<\/strong>: R\u00e9duire les co\u00fbts apr\u00e8s-vente gr\u00e2ce \u00e0 des solutions de protection professionnelles ;<br \/>\n\u2705\u00a0<strong>Service \u00e0 guichet unique<\/strong>: Sans souci, de la conception \u00e0 la livraison, pour aider les marques \u00e0 se concentrer sur leur c\u0153ur de m\u00e9tier.<\/p>","protected":false},"featured_media":9554,"template":"","meta":[],"product_brand":[],"product_cat":[30,415,31,426],"product_tag":[1205,1206,1204],"class_list":{"0":"post-9548","1":"product","2":"type-product","3":"status-publish","4":"has-post-thumbnail","6":"product_cat-by-industry","7":"product_cat-custom-jewelry-boxes-by-industry","8":"product_cat-paper-box-style","9":"product_cat-paper-drawer-boxes","10":"product_tag-custom-necklace-ring-boxes","11":"product_tag-earring-packaging-box-supplier","12":"product_tag-jewelry-packaging-box","14":"first","15":"instock","16":"shipping-taxable","17":"product-type-grouped"},"_links":{"self":[{"href":"https:\/\/zojopackaging.com\/fr\/wp-json\/wp\/v2\/product\/9548","targetHints":{"allow":["GET"]}}],"collection":[{"href":"https:\/\/zojopackaging.com\/fr\/wp-json\/wp\/v2\/product"}],"about":[{"href":"https:\/\/zojopackaging.com\/fr\/wp-json\/wp\/v2\/types\/product"}],"version-history":[{"count":1,"href":"https:\/\/zojopackaging.com\/fr\/wp-json\/wp\/v2\/product\/9548\/revisions"}],"predecessor-version":[{"id":9555,"href":"https:\/\/zojopackaging.com\/fr\/wp-json\/wp\/v2\/product\/9548\/revisions\/9555"}],"wp:featuredmedia":[{"embeddable":true,"href":"https:\/\/zojopackaging.com\/fr\/wp-json\/wp\/v2\/media\/9554"}],"wp:attachment":[{"href":"https:\/\/zojopackaging.com\/fr\/wp-json\/wp\/v2\/media?parent=9548"}],"wp:term":[{"taxonomy":"product_brand","embeddable":true,"href":"https:\/\/zojopackaging.com\/fr\/wp-json\/wp\/v2\/product_brand?post=9548"},{"taxonomy":"product_cat","embeddable":true,"href":"https:\/\/zojopackaging.com\/fr\/wp-json\/wp\/v2\/product_cat?post=9548"},{"taxonomy":"product_tag","embeddable":true,"href":"https:\/\/zojopackaging.com\/fr\/wp-json\/wp\/v2\/product_tag?post=9548"}],"curies":[{"name":"wp","href":"https:\/\/api.w.org\/{rel}","templated":true}]}}