{"id":9556,"date":"2025-04-02T20:52:14","date_gmt":"2025-04-02T12:52:14","guid":{"rendered":"https:\/\/zojopackaging.com\/?post_type=product&#038;p=9556"},"modified":"2025-04-02T21:12:26","modified_gmt":"2025-04-02T13:12:26","slug":"weave-extension-wig-virgin-hair-box-manufacturer-with-ribbon","status":"publish","type":"product","link":"https:\/\/zojopackaging.com\/fr\/product\/weave-extension-wig-virgin-hair-box-manufacturer-with-ribbon\/","title":{"rendered":"Weave Extension Wig Virgin Hair Box Manufacturer With Ribbon"},"content":{"rendered":"<h2 id=\"-1-convenient-flip-cover-design-optimized-unboxing-experience-\"><strong>1. Couvercle rabattable pratique, exp\u00e9rience de d\u00e9ballage optimis\u00e9e<\/strong><\/h2>\n<ul>\n<li><strong>Bo\u00eete \u00e0 rabat magn\u00e9tique \u00e0 touche unique<\/strong>: Gr\u00e2ce \u00e0 sa boucle magn\u00e9tique de pr\u00e9cision, il peut \u00eatre ouvert et ferm\u00e9 d'une simple pression, sans proc\u00e9dure d'utilisation compliqu\u00e9e, offrant aux clients une exp\u00e9rience de d\u00e9ballage en douceur.<\/li>\n<li><strong>Structure des bords renforc\u00e9e<\/strong>: Le corps de la bo\u00eete est constitu\u00e9 de carton dur de 1200 g, r\u00e9sistant \u00e0 la pression et \u00e0 la d\u00e9formation, ce qui garantit la s\u00e9curit\u00e9 du transport et la possibilit\u00e9 de r\u00e9utilisation.<\/li>\n<\/ul>\n<h2 id=\"-2-green-ribbon-decoration-to-create-a-gift-level-elegance-\"><strong>2. D\u00e9coration avec un ruban vert pour cr\u00e9er une \u00e9l\u00e9gance digne d'un cadeau<\/strong><\/h2>\n<ul>\n<li><strong>Ruban vert fonc\u00e9 personnalis\u00e9<\/strong>: Le dessus du couvercle de la bo\u00eete est orn\u00e9 d'un ruban vert mat, qui peut \u00eatre assorti au marquage \u00e0 chaud du LOGO de la marque pour renforcer l'attrait de la pr\u00e9sentation au d\u00e9tail et faire ressortir le produit dans les rayons.<\/li>\n<li><strong>Ruban multifonctionnel<\/strong>: Il peut non seulement fixer le couvercle de la bo\u00eete, mais aussi servir de poign\u00e9e ou d'\u00e9l\u00e9ment d\u00e9coratif, convenant aux sc\u00e8nes de cadeaux de vacances.<\/li>\n<\/ul>\n<h2 id=\"-3-luxurious-silk-lining-gives-the-product-a-sense-of-refinement-\"><strong>3. La doublure en soie luxueuse conf\u00e8re au produit une impression de raffinement.<\/strong><\/h2>\n<ul>\n<li><strong>Doublure en soie respectueuse de l'environnement<\/strong>: La bo\u00eete est fabriqu\u00e9e en soie recycl\u00e9e certifi\u00e9e FSC (vert fonc\u00e9), qui est douce et d\u00e9licate au toucher. Il permet non seulement de caler et de prot\u00e9ger la perruque, mais aussi d'am\u00e9liorer l'aspect visuel gr\u00e2ce au contraste des couleurs.<\/li>\n<li><strong>Concept esth\u00e9tique dynamique<\/strong>: Le vert symbolise la nature et le renouveau, faisant \u00e9cho au concept de \"renouveau\" des produits wig et stimulant la r\u00e9sonance \u00e9motionnelle des consommateurs.<\/li>\n<\/ul>\n<h2 id=\"-4-double-sided-brand-printing-to-enhance-communication-effect-\"><strong>4. Impression recto-verso de la marque pour renforcer l'effet de communication<\/strong><\/h2>\n<ul>\n<li><strong>Conception ext\u00e9rieure<\/strong>: La bo\u00eete de fond blanc mat avec la vision principale de la marque (marquage \u00e0 chaud\/processus UV) met en \u00e9vidence le positionnement haut de gamme ;<\/li>\n<li><strong>L'intelligence int\u00e9rieure<\/strong>: Apr\u00e8s avoir ouvert la couverture, le code QR des m\u00e9dias sociaux (Instagram\/YouTube\/TikTok) est imprim\u00e9 \u00e0 l'int\u00e9rieur pour guider les clients \u00e0 scanner le code pour interagir et \u00e9tendre le lien d'exposition \u00e0 la marque.<\/li>\n<\/ul>\n<h2 id=\"-5-high-end-material-combination-taking-into-account-durability-and-beauty-\"><strong>5. Combinaison de mat\u00e9riaux haut de gamme, tenant compte de la durabilit\u00e9 et de la beaut\u00e9<\/strong><\/h2>\n<ul>\n<li><strong>Technologie des structures composites<\/strong>:<\/li>\n<li>Couche ext\u00e9rieure : Papier couch\u00e9 C2S 157g (film mat double face), anti-rayures, anti-traces de doigts, pr\u00e9sentant un lustre d\u00e9licat ;<\/li>\n<li>Couche int\u00e9rieure : Carton dur de 1200 g, tr\u00e8s r\u00e9sistant aux chocs, adapt\u00e9 aux besoins de transport sur de longues distances.<\/li>\n<\/ul>\n<h2 id=\"-6-flexible-customization-service-to-meet-diverse-needs-\"><strong>6. Un service de personnalisation flexible pour r\u00e9pondre \u00e0 des besoins divers<\/strong><\/h2>\n<ul>\n<li><strong>Personnalisation compl\u00e8te<\/strong>:<\/li>\n<li><strong>Type de bo\u00eete<\/strong>Les bo\u00eetes de rangement : bo\u00eete \u00e0 rabat, bo\u00eete \u00e0 tiroir, bo\u00eete en forme de livre, etc ;<\/li>\n<li><strong>Taille<\/strong>Les produits de la gamme sont les suivants : ils permettent de personnaliser la longueur des perruques de 12\u2033 \u00e0 24\u2033, ce qui correspond exactement au volume du produit ;<\/li>\n<li><strong>Processus d'impression<\/strong>: hot stamping, embossing, local UV, embossing effects, etc., to meet brand differentiation needs.<\/li>\n<\/ul>\n<h2 id=\"-7-environmental-commitment-practice-sustainable-development-\"><strong>7. Engagement environnemental, pratique du d\u00e9veloppement durable<\/strong><\/h2>\n<ul>\n<li><strong>Normes de production \u00e9cologiques<\/strong>:<\/li>\n<li>Mati\u00e8res premi\u00e8res : 100% Carton \u00e9cologique certifi\u00e9 FSC, d\u00e9gradable et recyclable ;<\/li>\n<li>Proc\u00e9d\u00e9 d'impression : encre v\u00e9g\u00e9tale de soja, non toxique et \u00e0 faible taux d'\u00e9mission, conforme aux normes environnementales REACH de l'UE ;<\/li>\n<li>Processus de production : certification ISO 14001 du syst\u00e8me de gestion environnementale pour r\u00e9duire l'empreinte carbone.<\/li>\n<\/ul>","protected":false},"excerpt":{"rendered":"<ul>\n<li><strong>Une solution d'emballage unique<\/strong>: De la conception \u00e0 la production en s\u00e9rie, l'\u00e9quipe professionnelle apporte son soutien tout au long du processus ;<\/li>\n<li><strong>R\u00e9ponse rapide \u00e0 l'\u00e9preuve<\/strong>: Fournir des \u00e9chantillons physiques dans un d\u00e9lai de 3 \u00e0 5 jours ouvrables afin de garantir une mise en \u0153uvre pr\u00e9cise de la conception ;<\/li>\n<li><strong>Garantie de la cha\u00eene d'approvisionnement mondiale<\/strong>: Soutenir la production flexible de petits et moyens lots, en tenant compte des co\u00fbts et de l'efficacit\u00e9 des livraisons.<\/li>\n<\/ul>","protected":false},"featured_media":9557,"template":"","meta":[],"product_brand":[],"product_cat":[30,421,424,31],"product_tag":[1209,1207,1208],"class_list":{"0":"post-9556","1":"product","2":"type-product","3":"status-publish","4":"has-post-thumbnail","6":"product_cat-by-industry","7":"product_cat-custom-hair-extension-boxes","8":"product_cat-magnetic-closure-boxes","9":"product_cat-paper-box-style","10":"product_tag-custom-wig-hair-box-manufacturer","11":"product_tag-weave-extension-box","12":"product_tag-wig-virgin-hair-box","14":"first","15":"instock","16":"shipping-taxable","17":"product-type-grouped"},"_links":{"self":[{"href":"https:\/\/zojopackaging.com\/fr\/wp-json\/wp\/v2\/product\/9556","targetHints":{"allow":["GET"]}}],"collection":[{"href":"https:\/\/zojopackaging.com\/fr\/wp-json\/wp\/v2\/product"}],"about":[{"href":"https:\/\/zojopackaging.com\/fr\/wp-json\/wp\/v2\/types\/product"}],"version-history":[{"count":1,"href":"https:\/\/zojopackaging.com\/fr\/wp-json\/wp\/v2\/product\/9556\/revisions"}],"predecessor-version":[{"id":9563,"href":"https:\/\/zojopackaging.com\/fr\/wp-json\/wp\/v2\/product\/9556\/revisions\/9563"}],"wp:featuredmedia":[{"embeddable":true,"href":"https:\/\/zojopackaging.com\/fr\/wp-json\/wp\/v2\/media\/9557"}],"wp:attachment":[{"href":"https:\/\/zojopackaging.com\/fr\/wp-json\/wp\/v2\/media?parent=9556"}],"wp:term":[{"taxonomy":"product_brand","embeddable":true,"href":"https:\/\/zojopackaging.com\/fr\/wp-json\/wp\/v2\/product_brand?post=9556"},{"taxonomy":"product_cat","embeddable":true,"href":"https:\/\/zojopackaging.com\/fr\/wp-json\/wp\/v2\/product_cat?post=9556"},{"taxonomy":"product_tag","embeddable":true,"href":"https:\/\/zojopackaging.com\/fr\/wp-json\/wp\/v2\/product_tag?post=9556"}],"curies":[{"name":"wp","href":"https:\/\/api.w.org\/{rel}","templated":true}]}}