{"id":9564,"date":"2025-04-02T21:12:46","date_gmt":"2025-04-02T13:12:46","guid":{"rendered":"https:\/\/zojopackaging.com\/?post_type=product&#038;p=9564"},"modified":"2025-04-02T21:30:59","modified_gmt":"2025-04-02T13:30:59","slug":"eco-friendly-cosmetic-set-face-cream-paper-tube-packaging","status":"publish","type":"product","link":"https:\/\/zojopackaging.com\/fr\/product\/eco-friendly-cosmetic-set-face-cream-paper-tube-packaging\/","title":{"rendered":"Kit cosm\u00e9tique \u00e9cologique Cr\u00e8me visage Emballage tube papier"},"content":{"rendered":"<h2 id=\"-1-aesthetic-design-highlighting-the-brand-s-elegant-style-\"><strong>1. Conception esth\u00e9tique : mise en valeur du style \u00e9l\u00e9gant de la marque<\/strong><\/h2>\n<h3 id=\"-soft-visual-presentation-\">-\u00a0<strong>Pr\u00e9sentation visuelle douce<\/strong><\/h3>\n<p>La bo\u00eete de cosm\u00e9tiques ronde utilise un ton rose doux comme base, avec un motif g\u00e9om\u00e9trique en relief con\u00e7u avec pr\u00e9cision, combinant l'art moderne et le luxe classique, ce qui renforce parfaitement la reconnaissance de la marque. La combinaison d'une texture mate et d'une technologie partielle de marquage \u00e0 chaud\/UV conf\u00e8re \u00e0 l'emballage une exp\u00e9rience haut de gamme discr\u00e8te et exquise.<\/p>\n<h3 id=\"-customized-artistic-expression-\">-\u00a0<strong>Expression artistique personnalis\u00e9e<\/strong><\/h3>\n<p>Il permet de personnaliser enti\u00e8rement le type, la taille et le motif de la bo\u00eete et d'ajuster la couleur (correspondance pr\u00e9cise avec le num\u00e9ro de couleur Pantone), la texture et les effets de surface (tels que le film tactile, le gaufrage, le vernis partiel) en fonction du syst\u00e8me VI de la marque, afin de garantir que l'emballage et la tonalit\u00e9 du produit sont parfaitement unifi\u00e9s.<\/p>\n<h2 id=\"-2-both-environmental-protection-and-protective-performance-\"><strong>2. Protection de l'environnement et performance en mati\u00e8re de protection<\/strong><\/h2>\n<h3 id=\"-sustainable-material-selection-\">-\u00a0<strong>S\u00e9lection de mat\u00e9riaux durables<\/strong><\/h3>\n<ul>\n<li><strong>Mat\u00e9riau de base<\/strong>: Un carton de haute qualit\u00e9 certifi\u00e9 FSC est utilis\u00e9, avec une \u00e9paisseur optionnelle (1,5-3 mm), et la doublure peut \u00eatre compl\u00e9t\u00e9e par de la laine de coton recycl\u00e9e ou de la pulpe de bagasse de canne \u00e0 sucre moul\u00e9e dans un plateau int\u00e9rieur pour obtenir un emballage \u00e0 teneur r\u00e9duite en plastique.<\/li>\n<li><strong>Options de mise \u00e0 niveau respectueuses de l'environnement<\/strong>Pour r\u00e9pondre aux normes environnementales internationales telles que EU REACH et FDA, des cartons en fibre de bambou, des films mats d\u00e9gradables et des encres \u00e0 base d'eau respectueuses de l'environnement sont disponibles.<\/li>\n<\/ul>\n<h3 id=\"-all-round-protection-design-\">-\u00a0<strong>Protection int\u00e9grale<\/strong><\/h3>\n<ul>\n<li><strong>Structure r\u00e9sistante \u00e0 la compression et aux rayures<\/strong>: Le corps de la bo\u00eete adopte un processus de laminage de carton ondul\u00e9 renforc\u00e9, avec un traitement de surface par film mat r\u00e9sistant aux rayures pour r\u00e9sister aux frottements du transport et aux changements d'humidit\u00e9, ce qui garantit que le produit arrive intact au terminal.<\/li>\n<li><strong>Adaptation pr\u00e9cise du rev\u00eatement<\/strong>: Les plateaux int\u00e9rieurs en EVA\/papier peuvent \u00eatre personnalis\u00e9s en fonction de la forme des produits, tels que les flacons de cr\u00e8me et les poudres, afin de fixer le produit et de r\u00e9duire les secousses.<\/li>\n<\/ul>\n<h2 id=\"-3-flexible-and-efficient-production-services-\"><strong>3. Des services de production flexibles et efficaces<\/strong><\/h2>\n<h3 id=\"-quick-response-and-delivery-\">-\u00a0<strong>R\u00e9ponse et livraison rapides<\/strong><\/h3>\n<ul>\n<li>Nous prenons en charge les commandes d'essai de petits lots (MOQ de 500 pi\u00e8ces ou plus), les commandes de production de masse seront achev\u00e9es et la logistique internationale sera organis\u00e9e dans un d\u00e9lai de 7 \u00e0 14 jours, et les commandes urgentes peuvent \u00eatre exp\u00e9di\u00e9es dans un d\u00e9lai de 5 jours.<\/li>\n<li>Fournir un service unique : conception-preuve-production-inspection de la qualit\u00e9-d\u00e9claration d'exportation, et suivi num\u00e9rique de l'avancement des travaux tout au long du processus.<\/li>\n<\/ul>\n<h3 id=\"-global-export-guarantee-\">-\u00a0<strong>Garantie globale \u00e0 l'exportation<\/strong><\/h3>\n<ul>\n<li>Profond\u00e9ment engag\u00e9e dans le domaine de l'exportation d'emballages de produits cosm\u00e9tiques, elle conna\u00eet les exigences en mati\u00e8re de d\u00e9douanement de march\u00e9s tels que l'Europe, l'Am\u00e9rique et l'Asie du Sud-Est. Elle fournit des solutions d'emballage qui r\u00e9pondent aux normes de test de transport ISTA 3A afin de r\u00e9duire les risques li\u00e9s au transport transfrontalier.<\/li>\n<li>Elle permet l'insertion de manuels d'instruction multilingues, d'\u00e9tiquettes anti-contrefa\u00e7on et d'emballages personnalis\u00e9s pour le commerce \u00e9lectronique transfrontalier (par exemple, la conception de bo\u00eetes express int\u00e9gr\u00e9es).<\/li>\n<\/ul>\n<h2 id=\"-4-value-added-services-empowering-brand-value-enhancement-\"><strong>4. Services \u00e0 valeur ajout\u00e9e : renforcer la valeur de la marque<\/strong><\/h2>\n<h3 id=\"-scenario-based-packaging-extension-\">-\u00a0<strong>Extension de l'emballage bas\u00e9e sur un sc\u00e9nario<\/strong><\/h3>\n<ul>\n<li>Peut d\u00e9velopper la m\u00eame s\u00e9rie de sacs-cadeaux, de rubans et de cartes de v\u0153ux plantables (contenant des graines de plantes) pour renforcer le concept de protection de l'environnement et le sens du rituel de la marque.<\/li>\n<li>Prise en charge de l'implantation de puces RFID, de codes QR interactifs AR et d'autres technologies d'emballage intelligentes afin d'am\u00e9liorer l'exp\u00e9rience du consommateur.<\/li>\n<\/ul>\n<h3 id=\"-cost-optimization-strategy-\">-\u00a0<strong>Strat\u00e9gie d'optimisation des co\u00fbts<\/strong><\/h3>\n<ul>\n<li>R\u00e9duisez les co\u00fbts d'ouverture des moules gr\u00e2ce \u00e0 la conception modulaire des bo\u00eetes, proposez un plan de tarification \u00e9chelonn\u00e9 et b\u00e9n\u00e9ficiez d'une remise graduelle de 8-15% pour les commandes en gros.<\/li>\n<\/ul>","protected":false},"excerpt":{"rendered":"<p>\u2705\u00a0<strong>\u00c9quilibre entre protection de l'environnement et luxe<\/strong>--Utiliser des mat\u00e9riaux durables pour obtenir une expression visuelle haut de gamme<br \/>\n\u2705\u00a0<strong>Garantie de livraison mondiale<\/strong>--10 ans d'exp\u00e9rience dans l'exportation, taux de retard nul r\u00e9seau de coop\u00e9ration logistique<br \/>\n\u2705\u00a0<strong>Une grande libert\u00e9 de personnalisation<\/strong>--De la conception au produit fini, un soutien exclusif de l'\u00e9quipe tout au long du processus<\/p>","protected":false},"featured_media":9565,"template":"","meta":[],"product_brand":[],"product_cat":[30,390,31,429],"product_tag":[1210,1212,1211],"class_list":{"0":"post-9564","1":"product","2":"type-product","3":"status-publish","4":"has-post-thumbnail","6":"product_cat-by-industry","7":"product_cat-custom-cosmetics-boxes","8":"product_cat-paper-box-style","9":"product_cat-paper-tube-boxes","10":"product_tag-cosmetic-paper-tube-packaging","11":"product_tag-eco-friendly-paper-tube-packaging","12":"product_tag-face-cream-paper-tube","14":"first","15":"instock","16":"shipping-taxable","17":"product-type-grouped"},"_links":{"self":[{"href":"https:\/\/zojopackaging.com\/fr\/wp-json\/wp\/v2\/product\/9564","targetHints":{"allow":["GET"]}}],"collection":[{"href":"https:\/\/zojopackaging.com\/fr\/wp-json\/wp\/v2\/product"}],"about":[{"href":"https:\/\/zojopackaging.com\/fr\/wp-json\/wp\/v2\/types\/product"}],"version-history":[{"count":2,"href":"https:\/\/zojopackaging.com\/fr\/wp-json\/wp\/v2\/product\/9564\/revisions"}],"predecessor-version":[{"id":9572,"href":"https:\/\/zojopackaging.com\/fr\/wp-json\/wp\/v2\/product\/9564\/revisions\/9572"}],"wp:featuredmedia":[{"embeddable":true,"href":"https:\/\/zojopackaging.com\/fr\/wp-json\/wp\/v2\/media\/9565"}],"wp:attachment":[{"href":"https:\/\/zojopackaging.com\/fr\/wp-json\/wp\/v2\/media?parent=9564"}],"wp:term":[{"taxonomy":"product_brand","embeddable":true,"href":"https:\/\/zojopackaging.com\/fr\/wp-json\/wp\/v2\/product_brand?post=9564"},{"taxonomy":"product_cat","embeddable":true,"href":"https:\/\/zojopackaging.com\/fr\/wp-json\/wp\/v2\/product_cat?post=9564"},{"taxonomy":"product_tag","embeddable":true,"href":"https:\/\/zojopackaging.com\/fr\/wp-json\/wp\/v2\/product_tag?post=9564"}],"curies":[{"name":"wp","href":"https:\/\/api.w.org\/{rel}","templated":true}]}}