{"id":9581,"date":"2025-04-02T23:41:30","date_gmt":"2025-04-02T15:41:30","guid":{"rendered":"https:\/\/zojopackaging.com\/?post_type=product&#038;p=9581"},"modified":"2025-04-02T23:58:02","modified_gmt":"2025-04-02T15:58:02","slug":"custom-pre-roll-boxes-eco-friendly-packaging-small-slide-out-box-wholesale","status":"publish","type":"product","link":"https:\/\/zojopackaging.com\/fr\/product\/custom-pre-roll-boxes-eco-friendly-packaging-small-slide-out-box-wholesale\/","title":{"rendered":"Bo\u00eetes pr\u00e9-enroul\u00e9es personnalis\u00e9es Emballage \u00e9cologique Petite bo\u00eete \u00e0 glissi\u00e8re Wholesale"},"content":{"rendered":"<h3 id=\"1-environmentally-friendly-materials-adaptable-to-multiple-scenarios-\">1.\u00a0<strong>Mat\u00e9riaux respectueux de l'environnement, adaptables \u00e0 de multiples sc\u00e9narios<\/strong><\/h3>\n<p>Adopter\u00a0<strong>Papier couch\u00e9 157g + carton gris 1200g<\/strong>\u00a0La structure composite est tr\u00e8s r\u00e9sistante et pr\u00e9sente des propri\u00e9t\u00e9s de protection de l'environnement. La surface du papier couch\u00e9 est d\u00e9licate et peut pr\u00e9senter des effets d'impression exquis ; la couche de carton gris fournit un support stable pour assurer la r\u00e9sistance \u00e0 la pression et aux chocs pendant le transport. Le mat\u00e9riau r\u00e9pond aux normes environnementales internationales, est recyclable et d\u00e9gradable, et s'inscrit dans le concept de d\u00e9veloppement durable de la marque.<\/p>\n<h3 id=\"2-pull-out-design-to-enhance-user-experience-\">2. Glisser<strong>-un design \u00e9pur\u00e9 pour am\u00e9liorer l'exp\u00e9rience de l'utilisateur<\/strong><\/h3>\n<p>L'original\u00a0<strong>un-pull-and-take<\/strong>\u00a0La structure coulissante permet de retirer facilement les pr\u00e9-rouleaux sans op\u00e9rations compliqu\u00e9es. Le processus d'extraction est fluide et silencieux, avec un sens du rituel et de l'amusement, ce qui am\u00e9liore la perception de la qualit\u00e9 du produit par les consommateurs. La conception brevet\u00e9e \u00e9vite toute ouverture accidentelle, garantissant la confidentialit\u00e9 et la stabilit\u00e9.<\/p>\n<h3 id=\"3-exclusive-for-adults-accurately-positioned-in-the-high-end-market-\">3.\u00a0<strong>Exclusif pour les adultes, bien positionn\u00e9 sur le march\u00e9 haut de gamme<\/strong><\/h3>\n<p>Il n'est pas \u00e9quip\u00e9 d'une fonction de protection des enfants et est con\u00e7u pour les sc\u00e8nes adultes. Il convient pour\u00a0<strong>tabac haut de gamme, th\u00e9 fin, cigares de collection<\/strong>\u00a0et d'autres produits qui doivent \u00eatre \u00e9l\u00e9gants. Il transmet le ton de la marque \u00e0 travers une apparence simple et luxueuse pour r\u00e9pondre aux attentes des utilisateurs haut de gamme en mati\u00e8re d'emballage exquis.<\/p>\n<h3 id=\"4-internal-cardboard-orderly-storage-\">4.\u00a0<strong>Carton int\u00e9rieur, rangement ordonn\u00e9<\/strong><\/h3>\n<p>La bo\u00eete est \u00e9quip\u00e9e de\u00a0<strong>cloisons en carton personnalis\u00e9es<\/strong>\u00a0pour s\u00e9parer et fixer les 5 pr\u00e9-rouleaux afin d'\u00e9viter les secousses et les collisions pendant le transport. Les cloisons peuvent \u00eatre imprim\u00e9es avec des logos de marque ou des motifs d\u00e9coratifs, et elles peuvent \u00eatre affich\u00e9es proprement lorsque la bo\u00eete est ouverte, ce qui renforce la sensation de haut de gamme du produit et la satisfaction de l'utilisateur au moment du d\u00e9ballage.<\/p>\n<h3 id=\"5-full-dimensional-customization-empowering-brand-creativity-\">5.\u00a0<strong>Personnalisation compl\u00e8te, favorisant la cr\u00e9ativit\u00e9 de la marque<\/strong><\/h3>\n<p>Soutien\u00a0<strong>service de personnalisation compl\u00e8te \u00e0 l'int\u00e9rieur et \u00e0 l'ext\u00e9rieur<\/strong>: -\u00a0<strong>Apparence<\/strong>: La surface du papier couch\u00e9 peut \u00eatre imprim\u00e9e avec des motifs de haute pr\u00e9cision, des couleurs d\u00e9grad\u00e9es, la technologie du marquage \u00e0 chaud\/de l'argent \u00e0 chaud, et convient au syst\u00e8me de la marque VI.\u00a0<strong>Structure<\/strong>: La taille et la disposition de la voie d'extraction et de la cloison peuvent \u00eatre ajust\u00e9es pour r\u00e9pondre aux exigences des diff\u00e9rentes sp\u00e9cifications du pr\u00e9-bobinage.\u00a0<strong>Fonction<\/strong>: Ajouter des \u00e9l\u00e9ments \u00e0 valeur ajout\u00e9e tels que le code QR de l'histoire de la marque et des \u00e9tiquettes anti-contrefa\u00e7on pour renforcer l'interactivit\u00e9 et la s\u00e9curit\u00e9.<\/p>\n<h3 id=\"6-flexible-production-efficient-delivery-\">6.\u00a0<strong>Production flexible, livraison efficace<\/strong><\/h3>\n<p>-\u00a0<strong>Personnalisation de petits lots<\/strong>: Prise en charge d'une commande minimale de 500 pi\u00e8ces, \u00e9preuvage rapide et livraison dans les 10 jours ouvrables, adapt\u00e9e aux tests de nouveaux produits ou aux ventes limit\u00e9es.\u00a0<strong>Production de masse \u00e0 grande \u00e9chelle<\/strong>: S'appuyant sur des lignes de production automatis\u00e9es, la capacit\u00e9 de production d'un seul lot atteint 100 000 pi\u00e8ces, ce qui garantit des prix avantageux et la stabilit\u00e9 de l'approvisionnement.<\/p>\n<h3 id=\"7-owned-factory-quality-assurance-\">7.\u00a0<strong>Usine propre, assurance qualit\u00e9<\/strong><\/h3>\n<p>Nous avons un\u00a0<strong>5320\u33a1 base de production moderne<\/strong>La soci\u00e9t\u00e9 est dot\u00e9e d'\u00e9quipements de pointe tels que des machines d'impression Heidelberg et des machines \u00e0 d\u00e9couper enti\u00e8rement automatiques, ainsi que d'un contr\u00f4le de la qualit\u00e9 de la conception \u00e0 la production. Nous suivons scrupuleusement le syst\u00e8me de gestion de la qualit\u00e9 ISO pour garantir que chaque lien r\u00e9pond aux normes internationales en mati\u00e8re d'emballage.<\/p>","protected":false},"excerpt":{"rendered":"<p><strong>\u00a0 \u00a0Pourquoi choisir ZOJO Print ?<\/strong><\/p>\n<ul>\n<li><strong>La protection de l'environnement d'abord<\/strong>les mat\u00e9riaux sont tra\u00e7ables et des rapports sur l'empreinte carbone sont fournis ;<\/li>\n<li><strong>La conception est le moteur de l'action<\/strong>: 30+ \u00e9quipes de concepteurs seniors, qui produisent des solutions originales ;<\/li>\n<li><strong>Un service sans souci<\/strong>le suivi personnalis\u00e9 du service \u00e0 la client\u00e8le, le soutien \u00e0 la logistique et \u00e0 la distribution au niveau mondial.<\/li>\n<\/ul>\n<p><strong>Sc\u00e9narios d'application<\/strong>Les produits de la soci\u00e9t\u00e9 sont les suivants : coffrets cadeaux de tabac haut de gamme, coffrets de d\u00e9gustation de th\u00e9, coffrets de cigares en \u00e9dition limit\u00e9e et emballages d'accessoires de tabac de collection.<\/p>","protected":false},"featured_media":9586,"template":"","meta":[],"product_brand":[],"product_cat":[30,420,31,426],"product_tag":[1213,1215,1214],"class_list":{"0":"post-9581","1":"product","2":"type-product","3":"status-publish","4":"has-post-thumbnail","6":"product_cat-by-industry","7":"product_cat-custom-cannabis-boxes","8":"product_cat-paper-box-style","9":"product_cat-paper-drawer-boxes","10":"product_tag-custom-pre-roll-boxes","11":"product_tag-eco-friendly-packaging","12":"product_tag-slide-out-box-wholesale","14":"first","15":"instock","16":"shipping-taxable","17":"product-type-simple"},"_links":{"self":[{"href":"https:\/\/zojopackaging.com\/fr\/wp-json\/wp\/v2\/product\/9581","targetHints":{"allow":["GET"]}}],"collection":[{"href":"https:\/\/zojopackaging.com\/fr\/wp-json\/wp\/v2\/product"}],"about":[{"href":"https:\/\/zojopackaging.com\/fr\/wp-json\/wp\/v2\/types\/product"}],"version-history":[{"count":2,"href":"https:\/\/zojopackaging.com\/fr\/wp-json\/wp\/v2\/product\/9581\/revisions"}],"predecessor-version":[{"id":9589,"href":"https:\/\/zojopackaging.com\/fr\/wp-json\/wp\/v2\/product\/9581\/revisions\/9589"}],"wp:featuredmedia":[{"embeddable":true,"href":"https:\/\/zojopackaging.com\/fr\/wp-json\/wp\/v2\/media\/9586"}],"wp:attachment":[{"href":"https:\/\/zojopackaging.com\/fr\/wp-json\/wp\/v2\/media?parent=9581"}],"wp:term":[{"taxonomy":"product_brand","embeddable":true,"href":"https:\/\/zojopackaging.com\/fr\/wp-json\/wp\/v2\/product_brand?post=9581"},{"taxonomy":"product_cat","embeddable":true,"href":"https:\/\/zojopackaging.com\/fr\/wp-json\/wp\/v2\/product_cat?post=9581"},{"taxonomy":"product_tag","embeddable":true,"href":"https:\/\/zojopackaging.com\/fr\/wp-json\/wp\/v2\/product_tag?post=9581"}],"curies":[{"name":"wp","href":"https:\/\/api.w.org\/{rel}","templated":true}]}}