{"id":9590,"date":"2025-04-02T23:58:37","date_gmt":"2025-04-02T15:58:37","guid":{"rendered":"https:\/\/zojopackaging.com\/?post_type=product&#038;p=9590"},"modified":"2025-04-03T00:06:35","modified_gmt":"2025-04-02T16:06:35","slug":"customized-pre-roll-drawer-box-vaping-packaging-manufacturer","status":"publish","type":"product","link":"https:\/\/zojopackaging.com\/fr\/product\/customized-pre-roll-drawer-box-vaping-packaging-manufacturer\/","title":{"rendered":"Bo\u00eete \u00e0 tiroirs pr\u00e9-enroul\u00e9e personnalis\u00e9e - Fabricant d'emballages pour le vapotage"},"content":{"rendered":"<h3 id=\"1-intelligent-child-proof-lock-design-guarding-the-bottom-line-of-safety-\">1.\u00a0<strong>Conception intelligente de la serrure \u00e0 l'\u00e9preuve des enfants, garantissant la s\u00e9curit\u00e9 de base<\/strong><\/h3>\n<p>La bo\u00eete extractible est dot\u00e9e d'un\u00a0<strong>une serrure pour enfants conforme \u00e0 la norme internationale ISO 8317<\/strong>. Gr\u00e2ce \u00e0 la structure de double assurance des boucles internes et externes (telle que la combinaison des boucles externes et des blocs de calage), les enfants de moins de 5 ans ne peuvent pas l'ouvrir, tandis que les adultes peuvent facilement l'utiliser. Le d\u00e9verrouillage n\u00e9cessite trois tractions cons\u00e9cutives et rapides en l'espace de 2 secondes, ce qui r\u00e9duit efficacement le risque de contact accidentel et est enti\u00e8rement conforme aux exigences de la \"norme nationale obligatoire pour les e-cigarettes\".<\/p>\n<h3 id=\"2-environmentally-friendly-materials-sturdy-and-durable-\">2.\u00a0<strong>Mat\u00e9riaux respectueux de l'environnement, robustes et durables<\/strong><\/h3>\n<p>Adopter\u00a0<strong>Papier couch\u00e9 157g + carton gris 1200g<\/strong>\u00a0Gr\u00e2ce \u00e0 sa structure composite, la surface du papier couch\u00e9 est d\u00e9licate et permet une impression haute d\u00e9finition, tandis que la couche de carton gris assure la compression et la protection contre les chocs afin de garantir la stabilit\u00e9 et l'int\u00e9grit\u00e9 du pr\u00e9-rouleau pendant le transport. Le mat\u00e9riau a obtenu la certification environnementale RoHS, est recyclable et d\u00e9gradable, et est conforme aux objectifs de d\u00e9veloppement durable de la marque.<\/p>\n<h3 id=\"3-four-color-printing-laminating-process-visual-and-texture-coexist-\">3.\u00a0<strong>Impression en quadrichromie + processus de laminage, coexistence de l'aspect visuel et de la texture<\/strong><\/h3>\n<p>-\u00a0<strong>Impression en quadrichromie<\/strong>: Adoptant la technologie de surimpression de haute pr\u00e9cision cyan, magenta, jaune et noir (CMYK), le taux de reproduction des couleurs est sup\u00e9rieur \u00e0 95% et prend en charge des effets complexes tels que les d\u00e9grad\u00e9s et les couleurs d'accompagnement.\u00a0<strong>Proc\u00e9d\u00e9 de laminage<\/strong>: Pelliculage mat\/brillant en option pour am\u00e9liorer la r\u00e9sistance \u00e0 l'humidit\u00e9 et \u00e0 l'usure, tout en am\u00e9liorant le toucher et l'aspect visuel, ce qui rend l'emballage plus haut de gamme et exquis.<\/p>\n<h3 id=\"4-modular-cardboard-design-orderly-storage-\">4.\u00a0<strong>Conception modulaire en carton, rangement ordonn\u00e9<\/strong><\/h3>\n<p>La bo\u00eete est \u00e9quip\u00e9e de\u00a0<strong>cloisons en carton personnalis\u00e9es<\/strong>La cloison permet d'imprimer le logo de la marque, des informations sur le produit ou des motifs d\u00e9coratifs. La cloison permet d'imprimer le logo de la marque, des informations sur le produit ou des motifs d\u00e9coratifs, et l'affichage soign\u00e9 peut \u00eatre vu lorsque la bo\u00eete est ouverte, ce qui am\u00e9liore l'exp\u00e9rience de l'utilisateur et la qualit\u00e9 du produit.<\/p>\n<h3 id=\"5-full-dimensional-customization-service-unleashing-brand-creativity-\">5.\u00a0<strong>Service de personnalisation complet, lib\u00e9rant la cr\u00e9ativit\u00e9 de la marque<\/strong><\/h3>\n<p>-\u00a0<strong>Personnalisation de l'apparence<\/strong>: La surface du papier couch\u00e9 peut \u00eatre imprim\u00e9e avec des motifs de haute pr\u00e9cision, un marquage \u00e0 chaud\/argent \u00e0 chaud, un gaufrage UV et d'autres proc\u00e9d\u00e9s, adapt\u00e9s au syst\u00e8me de la marque VI ; -\u00a0<strong>Personnalisation des fonctions<\/strong>: Permet d'ajouter des \u00e9tiquettes anti-contrefa\u00e7on, un code QR de tra\u00e7abilit\u00e9, une doublure amovible et d'autres conceptions \u00e0 valeur ajout\u00e9e ; -\u00a0<strong>Personnalisation de la structure<\/strong>: La longueur du rail extractible, la taille de la cloison et l'agencement peuvent \u00eatre ajust\u00e9s pour r\u00e9pondre \u00e0 diff\u00e9rentes sp\u00e9cifications de pr\u00e9-rouleaux.<\/p>\n<h3 id=\"6-fully-automated-production-line-efficient-and-worry-free-delivery-\">6.\u00a0<strong>Ligne de production enti\u00e8rement automatis\u00e9e, livraison efficace et sans souci<\/strong><\/h3>\n<p>S'appuyer sur\u00a0<strong>machines de d\u00e9coupe enti\u00e8rement automatiques, lignes d'impression \u00e0 grande vitesse<\/strong>\u00a0et d'autres \u00e9quipements de pointe, ce qui permet de passer sans heurt de la conception \u00e0 la production de masse : -\u00a0<strong>Personnalisation de petits lots<\/strong>: commande minimale de 500 pi\u00e8ces, livraison dans les 10 jours ouvrables, \u00e9preuvage rapide et r\u00e9vision flexible ; -\u00a0<strong>Production de masse \u00e0 grande \u00e9chelle<\/strong>La capacit\u00e9 de production d'un seul lot est sup\u00e9rieure \u00e0 100 000 pi\u00e8ces, les d\u00e9lais de livraison sont stables et les co\u00fbts contr\u00f4lables.<\/p>\n<h3 id=\"7-16-years-of-industry-experience-one-stop-service-guarantee-\">7.\u00a0<strong>16 ans d'exp\u00e9rience dans l'industrie, garantie d'un service unique<\/strong><\/h3>\n<p>En tant que fabricant senior avec\u00a0<strong>16 ans d'exp\u00e9rience dans la fabrication de bo\u00eetes extractibles<\/strong>ZOJO Print offre : -\u00a0<strong>Soutien \u00e0 la conception<\/strong>: Une \u00e9quipe professionnelle de 30 personnes assure la conception de cas complets, tels que la mod\u00e9lisation 3D et l'optimisation structurelle ; -\u00a0<strong>Syst\u00e8me de contr\u00f4le de la qualit\u00e9<\/strong>: Certification ISO 9001, inspection de la qualit\u00e9 de l'ensemble du processus afin de garantir une exp\u00e9dition sans d\u00e9faut.\u00a0<strong>Logistique mondiale<\/strong>: Entreposage propre + r\u00e9seau logistique coop\u00e9ratif, couvrant plus de 50 pays, prenant en charge les conditions DDP\/DDU.<\/p>","protected":false},"excerpt":{"rendered":"<p><strong> Pourquoi choisir ZOJO Print ?\u00a0<\/strong><\/p>\n<p>-\u00a0<strong>S\u00e9curit\u00e9 et conformit\u00e9<\/strong>: A pass\u00e9 avec succ\u00e8s les certifications internationales telles que CE et FCC, et a fourni des rapports de tests de s\u00e9curit\u00e9 pour enfants ;<\/p>\n<p>-<strong>\u00a0Engagement environnemental :<\/strong> Les mat\u00e9riaux sont tra\u00e7ables et favorisent les solutions d'emballage neutres en carbone ;<\/p>\n<p><strong>- R\u00e9ponse agile :<\/strong> Service client\u00e8le en ligne 24 heures sur 24, production acc\u00e9l\u00e9r\u00e9e sous 48 heures pour les commandes urgentes.<\/p>","protected":false},"featured_media":9596,"template":"","meta":[],"product_brand":[],"product_cat":[30,420,31,426],"product_tag":[1216,1217,1218],"class_list":{"0":"post-9590","1":"product","2":"type-product","3":"status-publish","4":"has-post-thumbnail","6":"product_cat-by-industry","7":"product_cat-custom-cannabis-boxes","8":"product_cat-paper-box-style","9":"product_cat-paper-drawer-boxes","10":"product_tag-customized-pre-roll-drawer-box","11":"product_tag-pre-roll-drawer-box","12":"product_tag-vaping-packaging","14":"first","15":"instock","16":"shipping-taxable","17":"product-type-simple"},"_links":{"self":[{"href":"https:\/\/zojopackaging.com\/fr\/wp-json\/wp\/v2\/product\/9590","targetHints":{"allow":["GET"]}}],"collection":[{"href":"https:\/\/zojopackaging.com\/fr\/wp-json\/wp\/v2\/product"}],"about":[{"href":"https:\/\/zojopackaging.com\/fr\/wp-json\/wp\/v2\/types\/product"}],"version-history":[{"count":1,"href":"https:\/\/zojopackaging.com\/fr\/wp-json\/wp\/v2\/product\/9590\/revisions"}],"predecessor-version":[{"id":9597,"href":"https:\/\/zojopackaging.com\/fr\/wp-json\/wp\/v2\/product\/9590\/revisions\/9597"}],"wp:featuredmedia":[{"embeddable":true,"href":"https:\/\/zojopackaging.com\/fr\/wp-json\/wp\/v2\/media\/9596"}],"wp:attachment":[{"href":"https:\/\/zojopackaging.com\/fr\/wp-json\/wp\/v2\/media?parent=9590"}],"wp:term":[{"taxonomy":"product_brand","embeddable":true,"href":"https:\/\/zojopackaging.com\/fr\/wp-json\/wp\/v2\/product_brand?post=9590"},{"taxonomy":"product_cat","embeddable":true,"href":"https:\/\/zojopackaging.com\/fr\/wp-json\/wp\/v2\/product_cat?post=9590"},{"taxonomy":"product_tag","embeddable":true,"href":"https:\/\/zojopackaging.com\/fr\/wp-json\/wp\/v2\/product_tag?post=9590"}],"curies":[{"name":"wp","href":"https:\/\/api.w.org\/{rel}","templated":true}]}}