{"id":9598,"date":"2025-04-03T00:07:05","date_gmt":"2025-04-02T16:07:05","guid":{"rendered":"https:\/\/zojopackaging.com\/?post_type=product&#038;p=9598"},"modified":"2025-04-03T00:17:29","modified_gmt":"2025-04-02T16:17:29","slug":"custom-paper-pre-roll-slider-box-packaging-manufacturer-in-china","status":"publish","type":"product","link":"https:\/\/zojopackaging.com\/fr\/product\/custom-paper-pre-roll-slider-box-packaging-manufacturer-in-china\/","title":{"rendered":"Emballage de bo\u00eete \u00e0 glissi\u00e8re pr\u00e9-enroul\u00e9e en papier fabriqu\u00e9 sur mesure en Chine"},"content":{"rendered":"<h3 id=\"1-environmentally-friendly-materials-texture-and-sustainability-are-equally-important-\">1.\u00a0<strong>Les mat\u00e9riaux respectueux de l'environnement, la texture et la durabilit\u00e9 sont tout aussi importants.<\/strong><\/h3>\n<p>La bo\u00eete extractible adopte un\u00a0<strong>Papier couch\u00e9 157g + carton gris 1200g<\/strong>\u00a0structure composite. La surface fine du papier couch\u00e9 permet une impression haute d\u00e9finition, et la couche de carton gris assure la compression et la protection contre les chocs pour garantir la stabilit\u00e9 et l'int\u00e9grit\u00e9 du pr\u00e9-rouleau pendant le transport. Le mat\u00e9riau a pass\u00e9\u00a0<strong>Certification foresti\u00e8re FSC<\/strong>\u00a0et\u00a0<strong>Normes de protection de l'environnement RoHS<\/strong>et peuvent \u00eatre enti\u00e8rement recycl\u00e9s et d\u00e9grad\u00e9s, ce qui est conforme \u00e0 l'interdiction du plastique en Chine et \u00e0 la tendance mondiale \u00e0 la r\u00e9duction du plastique.<\/p>\n<h3 id=\"2-ergonomic-design-balance-of-portability-and-aesthetics-\">2.\u00a0<strong>Conception ergonomique, \u00e9quilibre entre portabilit\u00e9 et esth\u00e9tique<\/strong><\/h3>\n<p>La bo\u00eete extractible adopte un\u00a0<strong>structure rectangulaire au nombre d'or<\/strong>L'\u00e9paisseur est inf\u00e9rieure \u00e0 2,5 cm et le poids n'est que de 150 g, ce qui permet de le ranger facilement dans une poche ou dans un bagage \u00e0 main. La surface utilise\u00a0<strong>impression en quadrichromie + gaufrage UV partiel<\/strong>\u00a0permet de r\u00e9aliser des effets complexes tels que des d\u00e9grad\u00e9s et des marquages \u00e0 chaud, et affiche instantan\u00e9ment la tension visuelle de la marque \u00e0 l'ouverture et \u00e0 la fermeture, am\u00e9liorant ainsi la premi\u00e8re impression des consommateurs.<\/p>\n<h3 id=\"3-convenient-access-system-optimize-user-experience-\">3.\u00a0<strong>Syst\u00e8me d'acc\u00e8s pratique, optimisation de l'exp\u00e9rience de l'utilisateur<\/strong><\/h3>\n<p>-\u00a0<strong>Traction et extraction du ruban<\/strong>: Le ruban en nylon haute densit\u00e9 int\u00e9gr\u00e9 r\u00e9duit la r\u00e9sistance au glissement de 60%, et les mini-rouleaux peuvent \u00eatre retir\u00e9s rapidement d'une seule main.\u00a0<strong>Plateau int\u00e9rieur personnalis\u00e9<\/strong>: Les cloisons en PP de qualit\u00e9 alimentaire peuvent s\u00e9parer 5 \u00e0 10 rouleaux pour \u00e9viter les secousses et les collisions pendant le transport, et ils sont bien pr\u00e9sent\u00e9s lorsque la bo\u00eete est ouverte.<\/p>\n<h3 id=\"4-full-dimensional-customization-empowering-brand-differentiation-\">4.\u00a0<strong>Personnalisation compl\u00e8te, permettant de diff\u00e9rencier les marques<\/strong><\/h3>\n<p>-\u00a0<strong>Personnalisation de la taille<\/strong>: Les sp\u00e9cifications minimales de 5 cm \u00d7 3 cm et maximales de 12 cm \u00d7 8 cm sont prises en charge, ce qui permet de s'adapter aux diff\u00e9rents diam\u00e8tres et aux diff\u00e9rentes quantit\u00e9s de pr\u00e9-rouleaux.\u00a0<strong>Personnalisation des fonctions<\/strong>: ajouter des \u00e9l\u00e9ments \u00e0 valeur ajout\u00e9e tels que des \u00e9tiquettes anti-contrefa\u00e7on, des puces NFC et des rev\u00eatements amovibles ; - ajouter des \u00e9l\u00e9ments \u00e0 valeur ajout\u00e9e tels que des \u00e9tiquettes anti-contrefa\u00e7on, des puces NFC et des rev\u00eatements amovibles.\u00a0<strong>L'autonomisation culturelle<\/strong>: Incorporer des \u00e9l\u00e9ments tels que l'encre de Chine et les motifs du patrimoine culturel immat\u00e9riel dans l'impression pour cr\u00e9er des mod\u00e8les conjoints de propri\u00e9t\u00e9 intellectuelle culturelle.<\/p>\n<h3 id=\"5-16-years-of-manufacturing-experience-quality-control-system-\">5.\u00a0<strong>16 ans d'exp\u00e9rience dans la fabrication, syst\u00e8me de contr\u00f4le de la qualit\u00e9<\/strong><\/h3>\n<p>Depuis sa cr\u00e9ation en 2009, ZOJO Print a produit plus de 20 millions de bo\u00eetes extractibles et a mis en place un syst\u00e8me de gestion de la qualit\u00e9.\u00a0<strong>Syst\u00e8me de gestion de la qualit\u00e9 ISO 9001<\/strong>. De l'analyse des mati\u00e8res premi\u00e8res \u00e0 l'\u00e9chantillonnage des produits finis, 23 processus sont enti\u00e8rement tra\u00e7ables. Le taux de rachat par les clients est de 82%, et le taux de retour est inf\u00e9rieur \u00e0 0,3%.<\/p>\n<h3 id=\"6-smart-equipment-cluster-efficiency-and-precision-guarantee-\">6.\u00a0<strong>Groupement d'\u00e9quipements intelligents, garantie d'efficacit\u00e9 et de pr\u00e9cision<\/strong><\/h3>\n<p>L'usine est \u00e9quip\u00e9e de\u00a0<strong>Machine \u00e0 imprimer allemande Heidelberg CD102-8<\/strong>\u00a0(pr\u00e9cision \u00b10,02 mm),\u00a0<strong>machine de d\u00e9coupe enti\u00e8rement automatique<\/strong>\u00a0(vitesse 12 000 feuilles\/heure) et\u00a0<strong>machine \u00e0 graver au laser<\/strong>qui permet la d\u00e9coupe de formes sp\u00e9ciales \u00e0 haute densit\u00e9 et le traitement des micro-trous, avec une ouverture minimale de 0,5 mm, r\u00e9pondant ainsi aux besoins des emballages de luxe.<\/p>\n<h3 id=\"7-one-stop-service-full-link-solution-\">7.\u00a0<strong>Un service unique, une solution compl\u00e8te<\/strong><\/h3>\n<p>De\u00a0<strong>design conceptuel<\/strong>\u00a0(mod\u00e9lisation 3D et \u00e9preuvage) \u00e0\u00a0<strong>livraison de la production de masse<\/strong>\u00a0(commande minimale de 500 pi\u00e8ces, \u00e9preuvage rapide sous 15 jours), en soutenant\u00a0<strong>logistique et entreposage<\/strong>\u00a0(5 000 m\u00e8tres carr\u00e9s d'entrep\u00f4ts en propri\u00e9t\u00e9) et\u00a0<strong>le d\u00e9douanement transfrontalier<\/strong>\u00a0couvrant la Chine continentale, Hong Kong, Macao, Ta\u00efwan et les march\u00e9s de l'Asie du Sud-Est.<\/p>","protected":false},"excerpt":{"rendered":"<p><strong>Pourquoi choisir ZOJO Print ?\u00a0<\/strong><\/p>\n<p>-\u00a0<strong>Certification de conformit\u00e9<\/strong>: Test de contact alimentaire de la FDA et certification de s\u00e9curit\u00e9 de l'emballage de la CE ;<\/p>\n<p>-\u00a0<strong>Avantage en termes de co\u00fbts<\/strong>: La production centralis\u00e9e r\u00e9duit les co\u00fbts logistiques de 30% et permet la personnalisation de petits lots.<\/p>","protected":false},"featured_media":9600,"template":"","meta":[],"product_brand":[],"product_cat":[30,420,31,426],"product_tag":[1220,1219,1221],"class_list":{"0":"post-9598","1":"product","2":"type-product","3":"status-publish","4":"has-post-thumbnail","6":"product_cat-by-industry","7":"product_cat-custom-cannabis-boxes","8":"product_cat-paper-box-style","9":"product_cat-paper-drawer-boxes","10":"product_tag-custom-paper-pre-roll-slider-box","11":"product_tag-packaging-manufacturer","12":"product_tag-pre-roll-slider-box","14":"first","15":"instock","16":"shipping-taxable","17":"product-type-simple"},"_links":{"self":[{"href":"https:\/\/zojopackaging.com\/fr\/wp-json\/wp\/v2\/product\/9598","targetHints":{"allow":["GET"]}}],"collection":[{"href":"https:\/\/zojopackaging.com\/fr\/wp-json\/wp\/v2\/product"}],"about":[{"href":"https:\/\/zojopackaging.com\/fr\/wp-json\/wp\/v2\/types\/product"}],"version-history":[{"count":1,"href":"https:\/\/zojopackaging.com\/fr\/wp-json\/wp\/v2\/product\/9598\/revisions"}],"predecessor-version":[{"id":9605,"href":"https:\/\/zojopackaging.com\/fr\/wp-json\/wp\/v2\/product\/9598\/revisions\/9605"}],"wp:featuredmedia":[{"embeddable":true,"href":"https:\/\/zojopackaging.com\/fr\/wp-json\/wp\/v2\/media\/9600"}],"wp:attachment":[{"href":"https:\/\/zojopackaging.com\/fr\/wp-json\/wp\/v2\/media?parent=9598"}],"wp:term":[{"taxonomy":"product_brand","embeddable":true,"href":"https:\/\/zojopackaging.com\/fr\/wp-json\/wp\/v2\/product_brand?post=9598"},{"taxonomy":"product_cat","embeddable":true,"href":"https:\/\/zojopackaging.com\/fr\/wp-json\/wp\/v2\/product_cat?post=9598"},{"taxonomy":"product_tag","embeddable":true,"href":"https:\/\/zojopackaging.com\/fr\/wp-json\/wp\/v2\/product_tag?post=9598"}],"curies":[{"name":"wp","href":"https:\/\/api.w.org\/{rel}","templated":true}]}}