{"id":9606,"date":"2025-04-03T00:17:40","date_gmt":"2025-04-02T16:17:40","guid":{"rendered":"https:\/\/zojopackaging.com\/?post_type=product&#038;p=9606"},"modified":"2025-04-03T00:26:11","modified_gmt":"2025-04-02T16:26:11","slug":"custom-pre-roll-joints-paper-packaging-drawer-box-supplier","status":"publish","type":"product","link":"https:\/\/zojopackaging.com\/fr\/product\/custom-pre-roll-joints-paper-packaging-drawer-box-supplier\/","title":{"rendered":"Joints pr\u00e9-enroul\u00e9s sur mesure Emballage papier Bo\u00eete \u00e0 tiroir Fournisseur"},"content":{"rendered":"<h3 id=\"1-highly-recognizable-brand-visual-system-\">1.\u00a0<strong>Syst\u00e8me visuel de marque hautement reconnaissable<\/strong><\/h3>\n<p>La bo\u00eete extractible adopte un design aux couleurs contrast\u00e9es.\u00a0<strong>fond jaune vif + logo vert<\/strong>qui non seulement r\u00e9pond \u00e0 la qu\u00eate de vitalit\u00e9 des jeunes groupes de consommateurs, mais transmet \u00e9galement le ton naturel et sain de la marque par le biais de la psychologie des couleurs.\u00a0<strong>Illustrations de marque de haute pr\u00e9cision<\/strong>\u00a0(tels que le processus de croissance des plantes, les \u00e9l\u00e9ments artisanaux du patrimoine culturel immat\u00e9riel) peuvent \u00eatre imprim\u00e9s sur la surface de la bo\u00eete, en combinaison avec l'impression en quadrichromie (CMYK) et la technologie de gaufrage UV locale, ce qui augmente la superposition visuelle de 60% et renforce instantan\u00e9ment l'ancrage de la marque dans la m\u00e9moire des consommateurs lorsqu'ils ouvrent la bo\u00eete.<\/p>\n<h3 id=\"2-intelligent-childproof-lock-safety-design-\">2.\u00a0<strong>Conception intelligente de la s\u00e9curit\u00e9 enfant<\/strong><\/h3>\n<p>Int\u00e9gr\u00e9\u00a0<strong>serrure \u00e0 l'\u00e9preuve des enfants<\/strong>\u00a0conforme aux normes internationales ISO 8317, gr\u00e2ce \u00e0 une structure \u00e0 double boucle d'assurance (boucle externe + bloc de calage interne) : -\u00a0<strong>Les enfants de moins de 5 ans ne peuvent pas ouvrir<\/strong>: Il doit \u00eatre retir\u00e9 rapidement plus de 3 fois pour \u00eatre d\u00e9verrouill\u00e9, et le taux de faux contact est inf\u00e9rieur \u00e0 0,1% ; -\u00a0<strong>Les adultes peuvent l'ouvrir en quelques secondes d'une seule main<\/strong>: Le coefficient d'amortissement de la voie d'extraction est optimis\u00e9 et la fluidit\u00e9 des op\u00e9rations est am\u00e9lior\u00e9e de 40%, en tenant compte \u00e0 la fois de la s\u00e9curit\u00e9 et de la commodit\u00e9.<\/p>\n<h3 id=\"3-environmentally-friendly-materials-process-upgrade-\">3.\u00a0<strong>Mat\u00e9riaux respectueux de l'environnement + am\u00e9lioration des processus<\/strong><\/h3>\n<p>-\u00a0<strong>S\u00e9lection du substrat<\/strong>: Il adopte\u00a0<strong>Papier couch\u00e9 157g + carton gris 1200g<\/strong>\u00a0structure composite, et le liss\u00e9 de surface du papier couch\u00e9 atteint 90s (test de la m\u00e9thode Cobb), ce qui permet une impression haute d\u00e9finition ; la couche de carton gris a obtenu la certification foresti\u00e8re FSC afin de garantir la durabilit\u00e9 des mati\u00e8res premi\u00e8res ; - la couche de carton gris a \u00e9t\u00e9 certifi\u00e9e par le FSC afin de garantir la durabilit\u00e9 des mati\u00e8res premi\u00e8res ; - la couche de carton gris a \u00e9t\u00e9 certifi\u00e9e par le FSC.\u00a0<strong>Traitement de surface<\/strong>: Le processus de rev\u00eatement par film mat multiplie par trois la r\u00e9sistance \u00e0 l'usure de la bo\u00eete (r\u00e9sistance au frottement &gt; 5000 fois), tout en r\u00e9duisant la r\u00e9flectivit\u00e9, ce qui r\u00e9pond aux exigences de luxe discret des emballages de luxe.<\/p>\n<h3 id=\"4-brand-gene-implanted-lining-\">4.\u00a0<strong>G\u00e8ne de la marque Implantation de la doublure<\/strong><\/h3>\n<p>-\u00a0<strong>Cloison en carton personnalis\u00e9e<\/strong>: Fabriqu\u00e9 en PP de qualit\u00e9 alimentaire de la m\u00eame couleur que le logo, le logo de la marque est reproduit avec pr\u00e9cision gr\u00e2ce \u00e0 la technologie de d\u00e9coupe (par exemple, les initiales de la marque sont \u00e9vid\u00e9es et le d\u00e9grad\u00e9 de couleurs est modifi\u00e9).\u00a0<strong>Guidage visuel des lignes<\/strong>: Le bord de la cloison est orn\u00e9 de microgravures repr\u00e9sentant les symboles de la marque, de sorte que les consommateurs peuvent naturellement se concentrer sur les produits pr\u00e9roul\u00e9s lorsqu'ils ouvrent la bo\u00eete, ce qui renforce la notori\u00e9t\u00e9 de la marque.<\/p>\n<h3 id=\"5-application-of-spatial-aesthetics-and-consumer-psychology-\">5.\u00a0<strong>Application de l'esth\u00e9tique spatiale et de la psychologie du consommateur<\/strong><\/h3>\n<p>-\u00a0<strong>Stockage du nombre d'or<\/strong>: La cloison interne fixe 5 rouleaux \u00e0 un angle d'inclinaison de 30\u00b0, ce qui est conforme au nombre d'or de la vision humaine (1:1,618). La beaut\u00e9 ordonn\u00e9e de la pr\u00e9sentation des produits est visible \u00e0 l'ouverture de la bo\u00eete.\u00a0<strong>Optimisation du retour tactile<\/strong>: La surface de la cloison est givr\u00e9e et le coefficient de friction est contr\u00f4l\u00e9 entre 0,3 et 0,5. Une l\u00e9g\u00e8re sensation d'amortissement est g\u00e9n\u00e9r\u00e9e lorsque le rouleau est retir\u00e9, offrant une exp\u00e9rience utilisateur \"d\u00e9licate et facile \u00e0 contr\u00f4ler\".<\/p>\n<h3 id=\"6-full-link-customized-service-system-\">6.\u00a0<strong>Syst\u00e8me de service personnalis\u00e9 \u00e0 lien complet<\/strong><\/h3>\n<p>-\u00a0<strong>Personnalisation des couleurs<\/strong>: Fournir des cartes de couleurs Pantone + l'impression de couleurs d'accompagnement, prendre en charge la correspondance 100% de la couleur du LOGO et de la doublure.\u00a0<strong>Extension de la fonction<\/strong>: Il est possible d'ajouter des puces NFC (permettant de scanner l'histoire de la marque), des \u00e9tiquettes laser anti-contrefa\u00e7on et d'autres modules \u00e0 valeur ajout\u00e9e pour obtenir la tra\u00e7abilit\u00e9 \"un objet, un code\".<\/p>\n<h3 id=\"7-16-years-of-manufacturing-heritage-and-quality-control-guarantee-\">7.\u00a0<strong>16 ans d'exp\u00e9rience en mati\u00e8re de fabrication et de contr\u00f4le de la qualit\u00e9<\/strong><\/h3>\n<p>-\u00a0<strong>\u00c9chelle de capacit\u00e9<\/strong>: 5320\u33a1 base de production intelligente \u00e9quip\u00e9e de machine d'impression allemande Heidelberg CD102-8 (capacit\u00e9 de production quotidienne de 200 000 feuilles), ligne de d\u00e9coupe enti\u00e8rement automatique (vitesse 12 000 feuilles\/heure), support 500 pi\u00e8ces de commande minimum, 12 jours de livraison rapide ; -.\u00a0<strong>Syst\u00e8me de qualit\u00e9<\/strong>: Certification ISO 9001 r\u00e9ussie, syst\u00e8me d'inspection visuelle AI mis en place pour les processus cl\u00e9s, taux de tri automatique des produits d\u00e9fectueux&gt; 99,5%, taux de rachat par les clients atteint 85%.<\/p>","protected":false},"excerpt":{"rendered":"<p><strong>Pourquoi choisir ZOJO Print ?\u00a0<\/strong><\/p>\n<ul>\n<li><strong>Certification de conformit\u00e9<\/strong>: Le produit a pass\u00e9 la certification de s\u00e9curit\u00e9 de l'emballage \u00e0 l'\u00e9preuve des enfants CR ;<\/li>\n<li><strong>Avantage en termes de co\u00fbts<\/strong>: La production centralis\u00e9e r\u00e9duit les co\u00fbts logistiques de 30% et permet la personnalisation de petits lots ;<\/li>\n<li><strong>Sc\u00e9narios d'application<\/strong>Les produits de l'UE : coffrets-cadeaux pour e-cigarettes haut de gamme, coffrets de d\u00e9gustation de produits di\u00e9t\u00e9tiques, produits \u00e0 base de plantes en \u00e9dition limit\u00e9e, produits culturels et cr\u00e9atifs en co-marquage.<\/li>\n<\/ul>\n<p><strong>Contactez l'\u00e9quipe de personnalisation d\u00e8s maintenant pour commencer \u00e0 am\u00e9liorer l'emballage de votre marque !<\/strong><\/p>","protected":false},"featured_media":9610,"template":"","meta":[],"product_brand":[],"product_cat":[30,420,31,426],"product_tag":[1222,1224,1223],"class_list":{"0":"post-9606","1":"product","2":"type-product","3":"status-publish","4":"has-post-thumbnail","6":"product_cat-by-industry","7":"product_cat-custom-cannabis-boxes","8":"product_cat-paper-box-style","9":"product_cat-paper-drawer-boxes","10":"product_tag-custom-pre-roll-joints-packaging","11":"product_tag-drawer-box-supplier","12":"product_tag-joints-paper-packaging","14":"first","15":"instock","16":"shipping-taxable","17":"product-type-simple"},"_links":{"self":[{"href":"https:\/\/zojopackaging.com\/fr\/wp-json\/wp\/v2\/product\/9606","targetHints":{"allow":["GET"]}}],"collection":[{"href":"https:\/\/zojopackaging.com\/fr\/wp-json\/wp\/v2\/product"}],"about":[{"href":"https:\/\/zojopackaging.com\/fr\/wp-json\/wp\/v2\/types\/product"}],"version-history":[{"count":1,"href":"https:\/\/zojopackaging.com\/fr\/wp-json\/wp\/v2\/product\/9606\/revisions"}],"predecessor-version":[{"id":9613,"href":"https:\/\/zojopackaging.com\/fr\/wp-json\/wp\/v2\/product\/9606\/revisions\/9613"}],"wp:featuredmedia":[{"embeddable":true,"href":"https:\/\/zojopackaging.com\/fr\/wp-json\/wp\/v2\/media\/9610"}],"wp:attachment":[{"href":"https:\/\/zojopackaging.com\/fr\/wp-json\/wp\/v2\/media?parent=9606"}],"wp:term":[{"taxonomy":"product_brand","embeddable":true,"href":"https:\/\/zojopackaging.com\/fr\/wp-json\/wp\/v2\/product_brand?post=9606"},{"taxonomy":"product_cat","embeddable":true,"href":"https:\/\/zojopackaging.com\/fr\/wp-json\/wp\/v2\/product_cat?post=9606"},{"taxonomy":"product_tag","embeddable":true,"href":"https:\/\/zojopackaging.com\/fr\/wp-json\/wp\/v2\/product_tag?post=9606"}],"curies":[{"name":"wp","href":"https:\/\/api.w.org\/{rel}","templated":true}]}}