{"id":9614,"date":"2025-04-03T00:40:47","date_gmt":"2025-04-02T16:40:47","guid":{"rendered":"https:\/\/zojopackaging.com\/?post_type=product&#038;p=9614"},"modified":"2025-04-03T00:52:44","modified_gmt":"2025-04-02T16:52:44","slug":"customized-rigid-slide-drawer-box-packaging-for-coffee","status":"publish","type":"product","link":"https:\/\/zojopackaging.com\/fr\/product\/customized-rigid-slide-drawer-box-packaging-for-coffee\/","title":{"rendered":"Bo\u00eete \u00e0 tiroir rigide personnalis\u00e9e pour l'emballage du caf\u00e9"},"content":{"rendered":"<h3 id=\"1-natural-color-matching-aesthetics-stimulating-consumer-desire-\">1.\u00a0<strong>Esth\u00e9tique des couleurs naturelles, stimulant le d\u00e9sir des consommateurs<\/strong><\/h3>\n<p>Le coffret cadeau adopte\u00a0<strong>papier couch\u00e9 impression vert fonc\u00e9 ton principal + bo\u00eete int\u00e9rieure noire<\/strong>\u00a0un design aux couleurs contrast\u00e9es. Le vert fonc\u00e9 symbolise la nature et la vitalit\u00e9, et fait \u00e9cho \u00e0 la saveur originale des grains de caf\u00e9 ; la bo\u00eete int\u00e9rieure noire rehausse la texture gr\u00e2ce \u00e0 la technologie de laminage mat, et un fort contraste visuel se forme \u00e0 l'ouverture de la bo\u00eete. La surface utilise\u00a0<strong>impression en quadrichromie + s\u00e9rigraphie partielle<\/strong>\u00a0pour reproduire des \u00e9l\u00e9ments naturels tels que des sc\u00e8nes de croissance de grains de caf\u00e9 et des textures de plantes peintes \u00e0 la main, combin\u00e9s au logo de la marque par estampage \u00e0 chaud, afin de transmettre l'exp\u00e9rience de l'histoire \"de la ferme \u00e0 la tasse\".<\/p>\n<h3 id=\"2-environmentally-friendly-materials-conveying-sustainable-concepts-\">2.\u00a0<strong>Mat\u00e9riaux respectueux de l'environnement, v\u00e9hiculant des concepts durables<\/strong><\/h3>\n<p>-\u00a0<strong>S\u00e9lection du substrat<\/strong>:\u00a0<strong>Papier couch\u00e9 157g certifi\u00e9 FSC + carton gris 1200g<\/strong>\u00a0la structure composite est adopt\u00e9e, et la couche de carton gris remplace le rev\u00eatement plastique traditionnel par un mat\u00e9riau EPE d\u00e9gradable (voir le cas de la bo\u00eete cadeau de la boutique de caf\u00e9) pour garantir l'\u00e9tanch\u00e9it\u00e9 aux chocs et la fra\u00eecheur des grains de caf\u00e9 pendant le transport ; - la structure de l'emballage est en acier inoxydable.\u00a0<strong>Traitement de surface<\/strong>: Le processus de laminage mat multiplie par trois la r\u00e9sistance \u00e0 l'usure de la bo\u00eete (r\u00e9sistance au frottement &gt; 5000 fois), tout en r\u00e9duisant la r\u00e9flectivit\u00e9, ce qui est conforme \u00e0 la recherche d'un luxe discret par les marques de caf\u00e9 haut de gamme.<\/p>\n<h3 id=\"3-customized-expression-of-brand-genes-\">3.\u00a0<strong>Expression personnalis\u00e9e des g\u00e8nes de marque<\/strong><\/h3>\n<p>-\u00a0<strong>Personnalisation des couleurs<\/strong>: Fournir une carte de couleurs Pantone + l'impression de couleurs d'accompagnement, prendre en charge 100% la correspondance de la couleur du LOGO et de la doublure, comme l'incorporation de la couleur principale de la marque dans la conception du ruban ou de la cloison\u00a0<strong>L'autonomisation culturelle<\/strong>: Incorporer des \u00e9l\u00e9ments tels que la carte d'origine du caf\u00e9 et les notes de l'agronome dans l'impression pour cr\u00e9er une exp\u00e9rience immersive \"une bo\u00eete, une histoire\", en se r\u00e9f\u00e9rant par exemple \u00e0 la conception de fusion culturelle traditionnelle du coffret cadeau du festival de la mi-automne d'AVEDA.<\/p>\n<h3 id=\"4-flexible-size-and-content-adaptation-\">4.\u00a0<strong>Adaptation souple de la taille et du contenu<\/strong><\/h3>\n<p>-\u00a0<strong>Personnalisation de la capacit\u00e9<\/strong>: Il r\u00e9pond aux besoins de stockage diff\u00e9renci\u00e9s des grains de caf\u00e9 entiers (6-8 mm de diam\u00e8tre) ou de la poudre de caf\u00e9 moulu (2-4 mm de finesse), avec une taille minimale de 12 cm x 8 cm x 5 cm et une taille maximale de 25 cm x 15 cm x 10 cm ; - Il r\u00e9pond aux besoins de stockage diff\u00e9renci\u00e9s des grains de caf\u00e9 entiers (6-8 mm de diam\u00e8tre) ou de la poudre de caf\u00e9 moulu (2-4 mm de finesse).\u00a0<strong>Optimisation structurelle<\/strong>: La profondeur du rail de sortie peut \u00eatre r\u00e9gl\u00e9e \u00e0 3 cm, ce qui permet de s'adapter \u00e0 diff\u00e9rentes formes d'emballage (comme les sacs d'oreille suspendus, les capsules de caf\u00e9, etc.), conform\u00e9ment aux sp\u00e9cifications courantes du march\u00e9 des bo\u00eetes-cadeaux pour le caf\u00e9.<\/p>\n<h3 id=\"5-ribbon-pull-out-system-upgraded-opening-ritual-\">5.\u00a0<strong>Syst\u00e8me d'extraction \u00e0 ruban, rituel d'ouverture am\u00e9lior\u00e9<\/strong><\/h3>\n<p>-\u00a0<strong>Conception silencieuse de la glissi\u00e8re<\/strong>: Le ruban en nylon haute densit\u00e9 int\u00e9gr\u00e9 r\u00e9duit la r\u00e9sistance au glissement de 60% et peut \u00eatre tir\u00e9 en douceur d'une seule main.\u00a0<strong>Protection anti-mistouch<\/strong>: Optimisation de la structure du tampon \u00e0 la fin de la course d'extraction pour emp\u00eacher les grains de caf\u00e9 de se r\u00e9pandre en raison de l'inertie, et le taux de r\u00e9ussite de l'ouverture de la bo\u00eete est port\u00e9 \u00e0 99%.<\/p>\n<h3 id=\"6-full-link-creative-service-empowering-brand-differentiation-\">6.\u00a0<strong>Service cr\u00e9atif complet, permettant de diff\u00e9rencier les marques<\/strong><\/h3>\n<p>-\u00a0<strong>Aide \u00e0 la mod\u00e9lisation 3D<\/strong>: Fournit 20 mod\u00e8les de structure de base, prend en charge les conceptions complexes telles que les cloisons coulissantes incurv\u00e9es et les cloisons \u00e0 double couche.\u00a0<strong>Module \u00e0 valeur ajout\u00e9e<\/strong>: Peut int\u00e9grer des \u00e9l\u00e9ments interactifs tels qu'une puce NFC (code \u00e0 scanner pour tracer l'origine du caf\u00e9), une doublure amovible (pour placer des cartes de plantation de marc de caf\u00e9), et se r\u00e9f\u00e9rer \u00e0 la conception du papier de semence des bo\u00eetes-cadeaux de caf\u00e9 de bienfaisance.<\/p>\n<h3 id=\"7-16-years-of-manufacturing-heritage-full-quality-control-\">7.\u00a0<strong>16 ans d'exp\u00e9rience dans la fabrication, contr\u00f4le total de la qualit\u00e9<\/strong><\/h3>\n<p>-\u00a0<strong>Garantie de capacit\u00e9<\/strong>: 5320\u33a1 base de production intelligente \u00e9quip\u00e9e d'une machine d'impression allemande Heidelberg CD102-8 (capacit\u00e9 de production quotidienne de 200 000 feuilles), ligne de d\u00e9coupe enti\u00e8rement automatique (vitesse 12 000 feuilles\/heure), supporte 500 pi\u00e8ces de commande minimum, et livraison rapide en 12 jours ; -.\u00a0<strong>Syst\u00e8me de contr\u00f4le de la qualit\u00e9<\/strong>: Certification ISO 9001 r\u00e9ussie, syst\u00e8me d'inspection visuelle AI mis en place dans les processus cl\u00e9s, taux de tri automatique des produits d\u00e9fectueux&gt; 99,5%, taux de rachat par les clients atteint 85%.<\/p>","protected":false},"excerpt":{"rendered":"<p><strong>ZOJO Print Bo\u00eete \u00e0 tiroir rigide personnalis\u00e9e Emballage caf\u00e9 - Une fusion d'esth\u00e9tique naturelle et de design fonctionnel<\/strong><\/p>\n<p>En tant que premier fournisseur chinois de solutions d'emballage pour les bo\u00eetes de caf\u00e9, ZOJO Print s'attache \u00e0 fournir aux marques de caf\u00e9 des services personnalis\u00e9s qui combinent les concepts de protection de l'environnement, la tension visuelle et l'exp\u00e9rience de l'utilisateur.<\/p>","protected":false},"featured_media":9618,"template":"","meta":[],"product_brand":[],"product_cat":[30,422,31,426],"product_tag":[1227,1226,1225],"class_list":{"0":"post-9614","1":"product","2":"type-product","3":"status-publish","4":"has-post-thumbnail","6":"product_cat-by-industry","7":"product_cat-custom-gourmet-boxes-by-industry","8":"product_cat-paper-box-style","9":"product_cat-paper-drawer-boxes","10":"product_tag-packaging-for-coffee","11":"product_tag-rawer-box-packaging","12":"product_tag-slide-drawer-box","14":"first","15":"instock","16":"shipping-taxable","17":"product-type-simple"},"_links":{"self":[{"href":"https:\/\/zojopackaging.com\/fr\/wp-json\/wp\/v2\/product\/9614","targetHints":{"allow":["GET"]}}],"collection":[{"href":"https:\/\/zojopackaging.com\/fr\/wp-json\/wp\/v2\/product"}],"about":[{"href":"https:\/\/zojopackaging.com\/fr\/wp-json\/wp\/v2\/types\/product"}],"version-history":[{"count":1,"href":"https:\/\/zojopackaging.com\/fr\/wp-json\/wp\/v2\/product\/9614\/revisions"}],"predecessor-version":[{"id":9621,"href":"https:\/\/zojopackaging.com\/fr\/wp-json\/wp\/v2\/product\/9614\/revisions\/9621"}],"wp:featuredmedia":[{"embeddable":true,"href":"https:\/\/zojopackaging.com\/fr\/wp-json\/wp\/v2\/media\/9618"}],"wp:attachment":[{"href":"https:\/\/zojopackaging.com\/fr\/wp-json\/wp\/v2\/media?parent=9614"}],"wp:term":[{"taxonomy":"product_brand","embeddable":true,"href":"https:\/\/zojopackaging.com\/fr\/wp-json\/wp\/v2\/product_brand?post=9614"},{"taxonomy":"product_cat","embeddable":true,"href":"https:\/\/zojopackaging.com\/fr\/wp-json\/wp\/v2\/product_cat?post=9614"},{"taxonomy":"product_tag","embeddable":true,"href":"https:\/\/zojopackaging.com\/fr\/wp-json\/wp\/v2\/product_tag?post=9614"}],"curies":[{"name":"wp","href":"https:\/\/api.w.org\/{rel}","templated":true}]}}