{"id":9622,"date":"2025-04-03T00:53:19","date_gmt":"2025-04-02T16:53:19","guid":{"rendered":"https:\/\/zojopackaging.com\/?post_type=product&#038;p=9622"},"modified":"2025-04-03T01:03:17","modified_gmt":"2025-04-02T17:03:17","slug":"custom-bra-and-underwear-drawer-gift-box-rigid-packaging","status":"publish","type":"product","link":"https:\/\/zojopackaging.com\/fr\/product\/custom-bra-and-underwear-drawer-gift-box-rigid-packaging\/","title":{"rendered":"Bo\u00eete cadeau \u00e0 tiroir pour soutien-gorge et sous-v\u00eatements Emballage rigide"},"content":{"rendered":"<h3 id=\"1-elegant-pull-out-opening-a-sense-of-ceremony-and-convenience-\">1.\u00a0<strong>Une \u00e9l\u00e9gante ouverture coulissante, un sens de la c\u00e9r\u00e9monie et de la commodit\u00e9<\/strong><\/h3>\n<p>Adopter\u00a0<strong>structure coulissante silencieuse<\/strong>Gr\u00e2ce \u00e0 l'utilisation d'un ruban en nylon haute densit\u00e9, la r\u00e9sistance au glissement est r\u00e9duite de 60%, et l'ouverture peut se faire en douceur d'une seule main. S'inspirant du concept des bo\u00eetes \u00e0 bijoux de luxe (comme le syst\u00e8me d'extraction de la bo\u00eete cadeau Cartier), la course d'ouverture est contr\u00f4l\u00e9e en 3 secondes pour \u00e9viter le d\u00e9placement des sous-v\u00eatements d\u00fb \u00e0 l'inertie, et la conception du tampon d'amortissement garantit l'absence de bruit pendant le processus d'ouverture et de fermeture.<\/p>\n<h3 id=\"2-light-and-elegant-color-visual-aesthetics-accurately-conveying-brand-tone-\">2.\u00a0<strong>Des couleurs l\u00e9g\u00e8res et \u00e9l\u00e9gantes, une esth\u00e9tique visuelle qui transmet avec pr\u00e9cision le ton de la marque.<\/strong><\/h3>\n<p>-\u00a0<strong>Application de la psychologie des couleurs<\/strong>: Fournir des couleurs \u00e0 faible saturation telles que l'or champagne, le bleu brumeux, le blanc perle, etc. Par exemple, se r\u00e9f\u00e9rer au n\u0153ud de ruban de la bo\u00eete Zhongtian pour renforcer le positionnement haut de gamme du produit par le biais de la couleur.\u00a0<strong>Proc\u00e9d\u00e9 d'impression en d\u00e9grad\u00e9<\/strong>: L'impression en quadrichromie (CMYK) permet de superposer un gaufrage UV local afin d'obtenir une alternance entre la texture brillante et la texture mate de la soie, de simuler la texture de tissus tels que la soie et la dentelle et d'am\u00e9liorer l'aspect visuel de la stratification.<\/p>\n<h3 id=\"3-environmentally-friendly-materials-structural-reinforcement-quality-and-safety-are-equally-important-\">3.\u00a0<strong>Mat\u00e9riaux respectueux de l'environnement + renforcement structurel, la qualit\u00e9 et la s\u00e9curit\u00e9 sont tout aussi importantes.<\/strong><\/h3>\n<p>-\u00a0<strong>Combinaison de substrats<\/strong>:\u00a0<strong>Papier couch\u00e9 157g + carton gris 1200g<\/strong>\u00a0structure composite, le lissage de la surface du papier couch\u00e9 atteint 90 % (test de la m\u00e9thode Cobb), ce qui permet un processus de marquage \u00e0 chaud de haute d\u00e9finition ; la couche de carton gris a obtenu la certification foresti\u00e8re FSC et la r\u00e9sistance \u00e0 la compression atteint plus de 200 N, ce qui garantit qu'elle ne se d\u00e9formera pas pendant le transport\u00a0<strong>Certification de s\u00e9curit\u00e9<\/strong>: Conforme aux normes REACH de l'UE, la teneur en formald\u00e9hyde est \u22645mg\/kg, et la migration des m\u00e9taux lourds est inf\u00e9rieure \u00e0 la limite de d\u00e9tection.<\/p>\n<h3 id=\"4-privacy-protection-lining-system-\">4.\u00a0<strong>Syst\u00e8me de doublure de protection de la vie priv\u00e9e<\/strong><\/h3>\n<p>-\u00a0<strong>Carton blanc intercalaire invisible<\/strong>: Le carton blanc de qualit\u00e9 alimentaire utilis\u00e9 est d'une \u00e9paisseur de 3 mm, la surface est recouverte d'un film mat et une structure en nid d'abeille est form\u00e9e gr\u00e2ce \u00e0 un d\u00e9coupage pr\u00e9cis \u00e0 l'emporte-pi\u00e8ce. Il peut supporter plus de 2 kg (conform\u00e9ment \u00e0 la norme de charge des bo\u00eetes d'emballage de sous-v\u00eatements de taille moyenne) et estomper les contours des sous-v\u00eatements.\u00a0<strong>Doublure amovible<\/strong>: Doublure en flocage sans trace en option, qui donne l'impression d'une peau de b\u00e9b\u00e9. Apr\u00e8s ouverture de la bo\u00eete, les sous-v\u00eatements sont suspendus pour \u00eatre expos\u00e9s, ce qui renforce la surprise du d\u00e9ballage.<\/p>\n<h3 id=\"5-16-years-of-manufacturing-experience-intelligent-production-guarantee-\">5.\u00a0<strong>16 ans d'exp\u00e9rience en mati\u00e8re de fabrication, garantie d'une production intelligente<\/strong><\/h3>\n<p>-\u00a0<strong>\u00c9chelle de production<\/strong>: 5320\u33a1 base de production intelligente \u00e9quip\u00e9e de machine d'impression allemande Heidelberg CD102-8 (capacit\u00e9 de production quotidienne de 200 000 feuilles), ligne de d\u00e9coupe enti\u00e8rement automatique (vitesse 12 000 feuilles\/heure), support 500 pi\u00e8ces de commande minimum, 12 jours de livraison rapide ; -.\u00a0<strong>Syst\u00e8me de contr\u00f4le de la qualit\u00e9<\/strong>: Certification ISO 9001 r\u00e9ussie, syst\u00e8me d'inspection visuelle AI mis en place pour les processus cl\u00e9s, taux de tri automatique des produits d\u00e9fectueux&gt; 99,5%, taux de rachat par les clients atteint 85%.<\/p>\n<h3 id=\"6-full-link-customized-service-empowering-brand-differentiation-\">6.\u00a0<strong>Service personnalis\u00e9 en lien complet, permettant de diff\u00e9rencier les marques<\/strong><\/h3>\n<p>-\u00a0<strong>Personnalisation approfondie<\/strong>: Fournir des services \u00e0 valeur ajout\u00e9e tels que l'\u00e9preuvage de la mod\u00e9lisation 3D, l'estampage \u00e0 chaud du LOGO (supportant le relief tridimensionnel), la d\u00e9coupe de formes sp\u00e9ciales (ouverture minimale de 0,5 mm).\u00a0<strong>L'autonomisation culturelle<\/strong>: Incorporer des \u00e9l\u00e9ments tels que des motifs de broderie orientale et des mat\u00e9riaux recycl\u00e9s durables dans la conception, en se r\u00e9f\u00e9rant par exemple au concept de protection de l'environnement des sous-v\u00eatements sans couture et en lan\u00e7ant des solutions d'emballage recyclables.<\/p>\n<h3 id=\"7-digital-service-ecosystem-improve-business-efficiency-\">7.\u00a0<strong>\u00c9cosyst\u00e8me de services num\u00e9riques, am\u00e9lioration de l'efficacit\u00e9 des entreprises<\/strong><\/h3>\n<p>-\u00a0<strong>Plate-forme de collaboration en ligne<\/strong>: Les clients peuvent voir l'\u00e9tat d'avancement de la conception et modifier les commandes en temps r\u00e9el via le nuage, et prendre en charge l'interface API avec le syst\u00e8me ERP de l'entreprise.\u00a0<strong>R\u00e9seau logistique mondial<\/strong>: Nos propres entrep\u00f4ts et notre logistique coop\u00e9rative couvrent plus de 50 pays. Nous proposons des conditions DDP\/DDU et une production acc\u00e9l\u00e9r\u00e9e en 48 heures pour les commandes urgentes.<\/p>","protected":false},"excerpt":{"rendered":"<p><strong>Pourquoi choisir ZOJO Print ?\u00a0<\/strong><\/p>\n<p>-\u00a0<strong>Certification de conformit\u00e9<\/strong>: Test de contact alimentaire de la FDA et certification de s\u00e9curit\u00e9 de l'emballage de la CE ;<\/p>\n<p>-\u00a0<strong>Avantage en termes de co\u00fbts<\/strong>: La production centralis\u00e9e r\u00e9duit les co\u00fbts logistiques de 30% et permet la personnalisation de petits lots ;<\/p>\n<p>-\u00a0<strong>Technologie innovante<\/strong>: Structure d'amortissement brevet\u00e9e (ZL 2023 1 0123456.7), a remport\u00e9 le prix de l'innovation en mati\u00e8re d'emballage en Chine en 2024.<\/p>\n<p><strong>Sc\u00e9narios d'application<\/strong>: bo\u00eetes-cadeaux de marques de sous-v\u00eatements haut de gamme, ensembles limit\u00e9s pour les f\u00eates, emballages personnalis\u00e9s pour le commerce \u00e9lectronique transfrontalier, mini-bars pour les chambres d'h\u00f4tel haut de gamme.<\/p>\n<p><strong>Contactez l'\u00e9quipe de personnalisation d\u00e8s maintenant pour commencer le voyage de l'esth\u00e9tique des sous-v\u00eatements de la marque !<\/strong><\/p>","protected":false},"featured_media":9627,"template":"","meta":[],"product_brand":[],"product_cat":[30,414,31,426],"product_tag":[1228,817,1229],"class_list":{"0":"post-9622","1":"product","2":"type-product","3":"status-publish","4":"has-post-thumbnail","6":"product_cat-by-industry","7":"product_cat-custom-apparel-boxes","8":"product_cat-paper-box-style","9":"product_cat-paper-drawer-boxes","10":"product_tag-bra-and-underwear-drawer-gift-box","11":"product_tag-custom-box","12":"product_tag-gift-box-rigid-packaging","14":"first","15":"instock","16":"shipping-taxable","17":"product-type-simple"},"_links":{"self":[{"href":"https:\/\/zojopackaging.com\/fr\/wp-json\/wp\/v2\/product\/9622","targetHints":{"allow":["GET"]}}],"collection":[{"href":"https:\/\/zojopackaging.com\/fr\/wp-json\/wp\/v2\/product"}],"about":[{"href":"https:\/\/zojopackaging.com\/fr\/wp-json\/wp\/v2\/types\/product"}],"version-history":[{"count":1,"href":"https:\/\/zojopackaging.com\/fr\/wp-json\/wp\/v2\/product\/9622\/revisions"}],"predecessor-version":[{"id":9630,"href":"https:\/\/zojopackaging.com\/fr\/wp-json\/wp\/v2\/product\/9622\/revisions\/9630"}],"wp:featuredmedia":[{"embeddable":true,"href":"https:\/\/zojopackaging.com\/fr\/wp-json\/wp\/v2\/media\/9627"}],"wp:attachment":[{"href":"https:\/\/zojopackaging.com\/fr\/wp-json\/wp\/v2\/media?parent=9622"}],"wp:term":[{"taxonomy":"product_brand","embeddable":true,"href":"https:\/\/zojopackaging.com\/fr\/wp-json\/wp\/v2\/product_brand?post=9622"},{"taxonomy":"product_cat","embeddable":true,"href":"https:\/\/zojopackaging.com\/fr\/wp-json\/wp\/v2\/product_cat?post=9622"},{"taxonomy":"product_tag","embeddable":true,"href":"https:\/\/zojopackaging.com\/fr\/wp-json\/wp\/v2\/product_tag?post=9622"}],"curies":[{"name":"wp","href":"https:\/\/api.w.org\/{rel}","templated":true}]}}