{"id":9634,"date":"2025-04-03T09:23:19","date_gmt":"2025-04-03T01:23:19","guid":{"rendered":"https:\/\/zojopackaging.com\/?post_type=product&#038;p=9634"},"modified":"2025-04-03T10:03:07","modified_gmt":"2025-04-03T02:03:07","slug":"personalized-custom-small-jewelry-packaging-boxes-wholesale","status":"publish","type":"product","link":"https:\/\/zojopackaging.com\/fr\/product\/personalized-custom-small-jewelry-packaging-boxes-wholesale\/","title":{"rendered":"Bo\u00eetes d'emballage personnalis\u00e9es pour bijoux en gros"},"content":{"rendered":"<h2 id=\"-i-product-core-highlights-\"><strong>1. Points forts du produit<\/strong><\/h2>\n<ol>\n<li><strong>Syst\u00e8me de fermeture magn\u00e9tique intelligent<\/strong><\/li>\n<li>Adoptant une conception d'aspiration magn\u00e9tique cach\u00e9e, il peut \u00eatre automatiquement adsorb\u00e9 et ferm\u00e9 par une l\u00e9g\u00e8re pression, disant adieu \u00e0 l'inconv\u00e9nient du pressage ou du bouclage traditionnel, am\u00e9liorant le sens de la c\u00e9r\u00e9monie d'ouverture et de fermeture, convenant aux sc\u00e8nes de vente au d\u00e9tail et de cadeaux \u00e0 haute fr\u00e9quence.<\/li>\n<li><strong>Processus d'estampage \u00e0 chaud de haute pr\u00e9cision<\/strong><\/li>\n<li>Gr\u00e2ce \u00e0 l'utilisation de mat\u00e9riaux import\u00e9s pour l'estampage \u00e0 chaud et d'\u00e9quipements de pr\u00e9cision, m\u00eame des lignes fines de 0,5 mm ou des LOGO minuscules peuvent \u00eatre clairement pr\u00e9sent\u00e9s, et le lustre m\u00e9tallique forme un fort contraste visuel avec le corps blanc de la bo\u00eete, ce qui renforce instantan\u00e9ment la reconnaissance de la marque et son caract\u00e8re luxueux.<\/li>\n<li><strong>Conception esth\u00e9tique minimaliste<\/strong><\/li>\n<li>Le corps de la bo\u00eete est bas\u00e9 sur\u00a0<strong>blanc pur<\/strong>L'emballage des bijoux et des produits de luxe est r\u00e9alis\u00e9 \u00e0 l'aide de la technique du marquage \u00e0 chaud\/argent, du gaufrage et d'autres proc\u00e9d\u00e9s pour cr\u00e9er une texture simple mais haut de gamme, qui r\u00e9pond parfaitement aux besoins esth\u00e9tiques des bijoux et des produits de luxe pour l'emballage.<\/li>\n<li><strong>Doublure personnalis\u00e9e exclusive<\/strong><\/li>\n<li>L'\u00e9ponge EVA, la flanelle, le carton et d'autres mat\u00e9riaux de rev\u00eatement permettent de personnaliser le moule 1:1 en fonction de la forme et de la taille du produit, de garantir un stockage stable des bijoux et d'offrir une exp\u00e9rience de d\u00e9ballage distingu\u00e9e.<\/li>\n<\/ol>\n<h2 id=\"-ii-material-and-durability-\"><strong>2. Mat\u00e9riaux et durabilit\u00e9<\/strong><\/h2>\n<ul>\n<li><strong>Mat\u00e9riau composite respectueux de l'environnement<\/strong>: Le corps de la bo\u00eete est compos\u00e9 de\u00a0<strong>Papier couch\u00e9 C2S 157g<\/strong>\u00a0(surface fine et lisse, haute reproduction des couleurs) +\u00a0<strong>Carton dur de 1200g<\/strong>\u00a0(r\u00e9sistant \u00e0 la pression et \u00e0 l'humidit\u00e9), qui a \u00e9t\u00e9 test\u00e9 pour r\u00e9sister \u00e0 des diff\u00e9rences de temp\u00e9rature de -20\u2103 \u00e0 50\u2103 et aux chocs li\u00e9s au transport sur de longues distances, afin de garantir la s\u00e9curit\u00e9 du produit.<\/li>\n<li><strong>Traitement de surface<\/strong>: En option, film mat\/film brillant, vernis local UV, pour une meilleure r\u00e9sistance \u00e0 l'eau et \u00e0 l'usure.<\/li>\n<\/ul>\n<h2 id=\"-iii-flexible-customization-service-\"><strong>3. Service de personnalisation flexible<\/strong><\/h2>\n<ul>\n<li><strong>Quantit\u00e9 minimale de commande flexible<\/strong>: Nous prenons en charge la personnalisation de petits lots avec une commande minimale de 50 pi\u00e8ces, et nous pouvons \u00e9galement prendre en charge des commandes de grands lots de 10 000 pi\u00e8ces, avec une livraison rapide dans les 7 \u00e0 15 jours.<\/li>\n<li><strong>Soutien complet \u00e0 la conception des processus<\/strong>: Des services gratuits de rendu en 3D et de v\u00e9rification de la structure sont fournis, et le LOGO, le motif, le type de bo\u00eete (bo\u00eete carr\u00e9e\/bo\u00eete \u00e0 tiroirs\/bo\u00eete \u00e0 livres) peuvent \u00eatre personnalis\u00e9s.<\/li>\n<li><strong>Adaptation de la sc\u00e8ne<\/strong>: Con\u00e7ue pour les petits articles de luxe tels que les coffrets de mariage, les pendentifs de bijoux, les bagues, les montres, etc., avec des accessoires suppl\u00e9mentaires tels que des rubans assortis et des cartes de v\u0153ux.<\/li>\n<\/ul>\n<h2 id=\"-fourth-service-commitment-\"><strong>4. Engagement de service<\/strong><\/h2>\n<ul>\n<li><strong>Assurance qualit\u00e9<\/strong>: L'ensemble de la ligne a obtenu la certification environnementale SGS et est conforme aux normes ROHS de l'UE.<\/li>\n<li><strong>Un service apr\u00e8s-vente sans souci<\/strong>: Fournir des services \u00e0 valeur ajout\u00e9e tels que le remplacement des produits endommag\u00e9s, l'entreposage et l'exp\u00e9dition, et suivre l'\u00e9volution de la livraison tout au long du processus.<\/li>\n<\/ul>\n<p><strong>Processus de coop\u00e9ration<\/strong>: Communication de la demande \u2192 V\u00e9rification de la conception \u2192 Confirmation de la production \u2192 Inspection de la qualit\u00e9 et exp\u00e9dition\u00a0<strong>Action imm\u00e9diate<\/strong>: Fournissez les dimensions du produit ou un projet de conception, et obtenez un plan de devis exclusif dans les 24 heures !<\/p>","protected":false},"excerpt":{"rendered":"<ul>\n<li>\u200b<strong>Esth\u00e9tique haut de gamme :<\/strong>\u00a0Le design en or blanc et en or conf\u00e8re un luxe intemporel \u00e0 la pr\u00e9sentation de bijoux de grande valeur.<\/li>\n<li>\u200b<strong>Stockage protecteur :<\/strong>\u00a0L'int\u00e9rieur doubl\u00e9 de peluche prot\u00e8ge les objets d\u00e9licats des rayures et des dommages.<\/li>\n<li>\u200b<strong>Marquage personnalis\u00e9 :<\/strong>\u00a0Ajoutez des logos, des phrases ou des motifs en relief pour renforcer l'identit\u00e9 de la marque.<\/li>\n<li>\u200b<strong>En vrac :<\/strong>\u00a0La construction durable permet de rentabiliser les commandes en gros et les exp\u00e9ditions.<\/li>\n<li>\u200b<strong>Taille polyvalente :<\/strong>\u00a0Convient aux bagues, boucles d'oreilles, bracelets et petites collections de pierres pr\u00e9cieuses.<\/li>\n<\/ul>","protected":false},"featured_media":9635,"template":"","meta":[],"product_brand":[],"product_cat":[30,415,424,31],"product_tag":[890,1231,1230],"class_list":{"0":"post-9634","1":"product","2":"type-product","3":"status-publish","4":"has-post-thumbnail","6":"product_cat-by-industry","7":"product_cat-custom-jewelry-boxes-by-industry","8":"product_cat-magnetic-closure-boxes","9":"product_cat-paper-box-style","10":"product_tag-custom-jewelry-packaging","11":"product_tag-personalized-custom-jewelry-packaging","12":"product_tag-small-jewelry-boxes","14":"first","15":"instock","16":"shipping-taxable","17":"product-type-grouped"},"_links":{"self":[{"href":"https:\/\/zojopackaging.com\/fr\/wp-json\/wp\/v2\/product\/9634","targetHints":{"allow":["GET"]}}],"collection":[{"href":"https:\/\/zojopackaging.com\/fr\/wp-json\/wp\/v2\/product"}],"about":[{"href":"https:\/\/zojopackaging.com\/fr\/wp-json\/wp\/v2\/types\/product"}],"version-history":[{"count":1,"href":"https:\/\/zojopackaging.com\/fr\/wp-json\/wp\/v2\/product\/9634\/revisions"}],"predecessor-version":[{"id":9641,"href":"https:\/\/zojopackaging.com\/fr\/wp-json\/wp\/v2\/product\/9634\/revisions\/9641"}],"wp:featuredmedia":[{"embeddable":true,"href":"https:\/\/zojopackaging.com\/fr\/wp-json\/wp\/v2\/media\/9635"}],"wp:attachment":[{"href":"https:\/\/zojopackaging.com\/fr\/wp-json\/wp\/v2\/media?parent=9634"}],"wp:term":[{"taxonomy":"product_brand","embeddable":true,"href":"https:\/\/zojopackaging.com\/fr\/wp-json\/wp\/v2\/product_brand?post=9634"},{"taxonomy":"product_cat","embeddable":true,"href":"https:\/\/zojopackaging.com\/fr\/wp-json\/wp\/v2\/product_cat?post=9634"},{"taxonomy":"product_tag","embeddable":true,"href":"https:\/\/zojopackaging.com\/fr\/wp-json\/wp\/v2\/product_tag?post=9634"}],"curies":[{"name":"wp","href":"https:\/\/api.w.org\/{rel}","templated":true}]}}