{"id":9642,"date":"2025-04-03T10:03:17","date_gmt":"2025-04-03T02:03:17","guid":{"rendered":"https:\/\/zojopackaging.com\/?post_type=product&#038;p=9642"},"modified":"2025-04-03T10:27:40","modified_gmt":"2025-04-03T02:27:40","slug":"custom-jewelry-earring-bracelet-necklace-boxes-wholesale","status":"publish","type":"product","link":"https:\/\/zojopackaging.com\/fr\/product\/custom-jewelry-earring-bracelet-necklace-boxes-wholesale\/","title":{"rendered":"Bo\u00eetes \u00e0 bijoux personnalis\u00e9es pour boucles d'oreilles, bracelets et colliers Wholesale"},"content":{"rendered":"<h2 id=\"-1-innovative-pull-out-design-reshaping-the-sense-of-box-opening-ceremony-\"><strong>1. Conception innovante du papier du tiroir, red\u00e9finissant le sens de la c\u00e9r\u00e9monie d'ouverture de la bo\u00eete.<\/strong><\/h2>\n<p>-\u00a0<strong>Une exp\u00e9rience interactive pratique<\/strong>: Gr\u00e2ce \u00e0 la structure coulissante brevet\u00e9e, les utilisateurs n'ont qu'\u00e0 tirer doucement sur le ruban pour sortir les bijoux (boucles d'oreilles, bracelets, colliers, etc.), \u00e9vitant ainsi l'op\u00e9ration fastidieuse des bo\u00eetes \u00e0 rabat traditionnelles et renfor\u00e7ant le sentiment de c\u00e9r\u00e9monie d'ouverture de la bo\u00eete et d'amusement. -\u00a0<strong>Conception humanis\u00e9e du plateau int\u00e9rieur<\/strong>: Gr\u00e2ce au plateau int\u00e9rieur coulissant personnalis\u00e9 et au tampon en flanelle anti-rayures, les bijoux sont plus s\u00fbrs et plus pratiques \u00e0 prendre et \u00e0 poser, tout en garantissant la beaut\u00e9 de l'exposition et en am\u00e9liorant la satisfaction du client.<\/p>\n<h2 id=\"-2-high-end-craftsmanship-and-environmentally-friendly-materials-interpreting-brand-texture-\"><strong>2. Artisanat haut de gamme et mat\u00e9riaux respectueux de l'environnement, interpr\u00e9tation de la texture de la marque<\/strong><\/h2>\n<p>-\u00a0<strong>Technologie de marquage \u00e0 chaud et impression fine<\/strong>: Elle prend en charge le marquage \u00e0 chaud, l'argenture \u00e0 chaud, le gaufrage UV et d'autres processus, et pr\u00e9sente avec pr\u00e9cision les logos de la marque, les micro-textes et les motifs complexes, et r\u00e9pond \u00e0 la recherche ultime de d\u00e9tails par les marques haut de gamme. -\u00a0<strong>Impression en quadrichromie + processus de laminage<\/strong>: La technologie d'impression en quadrichromie Pantone permet d'obtenir un taux de reproduction des couleurs sup\u00e9rieur \u00e0 98%. Le laminage mat\/brillant est r\u00e9sistant aux rayures et \u00e0 l'usure et offre un toucher haut de gamme. -\u00a0<strong>Mat\u00e9riaux durables et respectueux de l'environnement<\/strong>:<\/p>\n<ul>\n<li><strong>Bo\u00eete ext\u00e9rieure<\/strong>: Carton dur de 1200 g, tr\u00e8s r\u00e9sistant \u00e0 la pression et durable ;<\/li>\n<li><strong>Doublure int\u00e9rieure<\/strong>: Papier couch\u00e9 C2S 157g, toucher d\u00e9licat, mat\u00e9riau recyclable 100%, conforme aux normes environnementales internationales.<\/li>\n<\/ul>\n<h2 id=\"-three-deep-brand-customization-unleash-unlimited-creativity-\"><strong>3. Personnalisation approfondie de la marque, cr\u00e9ativit\u00e9 illimit\u00e9e<\/strong><\/h2>\n<p>-\u00a0<strong>Personnalisation de l'int\u00e9rieur et de l'ext\u00e9rieur selon un sc\u00e9nario complet<\/strong>: De l'aspect principal de la bo\u00eete ext\u00e9rieure \u00e0 la disposition du plateau int\u00e9rieur, le design peut s'\u00e9tendre sur 360\u00b0 et s'adapter avec souplesse au syst\u00e8me VI de la marque (couleur, motif, texte, texture, etc.). -\u00a0<strong>Application multi-sc\u00e9narios<\/strong>: Stockage en couches personnalisable des bijoux, combinaison multi-sp\u00e9cifications (bo\u00eete cadeau simple\/ensemble), pour r\u00e9pondre aux besoins de multiples cat\u00e9gories telles que les bijoux, les montres et les produits de luxe.<\/p>\n<h2 id=\"-fourth-large-scale-intelligent-manufacturing-to-ensure-efficient-delivery-\"><strong>4. une fabrication intelligente \u00e0 grande \u00e9chelle pour garantir une livraison efficace<\/strong><\/h2>\n<p>-\u00a0<strong>Production enti\u00e8rement automatis\u00e9e<\/strong>: S'appuyant sur l'atelier intelligent 5320\u33a1 et l'\u00e9quipement d'impression allemand Heidelberg, il atteint une capacit\u00e9 de production quotidienne de plus de 100 000 pi\u00e8ces, soutenant les commandes d'essai de petits lots \u00e0 des millions de grandes commandes. -\u00a0<strong>Contr\u00f4le strict des d\u00e9lais de livraison et de la qualit\u00e9<\/strong>: Cycle de livraison standard de 15 jours (7 jours pour les commandes urgentes), inspection QC compl\u00e8te, pour garantir un rendement du produit \u2265 99,8%, afin d'\u00e9viter les risques li\u00e9s \u00e0 la cha\u00eene d'approvisionnement.<\/p>\n<h2 id=\"-cooperation-process-\"><strong>Processus de coop\u00e9ration<\/strong><\/h2>\n<ol>\n<li><strong>Communication de la demande<\/strong>: Fournir un projet de conception ou demander \u00e0 notre \u00e9quipe de concevoir et de v\u00e9rifier gratuitement ;<\/li>\n<li><strong>Confirmation du mat\u00e9riel<\/strong>: S\u00e9lectionner le papier, le proc\u00e9d\u00e9 et la structure de la bo\u00eete ;<\/li>\n<li><strong>R\u00e9vision des \u00e9preuves<\/strong>: Fournir des \u00e9chantillons physiques dans un d\u00e9lai de 3 \u00e0 5 jours ouvrables ;<\/li>\n<li><strong>Production de masse<\/strong>: Production rapide apr\u00e8s confirmation, suivi logistique complet.<\/li>\n<\/ol>","protected":false},"excerpt":{"rendered":"<p>Nous nous concentrons sur la fourniture de solutions d'emballage personnalis\u00e9es haut de gamme pour les marques de bijoux, avec un design innovant, un savoir-faire exquis et une production efficace, afin de vous aider \u00e0 am\u00e9liorer la valeur ajout\u00e9e de vos produits et votre image de marque.<\/p>","protected":false},"featured_media":9643,"template":"","meta":[],"product_brand":[],"product_cat":[30,415,31,426],"product_tag":[275,735,1232],"class_list":{"0":"post-9642","1":"product","2":"type-product","3":"status-publish","4":"has-post-thumbnail","6":"product_cat-by-industry","7":"product_cat-custom-jewelry-boxes-by-industry","8":"product_cat-paper-box-style","9":"product_cat-paper-drawer-boxes","10":"product_tag-custom-gift-boxes","11":"product_tag-custom-jewelry-boxes","12":"product_tag-earring-bracelet-boxes-wholesale","14":"first","15":"instock","16":"shipping-taxable","17":"product-type-grouped"},"_links":{"self":[{"href":"https:\/\/zojopackaging.com\/fr\/wp-json\/wp\/v2\/product\/9642","targetHints":{"allow":["GET"]}}],"collection":[{"href":"https:\/\/zojopackaging.com\/fr\/wp-json\/wp\/v2\/product"}],"about":[{"href":"https:\/\/zojopackaging.com\/fr\/wp-json\/wp\/v2\/types\/product"}],"version-history":[{"count":2,"href":"https:\/\/zojopackaging.com\/fr\/wp-json\/wp\/v2\/product\/9642\/revisions"}],"predecessor-version":[{"id":9657,"href":"https:\/\/zojopackaging.com\/fr\/wp-json\/wp\/v2\/product\/9642\/revisions\/9657"}],"wp:featuredmedia":[{"embeddable":true,"href":"https:\/\/zojopackaging.com\/fr\/wp-json\/wp\/v2\/media\/9643"}],"wp:attachment":[{"href":"https:\/\/zojopackaging.com\/fr\/wp-json\/wp\/v2\/media?parent=9642"}],"wp:term":[{"taxonomy":"product_brand","embeddable":true,"href":"https:\/\/zojopackaging.com\/fr\/wp-json\/wp\/v2\/product_brand?post=9642"},{"taxonomy":"product_cat","embeddable":true,"href":"https:\/\/zojopackaging.com\/fr\/wp-json\/wp\/v2\/product_cat?post=9642"},{"taxonomy":"product_tag","embeddable":true,"href":"https:\/\/zojopackaging.com\/fr\/wp-json\/wp\/v2\/product_tag?post=9642"}],"curies":[{"name":"wp","href":"https:\/\/api.w.org\/{rel}","templated":true}]}}