{"id":9650,"date":"2025-04-03T10:13:03","date_gmt":"2025-04-03T02:13:03","guid":{"rendered":"https:\/\/zojopackaging.com\/?post_type=product&#038;p=9650"},"modified":"2025-04-03T10:28:51","modified_gmt":"2025-04-03T02:28:51","slug":"collapsible-rigid-gift-boxes-wholesale-with-magnetic-closure","status":"publish","type":"product","link":"https:\/\/zojopackaging.com\/fr\/product\/collapsible-rigid-gift-boxes-wholesale-with-magnetic-closure\/","title":{"rendered":"Bo\u00eetes cadeaux rigides pliables Wholesale avec fermeture magn\u00e9tique"},"content":{"rendered":"<h2 id=\"-i-structural-innovation-magnetic-folding-dual-effect-in-one-\"><strong>1. Innovation structurelle : fermeture magn\u00e9tique \u00e0 double effet en une seule fois<\/strong><\/h2>\n<ol>\n<li><strong>Syst\u00e8me intelligent de fermeture magn\u00e9tique<\/strong>\u00a0Adopte un circuit magn\u00e9tique ferm\u00e9, avec une force d'adsorption de 3 \u00e0 5 N. Elle s'accompagne d'un \"clic\" net lors de l'ouverture et de la fermeture, et est facile \u00e0 manipuler d'une seule main, ce qui \u00e9vite le probl\u00e8me d'usure des boucles traditionnelles.<\/li>\n<li><strong>Conception pliable<\/strong>\u00a0La structure pliante en une seule pi\u00e8ce est r\u00e9alis\u00e9e gr\u00e2ce \u00e0 un processus d'indentation pr\u00e9cis. Une fois d\u00e9pli\u00e9e, elle forme un hexa\u00e8dre stable. Il peut \u00eatre aplati pendant le transport pour \u00e9conomiser 80% d'espace. L'utilisateur final peut le former rapidement en 3 secondes, en tenant compte de la protection de l'environnement et de l'efficacit\u00e9 logistique.<\/li>\n<\/ol>\n<h2 id=\"-ii-visual-aesthetics-marble-texture-interprets-light-luxury-texture-\"><strong>2. Esth\u00e9tique visuelle : la texture du marbre interpr\u00e8te la lumi\u00e8re texture de luxe<\/strong><\/h2>\n<ol>\n<li><strong>Technologie de surface<\/strong><\/li>\n<li>Gr\u00e2ce \u00e0 la technologie de transfert UV de l'imitation de marbre import\u00e9e d'Italie, les lignes de texture sont aussi naturelles que la pierre naturelle. Les trois couleurs noir, or, blanc, gris et bleu sont disponibles en option et permettent de personnaliser la texture en exclusivit\u00e9 pour le client \u00e0 l'\u00e9chelle 1:1.<\/li>\n<li>La surface est recouverte d'un rev\u00eatement mat\/brillant \u00e0 double effet, d\u00e9licat et anti-traces de doigts, et la duret\u00e9 Mohs atteint une r\u00e9sistance aux rayures de 3H.<\/li>\n<li><strong>Adaptation des sc\u00e8nes<\/strong>\u00a0Applicable aux produits cosm\u00e9tiques haut de gamme (tels que les coffrets cadeaux d'essence), aux produits de luxe (montres\/bijoux), aux cadeaux d'affaires (ustensiles \u00e0 vin personnalis\u00e9s) et \u00e0 d'autres sc\u00e8nes. La conception de la texture est calibr\u00e9e par des cartes de couleurs Pantone afin de garantir une grande coh\u00e9rence avec le syst\u00e8me VI de la marque.<\/li>\n<\/ol>\n<h2 id=\"-iii-materials-and-processes-military-grade-quality-control-standards-\"><strong>3. Mat\u00e9riaux et proc\u00e9d\u00e9s : Normes de contr\u00f4le de la qualit\u00e9 de niveau militaire<\/strong><\/h2>\n<ol>\n<li><strong>Substrat composite<\/strong><\/li>\n<li>Le corps de la bo\u00eete adopte une structure composite de 1,5 mm d'\u00e9paisseur compos\u00e9e d'un panneau gris de qualit\u00e9 alimentaire et d'un panneau hollandais import\u00e9, qui peut supporter 5 kg sans d\u00e9formation et a pass\u00e9 avec succ\u00e8s le test de transport ISTA 3A.<\/li>\n<li>Le bord adopte un processus de polissage en chanfrein \u00e0 45\u00b0, et le fond est recouvert d'un tampon en silicone antid\u00e9rapant pour assurer la stabilit\u00e9 de l'\u00e9cran.<\/li>\n<li><strong>Pr\u00e9cision du traitement<\/strong>\u00a0Erreur de d\u00e9coupe laser \u22640,2 mm, tol\u00e9rance de position d'encastrement de l'aimant \u00b10,1 mm, avec 16 processus d'inspection de la qualit\u00e9 (y compris les tests de chute\/temp\u00e9rature et cycle d'humidit\u00e9\/aspiration magn\u00e9tique).<\/li>\n<\/ol>\n<h2 id=\"-fourth-enhance-the-sense-of-ceremony-customizable-decoration-system-\"><strong>4. Renforcer le sens de la c\u00e9r\u00e9monie : syst\u00e8me de d\u00e9coration personnalisable<\/strong><\/h2>\n<ol>\n<li><strong>Module de d\u00e9coration de rubans<\/strong><\/li>\n<li>Ruban de soie standard de 1,5 cm de large, disponible en trois couleurs : or champagne classique\/rouge bordeaux\/bleu nuit. Possibilit\u00e9 de marquage \u00e0 chaud du LOGO de la marque ou de mots de b\u00e9n\u00e9diction.<\/li>\n<li>La boucle magn\u00e9tique optionnelle permet de r\u00e9aliser l'exp\u00e9rience interactive \"une seule traction pour ouvrir\", et le sens de la c\u00e9r\u00e9monie d'ouverture de la bo\u00eete est augment\u00e9 de 300%.<\/li>\n<li><strong>Doublure personnalis\u00e9e<\/strong><\/li>\n<li>Adopte un support interne composite EVA+velours, prend en charge de multiples structures telles que l'affichage en couches, rainur\u00e9 ou suspendu, le taux de couverture de la gamme de couleurs RVB atteint 98%, et prend en charge la correspondance des couleurs d'accompagnement Pantone.<\/li>\n<li>La grille sombre peut \u00eatre int\u00e9gr\u00e9e \u00e0 une puce NFC ou \u00e0 un tag interactif AR afin d'am\u00e9liorer l'exp\u00e9rience num\u00e9rique de la marque.<\/li>\n<\/ol>","protected":false},"excerpt":{"rendered":"<p>L'attrait du luxe : La texture du marbre \u00e9l\u00e8ve instantan\u00e9ment la perception de la marque<br \/>\nRentable : Les prix de gros r\u00e9duisent les co\u00fbts par unit\u00e9 de 30%<br \/>\nDurabilit\u00e9 : Les bords renforc\u00e9s prot\u00e8gent les produits pendant le transport<br \/>\nAssemblage facile : Plis pr\u00e9d\u00e9finis pour une mise en place de la bo\u00eete en 60 secondes<\/p>","protected":false},"featured_media":9651,"template":"","meta":[],"product_brand":[],"product_cat":[30,415,428,31],"product_tag":[1233,1235,1234],"class_list":{"0":"post-9650","1":"product","2":"type-product","3":"status-publish","4":"has-post-thumbnail","6":"product_cat-by-industry","7":"product_cat-custom-jewelry-boxes-by-industry","8":"product_cat-irregular-shaped-gift-boxes","9":"product_cat-paper-box-style","10":"product_tag-collapsible-gift-boxes","11":"product_tag-magnetic-closure-gift-boxes","12":"product_tag-rigid-gift-boxes-wholesale","14":"first","15":"instock","16":"shipping-taxable","17":"product-type-grouped"},"_links":{"self":[{"href":"https:\/\/zojopackaging.com\/fr\/wp-json\/wp\/v2\/product\/9650","targetHints":{"allow":["GET"]}}],"collection":[{"href":"https:\/\/zojopackaging.com\/fr\/wp-json\/wp\/v2\/product"}],"about":[{"href":"https:\/\/zojopackaging.com\/fr\/wp-json\/wp\/v2\/types\/product"}],"version-history":[{"count":1,"href":"https:\/\/zojopackaging.com\/fr\/wp-json\/wp\/v2\/product\/9650\/revisions"}],"predecessor-version":[{"id":9658,"href":"https:\/\/zojopackaging.com\/fr\/wp-json\/wp\/v2\/product\/9650\/revisions\/9658"}],"wp:featuredmedia":[{"embeddable":true,"href":"https:\/\/zojopackaging.com\/fr\/wp-json\/wp\/v2\/media\/9651"}],"wp:attachment":[{"href":"https:\/\/zojopackaging.com\/fr\/wp-json\/wp\/v2\/media?parent=9650"}],"wp:term":[{"taxonomy":"product_brand","embeddable":true,"href":"https:\/\/zojopackaging.com\/fr\/wp-json\/wp\/v2\/product_brand?post=9650"},{"taxonomy":"product_cat","embeddable":true,"href":"https:\/\/zojopackaging.com\/fr\/wp-json\/wp\/v2\/product_cat?post=9650"},{"taxonomy":"product_tag","embeddable":true,"href":"https:\/\/zojopackaging.com\/fr\/wp-json\/wp\/v2\/product_tag?post=9650"}],"curies":[{"name":"wp","href":"https:\/\/api.w.org\/{rel}","templated":true}]}}