{"id":9659,"date":"2025-04-03T10:29:14","date_gmt":"2025-04-03T02:29:14","guid":{"rendered":"https:\/\/zojopackaging.com\/?post_type=product&#038;p=9659"},"modified":"2025-04-03T10:53:41","modified_gmt":"2025-04-03T02:53:41","slug":"custom-candle-mailing-shipping-packaging-boxes-wholesale","status":"publish","type":"product","link":"https:\/\/zojopackaging.com\/fr\/product\/custom-candle-mailing-shipping-packaging-boxes-wholesale\/","title":{"rendered":"Bo\u00eetes d'emballage d'exp\u00e9dition de bougies personnalis\u00e9es Wholesale"},"content":{"rendered":"<h2 id=\"1-corrugated-paper-material-anti-pressure-and-anti-collision-\">1.\u00a0<strong>Mat\u00e9riau en papier ondul\u00e9, anti-pression et anti-collision<\/strong><\/h2>\n<p>Le papier ondul\u00e9 de haute densit\u00e9 (cannelure A, cannelure B ou combinaison de cannelures EB) est utilis\u00e9 pour disperser l'impact de la force externe \u00e0 travers la structure ondul\u00e9e du papier.<\/p>\n<h2 id=\"2-innovative-tearable-design-to-enhance-the-unpacking-experience-\">2.\u00a0<strong>Conception innovante et d\u00e9chirable pour am\u00e9liorer l'exp\u00e9rience de d\u00e9ballage<\/strong><\/h2>\n<p>La bo\u00eete d'emballage adopte une ligne de d\u00e9chirement en papier non adh\u00e9sif. Les utilisateurs n'ont qu'\u00e0 tirer doucement pour l'ouvrir sans dommage, ce qui est \u00e0 la fois respectueux de l'environnement et c\u00e9r\u00e9monieux. Cette conception est particuli\u00e8rement adapt\u00e9e aux sc\u00e9narios de commerce \u00e9lectronique, r\u00e9duisant les inconv\u00e9nients li\u00e9s \u00e0 l'utilisation d'outils par les clients, tout en am\u00e9liorant les points de m\u00e9morisation de l'interaction avec la marque. Associ\u00e9 au concept de \"d\u00e9ballage 2S\", le processus est simplifi\u00e9 pour faire du d\u00e9ballage une exp\u00e9rience agr\u00e9able.<\/p>\n<h2 id=\"3-double-sided-macaron-color-printing-visual-appeal-max-\">3.\u00a0<strong>Impression recto-verso des macarons en couleur, attrait visuel MAX<\/strong><\/h2>\n<p>L'utilisation de couleurs de macaron \u00e0 faible saturation (telles que le vert menthe, le violet amande, la poudre de brume d'\u00e9rable), combin\u00e9e \u00e0 une technologie d'impression double face de haute pr\u00e9cision, pr\u00e9sente un effet visuel doux et stratifi\u00e9. L'impression en tons directs et la technologie de vernissage UV garantissent la brillance et la durabilit\u00e9 du motif, qui convient \u00e0 l'affichage sur les m\u00e9dias sociaux et \u00e0 l'affichage hors ligne, et renforce la reconnaissance de la marque.<\/p>\n<h2 id=\"4-in-depth-brand-customization-conveying-a-unique-story-\">4.\u00a0<strong>Personnalisation approfondie de la marque, v\u00e9hiculant une histoire unique<\/strong><\/h2>\n<p>Il est possible de personnaliser l'ensemble du processus de conception, qu'il s'agisse du type de bo\u00eete (fond et couvercle inf\u00e9rieur, bo\u00eete \u00e0 rabat, bo\u00eete \u00e0 tiroirs), du motif ou du logo. Le logo et l'histoire culturelle de l'entreprise sont int\u00e9gr\u00e9s \u00e0 l'emballage, en combinaison avec le ton de la marque du client, par exemple par estampage \u00e0 chaud, texture gaufr\u00e9e ou s\u00e9rigraphie pour montrer une texture haut de gamme. Chaque bo\u00eete n'est pas seulement un contenant, mais aussi un vecteur de l'histoire de la marque.<\/p>\n<h2 id=\"5-flexible-size-and-structure-adaptation-\">5.\u00a0<strong>Adaptation souple de la taille et de la structure<\/strong><\/h2>\n<p>En fonction de la taille des bougies, de la quantit\u00e9 et des exigences en mati\u00e8re de pr\u00e9sentation, nous proposons des solutions personnalis\u00e9es allant de produits uniques \u00e0 des combinaisons multiples. Le rev\u00eatement peut \u00eatre con\u00e7u comme une grille enfichable EVA, une cloison ondul\u00e9e ou un plateau de flocage pour assurer la stabilit\u00e9 du transport. Des structures cr\u00e9atives telles que des bo\u00eetes de forme sp\u00e9ciale et des bo\u00eetes en forme de livre sont possibles pour r\u00e9pondre aux besoins des bo\u00eetes-cadeaux pour les f\u00eates, des \u00e9ditions limit\u00e9es et d'autres sc\u00e9narios.<\/p>\n<h2 id=\"6-experienced-design-team-3d-modeling-full-process-support-\">6.\u00a0<strong>\u00c9quipe de conception exp\u00e9riment\u00e9e, mod\u00e9lisation 3D, soutien complet du processus<\/strong><\/h2>\n<p>\u00c9quip\u00e9e de concepteurs professionnels et d'\u00e9quipes de mod\u00e9lisation en 3D, elle collabore pleinement depuis les croquis conceptuels jusqu'\u00e0 l'\u00e9preuvage du produit fini. Gr\u00e2ce \u00e0 la technologie de mod\u00e9lisation virtuelle, les clients peuvent pr\u00e9visualiser l'effet de l'emballage et ajuster les d\u00e9tails en temps r\u00e9el (tels que la position de l'ouverture de la fen\u00eatre, la courbure de la ligne de d\u00e9chirure). Les cas couvrent l'aromath\u00e9rapie haut de gamme, les cadeaux de vacances et d'autres cat\u00e9gories pour s'assurer que la conception est tr\u00e8s coh\u00e9rente avec le produit r\u00e9el.<\/p>\n<h2 id=\"7-scaled-production-and-quality-control-\">7.\u00a0<strong>Production \u00e0 grande \u00e9chelle et contr\u00f4le de la qualit\u00e9<\/strong><\/h2>\n<p>L'usine a 16 ans d'exp\u00e9rience dans l'industrie de l'impression, et l'atelier standardis\u00e9 de 5 320 m\u00e8tres carr\u00e9s est \u00e9quip\u00e9 de machines de d\u00e9coupe enti\u00e8rement automatiques, de lignes d'impression num\u00e9rique et de syst\u00e8mes d'inspection de la qualit\u00e9. Prend en charge la personnalisation de petits lots (500 pi\u00e8ces ou plus) et les commandes de grands lots, avec des cycles de livraison courts et un contr\u00f4le de qualit\u00e9 strict (erreur \u2264 0,2cm). Gr\u00e2ce \u00e0 la certification ISO et \u00e0 la s\u00e9lection de mat\u00e9riaux respectueux de l'environnement, assurez-vous que le produit r\u00e9pond aux normes de transport nationales et internationales.<\/p>\n<h2 id=\"-applicable-scenarios-and-customer-value-\"><strong>Sc\u00e9narios applicables et valeur pour le client<\/strong><\/h2>\n<ul>\n<li><strong>Logistique du commerce \u00e9lectronique<\/strong>: Structure r\u00e9sistante \u00e0 la compression + conception d\u00e9chirable, r\u00e9duisant les pertes de transport et augmentant le taux de r\u00e9achat des clients.<\/li>\n<li><strong>Marketing de la marque<\/strong>: Les couleurs des macarons et les \u00e9l\u00e9ments personnalis\u00e9s attirent les jeunes consommateurs et contribuent \u00e0 leur diffusion sur les m\u00e9dias sociaux.<\/li>\n<li><strong>Cadeaux haut de gamme<\/strong>: La technologie de mod\u00e9lisation 3D combin\u00e9e au marquage \u00e0 chaud\/\u00e0 la s\u00e9rigraphie cr\u00e9e une exp\u00e9rience de d\u00e9ballage l\u00e9g\u00e8re et luxueuse.<\/li>\n<\/ul>","protected":false},"excerpt":{"rendered":"<p>\u2728 Am\u00e9liorer la perception de la marque avec un emballage de qualit\u00e9.<br \/>\n\u2728 R\u00e9duire les dommages li\u00e9s \u00e0 l'exp\u00e9dition gr\u00e2ce \u00e0 une construction r\u00e9sistante \u00e0 l'\u00e9crasement.<br \/>\n\u2728 Rationaliser les commandes en vrac gr\u00e2ce \u00e0 une conception modulaire et peu encombrante.<br \/>\n\u2728 S'aligner sur les valeurs \u00e9cologiques en utilisant des mat\u00e9riaux biod\u00e9gradables.<\/p>","protected":false},"featured_media":9660,"template":"","meta":[],"product_brand":[],"product_cat":[30,416,31,433],"product_tag":[1236,1237,549],"class_list":{"0":"post-9659","1":"product","2":"type-product","3":"status-publish","4":"has-post-thumbnail","6":"product_cat-by-industry","7":"product_cat-custom-candle-boxes","8":"product_cat-paper-box-style","9":"product_cat-shipping-mailer-boxes","10":"product_tag-candle-mailing-boxes","11":"product_tag-candle-shipping-boxes-wholesale","12":"product_tag-custom-candle-boxes","14":"first","15":"instock","16":"shipping-taxable","17":"product-type-grouped"},"_links":{"self":[{"href":"https:\/\/zojopackaging.com\/fr\/wp-json\/wp\/v2\/product\/9659","targetHints":{"allow":["GET"]}}],"collection":[{"href":"https:\/\/zojopackaging.com\/fr\/wp-json\/wp\/v2\/product"}],"about":[{"href":"https:\/\/zojopackaging.com\/fr\/wp-json\/wp\/v2\/types\/product"}],"version-history":[{"count":1,"href":"https:\/\/zojopackaging.com\/fr\/wp-json\/wp\/v2\/product\/9659\/revisions"}],"predecessor-version":[{"id":9666,"href":"https:\/\/zojopackaging.com\/fr\/wp-json\/wp\/v2\/product\/9659\/revisions\/9666"}],"wp:featuredmedia":[{"embeddable":true,"href":"https:\/\/zojopackaging.com\/fr\/wp-json\/wp\/v2\/media\/9660"}],"wp:attachment":[{"href":"https:\/\/zojopackaging.com\/fr\/wp-json\/wp\/v2\/media?parent=9659"}],"wp:term":[{"taxonomy":"product_brand","embeddable":true,"href":"https:\/\/zojopackaging.com\/fr\/wp-json\/wp\/v2\/product_brand?post=9659"},{"taxonomy":"product_cat","embeddable":true,"href":"https:\/\/zojopackaging.com\/fr\/wp-json\/wp\/v2\/product_cat?post=9659"},{"taxonomy":"product_tag","embeddable":true,"href":"https:\/\/zojopackaging.com\/fr\/wp-json\/wp\/v2\/product_tag?post=9659"}],"curies":[{"name":"wp","href":"https:\/\/api.w.org\/{rel}","templated":true}]}}