{"id":9667,"date":"2025-04-03T10:53:49","date_gmt":"2025-04-03T02:53:49","guid":{"rendered":"https:\/\/zojopackaging.com\/?post_type=product&#038;p=9667"},"modified":"2025-04-03T11:24:27","modified_gmt":"2025-04-03T03:24:27","slug":"custom-vip-card-credit-shipping-mailer-boxes-wholesale","status":"publish","type":"product","link":"https:\/\/zojopackaging.com\/fr\/product\/custom-vip-card-credit-shipping-mailer-boxes-wholesale\/","title":{"rendered":"Bo\u00eete postale d'exp\u00e9dition de cartes de cr\u00e9dit personnalis\u00e9es Wholesale"},"content":{"rendered":"<h2 id=\"1-high-strength-corrugated-paper-protection-\">1.\u00a0<strong>Protection en papier ondul\u00e9 \u00e0 haute r\u00e9sistance<\/strong><\/h2>\n<p>La structure du carton ondul\u00e9 multicouche est adopt\u00e9e. La conception ondul\u00e9e du papier absorbe efficacement l'\u00e9nergie d'impact pendant le transport et disperse la pression externe. Il est particuli\u00e8rement adapt\u00e9 au transport d'articles de grande valeur et de haute protection, tels que les cartes VIP et les produits \u00e9lectroniques fragiles. Sa r\u00e9sistance \u00e0 la compression peut atteindre plus de trois fois celle des cartons ordinaires similaires, ce qui garantit que les marchandises restent intactes lors de l'empilage ou des chocs.<\/p>\n<h2 id=\"2-patented-airplane-box-structure-\">2.\u00a0<strong>Structure brevet\u00e9e de la bo\u00eete aux lettres<\/strong><\/h2>\n<p>L'utilisation innovante de la technologie de verrouillage de la languette et de la conception de pr\u00e9-pressage des plis permet un moulage rapide en une seconde, sans qu'il soit n\u00e9cessaire d'utiliser du ruban adh\u00e9sif pour sceller le fond, ce qui am\u00e9liore consid\u00e9rablement l'efficacit\u00e9 de l'emballage. Une fois le corps de la bo\u00eete ferm\u00e9, il est fix\u00e9 par une structure autobloquante, et le c\u00f4t\u00e9 n'est pas facile \u00e0 ouvrir, ce qui \u00e9vite l'inconv\u00e9nient du d\u00e9tachement facile de la fermeture traditionnelle par ruban adh\u00e9sif, et est conforme au concept de protection de l'environnement.<\/p>\n<h2 id=\"3-aesthetic-and-functional-integration-design-\">3.\u00a0<strong>Conception de l'int\u00e9gration esth\u00e9tique et fonctionnelle<\/strong><\/h2>\n<ul>\n<li><strong>Esth\u00e9tique visuelle<\/strong>: Le corps de la bo\u00eete adopte des couleurs claires comme couleur principale (comme le jaune cr\u00e8me, le bleu brumeux, le blanc avoine, etc.), combin\u00e9es \u00e0 une finition mate et \u00e0 un marquage \u00e0 chaud partiel\/un embellissement UV, pour cr\u00e9er une image de marque haut de gamme et \u00e9l\u00e9gante, qui correspond au positionnement distingu\u00e9 des produits de cartes VIP.<\/li>\n<li><strong>Adaptabilit\u00e9 de l'impression<\/strong>: Elle prend en charge l'impression offset en quadrichromie, la personnalisation par tons directs, le gaufrage et d'autres proc\u00e9d\u00e9s, et est compatible avec les besoins d'impression d'\u00e9l\u00e9ments multiples tels que le LOGO, les slogans de marque, les logos anti-contrefa\u00e7on, etc., afin de r\u00e9pondre aux besoins personnalis\u00e9s de nombreux domaines tels que la finance, les produits de luxe et les services d'adh\u00e9sion.<\/li>\n<\/ul>\n<h2 id=\"4-16-years-of-professional-printing-manufacturing-experience-\">4.\u00a0<strong>16 ans d'exp\u00e9rience professionnelle dans la fabrication de produits d'impression<\/strong><\/h2>\n<p>L'usine est \u00e9quip\u00e9e d'un centre industriel moderne de 5 000\u33a1, couvrant les \u00e9quipements de pr\u00e9presse\/post-presse tels que les machines de d\u00e9coupe enti\u00e8rement automatiques, les machines d'impression offset \u00e0 grande vitesse et les machines de marquage \u00e0 chaud pour assurer le contr\u00f4le de la qualit\u00e9 de l'ensemble du processus, de la conception aux produits finis. Certifi\u00e9e ISO pour la gestion de la qualit\u00e9, l'entreprise dispose d'une capacit\u00e9 de production annuelle de 30 millions de pi\u00e8ces et soutient une production flexible par lots avec une commande minimale de 500 pi\u00e8ces.<\/p>\n<h2 id=\"5-one-stop-packaging-solution-\">5.\u00a0<strong>Une solution d'emballage unique<\/strong><\/h2>\n<ul>\n<li><strong>Service personnalis\u00e9<\/strong>: La personnalisation compl\u00e8te de la bo\u00eete, le choix des mat\u00e9riaux (papier d'art \u00e0 fort grammage, papier recycl\u00e9 respectueux de l'environnement), l'am\u00e9lioration des fonctions (fen\u00eatre visible, ouverture et fermeture magn\u00e9tiques), etc. sont autant d'\u00e9l\u00e9ments qui permettent de s'adapter \u00e0 diff\u00e9rents sc\u00e9narios industriels.<\/li>\n<li><strong>Soutien \u00e0 la cha\u00eene d'approvisionnement intelligente<\/strong>: Pr\u00e9visualisation en temps r\u00e9el des rendus 3D gr\u00e2ce \u00e0 la plateforme de conception en ligne, prise en charge du t\u00e9l\u00e9chargement de fichiers et de l'\u00e9dition de mod\u00e8les, combin\u00e9e \u00e0 un service client\u00e8le disponible 24 heures sur 24 et 7 jours sur 7, pour une gestion num\u00e9rique compl\u00e8te, de la demande \u00e0 la livraison.<\/li>\n<\/ul>","protected":false},"excerpt":{"rendered":"<p>\ud83d\udcbc La taille universelle convient aux cartes de cr\u00e9dit, aux cartes-cadeaux et aux puces RFID<br \/>\n\ud83c\udfa8 Int\u00e9gration d'un logo personnalis\u00e9 (&lt;2hr pour les clients r\u00e9guliers)<br \/>\n\u2728 La finition brillante augmente la valeur per\u00e7ue de 68% (enqu\u00eates aupr\u00e8s des clients)<br \/>\n\ud83d\udce6 35% assemblage plus rapide par rapport \u00e0 l'emballage standard (conception \u00e0 embo\u00eetement)<br \/>\n\ud83c\udf0d La construction sans plastique du 100% r\u00e9pond aux directives de l'UE en mati\u00e8re de d\u00e9veloppement durable<\/p>","protected":false},"featured_media":9673,"template":"","meta":[],"product_brand":[],"product_cat":[30,413,31,433],"product_tag":[1239,1240,1238],"class_list":{"0":"post-9667","1":"product","2":"type-product","3":"status-publish","4":"has-post-thumbnail","6":"product_cat-by-industry","7":"product_cat-consumer-electronics-boxes","8":"product_cat-paper-box-style","9":"product_cat-shipping-mailer-boxes","10":"product_tag-custom-vip-credit-boxes","11":"product_tag-vip-card-credit-mailer-boxes","12":"product_tag-vip-card-mailer-boxes","14":"first","15":"instock","16":"shipping-taxable","17":"product-type-grouped"},"_links":{"self":[{"href":"https:\/\/zojopackaging.com\/fr\/wp-json\/wp\/v2\/product\/9667","targetHints":{"allow":["GET"]}}],"collection":[{"href":"https:\/\/zojopackaging.com\/fr\/wp-json\/wp\/v2\/product"}],"about":[{"href":"https:\/\/zojopackaging.com\/fr\/wp-json\/wp\/v2\/types\/product"}],"version-history":[{"count":1,"href":"https:\/\/zojopackaging.com\/fr\/wp-json\/wp\/v2\/product\/9667\/revisions"}],"predecessor-version":[{"id":9674,"href":"https:\/\/zojopackaging.com\/fr\/wp-json\/wp\/v2\/product\/9667\/revisions\/9674"}],"wp:featuredmedia":[{"embeddable":true,"href":"https:\/\/zojopackaging.com\/fr\/wp-json\/wp\/v2\/media\/9673"}],"wp:attachment":[{"href":"https:\/\/zojopackaging.com\/fr\/wp-json\/wp\/v2\/media?parent=9667"}],"wp:term":[{"taxonomy":"product_brand","embeddable":true,"href":"https:\/\/zojopackaging.com\/fr\/wp-json\/wp\/v2\/product_brand?post=9667"},{"taxonomy":"product_cat","embeddable":true,"href":"https:\/\/zojopackaging.com\/fr\/wp-json\/wp\/v2\/product_cat?post=9667"},{"taxonomy":"product_tag","embeddable":true,"href":"https:\/\/zojopackaging.com\/fr\/wp-json\/wp\/v2\/product_tag?post=9667"}],"curies":[{"name":"wp","href":"https:\/\/api.w.org\/{rel}","templated":true}]}}