{"id":9675,"date":"2025-04-03T11:25:30","date_gmt":"2025-04-03T03:25:30","guid":{"rendered":"https:\/\/zojopackaging.com\/?post_type=product&#038;p=9675"},"modified":"2025-04-03T12:04:40","modified_gmt":"2025-04-03T04:04:40","slug":"custom-perfume-atomizer-magnetic-closure-gift-boxes-factory","status":"publish","type":"product","link":"https:\/\/zojopackaging.com\/fr\/product\/custom-perfume-atomizer-magnetic-closure-gift-boxes-factory\/","title":{"rendered":"Bo\u00eete cadeau \u00e0 fermeture magn\u00e9tique pour atomiseur de parfum Factory"},"content":{"rendered":"<h2 id=\"1-magnetic-box-design-embedded-magnets-high-end-and-durable\">1. Conception de la bo\u00eete magn\u00e9tique : aimants int\u00e9gr\u00e9s, haut de gamme et durable.<\/h2>\n<p>La conception de la structure magn\u00e9tique int\u00e9gr\u00e9e est adopt\u00e9e, et les fixations magn\u00e9tiques sont enti\u00e8rement int\u00e9gr\u00e9es dans le corps de la bo\u00eete pour \u00e9viter le probl\u00e8me de l'usure et des rayures des aimants apparents traditionnels. L'ouverture et la fermeture magn\u00e9tiques se font en douceur, et la bo\u00eete est bien ajust\u00e9e lorsqu'elle est ferm\u00e9e. Les accessoires en m\u00e9tal fonc\u00e9 conf\u00e8rent \u00e0 la bo\u00eete d'emballage une exp\u00e9rience visuelle discr\u00e8te et luxueuse, qui correspond \u00e0 la tonalit\u00e9 des marques de parfums haut de gamme.<\/p>\n<h2 id=\"2-combination-of-dark-green-main-tone-and-natural-aesthetics\">2. Combinaison d'un ton principal vert fonc\u00e9 et d'une esth\u00e9tique naturelle<\/h2>\n<ol>\n<li><strong>Couleur et motif<\/strong>: Avec le vert fonc\u00e9 comme couleur principale, il est assorti de fleurs tropicales peintes \u00e0 la main et d'illustrations de fruits (tels que grenades, hibiscus, magnolias, etc.) pour renforcer l'attrait des clients pour vos produits.<\/li>\n<\/ol>\n<h2 id=\"3-eva-lining-customization-precise-adaptation-zero-space-display\">3. Personnalisation de la doublure EVA : adaptation pr\u00e9cise, affichage sans espace<\/h2>\n<ol>\n<li><strong>Doublure enti\u00e8rement ajust\u00e9e<\/strong>: Le rev\u00eatement en mousse EVA est moul\u00e9 avec pr\u00e9cision et personnalis\u00e9 en fonction de la taille des flacons de parfum et des atomiseurs, avec une duret\u00e9 optionnelle, fournissant une protection tampon r\u00e9sistante aux chocs, tout en obtenant un effet d'affichage stable \"z\u00e9ro espace\".<\/li>\n<li><strong>Disposition multifonctionnelle<\/strong>Il est adapt\u00e9 aux besoins d'emballages combin\u00e9s multi-cat\u00e9gories tels que les flacons de parfum, les vaporisateurs et les instructions.<\/li>\n<\/ol>\n<h2 id=\"iv-material-and-printing-process-double-guarantee-of-quality-and-beauty\">4. Mat\u00e9riau et proc\u00e9d\u00e9 d'impression : double garantie de qualit\u00e9 et de beaut\u00e9<\/h2>\n<ol>\n<li><strong>Mat\u00e9riau de base<\/strong>: La bo\u00eete ext\u00e9rieure est fabriqu\u00e9e en papier d'art couch\u00e9 C2S de 157 g avec un film mat, et est form\u00e9e avec un carton de 1200 g pour garantir que le corps de la bo\u00eete est net, r\u00e9sistant \u00e0 l'usure et d\u00e9licat au toucher.<\/li>\n<li><strong>Impression en quadrichromie<\/strong>: La restauration des couleurs de haute pr\u00e9cision est r\u00e9alis\u00e9e par la presse quadrichromique Heidelberg Speedmaster CS92, et les UV locaux, le marquage \u00e0 chaud et d'autres processus sont superpos\u00e9s pour renforcer le sens tridimensionnel du motif et le luxe de l'emballage.<\/li>\n<\/ol>\n<h2 id=\"v-all-round-customization-service-one-stop-solution-from-design-to-production\">5. Service de personnalisation complet : solution unique de la conception \u00e0 la production<\/h2>\n<ol>\n<li><strong>Personnalisation souple<\/strong>Le syst\u00e8me de gestion des cadeaux : permet une personnalisation compl\u00e8te de la taille du coffret, de sa structure (couvercle\/bo\u00eete en forme de livre\/bo\u00eete \u00e0 tiroirs), de la disposition de la doublure, des accessoires (ruban\/carte de v\u0153ux), etc., afin de r\u00e9pondre \u00e0 des besoins particuliers tels que le co-marquage d'une marque et les \u00e9ditions limit\u00e9es pour les f\u00eates.<\/li>\n<li><strong>Soutien professionnel \u00e0 la conception<\/strong>: L'\u00e9quipe fournit des services de communication personnalis\u00e9s et assure le suivi de la mod\u00e9lisation 3D, de l'\u00e9preuvage et de la production en s\u00e9rie afin de garantir que le projet de conception 100% restitue la cr\u00e9ativit\u00e9 du client.<\/li>\n<\/ol>\n<h2 id=\"vi-production-strength-16-years-of-experience-and-cutting-edge-equipment\">6. Force de production : 16 ans d'exp\u00e9rience et des \u00e9quipements de pointe<\/h2>\n<p>L'usine est dot\u00e9e d'\u00e9quipements import\u00e9s tels que la machine d'impression Manroland R700 \u00e0 cinq couleurs et la machine d'impression offset UV Heidelberg \u00e0 sept couleurs, ce qui permet un processus complexe et une production efficace, avec une capacit\u00e9 de production quotidienne moyenne de plus de 100 000 bo\u00eetes et une r\u00e9duction du cycle de livraison de 30%. Certification du syst\u00e8me de gestion de la qualit\u00e9 ISO pour garantir le contr\u00f4le de la qualit\u00e9 depuis l'achat des mati\u00e8res premi\u00e8res jusqu'\u00e0 la livraison du produit fini.<\/p>","protected":false},"excerpt":{"rendered":"<ul>\n<li>\u200b<strong>L'attrait du luxe :<\/strong>\u00a0La finition vert \u00e9meraude avec des accents dor\u00e9s rehausse le prestige de la marque.<\/li>\n<li>\u200b<strong>Pr\u00eat \u00e0 l'emploi :<\/strong>\u00a0Prise en charge du marquage multitechnique (feuille, gaufrage, impression).<\/li>\n<li>\u200b<strong>Conception protectrice :<\/strong>\u00a0Le rev\u00eatement r\u00e9sistant aux rayures prot\u00e8ge le contenu pendant le transport.<\/li>\n<li>\u200b<strong>\u00c9volutif :<\/strong>\u00a0Faible MOQ et remises en gros pour les startups\/entreprises.<\/li>\n<li>\u200b<strong>Conscience \u00e9cologique :<\/strong>\u00a0Les mat\u00e9riaux recyclables s'inscrivent dans les tendances du d\u00e9veloppement durable.<\/li>\n<\/ul>","protected":false},"featured_media":9676,"template":"","meta":[],"product_brand":[],"product_cat":[30,417,424,31],"product_tag":[225,1241,1242],"class_list":{"0":"post-9675","1":"product","2":"type-product","3":"status-publish","4":"has-post-thumbnail","6":"product_cat-by-industry","7":"product_cat-custom-perfume-boxes-by-industry","8":"product_cat-magnetic-closure-boxes","9":"product_cat-paper-box-style","10":"product_tag-custom-perfume-boxes","11":"product_tag-perfume-atomizer-gift-boxes","12":"product_tag-perfume-boxes-factory","14":"first","15":"instock","16":"shipping-taxable","17":"product-type-grouped"},"_links":{"self":[{"href":"https:\/\/zojopackaging.com\/fr\/wp-json\/wp\/v2\/product\/9675","targetHints":{"allow":["GET"]}}],"collection":[{"href":"https:\/\/zojopackaging.com\/fr\/wp-json\/wp\/v2\/product"}],"about":[{"href":"https:\/\/zojopackaging.com\/fr\/wp-json\/wp\/v2\/types\/product"}],"version-history":[{"count":1,"href":"https:\/\/zojopackaging.com\/fr\/wp-json\/wp\/v2\/product\/9675\/revisions"}],"predecessor-version":[{"id":9682,"href":"https:\/\/zojopackaging.com\/fr\/wp-json\/wp\/v2\/product\/9675\/revisions\/9682"}],"wp:featuredmedia":[{"embeddable":true,"href":"https:\/\/zojopackaging.com\/fr\/wp-json\/wp\/v2\/media\/9676"}],"wp:attachment":[{"href":"https:\/\/zojopackaging.com\/fr\/wp-json\/wp\/v2\/media?parent=9675"}],"wp:term":[{"taxonomy":"product_brand","embeddable":true,"href":"https:\/\/zojopackaging.com\/fr\/wp-json\/wp\/v2\/product_brand?post=9675"},{"taxonomy":"product_cat","embeddable":true,"href":"https:\/\/zojopackaging.com\/fr\/wp-json\/wp\/v2\/product_cat?post=9675"},{"taxonomy":"product_tag","embeddable":true,"href":"https:\/\/zojopackaging.com\/fr\/wp-json\/wp\/v2\/product_tag?post=9675"}],"curies":[{"name":"wp","href":"https:\/\/api.w.org\/{rel}","templated":true}]}}